{"id":1082,"date":"2023-11-29T09:44:06","date_gmt":"2023-11-29T09:44:06","guid":{"rendered":"https:\/\/polysmarts.com\/?post_type=product&#038;p=1082"},"modified":"2023-12-12T17:24:49","modified_gmt":"2023-12-12T17:24:49","slug":"saco-de-papel-kraft-com-ziper-de-fundo-plano-com-reforco-lateral","status":"publish","type":"product","link":"https:\/\/polysmarts.com\/pt\/product\/side-gusset-flat-bottom-zipper-kraft-paper-bag\/","title":{"rendered":"Saco de papel Kraft com z\u00edper de fundo plano com refor\u00e7o lateral"},"content":{"rendered":"<p>Descubra a solu\u00e7\u00e3o de embalagem perfeita com nossos sacos de papel Kraft com fecho zip lock. Fabricadas com materiais compostos de papel Kraft de alta qualidade, essas sacolas v\u00eam em tamanhos de estoque como 10\u00d720+6, 12\u00d722+6, 14\u00d724+6, 16\u00d726+8, 18\u00d728+8, 20\u00d7 30+8, ou pode ser personalizado para atender \u00e0s suas necessidades espec\u00edficas. Escolha entre uma variedade de cores, incluindo amarelo, branco, e personalize com impress\u00e3o de logotipo colorido.<\/p>\n<p><strong>Caracter\u00edsticas do produto:<\/strong><\/p>\n<ol>\n<li><strong>Tira de veda\u00e7\u00e3o alargada:<\/strong> Aproveite a conveni\u00eancia de uma faixa de veda\u00e7\u00e3o expandida que permite f\u00e1cil abertura, prote\u00e7\u00e3o contra poeira e umidade. O robusto desempenho de veda\u00e7\u00e3o garante que esses sacos possam ser selados novamente, tornando-os pr\u00e1ticos e reutiliz\u00e1veis.<\/li>\n<li><strong>Design multifuncional:<\/strong> Vers\u00e1teis e adequadas para diversas aplica\u00e7\u00f5es, essas sacolas s\u00e3o perfeitas para embalar gr\u00e3os, nozes secas, salgadinhos e muito mais. A parte inferior larga real\u00e7a o efeito estereosc\u00f3pico, proporcionando uma exibi\u00e7\u00e3o atraente.<\/li>\n<li><strong>Espa\u00e7o de maior capacidade:<\/strong> Com implanta\u00e7\u00e3o lateral para acesso f\u00e1cil, essas bolsas oferecem maior capacidade de espa\u00e7o. O design cuidadoso garante boas propriedades de veda\u00e7\u00e3o e permite o uso repetido.<\/li>\n<li><strong>Design de janela transparente:<\/strong> As bolsas apresentam design de janela transparente com filme BOPP, oferecendo visibilidade e valorizando a est\u00e9tica geral. A janela \u00e9 \u00e0 prova d&#039;\u00e1gua e \u00e0 prova de umidade, combinando praticidade com beleza.<\/li>\n<\/ol>\n<p>Eleve o seu jogo de embalagem com estes sacos Zip Lock de papel Kraft premium, projetados para funcionalidade superior, praticidade e uma exibi\u00e7\u00e3o atraente. Ideais para uma variedade de conte\u00fados, essas bolsas oferecem uma combina\u00e7\u00e3o perfeita de estilo e conveni\u00eancia.<\/p>","protected":false},"excerpt":{"rendered":"<table style=\"height: 360px; width: 99.8505%; border-collapse: collapse;\" border=\"2\">\n<tbody>\n<tr style=\"height: 40px;\">\n<td style=\"width: 22.6796%; height: 30px; background-color: #99ccff;\"><span style=\"font-family: arial, helvetica, sans-serif; font-size: 12pt;\"><strong>Dimens\u00e3o e estilo<\/strong><\/span><\/td>\n<td style=\"width: 77.3204%; height: 30px; background-color: #99ccff;\"><span style=\"font-family: arial, helvetica, sans-serif; font-size: 12pt;\">Formas e tamanhos personalizados<\/span><\/td>\n<\/tr>\n<tr style=\"height: 40px;\">\n<td style=\"width: 22.6796%; height: 34px; background-color: #ebebeb;\"><span style=\"font-size: 12pt;\"><strong><span style=\"font-family: arial, helvetica, sans-serif;\">Quantidade m\u00ednima de pedido<\/span><\/strong><\/span><\/td>\n<td style=\"width: 77.3204%; height: 34px; background-color: #ebebeb;\"><span style=\"font-family: arial, helvetica, sans-serif; font-size: 12pt;\">1000pcs sem personaliza\u00e7\u00e3o, 10000pcs para personaliza\u00e7\u00e3o<\/span><\/td>\n<\/tr>\n<tr style=\"height: 40px; background-color: #99ccff;\">\n<td style=\"width: 22.6796%; height: 24px;\"><span style=\"font-size: 12pt;\"><strong><span style=\"font-family: arial, helvetica, sans-serif;\">Tipo de embalagem<\/span><\/strong><\/span><\/td>\n<td style=\"width: 77.3204%; height: 24px;\"><span style=\"font-family: arial, helvetica, sans-serif; font-size: 12pt;\">Sacos Flat Bottlem Stand Up<\/span><\/td>\n<\/tr>\n<tr style=\"height: 40px; background-color: #ebebeb;\">\n<td style=\"width: 22.6796%; height: 24px;\"><span style=\"font-size: 12pt;\"><strong><span style=\"font-family: arial, helvetica, sans-serif;\">Impress\u00e3o<\/span><\/strong><\/span><\/td>\n<td style=\"width: 77.3204%; height: 24px;\"><span style=\"font-family: arial, helvetica, sans-serif; font-size: 12pt;\">CMYK (1 - 10 cores conforme sua necessidade), sem impress\u00e3o (normal)<\/span><\/td>\n<\/tr>\n<tr style=\"height: 40px; background-color: #99ccff;\">\n<td style=\"width: 22.6796%; height: 24px;\"><span style=\"font-size: 12pt;\"><strong><span style=\"font-family: arial, helvetica, sans-serif;\">Acabamento<\/span><\/strong><\/span><\/td>\n<td style=\"width: 77.3204%; height: 24px;\"><span style=\"font-family: arial, helvetica, sans-serif; font-size: 12pt;\">Lamina\u00e7\u00e3o brilhante, impress\u00e3o offset<\/span><\/td>\n<\/tr>\n<tr style=\"height: 40px; background-color: #ebebeb;\">\n<td style=\"width: 22.6796%; height: 24px;\"><span style=\"font-size: 12pt;\"><strong><span style=\"font-family: arial, helvetica, sans-serif;\">Material<\/span><\/strong><\/span><\/td>\n<td style=\"width: 77.3204%; height: 24px;\"><span style=\"font-family: arial, helvetica, sans-serif; font-size: 12pt;\">Mopp+Papel+PE<\/span><\/td>\n<\/tr>\n<tr style=\"height: 40px; background-color: #99ccff;\">\n<td style=\"width: 22.6796%; height: 24px;\"><span style=\"font-size: 12pt;\"><strong><span style=\"font-family: arial, helvetica, sans-serif;\">Recurso<\/span><\/strong><\/span><\/td>\n<td style=\"width: 77.3204%; height: 24px;\"><span style=\"font-family: arial, helvetica, sans-serif; font-size: 12pt;\">\u00c0 prova d\u2019\u00e1gua e ressel\u00e1vel<\/span><\/td>\n<\/tr>\n<tr style=\"height: 40px; background-color: #ebebeb;\">\n<td style=\"width: 22.6796%; height: 24px;\"><span style=\"font-size: 12pt;\"><strong><span style=\"font-family: arial, helvetica, sans-serif;\">Tempo de resposta<\/span><\/strong><\/span><\/td>\n<td style=\"width: 77.3204%; height: 24px;\"><span style=\"font-family: arial, helvetica, sans-serif; font-size: 12pt;\">7 a 15 dias \u00fateis, RUSH<\/span><\/td>\n<\/tr>\n<tr style=\"height: 40px; background-color: #99ccff;\">\n<td style=\"width: 22.6796%; height: 24px;\"><span style=\"font-size: 12pt;\"><strong><span style=\"font-family: arial, helvetica, sans-serif;\">Envio<\/span><\/strong><\/span><\/td>\n<td style=\"width: 77.3204%; height: 24px;\"><span style=\"font-family: arial, helvetica, sans-serif; font-size: 12pt;\">A\u00e9reo, Mar\u00edtimo, Expresso<\/span><\/td>\n<\/tr>\n<\/tbody>\n<\/table>\n<p>&nbsp;<\/p>","protected":false},"featured_media":1049,"comment_status":"open","ping_status":"closed","template":"","meta":[],"product_brand":[],"product_cat":[27,26,20,34,18],"product_tag":[],"class_list":{"0":"post-1082","1":"product","2":"type-product","3":"status-publish","4":"has-post-thumbnail","6":"product_cat-coffee-and-tea-packaging","7":"product_cat-food-packaging","8":"product_cat-kraft-paper-bag","9":"product_cat-paper-packing","10":"product_cat-zipper-bags","12":"first","13":"instock","14":"shipping-taxable","15":"product-type-simple"},"_links":{"self":[{"href":"https:\/\/polysmarts.com\/pt\/wp-json\/wp\/v2\/product\/1082","targetHints":{"allow":["GET"]}}],"collection":[{"href":"https:\/\/polysmarts.com\/pt\/wp-json\/wp\/v2\/product"}],"about":[{"href":"https:\/\/polysmarts.com\/pt\/wp-json\/wp\/v2\/types\/product"}],"replies":[{"embeddable":true,"href":"https:\/\/polysmarts.com\/pt\/wp-json\/wp\/v2\/comments?post=1082"}],"version-history":[{"count":1,"href":"https:\/\/polysmarts.com\/pt\/wp-json\/wp\/v2\/product\/1082\/revisions"}],"predecessor-version":[{"id":1083,"href":"https:\/\/polysmarts.com\/pt\/wp-json\/wp\/v2\/product\/1082\/revisions\/1083"}],"wp:featuredmedia":[{"embeddable":true,"href":"https:\/\/polysmarts.com\/pt\/wp-json\/wp\/v2\/media\/1049"}],"wp:attachment":[{"href":"https:\/\/polysmarts.com\/pt\/wp-json\/wp\/v2\/media?parent=1082"}],"wp:term":[{"taxonomy":"product_brand","embeddable":true,"href":"https:\/\/polysmarts.com\/pt\/wp-json\/wp\/v2\/product_brand?post=1082"},{"taxonomy":"product_cat","embeddable":true,"href":"https:\/\/polysmarts.com\/pt\/wp-json\/wp\/v2\/product_cat?post=1082"},{"taxonomy":"product_tag","embeddable":true,"href":"https:\/\/polysmarts.com\/pt\/wp-json\/wp\/v2\/product_tag?post=1082"}],"curies":[{"name":"wp","href":"https:\/\/api.w.org\/{rel}","templated":true}]}}