{"id":1074,"date":"2023-11-29T09:09:12","date_gmt":"2023-11-29T09:09:12","guid":{"rendered":"https:\/\/polysmarts.com\/?post_type=product&#038;p=1074"},"modified":"2025-06-27T14:34:43","modified_gmt":"2025-06-27T06:34:43","slug":"sacos-de-nailon-para-embalagens-de-alimentos-para-armazenamento-a-vacuo","status":"publish","type":"product","link":"https:\/\/polysmarts.com\/pt\/product\/nylon-vacuum-storage-food-packaging-bags\/","title":{"rendered":"Sacos de n\u00e1ilon para embalagens de alimentos para armazenamento a v\u00e1cuo"},"content":{"rendered":"<p>Explore o ep\u00edtome do armazenamento de alimentos com nossos sacos pl\u00e1sticos para embalagem a v\u00e1cuo de nylon transparente com veda\u00e7\u00e3o t\u00e9rmica de qualidade alimentar. Fabricados com uma estrutura de filme soprado coextrudado de 7 a 9 camadas de \u00faltima gera\u00e7\u00e3o, esses sacos garantem a preserva\u00e7\u00e3o ideal de seus alimentos.<\/p>\n<p>Caracter\u00edsticas principais:<\/p>\n<p>1. Material avan\u00e7ado: Escolha entre PA\/PE, PA\/EVOH\/PE ou materiais personalizados para atender \u00e0s suas necessidades espec\u00edficas de armazenamento de alimentos.<\/p>\n<p>2. Espessura vers\u00e1til: variando de 20 a 300 m\u00edcrons, esses sacos oferecem durabilidade ao mesmo tempo que acomodam uma variedade de alimentos.<\/p>\n<p>3. Resiliente \u00e0 temperatura: Adequado para congelamento profundo at\u00e9 -40\u00b0C e perfeito para cozimento em alta temperatura de at\u00e9 100\u00b0C, incluindo uso em forno de micro-ondas.<\/p>\n<p>4. Formatos de sacola flex\u00edveis: opte por veda\u00e7\u00e3o reta, bolso na borda, veda\u00e7\u00e3o em 2 lados ou veda\u00e7\u00e3o em 3 lados, atendendo a diversas prefer\u00eancias de embalagem.<\/p>\n<p>5. Aplica\u00e7\u00f5es extensas:<br \/>\n\u2013 Ideal para embalagens autom\u00e1ticas de alimentos, incluindo coalhada de feij\u00e3o, salsichas, doces, especiarias, caf\u00e9, ch\u00e1 e nozes.<br \/>\n\u2013 Perfeito para alimentos congelados como carnes, latic\u00ednios, aves e frutos do mar.<br \/>\n\u2013 Embalagem a v\u00e1cuo eficiente para salsichas, peixes, ossos e muito mais.<br \/>\n\u2013 Oferece embalagem a v\u00e1cuo em relevo para maior apelo visual.<\/p>\n<p>Informa\u00e7\u00f5es adicionais:<\/p>\n<p>\u2013 Faixa de temperatura: -40\u00baC a 121\u00baC, garantindo versatilidade em diversas condi\u00e7\u00f5es de armazenamento e cozimento.<br \/>\n\u2013 Disponibilidade de amostras: As amostras est\u00e3o dispon\u00edveis gratuitamente, permitindo que voc\u00ea experimente a qualidade em primeira m\u00e3o.<br \/>\n\u2013 Op\u00e7\u00f5es de cores: escolha entre alta transpar\u00eancia ou personalize a cor de acordo com sua marca ou prefer\u00eancias.<br \/>\n\u2013 Impress\u00e3o de logotipo: Personalize as sacolas com seu logotipo para dar um toque de marca.<\/p>\n<p>Revolucione suas pr\u00e1ticas de armazenamento de alimentos com estes sacos pl\u00e1sticos de embalagem a v\u00e1cuo de nylon transparente com veda\u00e7\u00e3o t\u00e9rmica premium. Garanta frescor, longevidade e preserva\u00e7\u00e3o ideal para uma ampla variedade de alimentos.<\/p>","protected":false},"excerpt":{"rendered":"<table style=\"height: 360px; width: 99.8505%; border-collapse: collapse;\" border=\"2\">\n<tbody>\n<tr style=\"height: 40px;\">\n<td style=\"width: 22.6796%; height: 30px; background-color: #99ccff;\"><span style=\"font-family: arial, helvetica, sans-serif; font-size: 12pt;\"><strong>Dimens\u00e3o e estilo<\/strong><\/span><\/td>\n<td style=\"width: 77.3204%; height: 30px; background-color: #99ccff;\"><span style=\"font-family: arial, helvetica, sans-serif; font-size: 12pt;\">Formas e tamanhos personalizados<\/span><\/td>\n<\/tr>\n<tr style=\"height: 40px;\">\n<td style=\"width: 22.6796%; height: 34px; background-color: #ebebeb;\"><span style=\"font-size: 12pt;\"><strong><span style=\"font-family: arial, helvetica, sans-serif;\">Quantidade m\u00ednima de pedido<\/span><\/strong><\/span><\/td>\n<td style=\"width: 77.3204%; height: 34px; background-color: #ebebeb;\"><span style=\"font-family: arial, helvetica, sans-serif; font-size: 12pt;\">1000pcs sem personaliza\u00e7\u00e3o, 5000pcs para personaliza\u00e7\u00e3o<\/span><\/td>\n<\/tr>\n<tr style=\"height: 40px; background-color: #99ccff;\">\n<td style=\"width: 22.6796%; height: 24px;\"><span style=\"font-size: 12pt;\"><strong><span style=\"font-family: arial, helvetica, sans-serif;\">Tipo de embalagem<\/span><\/strong><\/span><\/td>\n<td style=\"width: 77.3204%; height: 24px;\"><span style=\"font-family: arial, helvetica, sans-serif; font-size: 12pt;\">Sacos de n\u00e1ilon para embalagens de alimentos para armazenamento a v\u00e1cuo<\/span><\/td>\n<\/tr>\n<tr style=\"height: 40px; background-color: #ebebeb;\">\n<td style=\"width: 22.6796%; height: 24px;\"><span style=\"font-size: 12pt;\"><strong><span style=\"font-family: arial, helvetica, sans-serif;\">Material<\/span><\/strong><\/span><\/td>\n<td style=\"width: 77.3204%; height: 24px;\"><span style=\"font-family: arial, helvetica, sans-serif; font-size: 12pt;\">Nylon<\/span><\/td>\n<\/tr>\n<tr style=\"height: 40px; background-color: #99ccff;\">\n<td style=\"width: 22.6796%; height: 24px;\"><span style=\"font-size: 12pt;\"><strong><span style=\"font-family: arial, helvetica, sans-serif;\">Acabamento<\/span><\/strong><\/span><\/td>\n<td style=\"width: 77.3204%; height: 24px;\"><span style=\"font-family: arial, helvetica, sans-serif; font-size: 12pt;\">Em relevo<\/span><\/td>\n<\/tr>\n<tr style=\"height: 40px; background-color: #ebebeb;\">\n<td style=\"width: 22.6796%; height: 24px;\"><span style=\"font-size: 12pt;\"><strong><span style=\"font-family: arial, helvetica, sans-serif;\">Faixa de temperatura<\/span><\/strong><\/span><\/td>\n<td style=\"width: 77.3204%; height: 24px;\"><span style=\"font-family: arial, helvetica, sans-serif; font-size: 12pt;\">-40\u00baC a 121\u00baC <span style=\"font-size: 12pt;\"><strong><span style=\"font-family: arial, helvetica, sans-serif;\">\u00a0<\/span><\/strong><\/span><\/span><\/td>\n<\/tr>\n<tr style=\"height: 40px; background-color: #99ccff;\">\n<td style=\"width: 22.6796%; height: 24px;\"><span style=\"font-size: 12pt;\"><strong><span style=\"font-family: arial, helvetica, sans-serif;\">Grossura<\/span><\/strong><\/span><\/td>\n<td style=\"width: 77.3204%; height: 24px;\"><span style=\"font-family: arial, helvetica, sans-serif; font-size: 12pt;\">20-300 m\u00edcrons<\/span><\/td>\n<\/tr>\n<tr style=\"height: 40px; background-color: #ebebeb;\">\n<td style=\"width: 22.6796%; height: 24px;\"><span style=\"font-size: 12pt;\"><strong><span style=\"font-family: arial, helvetica, sans-serif;\">Tempo de resposta<\/span><\/strong><\/span><\/td>\n<td style=\"width: 77.3204%; height: 24px;\"><span style=\"font-family: arial, helvetica, sans-serif; font-size: 12pt;\">7 a 15 dias \u00fateis, RUSH<\/span><\/td>\n<\/tr>\n<tr style=\"height: 40px; background-color: #99ccff;\">\n<td style=\"width: 22.6796%; height: 24px;\"><span style=\"font-size: 12pt;\"><strong><span style=\"font-family: arial, helvetica, sans-serif;\">Envio<\/span><\/strong><\/span><\/td>\n<td style=\"width: 77.3204%; height: 24px;\"><span style=\"font-family: arial, helvetica, sans-serif; font-size: 12pt;\">A\u00e9reo, Mar\u00edtimo, Expresso<\/span><\/td>\n<\/tr>\n<\/tbody>\n<\/table>\n<p>&nbsp;<\/p>","protected":false},"featured_media":937,"comment_status":"open","ping_status":"closed","template":"","meta":[],"product_brand":[],"product_cat":[26,19],"product_tag":[],"class_list":{"0":"post-1074","1":"product","2":"type-product","3":"status-publish","4":"has-post-thumbnail","6":"product_cat-food-packaging","7":"product_cat-heat-sealing-bag","9":"first","10":"instock","11":"shipping-taxable","12":"product-type-simple"},"_links":{"self":[{"href":"https:\/\/polysmarts.com\/pt\/wp-json\/wp\/v2\/product\/1074","targetHints":{"allow":["GET"]}}],"collection":[{"href":"https:\/\/polysmarts.com\/pt\/wp-json\/wp\/v2\/product"}],"about":[{"href":"https:\/\/polysmarts.com\/pt\/wp-json\/wp\/v2\/types\/product"}],"replies":[{"embeddable":true,"href":"https:\/\/polysmarts.com\/pt\/wp-json\/wp\/v2\/comments?post=1074"}],"version-history":[{"count":3,"href":"https:\/\/polysmarts.com\/pt\/wp-json\/wp\/v2\/product\/1074\/revisions"}],"predecessor-version":[{"id":4729,"href":"https:\/\/polysmarts.com\/pt\/wp-json\/wp\/v2\/product\/1074\/revisions\/4729"}],"wp:featuredmedia":[{"embeddable":true,"href":"https:\/\/polysmarts.com\/pt\/wp-json\/wp\/v2\/media\/937"}],"wp:attachment":[{"href":"https:\/\/polysmarts.com\/pt\/wp-json\/wp\/v2\/media?parent=1074"}],"wp:term":[{"taxonomy":"product_brand","embeddable":true,"href":"https:\/\/polysmarts.com\/pt\/wp-json\/wp\/v2\/product_brand?post=1074"},{"taxonomy":"product_cat","embeddable":true,"href":"https:\/\/polysmarts.com\/pt\/wp-json\/wp\/v2\/product_cat?post=1074"},{"taxonomy":"product_tag","embeddable":true,"href":"https:\/\/polysmarts.com\/pt\/wp-json\/wp\/v2\/product_tag?post=1074"}],"curies":[{"name":"wp","href":"https:\/\/api.w.org\/{rel}","templated":true}]}}