{"id":1001,"date":"2023-11-28T09:47:03","date_gmt":"2023-11-28T09:47:03","guid":{"rendered":"https:\/\/polysmarts.com\/?post_type=product&#038;p=1001"},"modified":"2023-11-28T10:45:32","modified_gmt":"2023-11-28T10:45:32","slug":"embalagens-flexiveis-personalizadas-para-alimentos-para-animais-de-estimacao","status":"publish","type":"product","link":"https:\/\/polysmarts.com\/pt\/product\/custom-flexible-packaging-for-pet-food\/","title":{"rendered":"Embalagem flex\u00edvel personalizada para alimentos para animais de estima\u00e7\u00e3o"},"content":{"rendered":"<p><strong>Introdu\u00e7\u00e3o:<\/strong> Explore o poder das embalagens personalizadas para alimentos para animais de estima\u00e7\u00e3o, uma ferramenta din\u00e2mica para diferencia\u00e7\u00e3o da marca e envolvimento do consumidor. Ao contr\u00e1rio das op\u00e7\u00f5es gen\u00e9ricas, as embalagens personalizadas permitem que os fabricantes exibam a identidade da sua marca atrav\u00e9s de designs, cores e imagens distintas. Este toque personalizado n\u00e3o s\u00f3 aumenta o reconhecimento da marca, mas tamb\u00e9m estabelece uma liga\u00e7\u00e3o sincera com os donos de animais de estima\u00e7\u00e3o.<\/p>\n<p><strong>Reconhecimento de marca:<\/strong> No competitivo mercado de alimentos para animais de estima\u00e7\u00e3o, onde o apelo visual influencia significativamente as decis\u00f5es de compra, uma embalagem \u00fanica e personalizada torna-se um diferencial importante. Ele posiciona uma marca para se destacar em prateleiras lotadas, chamando a aten\u00e7\u00e3o de donos de animais de estima\u00e7\u00e3o exigentes.<\/p>\n<p><strong>Comunica\u00e7\u00e3o efetiva:<\/strong> As embalagens personalizadas v\u00e3o al\u00e9m da est\u00e9tica; torna-se uma tela para uma comunica\u00e7\u00e3o eficaz. Os fabricantes podem transmitir informa\u00e7\u00f5es cruciais de forma integrada, desde conte\u00fado nutricional e listas de ingredientes at\u00e9 diretrizes de alimenta\u00e7\u00e3o e benef\u00edcios dos produtos. Essa transpar\u00eancia atende \u00e0s expectativas dos donos de animais de estima\u00e7\u00e3o que buscam informa\u00e7\u00f5es detalhadas sobre os produtos que escolhem para seus companheiros peludos.<\/p>\n<p><strong>Conex\u00e3o emocional:<\/strong> O toque personalizado das embalagens personalizadas n\u00e3o s\u00f3 informa, mas tamb\u00e9m cria um v\u00ednculo emocional. Os donos de animais de estima\u00e7\u00e3o identificam-se com marcas que se esfor\u00e7am mais para personalizar suas embalagens, promovendo uma conex\u00e3o que vai al\u00e9m da transa\u00e7\u00e3o.<\/p>","protected":false},"excerpt":{"rendered":"<table style=\"height: 360px; width: 99.8505%; border-collapse: collapse;\" border=\"2\">\n<tbody>\n<tr style=\"height: 40px;\">\n<td style=\"width: 22.6796%; height: 30px; background-color: #99ccff;\"><span style=\"font-family: arial, helvetica, sans-serif; font-size: 12pt;\"><strong>Dimens\u00e3o e estilo<\/strong><\/span><\/td>\n<td style=\"width: 77.3204%; height: 30px; background-color: #99ccff;\"><span style=\"font-family: arial, helvetica, sans-serif; font-size: 12pt;\">Formas e tamanhos personalizados<\/span><\/td>\n<\/tr>\n<tr style=\"height: 40px;\">\n<td style=\"width: 22.6796%; height: 34px; background-color: #ebebeb;\"><span style=\"font-size: 12pt;\"><strong><span style=\"font-family: arial, helvetica, sans-serif;\">Quantidade m\u00ednima de pedido<\/span><\/strong><\/span><\/td>\n<td style=\"width: 77.3204%; height: 34px; background-color: #ebebeb;\"><span style=\"font-family: arial, helvetica, sans-serif; font-size: 12pt;\">1000pcs sem personaliza\u00e7\u00e3o, 10000pcs para personaliza\u00e7\u00e3o<\/span><\/td>\n<\/tr>\n<tr style=\"height: 40px; background-color: #99ccff;\">\n<td style=\"width: 22.6796%; height: 24px;\"><span style=\"font-size: 12pt;\"><strong><span style=\"font-family: arial, helvetica, sans-serif;\">Tipo de embalagem<\/span><\/strong><\/span><\/td>\n<td style=\"width: 77.3204%; height: 24px;\"><span style=\"font-family: arial, helvetica, sans-serif; font-size: 12pt;\">Sacos Mylar com z\u00edper<\/span><\/td>\n<\/tr>\n<tr style=\"height: 40px; background-color: #ebebeb;\">\n<td style=\"width: 22.6796%; height: 24px;\"><span style=\"font-size: 12pt;\"><strong><span style=\"font-family: arial, helvetica, sans-serif;\">Impress\u00e3o<\/span><\/strong><\/span><\/td>\n<td style=\"width: 77.3204%; height: 24px;\"><span style=\"font-family: arial, helvetica, sans-serif; font-size: 12pt;\">CMYK (1 \u2013 10 cores), sem impress\u00e3o (normal)<\/span><\/td>\n<\/tr>\n<tr style=\"height: 40px; background-color: #99ccff;\">\n<td style=\"width: 22.6796%; height: 24px;\"><span style=\"font-size: 12pt;\"><strong><span style=\"font-family: arial, helvetica, sans-serif;\">Acabamento<\/span><\/strong><\/span><\/td>\n<td style=\"width: 77.3204%; height: 24px;\"><span style=\"font-family: arial, helvetica, sans-serif; font-size: 12pt;\">Lamina\u00e7\u00e3o brilhante\/fosca, impress\u00e3o offset<\/span><\/td>\n<\/tr>\n<tr style=\"height: 40px; background-color: #ebebeb;\">\n<td style=\"width: 22.6796%; height: 24px;\"><span style=\"font-size: 12pt;\"><strong><span style=\"font-family: arial, helvetica, sans-serif;\">Op\u00e7\u00f5es inclu\u00eddas<\/span><\/strong><\/span><\/td>\n<td style=\"width: 77.3204%; height: 24px;\"><span style=\"font-family: arial, helvetica, sans-serif; font-size: 12pt;\">Corte e vinco, selagem t\u00e9rmica<\/span><\/td>\n<\/tr>\n<tr style=\"height: 40px; background-color: #99ccff;\">\n<td style=\"width: 22.6796%; height: 24px;\"><span style=\"font-size: 12pt;\"><strong><span style=\"font-family: arial, helvetica, sans-serif;\">Prova<\/span><\/strong><\/span><\/td>\n<td style=\"width: 77.3204%; height: 24px;\"><span style=\"font-family: arial, helvetica, sans-serif; font-size: 12pt;\">Provas de cheiro\u00a0<\/span><\/td>\n<\/tr>\n<tr style=\"height: 40px; background-color: #ebebeb;\">\n<td style=\"width: 22.6796%; height: 24px;\"><span style=\"font-size: 12pt;\"><strong><span style=\"font-family: arial, helvetica, sans-serif;\">Tempo de resposta<\/span><\/strong><\/span><\/td>\n<td style=\"width: 77.3204%; height: 24px;\"><span style=\"font-family: arial, helvetica, sans-serif; font-size: 12pt;\">7 a 15 dias \u00fateis, RUSH<\/span><\/td>\n<\/tr>\n<tr style=\"height: 40px; background-color: #99ccff;\">\n<td style=\"width: 22.6796%; height: 24px;\"><span style=\"font-size: 12pt;\"><strong><span style=\"font-family: arial, helvetica, sans-serif;\">Envio<\/span><\/strong><\/span><\/td>\n<td style=\"width: 77.3204%; height: 24px;\"><span style=\"font-family: arial, helvetica, sans-serif; font-size: 12pt;\">A\u00e9reo, Mar\u00edtimo, Expresso<\/span><\/td>\n<\/tr>\n<\/tbody>\n<\/table>\n<p>&nbsp;<\/p>","protected":false},"featured_media":964,"comment_status":"open","ping_status":"closed","template":"","meta":[],"product_brand":[],"product_cat":[18,26],"product_tag":[],"class_list":{"0":"post-1001","1":"product","2":"type-product","3":"status-publish","4":"has-post-thumbnail","6":"product_cat-zipper-bags","7":"product_cat-food-packaging","9":"first","10":"instock","11":"shipping-taxable","12":"product-type-simple"},"_links":{"self":[{"href":"https:\/\/polysmarts.com\/pt\/wp-json\/wp\/v2\/product\/1001","targetHints":{"allow":["GET"]}}],"collection":[{"href":"https:\/\/polysmarts.com\/pt\/wp-json\/wp\/v2\/product"}],"about":[{"href":"https:\/\/polysmarts.com\/pt\/wp-json\/wp\/v2\/types\/product"}],"replies":[{"embeddable":true,"href":"https:\/\/polysmarts.com\/pt\/wp-json\/wp\/v2\/comments?post=1001"}],"version-history":[{"count":1,"href":"https:\/\/polysmarts.com\/pt\/wp-json\/wp\/v2\/product\/1001\/revisions"}],"predecessor-version":[{"id":1003,"href":"https:\/\/polysmarts.com\/pt\/wp-json\/wp\/v2\/product\/1001\/revisions\/1003"}],"wp:featuredmedia":[{"embeddable":true,"href":"https:\/\/polysmarts.com\/pt\/wp-json\/wp\/v2\/media\/964"}],"wp:attachment":[{"href":"https:\/\/polysmarts.com\/pt\/wp-json\/wp\/v2\/media?parent=1001"}],"wp:term":[{"taxonomy":"product_brand","embeddable":true,"href":"https:\/\/polysmarts.com\/pt\/wp-json\/wp\/v2\/product_brand?post=1001"},{"taxonomy":"product_cat","embeddable":true,"href":"https:\/\/polysmarts.com\/pt\/wp-json\/wp\/v2\/product_cat?post=1001"},{"taxonomy":"product_tag","embeddable":true,"href":"https:\/\/polysmarts.com\/pt\/wp-json\/wp\/v2\/product_tag?post=1001"}],"curies":[{"name":"wp","href":"https:\/\/api.w.org\/{rel}","templated":true}]}}