{"id":622,"date":"2023-11-10T11:24:35","date_gmt":"2023-11-10T11:24:35","guid":{"rendered":"https:\/\/polysmarts.com\/?page_id=622"},"modified":"2023-12-12T17:04:01","modified_gmt":"2023-12-12T17:04:01","slug":"perguntas-frequentes","status":"publish","type":"page","link":"https:\/\/polysmarts.com\/pt\/faq\/","title":{"rendered":"FAQ"},"content":{"rendered":"<div data-elementor-type=\"wp-page\" data-elementor-id=\"622\" class=\"elementor elementor-622\" data-elementor-post-type=\"page\">\n\t\t\t\t<div class=\"elementor-element elementor-element-1ed55cf e-con-full e-flex e-con e-parent\" data-id=\"1ed55cf\" data-element_type=\"container\" data-e-type=\"container\" data-settings=\"{&quot;background_background&quot;:&quot;classic&quot;}\">\n\t\t\t\t<div class=\"elementor-element elementor-element-a8f0b51 elementor-widget elementor-widget-breadcrumbs\" data-id=\"a8f0b51\" data-element_type=\"widget\" data-e-type=\"widget\" data-widget_type=\"breadcrumbs.default\">\n\t\t\t\t<div class=\"elementor-widget-container\">\n\t\t\t\t\t<nav aria-label=\"Migalhas de p\u00e3o\" class=\"rank-math-breadcrumb\"><p><span class=\"last\">Lar<\/span><\/p><\/nav>\t\t\t\t<\/div>\n\t\t\t\t<\/div>\n\t\t\t\t<div class=\"elementor-element elementor-element-f0f44fb elementor-widget__width-initial elementor-widget elementor-widget-text-editor\" data-id=\"f0f44fb\" data-element_type=\"widget\" data-e-type=\"widget\" data-widget_type=\"text-editor.default\">\n\t\t\t\t<div class=\"elementor-widget-container\">\n\t\t\t\t\t\t\t\t\t<h1 style=\"text-align: center;\">Frequently Asked Questions<\/h1>\n<p class=\"whitespace-pre-wrap\">Esperamos que estas perguntas frequentes ajudem a responder a quaisquer perguntas que voc\u00ea possa ter. Se voc\u00ea n\u00e3o encontrar as informa\u00e7\u00f5es que precisa, entre em contato com nossa equipe de suporte ao cliente:<\/p>\n<p class=\"whitespace-pre-wrap\">Telefone: +(86) 13544759950<br \/>E-mail: <a href=\"mailto:sales@polysmarts.com\">sales@polysmarts.com<\/a><\/p>\n<p class=\"whitespace-pre-wrap\">Estamos felizes em ajud\u00e1-lo! Nossa equipe de atendimento ao cliente est\u00e1 dispon\u00edvel 24 horas por dia, 7 dias por semana.<\/p>\t\t\t\t\t\t\t\t<\/div>\n\t\t\t\t<\/div>\n\t\t\t\t<div class=\"elementor-element elementor-element-4e4962a elementor-widget__width-initial elementor-widget elementor-widget-button\" data-id=\"4e4962a\" data-element_type=\"widget\" data-e-type=\"widget\" data-widget_type=\"button.default\">\n\t\t\t\t<div class=\"elementor-widget-container\">\n\t\t\t\t\t\t\t\t\t<div class=\"elementor-button-wrapper\">\n\t\t\t\t\t<a class=\"elementor-button elementor-button-link elementor-size-sm\" href=\"https:\/\/polysmarts.com\/pt\/orcamento-personalizado-para-embalagem\/\">\n\t\t\t\t\t\t<span class=\"elementor-button-content-wrapper\">\n\t\t\t\t\t\t\t\t\t<span class=\"elementor-button-text\">Solicite um or\u00e7amento personalizado<\/span>\n\t\t\t\t\t<\/span>\n\t\t\t\t\t<\/a>\n\t\t\t\t<\/div>\n\t\t\t\t\t\t\t\t<\/div>\n\t\t\t\t<\/div>\n\t\t\t\t<\/div>\n\t\t<div class=\"elementor-element elementor-element-7b7dbe56 e-flex e-con-boxed e-con e-parent\" data-id=\"7b7dbe56\" data-element_type=\"container\" data-e-type=\"container\">\n\t\t\t\t\t<div class=\"e-con-inner\">\n\t\t\t\t<div class=\"elementor-element elementor-element-7e5a6d45 elementor-widget elementor-widget-text-editor\" data-id=\"7e5a6d45\" data-element_type=\"widget\" data-e-type=\"widget\" data-widget_type=\"text-editor.default\">\n\t\t\t\t<div class=\"elementor-widget-container\">\n\t\t\t\t\t\t\t\t\t\n<p class=\"\"><strong>Qual \u00e9 o seu tempo de resposta?<\/strong><\/p>\n\n\n\n<p class=\"\">Nosso tempo de produ\u00e7\u00e3o padr\u00e3o \u00e9 de 12 a 15 dias \u00fateis. Pedidos menores podem ser enviados mais rapidamente. Para pedidos grandes, entre em contato conosco para discutir prazos.<\/p>\n\n\n\n<p class=\"\"><strong>Quais m\u00e9todos de envio voc\u00ea oferece?<\/strong><\/p>\n\n\n\n<p class=\"\">Oferecemos remessa mundial por via a\u00e9rea, mar\u00edtima e entrega expressa porta a porta.<\/p>\n\n\n\n<p class=\"\"><strong>Voc\u00ea oferece produ\u00e7\u00e3o urgente?<\/strong><\/p>\n\n\n\n<p class=\"\">Sim, podemos produzir e enviar pedidos urgentes em at\u00e9 10 dias \u00fateis ap\u00f3s a aprova\u00e7\u00e3o da arte. Podem ser aplicadas sobretaxas.<\/p>\n\n\n\n<p class=\"\"><strong>Qual \u00e9 a sua quantidade m\u00ednima de pedido?<\/strong><\/p>\n\n\n\n<p class=\"\">Nosso MOQ padr\u00e3o \u00e9 de 5.000 pe\u00e7as. Pedidos maiores podem se qualificar para descontos por volume.<\/p>\n\n\n\n<p class=\"\"><strong>Quais op\u00e7\u00f5es de embalagem est\u00e3o dispon\u00edveis?<\/strong><\/p>\n\n\n\n<p class=\"\">Oferecemos uma variedade de sacos para embalagens kraft e zip-lock em v\u00e1rios tamanhos. Contacte-nos para obter detalhes sobre todas as op\u00e7\u00f5es dispon\u00edveis.<\/p>\n\n\n\n<p class=\"\"><strong>Posso fornecer arte personalizada?<\/strong><\/p>\n\n\n\n<p class=\"\">Sim, podemos imprimir sua pr\u00f3pria arte e marca na embalagem.<\/p>\n\n\n\n<p class=\"\"><strong>Quais formatos de arquivo voc\u00ea aceita para arte?<\/strong><\/p>\n\n\n\n<p class=\"\">Aceitamos arquivos PDF, PNG, JPEG, EPS, TIFF, AI e PSD para arte pronta para impress\u00e3o.<\/p>\n\n\n\n<p class=\"\"><strong>Meus dados est\u00e3o seguros?<\/strong><\/p>\n\n\n\n<p class=\"\">Absolutamente. Nunca compartilhamos dados de clientes ou obras de arte com terceiros. Suas informa\u00e7\u00f5es s\u00e3o totalmente confidenciais.<\/p>\n\n\n\n<p class=\"\"><strong>Posso cancelar um pedido?<\/strong><\/p>\n\n\n\n<p class=\"\">Os pedidos podem ser cancelados a qualquer momento antes do in\u00edcio da produ\u00e7\u00e3o, sujeitos a uma pequena taxa. Depois que um pedido entra em produ\u00e7\u00e3o ou \u00e9 enviado, o cancelamento n\u00e3o \u00e9 poss\u00edvel.<\/p>\n\n\n\n<p class=\"\"><strong>E se eu receber um pedido com defeito?<\/strong><\/p>\n\n\n\n<p class=\"\">Se o pedido entregue apresentar defeito e n\u00e3o corresponder exatamente \u00e0s instru\u00e7\u00f5es fornecidas, voc\u00ea poder\u00e1 entrar em contato conosco a qualquer momento e ofereceremos as melhores solu\u00e7\u00f5es<\/p>\n\t\t\t\t\t\t\t\t<\/div>\n\t\t\t\t<\/div>\n\t\t\t\t\t<\/div>\n\t\t\t\t<\/div>\n\t\t\t\t<\/div>","protected":false},"excerpt":{"rendered":"<p>Frequently Asked Questions We hope these FAQs help answer any questions you may have. If you don&#8217;t see the information you need, please contact our customer support team: Phone: +(86) 13544759950Email: sales@polysmarts.com We are happy to assist you! Our customer service team is available 24\/7. Request A Custom Quote What is your turnaround time? Our [&hellip;]<\/p>\n","protected":false},"author":1,"featured_media":0,"parent":0,"menu_order":0,"comment_status":"closed","ping_status":"closed","template":"","meta":{"footnotes":""},"class_list":["post-622","page","type-page","status-publish","hentry"],"_links":{"self":[{"href":"https:\/\/polysmarts.com\/pt\/wp-json\/wp\/v2\/pages\/622","targetHints":{"allow":["GET"]}}],"collection":[{"href":"https:\/\/polysmarts.com\/pt\/wp-json\/wp\/v2\/pages"}],"about":[{"href":"https:\/\/polysmarts.com\/pt\/wp-json\/wp\/v2\/types\/page"}],"author":[{"embeddable":true,"href":"https:\/\/polysmarts.com\/pt\/wp-json\/wp\/v2\/users\/1"}],"replies":[{"embeddable":true,"href":"https:\/\/polysmarts.com\/pt\/wp-json\/wp\/v2\/comments?post=622"}],"version-history":[{"count":5,"href":"https:\/\/polysmarts.com\/pt\/wp-json\/wp\/v2\/pages\/622\/revisions"}],"predecessor-version":[{"id":1110,"href":"https:\/\/polysmarts.com\/pt\/wp-json\/wp\/v2\/pages\/622\/revisions\/1110"}],"wp:attachment":[{"href":"https:\/\/polysmarts.com\/pt\/wp-json\/wp\/v2\/media?parent=622"}],"curies":[{"name":"wp","href":"https:\/\/api.w.org\/{rel}","templated":true}]}}