{"id":3,"date":"2023-09-13T06:37:15","date_gmt":"2023-09-13T06:37:15","guid":{"rendered":"http:\/\/box5468\/cgi\/addon_GT.cgi?s=GT::WP::Install::Cpanel+%28cyfwyzmy%29+-+127.0.0.1+%5Bnocaller%5D\/?page_id=3"},"modified":"2024-05-17T13:46:59","modified_gmt":"2024-05-17T13:46:59","slug":"politica-de-privacidade","status":"publish","type":"page","link":"https:\/\/polysmarts.com\/pt\/privacy-policy\/","title":{"rendered":"Privacy Policy"},"content":{"rendered":"<div data-elementor-type=\"wp-page\" data-elementor-id=\"3\" class=\"elementor elementor-3\" data-elementor-post-type=\"page\">\n\t\t\t\t<div class=\"elementor-element elementor-element-d16c835 e-flex e-con-boxed e-con e-parent\" data-id=\"d16c835\" data-element_type=\"container\" data-e-type=\"container\" data-settings=\"{&quot;background_background&quot;:&quot;classic&quot;}\">\n\t\t\t\t\t<div class=\"e-con-inner\">\n\t\t\t\t<div class=\"elementor-element elementor-element-e7cc811 elementor-widget elementor-widget-heading\" data-id=\"e7cc811\" data-element_type=\"widget\" data-e-type=\"widget\" data-widget_type=\"heading.default\">\n\t\t\t\t<div class=\"elementor-widget-container\">\n\t\t\t\t\t<h1 class=\"elementor-heading-title elementor-size-default\">Privacy Policy<\/h1>\t\t\t\t<\/div>\n\t\t\t\t<\/div>\n\t\t\t\t\t<\/div>\n\t\t\t\t<\/div>\n\t\t<div class=\"elementor-element elementor-element-8252614 e-flex e-con-boxed e-con e-parent\" data-id=\"8252614\" data-element_type=\"container\" data-e-type=\"container\">\n\t\t\t\t\t<div class=\"e-con-inner\">\n\t\t<div class=\"elementor-element elementor-element-2427dcc e-con-full e-flex e-con e-child\" data-id=\"2427dcc\" data-element_type=\"container\" data-e-type=\"container\">\n\t\t\t\t<div class=\"elementor-element elementor-element-b198068 elementor-widget elementor-widget-text-editor\" data-id=\"b198068\" data-element_type=\"widget\" data-e-type=\"widget\" data-widget_type=\"text-editor.default\">\n\t\t\t\t<div class=\"elementor-widget-container\">\n\t\t\t\t\t\t\t\t\t<p>Bem-vindo \u00e0 Polysmarts. Na Polysmarts, priorizamos a privacidade de nossos usu\u00e1rios e acreditamos no tratamento das informa\u00e7\u00f5es pessoais com o m\u00e1ximo cuidado e respeito. Esta Pol\u00edtica de Privacidade se aplica \u00e0 Wicklow, Inc, operando como Polysmarts (referida como \u201cPolysmarts\u201d, \u201cn\u00f3s\u201d, \u201cnos\u201d ou \u201cnosso\u201d).<\/p>\n<p>Elaboramos esta Pol\u00edtica de Privacidade para descrever como coletamos, usamos, protegemos e divulgamos informa\u00e7\u00f5es e dados quando voc\u00ea utiliza os sites, servi\u00e7os e aplicativos m\u00f3veis da Polysmarts. Esta Pol\u00edtica de Privacidade tamb\u00e9m elucida suas op\u00e7\u00f5es para gerenciar prefer\u00eancias de informa\u00e7\u00f5es, incluindo a exclus\u00e3o de determinados usos de suas informa\u00e7\u00f5es pessoais. Ao acessar ou utilizar os sites, aplicativos m\u00f3veis ou servi\u00e7os da Polysmarts, voc\u00ea concorda com esta Pol\u00edtica de Privacidade.<\/p>\t\t\t\t\t\t\t\t<\/div>\n\t\t\t\t<\/div>\n\t\t\t\t<\/div>\n\t\t<div class=\"elementor-element elementor-element-89748c5 e-con-full e-flex e-con e-child\" data-id=\"89748c5\" data-element_type=\"container\" data-e-type=\"container\">\n\t\t\t\t<div class=\"elementor-element elementor-element-73c568b elementor-widget elementor-widget-text-editor\" data-id=\"73c568b\" data-element_type=\"widget\" data-e-type=\"widget\" data-widget_type=\"text-editor.default\">\n\t\t\t\t<div class=\"elementor-widget-container\">\n\t\t\t\t\t\t\t\t\t<p>Para d\u00favidas, reclama\u00e7\u00f5es sobre nossa Pol\u00edtica ou pr\u00e1ticas de privacidade, ou assist\u00eancia no exerc\u00edcio de suas escolhas sob esta Pol\u00edtica de Privacidade, entre em contato conosco em <a target=\"_new\">notification@polysmarts.com<\/a>.<\/p>\n<p>Esta pol\u00edtica se aplica a todos os clientes atuais e antigos da Polysmarts. Observe que para utilizar nossos servi\u00e7os, voc\u00ea deve ter 18 anos de idade ou mais.<\/p>\n<p>Em vigor a partir de 1\u00ba de janeiro de 2020, a Lei de Privacidade do Consumidor da Calif\u00f3rnia (\u201cCCPA\u201d) poder\u00e1 oferecer direitos e prote\u00e7\u00f5es espec\u00edficas aos residentes da Calif\u00f3rnia. Se voc\u00ea reside na Calif\u00f3rnia, consulte a se\u00e7\u00e3o intitulada \u201cAviso aos residentes da Calif\u00f3rnia\u201d abaixo para obter mais detalhes.<\/p>\t\t\t\t\t\t\t\t<\/div>\n\t\t\t\t<\/div>\n\t\t\t\t<\/div>\n\t\t\t\t\t<\/div>\n\t\t\t\t<\/div>\n\t\t<div class=\"elementor-element elementor-element-3017e68 e-flex e-con-boxed e-con e-parent\" data-id=\"3017e68\" data-element_type=\"container\" data-e-type=\"container\">\n\t\t\t\t\t<div class=\"e-con-inner\">\n\t\t\t\t<div class=\"elementor-element elementor-element-3d9d0e0 elementor-widget elementor-widget-text-editor\" data-id=\"3d9d0e0\" data-element_type=\"widget\" data-e-type=\"widget\" data-widget_type=\"text-editor.default\">\n\t\t\t\t<div class=\"elementor-widget-container\">\n\t\t\t\t\t\t\t\t\t<p style=\"text-align: center;\"><span style=\"font-size: 18pt;\"><strong>Informa\u00e7\u00f5es que a Polysmarts coleta sobre voc\u00ea<\/strong><\/span><\/p>\n<p><strong><span style=\"font-size: 14pt;\">Informa\u00e7\u00f5es fornecidas por voc\u00ea:\u00a0<\/span><\/strong><\/p>\n<p>Coletamos informa\u00e7\u00f5es pessoais que voc\u00ea fornece durante o uso <a href=\"https:\/\/polysmarts.com\/pt\/\" target=\"_new\">https:\/\/polysmarts.com<\/a> ou quaisquer sites associados, aplicativos de desktop ou m\u00f3veis, ou Plataforma de Assinatura de Documentos (coletivamente denominados \u201cplataforma Polysmarts\u201d ou \u201csites Polysmarts\u201d). A maior parte dessas informa\u00e7\u00f5es \u00e9 coletada durante o processo de compra. Informa\u00e7\u00f5es adicionais podem ser coletadas durante o uso subsequente dos sites da Polysmarts ou quando nos comunicamos com voc\u00ea por telefone, e-mail ou outros meios.<\/p>\n<p>Certas informa\u00e7\u00f5es pessoais devem ser fornecidas durante o processo de compra para lhe fornecer bens e servi\u00e7os. As seguintes categorias de informa\u00e7\u00f5es podem ser coletadas:<\/p>\n<ul>\n<li>Informa\u00e7\u00f5es b\u00e1sicas de identifica\u00e7\u00e3o: nome, endere\u00e7o de cobran\u00e7a e entrega, e-mail, n\u00fameros de telefone e qualquer outra informa\u00e7\u00e3o pessoal que voc\u00ea fornecer.<\/li>\n<li>Al\u00e9m disso, coletamos nomes, endere\u00e7os de e-mail e n\u00fameros de telefone de pessoas que nos contatam com d\u00favidas, exclusivamente com o prop\u00f3sito de responder a essas d\u00favidas.<\/li>\n<\/ul>\n<p><strong><span style=\"font-size: 14pt;\">Informa\u00e7\u00f5es coletadas com base em sua atividade na plataforma Polysmarts:\u00a0<\/span><\/strong><\/p>\n<p>Para fornecer servi\u00e7os, melhorar nossos neg\u00f3cios e manter os registros exigidos por lei, a Polysmarts coleta informa\u00e7\u00f5es sobre suas transa\u00e7\u00f5es e atividades. Isso inclui seu computador e suas visitas ao Polysmarts.com e outros sites da Polysmarts, como seu endere\u00e7o IP, localiza\u00e7\u00e3o geogr\u00e1fica, sistema operacional, tipo de navegador, fonte de refer\u00eancia, hor\u00e1rio e dura\u00e7\u00e3o da visita, cliques em bot\u00f5es e\/ou visualiza\u00e7\u00f5es de p\u00e1gina.<\/p>\n<p><span style=\"font-size: 14pt;\"><strong>Tecnologias de rastreamento:<\/strong><\/span><\/p>\n<p>A Polysmarts e nossos parceiros usam tecnologias como cookies, beacons, tags e scripts para analisar tend\u00eancias, administrar os sites da Polysmarts, rastrear movimentos de usu\u00e1rios e coletar informa\u00e7\u00f5es sobre nossa base de usu\u00e1rios. Voc\u00ea pode controlar o uso de cookies em seu navegador.<\/p>\n<p><span style=\"font-size: 14pt;\"><strong>Dados de uso e atividade do site:<\/strong><\/span><\/p>\n<p>A Polysmarts tamb\u00e9m utiliza armazenamento local, como HTML5, para armazenar informa\u00e7\u00f5es e prefer\u00eancias de conte\u00fado.<\/p>\n<p><span style=\"font-size: 14pt;\"><strong>Tecnologias de terceiros:<\/strong><\/span><\/p>\n<p>Fazemos parcerias com terceiros para gerenciar nossos servi\u00e7os de publicidade em outros sites, avaliar o desempenho geral do site da Polysmarts e coletar certas informa\u00e7\u00f5es quando voc\u00ea interage com os sites e servi\u00e7os da Polysmarts.<\/p>\n<p>Como a Polysmarts usa suas informa\u00e7\u00f5es<\/p>\n<p><span style=\"font-size: 14pt;\"><strong>Processando sua transa\u00e7\u00e3o:<\/strong> <\/span><\/p>\n<p>Usamos suas informa\u00e7\u00f5es para facilitar transa\u00e7\u00f5es, incluindo atendimento de pedidos, envio, implementa\u00e7\u00e3o de atividades de cobran\u00e7a, comunica\u00e7\u00e3o com voc\u00ea sobre pedidos, contas, transa\u00e7\u00f5es e resolu\u00e7\u00e3o de disputas.<\/p>\n<p><span style=\"font-size: 14pt;\"><strong>An\u00e1lise e otimiza\u00e7\u00e3o de dados:<\/strong> <\/span><\/p>\n<p>Suas informa\u00e7\u00f5es nos ajudam a realizar an\u00e1lises relacionadas aos nossos servi\u00e7os, melhorar a usabilidade dos nossos servi\u00e7os e avaliar o sucesso das campanhas de marketing.<\/p>\n<p><span style=\"font-size: 14pt;\"><strong>Marketing e pesquisas:<\/strong> <\/span><\/p>\n<p>Poderemos usar suas informa\u00e7\u00f5es pessoais para selecion\u00e1-lo para comunica\u00e7\u00f5es de marketing, boletins informativos, pesquisas e solicita\u00e7\u00f5es de feedback.<\/p>\n<p><span style=\"font-size: 14pt;\"><strong>Comunica\u00e7\u00f5es de marketing opcionais:<\/strong> <\/span><\/p>\n<p>A recep\u00e7\u00e3o de comunica\u00e7\u00f5es de marketing por e-mail \u00e9 volunt\u00e1ria. Voc\u00ea pode cancelar entrando em contato conosco em <a target=\"_new\">notification@polysmarts.com<\/a>.<\/p>\n<p style=\"text-align: center;\"><span style=\"font-size: 18pt;\"><strong>Como a Polysmarts compartilha suas informa\u00e7\u00f5es<\/strong><\/span><\/p>\n<p><strong><span style=\"font-size: 14pt;\">Compartilhamos suas informa\u00e7\u00f5es pessoais com n\u00e3o afiliados e entre afiliados conforme permitido por lei. Isso inclui:<\/span><\/strong><\/p>\n<ul>\n<li>Provedores de servi\u00e7os terceirizados: Compartilhamos informa\u00e7\u00f5es com prestadores de servi\u00e7os terceirizados para conduzir atividades comerciais e de marketing.<\/li>\n<li>Parceiros de indica\u00e7\u00e3o: As informa\u00e7\u00f5es podem ser compartilhadas com parceiros de indica\u00e7\u00e3o conforme necess\u00e1rio para honrar acordos e processar transa\u00e7\u00f5es.<\/li>\n<li>Afiliados: Os afiliados da Polysmarts podem compartilhar informa\u00e7\u00f5es para an\u00e1lise de neg\u00f3cios ou marketing direcionado.<\/li>\n<li>Seu consentimento: Podemos compartilhar suas informa\u00e7\u00f5es pessoais com terceiros com o seu consentimento.<\/li>\n<li>Solicita\u00e7\u00f5es legais e requisitos regulamentares: As informa\u00e7\u00f5es podem ser compartilhadas para cumprir leis, regulamentos, processos legais, solicita\u00e7\u00f5es governamentais ou para limitar fraudes aplic\u00e1veis.<\/li>\n<\/ul>\n<p><span style=\"font-size: 14pt;\"><strong>Compartilhamento de dados anonimizados:<\/strong> <\/span><\/p>\n<p>Podemos compartilhar conjuntos de dados agregados e anonimizados com terceiros.<\/p>\n<p><strong><span style=\"font-size: 18pt;\">Escolhas importantes de privacidade<\/span><\/strong><\/p>\n<p><span style=\"font-size: 14pt;\"><strong>Consentimento para compartilhamento de informa\u00e7\u00f5es com empresas terceirizadas (parceiros de refer\u00eancia):<\/strong><\/span><\/p>\n<p>Ao aceitar esta pol\u00edtica de privacidade, voc\u00ea concorda que a Polysmarts poder\u00e1 compartilhar suas informa\u00e7\u00f5es com qualquer empresa terceirizada que o tenha indicado para a Polysmarts. Voc\u00ea pode revogar este consentimento a qualquer momento entrando em contato conosco pelo telefone <a target=\"_new\">notification@polysmarts.com<\/a>.<\/p>\n<p style=\"text-align: center;\"><strong><span style=\"font-size: 18pt;\">Informa\u00e7\u00f5es adicionais:<\/span><\/strong><\/p>\n<p><strong><span style=\"font-size: 14pt;\"> Para residentes da Calif\u00f3rnia:<\/span><\/strong><\/p>\n<p>Consulte a se\u00e7\u00e3o \u201cAviso aos residentes da Calif\u00f3rnia\u201d abaixo para obter direitos e divulga\u00e7\u00f5es espec\u00edficos sob a CCPA.<\/p>\n<p>Como voc\u00ea pode exercer seus direitos sob a CCPA<\/p>\n<p>Os residentes da Calif\u00f3rnia t\u00eam o direito de solicitar informa\u00e7\u00f5es que coletamos, usamos, divulgamos ou vendemos nos \u00faltimos 12 meses. Para exercer estes direitos, por favor contacte-nos em <a target=\"_new\">notification@polysmarts.com<\/a> com uma breve descri\u00e7\u00e3o do seu pedido. Observe que voc\u00ea s\u00f3 pode fazer uma solicita\u00e7\u00e3o verific\u00e1vel do consumidor duas vezes em um per\u00edodo de 12 meses.<\/p>\n<p>Para obter mais detalhes sobre seus direitos sob a CCPA, incluindo o direito de solicitar a exclus\u00e3o e cancelar a venda de informa\u00e7\u00f5es pessoais, consulte a se\u00e7\u00e3o da CCPA abaixo.<\/p>\n<p><strong><span style=\"font-size: 14pt;\">Mudan\u00e7as nesta pol\u00edtica<\/span><\/strong><\/p>\n<p>As atualiza\u00e7\u00f5es na pol\u00edtica de privacidade entram em vigor quando publicadas nos sites da Polysmarts. Altera\u00e7\u00f5es materiais ser\u00e3o notificadas por e-mail ou fornecidas em sua conta. O uso cont\u00ednuo de nossos servi\u00e7os ap\u00f3s as atualiza\u00e7\u00f5es indica aceita\u00e7\u00e3o da pol\u00edtica de privacidade atualizada da Polysmarts.<\/p>\n<p>Para informa\u00e7\u00f5es adicionais ou d\u00favidas sobre esta pol\u00edtica ou pr\u00e1ticas de privacidade da Polysmarts, entre em contato conosco em <a target=\"_new\">notification@polysmarts.com<\/a> ou visite nossa p\u00e1gina de contato.<\/p>\n<p><strong><span style=\"font-size: 14pt;\">Aviso aos residentes da Calif\u00f3rnia (CCPA)<\/span><\/strong><\/p>\n<p>Esta se\u00e7\u00e3o descreve direitos e divulga\u00e7\u00f5es espec\u00edficos sob a CCPA para residentes da Calif\u00f3rnia:<\/p>\n<ul>\n<li>Informa\u00e7\u00f5es Pessoais Coletadas pela Polysmarts: Informa\u00e7\u00f5es sobre suas intera\u00e7\u00f5es com nosso site, pesquisas, question\u00e1rios e informa\u00e7\u00f5es obtidas de terceiros para fins de marketing.<\/li>\n<li>Como a Polysmarts divulga informa\u00e7\u00f5es pessoais: Divulga\u00e7\u00e3o a prestadores de servi\u00e7os terceirizados para fins comerciais.<\/li>\n<li>Seus direitos sob a CCPA: Direito de saber\/acessar, solicitar exclus\u00e3o, cancelar a venda de informa\u00e7\u00f5es pessoais e direito \u00e0 n\u00e3o discrimina\u00e7\u00e3o.<\/li>\n<li>Como exercer os seus direitos: Contacte-nos em <a target=\"_new\">notification@polysmarts.com<\/a> para fazer solicita\u00e7\u00f5es verific\u00e1veis dos consumidores. A designa\u00e7\u00e3o de um representante autorizado \u00e9 poss\u00edvel seguindo instru\u00e7\u00f5es espec\u00edficas.<\/li>\n<\/ul>\n<h3 class=\"\" data-css=\"tve-u-5ffed9490ee3f0\"><span style=\"font-size: 14pt;\"><strong>Aviso Federal de Privacidade<\/strong><\/span><\/h3>\n<table style=\"border-collapse: collapse; width: 100%;\">\n<tbody>\n<tr>\n<td style=\"width: 33.3333%;\"><strong>Raz\u00f5es pelas quais podemos compartilhar suas informa\u00e7\u00f5es pessoais.<\/strong><\/td>\n<td style=\"width: 33.3333%;\"><strong>N\u00f3s compartilhamos?<\/strong><\/td>\n<td style=\"width: 33.3333%;\"><strong>Voc\u00ea pode limitar este compartilhamento?<\/strong><\/td>\n<\/tr>\n<tr>\n<td style=\"width: 33.3333%;\"><span data-css=\"tve-u-176fbdf5e5a\">Para nossos prop\u00f3sitos comerciais di\u00e1rios<\/span>\u00a0\u2013 como para processar suas transa\u00e7\u00f5es, manter sua(s) conta(s), responder a ordens judiciais e investiga\u00e7\u00f5es legais ou reportar a ag\u00eancias de cr\u00e9dito<\/td>\n<td style=\"width: 33.3333%;\">Sim<\/td>\n<td style=\"width: 33.3333%;\">N\u00e3o<\/td>\n<\/tr>\n<tr>\n<td style=\"width: 33.3333%;\"><span data-css=\"tve-u-176fbe0360a\">Para nossos fins de marketing<\/span>\u00a0\u2013 para oferecer nossos produtos e servi\u00e7os a voc\u00ea<\/td>\n<td style=\"width: 33.3333%;\">Sim<\/td>\n<td style=\"width: 33.3333%;\">N\u00e3o<\/td>\n<\/tr>\n<tr>\n<td style=\"width: 33.3333%;\"><strong>Para marketing conjunto com outras empresas<\/strong><\/td>\n<td style=\"width: 33.3333%;\">N\u00e3o<\/td>\n<td style=\"width: 33.3333%;\">N\u00f3s n\u00e3o compartilhamos<\/td>\n<\/tr>\n<tr>\n<td style=\"width: 33.3333%;\"><strong>Para limitar nosso compartilhamento<\/strong><strong><br \/><\/strong><\/td>\n<td style=\"width: 33.3333%;\" colspan=\"2\">Voc\u00ea pode limitar nosso compartilhamento de informa\u00e7\u00f5es enviando-nos um e-mail para <a href=\"mailto:notification@polysmarts.com\" target=\"_new\">notification@polysmarts.com<\/a>. e n\u00f3s o ajudaremos a desativar esse compartilhamento de informa\u00e7\u00f5es.<\/td>\n<\/tr>\n<tr>\n<td style=\"width: 33.3333%;\">Quest\u00f5es?<strong><br \/><\/strong><\/td>\n<td style=\"width: 33.3333%;\" colspan=\"2\">Envie-nos um e-mail para <a href=\"mailto:notification@polysmarts.com\">notifica\u00e7\u00e3o@polysmarts.com.<\/a><\/td>\n<\/tr>\n<\/tbody>\n<\/table>\t\t\t\t\t\t\t\t<\/div>\n\t\t\t\t<\/div>\n\t\t\t\t\t<\/div>\n\t\t\t\t<\/div>\n\t\t\t\t<\/div>","protected":false},"excerpt":{"rendered":"<p>Welcome to Polysmarts. At Polysmarts, we prioritize the privacy of our users and believe in handling personal information with the utmost care and respect. This Privacy Policy applies to Wicklow, Inc, operating as Polysmarts (referred to as &#8220;Polysmarts&#8221;, &#8220;we&#8221;, &#8220;us&#8221;, or &#8220;our&#8221;). We have crafted this Privacy Policy to outline how we collect, use, protect, [&hellip;]<\/p>\n","protected":false},"author":1,"featured_media":0,"parent":0,"menu_order":0,"comment_status":"closed","ping_status":"open","template":"","meta":{"footnotes":""},"class_list":["post-3","page","type-page","status-publish","hentry"],"_links":{"self":[{"href":"https:\/\/polysmarts.com\/pt\/wp-json\/wp\/v2\/pages\/3","targetHints":{"allow":["GET"]}}],"collection":[{"href":"https:\/\/polysmarts.com\/pt\/wp-json\/wp\/v2\/pages"}],"about":[{"href":"https:\/\/polysmarts.com\/pt\/wp-json\/wp\/v2\/types\/page"}],"author":[{"embeddable":true,"href":"https:\/\/polysmarts.com\/pt\/wp-json\/wp\/v2\/users\/1"}],"replies":[{"embeddable":true,"href":"https:\/\/polysmarts.com\/pt\/wp-json\/wp\/v2\/comments?post=3"}],"version-history":[{"count":6,"href":"https:\/\/polysmarts.com\/pt\/wp-json\/wp\/v2\/pages\/3\/revisions"}],"predecessor-version":[{"id":3194,"href":"https:\/\/polysmarts.com\/pt\/wp-json\/wp\/v2\/pages\/3\/revisions\/3194"}],"wp:attachment":[{"href":"https:\/\/polysmarts.com\/pt\/wp-json\/wp\/v2\/media?parent=3"}],"curies":[{"name":"wp","href":"https:\/\/api.w.org\/{rel}","templated":true}]}}