{"id":2063,"date":"2024-03-21T08:56:37","date_gmt":"2024-03-21T08:56:37","guid":{"rendered":"https:\/\/polysmarts.com\/?page_id=2063"},"modified":"2024-03-26T11:36:58","modified_gmt":"2024-03-26T11:36:58","slug":"resumo-da-compra","status":"publish","type":"page","link":"https:\/\/polysmarts.com\/pt\/purchase-summary\/","title":{"rendered":"Resumo de compra"},"content":{"rendered":"<div data-elementor-type=\"wp-page\" data-elementor-id=\"2063\" class=\"elementor elementor-2063\" data-elementor-post-type=\"page\">\n\t\t\t\t<div class=\"elementor-element elementor-element-c319cdb e-con-full e-flex e-con e-parent\" data-id=\"c319cdb\" data-element_type=\"container\" data-e-type=\"container\" data-settings=\"{&quot;background_background&quot;:&quot;classic&quot;}\">\n\t\t\t\t<\/div>\n\t\t<div class=\"elementor-element elementor-element-463784d e-flex e-con-boxed e-con e-parent\" data-id=\"463784d\" data-element_type=\"container\" data-e-type=\"container\">\n\t\t\t\t\t<div class=\"e-con-inner\">\n\t\t\t\t\t<\/div>\n\t\t\t\t<\/div>\n\t\t\t\t<\/div>","protected":false},"excerpt":{"rendered":"<p>Bem-vindo \u00e0 p\u00e1gina de resumo de compra de sacolas para embalagens PolySmarts! Aqui, voc\u00ea pode revisar convenientemente todas as suas compras relacionadas a sacolas em um s\u00f3 lugar. Quer voc\u00ea tenha encomendado sacolas vers\u00e1teis de polietileno, sacolas de papel dur\u00e1veis ou solu\u00e7\u00f5es de embalagens especiais, esta p\u00e1gina fornece uma vis\u00e3o geral abrangente de suas transa\u00e7\u00f5es relacionadas a sacolas.<\/p>","protected":false},"author":1,"featured_media":2090,"parent":0,"menu_order":0,"comment_status":"closed","ping_status":"closed","template":"","meta":{"footnotes":""},"class_list":["post-2063","page","type-page","status-publish","has-post-thumbnail","hentry"],"_links":{"self":[{"href":"https:\/\/polysmarts.com\/pt\/wp-json\/wp\/v2\/pages\/2063","targetHints":{"allow":["GET"]}}],"collection":[{"href":"https:\/\/polysmarts.com\/pt\/wp-json\/wp\/v2\/pages"}],"about":[{"href":"https:\/\/polysmarts.com\/pt\/wp-json\/wp\/v2\/types\/page"}],"author":[{"embeddable":true,"href":"https:\/\/polysmarts.com\/pt\/wp-json\/wp\/v2\/users\/1"}],"replies":[{"embeddable":true,"href":"https:\/\/polysmarts.com\/pt\/wp-json\/wp\/v2\/comments?post=2063"}],"version-history":[{"count":5,"href":"https:\/\/polysmarts.com\/pt\/wp-json\/wp\/v2\/pages\/2063\/revisions"}],"predecessor-version":[{"id":2276,"href":"https:\/\/polysmarts.com\/pt\/wp-json\/wp\/v2\/pages\/2063\/revisions\/2276"}],"wp:featuredmedia":[{"embeddable":true,"href":"https:\/\/polysmarts.com\/pt\/wp-json\/wp\/v2\/media\/2090"}],"wp:attachment":[{"href":"https:\/\/polysmarts.com\/pt\/wp-json\/wp\/v2\/media?parent=2063"}],"curies":[{"name":"wp","href":"https:\/\/api.w.org\/{rel}","templated":true}]}}