{"id":1974,"date":"2024-03-18T12:32:43","date_gmt":"2024-03-18T12:32:43","guid":{"rendered":"https:\/\/polysmarts.com\/?page_id=1974"},"modified":"2024-03-26T12:16:41","modified_gmt":"2024-03-26T12:16:41","slug":"minha-conta","status":"publish","type":"page","link":"https:\/\/polysmarts.com\/pt\/my-account\/","title":{"rendered":"My Account"},"content":{"rendered":"<div data-elementor-type=\"wp-page\" data-elementor-id=\"1974\" class=\"elementor elementor-1974\" data-elementor-post-type=\"page\">\n\t\t\t\t<div class=\"elementor-element elementor-element-31d9335 e-con-full e-flex e-con e-parent\" data-id=\"31d9335\" data-element_type=\"container\" data-e-type=\"container\" data-settings=\"{&quot;background_background&quot;:&quot;classic&quot;}\">\n\t\t\t\t<\/div>\n\t\t<div class=\"elementor-element elementor-element-e954803 e-flex e-con-boxed e-con e-parent\" data-id=\"e954803\" data-element_type=\"container\" data-e-type=\"container\" data-settings=\"{&quot;background_background&quot;:&quot;classic&quot;}\">\n\t\t\t\t\t<div class=\"e-con-inner\">\n\t\t\t\t<div class=\"elementor-element elementor-element-a74a18c e-my-account-tabs-vertical elementor-widget elementor-widget-woocommerce-my-account\" data-id=\"a74a18c\" data-element_type=\"widget\" data-e-type=\"widget\" data-widget_type=\"woocommerce-my-account.default\">\n\t\t\t\t<div class=\"elementor-widget-container\">\n\t\t\t\t\t<div class=\"e-my-account-tab e-my-account-tab__\">\t\t\t<div class=\"woocommerce\"><\/div>\t\t<\/div>\n\t\t\t\t\t\t<\/div>\n\t\t\t\t<\/div>\n\t\t\t\t\t<\/div>\n\t\t\t\t<\/div>\n\t\t\t\t<\/div>","protected":false},"excerpt":{"rendered":"<p>Bem-vindo \u00e0 p\u00e1gina da sua conta na PolySmarts Packaging! Ao registrar-se conosco, voc\u00ea desbloqueou um portal conveniente para gerenciar seus pedidos sem problemas. Fa\u00e7a login para ter acesso a um painel personalizado onde voc\u00ea pode acompanhar seus pedidos com facilidade. Do monitoramento do status dos pedidos \u00e0 visualiza\u00e7\u00e3o do hist\u00f3rico de pedidos, nossa p\u00e1gina de conta permite que voc\u00ea se mantenha informado em cada etapa do processo. Junte-se \u00e0 nossa comunidade de clientes satisfeitos e experimente em primeira m\u00e3o a efici\u00eancia da PolySmarts Packaging. Cadastre-se agora para acessar sua conta e agilizar sua experi\u00eancia de embalagem.<\/p>","protected":false},"author":1,"featured_media":2080,"parent":0,"menu_order":0,"comment_status":"closed","ping_status":"closed","template":"","meta":{"footnotes":""},"class_list":["post-1974","page","type-page","status-publish","has-post-thumbnail","hentry"],"_links":{"self":[{"href":"https:\/\/polysmarts.com\/pt\/wp-json\/wp\/v2\/pages\/1974","targetHints":{"allow":["GET"]}}],"collection":[{"href":"https:\/\/polysmarts.com\/pt\/wp-json\/wp\/v2\/pages"}],"about":[{"href":"https:\/\/polysmarts.com\/pt\/wp-json\/wp\/v2\/types\/page"}],"author":[{"embeddable":true,"href":"https:\/\/polysmarts.com\/pt\/wp-json\/wp\/v2\/users\/1"}],"replies":[{"embeddable":true,"href":"https:\/\/polysmarts.com\/pt\/wp-json\/wp\/v2\/comments?post=1974"}],"version-history":[{"count":5,"href":"https:\/\/polysmarts.com\/pt\/wp-json\/wp\/v2\/pages\/1974\/revisions"}],"predecessor-version":[{"id":2292,"href":"https:\/\/polysmarts.com\/pt\/wp-json\/wp\/v2\/pages\/1974\/revisions\/2292"}],"wp:featuredmedia":[{"embeddable":true,"href":"https:\/\/polysmarts.com\/pt\/wp-json\/wp\/v2\/media\/2080"}],"wp:attachment":[{"href":"https:\/\/polysmarts.com\/pt\/wp-json\/wp\/v2\/media?parent=1974"}],"curies":[{"name":"wp","href":"https:\/\/api.w.org\/{rel}","templated":true}]}}