{"id":1082,"date":"2023-11-29T09:44:06","date_gmt":"2023-11-29T09:44:06","guid":{"rendered":"https:\/\/polysmarts.com\/?post_type=product&#038;p=1082"},"modified":"2023-12-12T17:24:49","modified_gmt":"2023-12-12T17:24:49","slug":"%ec%b8%a1%eb%a9%b4-%ea%b1%b0%ec%8b%af-%ed%94%8c%eb%9e%ab-%eb%b0%94%eb%8b%a5-%ec%a7%80%ed%8d%bc-%ed%81%ac%eb%9e%98%ed%94%84%ed%8a%b8-%ec%a2%85%ec%9d%b4-%ea%b0%80%eb%b0%a9","status":"publish","type":"product","link":"https:\/\/polysmarts.com\/ko\/product\/side-gusset-flat-bottom-zipper-kraft-paper-bag\/","title":{"rendered":"\uc0ac\uc774\ub4dc \uac70\uc2ef \ud50c\ub7ab \ubc14\ud140 \uc9c0\ud37c \ud06c\ub798\ud504\ud2b8 \uc885\uc774 \ubc31"},"content":{"rendered":"<p>\ud06c\ub798\ud504\ud2b8\uc9c0 \uc708\ub3c4\uc6b0 \uc9c0\ud37c\ubc31\uc73c\ub85c \uc644\ubcbd\ud55c \ud3ec\uc7a5 \uc194\ub8e8\uc158\uc744 \ub9cc\ub098\ubcf4\uc138\uc694. \uace0\ud488\uc9c8 \ud569\uc131 \ud06c\ub798\ud504\ud2b8\uc9c0 \uc18c\uc7ac\ub85c \uc81c\uc791\ub41c \uc774 \ubc31\uc740 10\u00d720+6, 12\u00d722+6, 14\u00d724+6, 16\u00d726+8, 18\u00d728+8, 20\u00d730+8 \ub4f1 \ub2e4\uc591\ud55c \ud06c\uae30\ub85c \uc81c\uacf5\ub418\uba70, \ud544\uc694\uc5d0 \ub530\ub77c \ub9de\ucda4 \uc81c\uc791\ub3c4 \uac00\ub2a5\ud569\ub2c8\ub2e4. \ub178\ub780\uc0c9, \ud770\uc0c9 \ub4f1 \ub2e4\uc591\ud55c \uc0c9\uc0c1 \uc911\uc5d0\uc11c \uc120\ud0dd\ud558\uace0, \ud654\ub824\ud55c \ub85c\uace0 \uc778\uc1c4\ub85c \ub9de\ucda4 \uc81c\uc791\ud560 \uc218\ub3c4 \uc788\uc2b5\ub2c8\ub2e4.<\/p>\n<p><strong>\uc81c\ud488 \ud2b9\uc9d5:<\/strong><\/p>\n<ol>\n<li><strong>\ud655\uc7a5\ub41c \ubc00\ubd09 \uc2a4\ud2b8\ub9bd:<\/strong> \ud655\uc7a5\ub41c \ubc00\ubd09 \uc2a4\ud2b8\ub9bd\uc73c\ub85c \ud3b8\ub9ac\ud558\uac8c \uc5f4\uace0, \uba3c\uc9c0\uc640 \uc2b5\uae30\ub97c \ucc28\ub2e8\ud558\uc138\uc694. \uacac\uace0\ud55c \ubc00\ubd09 \uc131\ub2a5 \ub355\ubd84\uc5d0 \uc7ac\ubc00\ubd09\uc774 \uac00\ub2a5\ud558\uc5ec \uc2e4\uc6a9\uc801\uc774\uace0 \uc7ac\uc0ac\uc6a9\uc774 \uac00\ub2a5\ud569\ub2c8\ub2e4.<\/li>\n<li><strong>\ub2e4\ubaa9\uc801 \ub514\uc790\uc778:<\/strong> \ub2e4\uc591\ud55c \uc6a9\ub3c4\ub85c \ud65c\uc6a9 \uac00\ub2a5\ud55c \uc774 \ubc31\uc740 \uace1\ubb3c, \uac74\uacac\uacfc\ub958, \uac04\uc2dd \ub4f1\uc744 \ud3ec\uc7a5\ud558\ub294 \ub370 \uc801\ud569\ud569\ub2c8\ub2e4. \ub113\uc740 \ubc14\ub2e5\uba74\uc740 \uc785\uccb4\uac10\uc744 \ub192\uc5ec \ub9e4\ub825\uc801\uc778 \ub514\uc2a4\ud50c\ub808\uc774\ub97c \uc81c\uacf5\ud569\ub2c8\ub2e4.<\/li>\n<li><strong>\ub354 \ud070 \uc6a9\ub7c9 \uacf5\uac04:<\/strong> \uc0ac\uc6a9\uc790 \uce5c\ud654\uc801\uc778 \uce21\uba74 \ubc30\uce58\ub85c \ub354\uc6b1 \ub109\ub109\ud55c \uc218\ub0a9 \uacf5\uac04\uc744 \uc81c\uacf5\ud569\ub2c8\ub2e4. \uc138\uc2ec\ud55c \ub514\uc790\uc778\uc73c\ub85c \ub6f0\uc5b4\ub09c \ubc00\ubd09\ub825\uc744 \uc790\ub791\ud558\uba70, \ubc18\ubcf5 \uc0ac\uc6a9\uc774 \uac00\ub2a5\ud569\ub2c8\ub2e4.<\/li>\n<li><strong>\ud22c\uba85 \ucc3d \ub514\uc790\uc778:<\/strong> \uac00\ubc29\uc5d0\ub294 BOPP \ud544\ub984\uc774 \uc801\uc6a9\ub41c \ud22c\uba85 \ucc3d \ub514\uc790\uc778\uc774 \uc801\uc6a9\ub418\uc5b4 \uc2dc\uc778\uc131\uc744 \ub192\uc774\uace0 \uc804\uccb4\uc801\uc778 \ubbf8\uad00\uc744 \ud5a5\uc0c1\uc2dc\ud0b5\ub2c8\ub2e4. \ucc3d\uc740 \ubc29\uc218 \ubc0f \ubc29\uc2b5 \uae30\ub2a5\uc744 \uac16\ucdb0 \uc2e4\uc6a9\uc131\uacfc \uc544\ub984\ub2e4\uc6c0\uc744 \ubaa8\ub450 \uac16\ucdc4\uc2b5\ub2c8\ub2e4.<\/li>\n<\/ol>\n<p>\ub6f0\uc5b4\ub09c \uae30\ub2a5\uc131\uacfc \uc2e4\uc6a9\uc131, \uadf8\ub9ac\uace0 \uc2dc\uc120\uc744 \uc0ac\ub85c\uc7a1\ub294 \ub514\uc2a4\ud50c\ub808\uc774\ub97c \uc704\ud574 \ub514\uc790\uc778\ub41c \ud504\ub9ac\ubbf8\uc5c4 \ud06c\ub798\ud504\ud2b8\uc9c0 \uc9c0\ud37c\ubc31\uc73c\ub85c \ud3ec\uc7a5\uc758 \ud488\uaca9\uc744 \ub192\uc5ec\ubcf4\uc138\uc694. \ub2e4\uc591\ud55c \ub0b4\uc6a9\ubb3c\uc744 \ub2f4\uae30\uc5d0 \uc801\ud569\ud55c \uc774 \ubc31\uc740 \uc2a4\ud0c0\uc77c\uacfc \ud3b8\uc758\uc131\uc744 \uc644\ubcbd\ud558\uac8c \uc870\ud654\uc2dc\ucf30\uc2b5\ub2c8\ub2e4.<\/p>","protected":false},"excerpt":{"rendered":"<table style=\"height: 360px; width: 99.8505%; border-collapse: collapse;\" border=\"2\">\n<tbody>\n<tr style=\"height: 40px;\">\n<td style=\"width: 22.6796%; height: 30px; background-color: #99ccff;\"><span style=\"font-family: arial, helvetica, sans-serif; font-size: 12pt;\"><strong>\uce58\uc218 \ubc0f \uc2a4\ud0c0\uc77c<\/strong><\/span><\/td>\n<td style=\"width: 77.3204%; height: 30px; background-color: #99ccff;\"><span style=\"font-family: arial, helvetica, sans-serif; font-size: 12pt;\">\ub9de\ucda4\ud615 \ubaa8\uc591 \ubc0f \ud06c\uae30<\/span><\/td>\n<\/tr>\n<tr style=\"height: 40px;\">\n<td style=\"width: 22.6796%; height: 34px; background-color: #ebebeb;\"><span style=\"font-size: 12pt;\"><strong><span style=\"font-family: arial, helvetica, sans-serif;\">\ucd5c\uc18c \uc8fc\ubb38 \uc218\ub7c9<\/span><\/strong><\/span><\/td>\n<td style=\"width: 77.3204%; height: 34px; background-color: #ebebeb;\"><span style=\"font-family: arial, helvetica, sans-serif; font-size: 12pt;\">\ub9de\ucda4\ud615 \uc81c\uc791 \uc5c6\uc774 1000\uac1c, \ub9de\ucda4\ud615 \uc81c\uc791 \uc2dc 10000\uac1c<\/span><\/td>\n<\/tr>\n<tr style=\"height: 40px; background-color: #99ccff;\">\n<td style=\"width: 22.6796%; height: 24px;\"><span style=\"font-size: 12pt;\"><strong><span style=\"font-family: arial, helvetica, sans-serif;\">\ud3ec\uc7a5 \uc720\ud615<\/span><\/strong><\/span><\/td>\n<td style=\"width: 77.3204%; height: 24px;\"><span style=\"font-family: arial, helvetica, sans-serif; font-size: 12pt;\">\uc2a4\ud0e0\ub4dc\uc5c5 \ud50c\ub7ab \ubcf4\ud2c0\ubc31<\/span><\/td>\n<\/tr>\n<tr style=\"height: 40px; background-color: #ebebeb;\">\n<td style=\"width: 22.6796%; height: 24px;\"><span style=\"font-size: 12pt;\"><strong><span style=\"font-family: arial, helvetica, sans-serif;\">\uc778\uc1c4<\/span><\/strong><\/span><\/td>\n<td style=\"width: 77.3204%; height: 24px;\"><span style=\"font-family: arial, helvetica, sans-serif; font-size: 12pt;\">CMYK(1~10\uc0c9\uc0c1, \uc694\uad6c \uc0ac\ud56d\ub300\ub85c), \uc778\uc1c4 \uc5c6\uc74c(\uc77c\ubc18)<\/span><\/td>\n<\/tr>\n<tr style=\"height: 40px; background-color: #99ccff;\">\n<td style=\"width: 22.6796%; height: 24px;\"><span style=\"font-size: 12pt;\"><strong><span style=\"font-family: arial, helvetica, sans-serif;\">\ub9c8\ubb34\ub9ac \uc190\uc9c8<\/span><\/strong><\/span><\/td>\n<td style=\"width: 77.3204%; height: 24px;\"><span style=\"font-family: arial, helvetica, sans-serif; font-size: 12pt;\">\uad11\ud0dd \ub77c\ubbf8\ub124\uc774\uc158, \uc624\ud504\uc14b \uc778\uc1c4<\/span><\/td>\n<\/tr>\n<tr style=\"height: 40px; background-color: #ebebeb;\">\n<td style=\"width: 22.6796%; height: 24px;\"><span style=\"font-size: 12pt;\"><strong><span style=\"font-family: arial, helvetica, sans-serif;\">\uc7ac\ub8cc<\/span><\/strong><\/span><\/td>\n<td style=\"width: 77.3204%; height: 24px;\"><span style=\"font-family: arial, helvetica, sans-serif; font-size: 12pt;\">\uac78\ub808+\uc885\uc774+PE<\/span><\/td>\n<\/tr>\n<tr style=\"height: 40px; background-color: #99ccff;\">\n<td style=\"width: 22.6796%; height: 24px;\"><span style=\"font-size: 12pt;\"><strong><span style=\"font-family: arial, helvetica, sans-serif;\">\ud2b9\uc9d5<\/span><\/strong><\/span><\/td>\n<td style=\"width: 77.3204%; height: 24px;\"><span style=\"font-family: arial, helvetica, sans-serif; font-size: 12pt;\">\ubc29\uc218 \ubc0f \uc7ac\ubc00\ubd09 \uac00\ub2a5<\/span><\/td>\n<\/tr>\n<tr style=\"height: 40px; background-color: #ebebeb;\">\n<td style=\"width: 22.6796%; height: 24px;\"><span style=\"font-size: 12pt;\"><strong><span style=\"font-family: arial, helvetica, sans-serif;\">\ucc98\ub9ac \uc2dc\uac04<\/span><\/strong><\/span><\/td>\n<td style=\"width: 77.3204%; height: 24px;\"><span style=\"font-family: arial, helvetica, sans-serif; font-size: 12pt;\">7~15 \uc601\uc5c5\uc77c, \uae09\ud589<\/span><\/td>\n<\/tr>\n<tr style=\"height: 40px; background-color: #99ccff;\">\n<td style=\"width: 22.6796%; height: 24px;\"><span style=\"font-size: 12pt;\"><strong><span style=\"font-family: arial, helvetica, sans-serif;\">\ud574\uc6b4<\/span><\/strong><\/span><\/td>\n<td style=\"width: 77.3204%; height: 24px;\"><span style=\"font-family: arial, helvetica, sans-serif; font-size: 12pt;\">\ud56d\uacf5, \ud574\uc0c1, \ud2b9\uae09<\/span><\/td>\n<\/tr>\n<\/tbody>\n<\/table>\n<p>&nbsp;<\/p>","protected":false},"featured_media":1049,"comment_status":"open","ping_status":"closed","template":"","meta":[],"product_brand":[],"product_cat":[27,26,20,34,18],"product_tag":[],"class_list":{"0":"post-1082","1":"product","2":"type-product","3":"status-publish","4":"has-post-thumbnail","6":"product_cat-coffee-and-tea-packaging","7":"product_cat-food-packaging","8":"product_cat-kraft-paper-bag","9":"product_cat-paper-packing","10":"product_cat-zipper-bags","12":"first","13":"instock","14":"shipping-taxable","15":"product-type-simple"},"_links":{"self":[{"href":"https:\/\/polysmarts.com\/ko\/wp-json\/wp\/v2\/product\/1082","targetHints":{"allow":["GET"]}}],"collection":[{"href":"https:\/\/polysmarts.com\/ko\/wp-json\/wp\/v2\/product"}],"about":[{"href":"https:\/\/polysmarts.com\/ko\/wp-json\/wp\/v2\/types\/product"}],"replies":[{"embeddable":true,"href":"https:\/\/polysmarts.com\/ko\/wp-json\/wp\/v2\/comments?post=1082"}],"version-history":[{"count":1,"href":"https:\/\/polysmarts.com\/ko\/wp-json\/wp\/v2\/product\/1082\/revisions"}],"predecessor-version":[{"id":1083,"href":"https:\/\/polysmarts.com\/ko\/wp-json\/wp\/v2\/product\/1082\/revisions\/1083"}],"wp:featuredmedia":[{"embeddable":true,"href":"https:\/\/polysmarts.com\/ko\/wp-json\/wp\/v2\/media\/1049"}],"wp:attachment":[{"href":"https:\/\/polysmarts.com\/ko\/wp-json\/wp\/v2\/media?parent=1082"}],"wp:term":[{"taxonomy":"product_brand","embeddable":true,"href":"https:\/\/polysmarts.com\/ko\/wp-json\/wp\/v2\/product_brand?post=1082"},{"taxonomy":"product_cat","embeddable":true,"href":"https:\/\/polysmarts.com\/ko\/wp-json\/wp\/v2\/product_cat?post=1082"},{"taxonomy":"product_tag","embeddable":true,"href":"https:\/\/polysmarts.com\/ko\/wp-json\/wp\/v2\/product_tag?post=1082"}],"curies":[{"name":"\uc6cc\ub4dc\ud504\ub808\uc2a4","href":"https:\/\/api.w.org\/{rel}","templated":true}]}}