{"id":996,"date":"2023-11-28T09:38:09","date_gmt":"2023-11-28T09:38:09","guid":{"rendered":"https:\/\/polysmarts.com\/?post_type=product&#038;p=996"},"modified":"2023-11-28T09:39:14","modified_gmt":"2023-11-28T09:39:14","slug":"emballage-de-preservatif-personnalise-avec-des-sacs-en-aluminium","status":"publish","type":"product","link":"https:\/\/polysmarts.com\/fr\/product\/customized-condom-packaging-with-aluminum-bags\/","title":{"rendered":"Emballage de pr\u00e9servatifs personnalis\u00e9 avec des sacs en aluminium"},"content":{"rendered":"<p>Am\u00e9liorez l&#039;emballage de votre produit avec notre emballage de pr\u00e9servatif color\u00e9 personnalis\u00e9 OEM \u00e0 trois c\u00f4t\u00e9s, comprenant des sacs d&#039;emballage sous vide fabriqu\u00e9s \u00e0 partir de papier d&#039;aluminium de qualit\u00e9 alimentaire de premi\u00e8re qualit\u00e9. Provenant de fournisseurs fiables, ces couvercles sont recouverts de laque PS, garantissant une \u00e9tanch\u00e9it\u00e9 s\u00e9curis\u00e9e pour les gobelets PS afin d&#039;\u00e9viter efficacement les d\u00e9versements ou les fuites.<\/p>\n<p><strong>Taille:<\/strong> Personnalis\u00e9 pour r\u00e9pondre \u00e0 vos exigences sp\u00e9cifiques.<\/p>\n<p><strong>Caract\u00e9ristiques:<\/strong><\/p>\n<ol>\n<li>Non toxique<\/li>\n<li>Inodore<\/li>\n<li>Excellente performance serr\u00e9e avec un d\u00e9collement facile<\/li>\n<li>Fonction super r\u00e9sistante \u00e0 l&#039;humidit\u00e9<\/li>\n<li>Impression d&#039;art sup\u00e9rieure et fine<\/li>\n<li>Mat\u00e9riau \u00e9cologique, recyclable<\/li>\n<\/ol>\n<p><strong>Usage:<\/strong> Parfaitement con\u00e7u pour l&#039;emballage des pr\u00e9servatifs, garantissant la plus grande protection et un attrait visuel optimal.<\/p>\n<p><strong>Impression:<\/strong> Tous les couvercles en aluminium peuvent \u00eatre enti\u00e8rement personnalis\u00e9s avec des images, des informations, des logos et des impressions, adapt\u00e9s aux besoins uniques de nos clients en mati\u00e8re de marque.<\/p>\n<p><strong>Mat\u00e9riau de thermoscellage\u00a0:<\/strong> Disponible en plastique PP\/PET\/PE\/AL, avec des options de laque protectrice sp\u00e9ciale pour am\u00e9liorer la s\u00e9curit\u00e9 du produit.<\/p>\n<p>Am\u00e9liorez la pr\u00e9sentation et la s\u00e9curit\u00e9 de vos produits gr\u00e2ce \u00e0 notre emballage innovant de pr\u00e9servatifs. Contactez-nous pour discuter de vos options de personnalisation et cr\u00e9er un emballage qui se d\u00e9marque sur le march\u00e9.<\/p>","protected":false},"excerpt":{"rendered":"<table style=\"height: 360px; width: 100.741%; border-collapse: collapse; background-color: #ebebeb;\" border=\"2\">\n<tbody>\n<tr style=\"height: 40px;\">\n<td style=\"width: 22.6796%; height: 30px; background-color: #99ccff;\"><span style=\"font-family: arial, helvetica, sans-serif; font-size: 12pt;\"><strong>Dimensions et style<\/strong><\/span><\/td>\n<td style=\"width: 78.2121%; height: 30px; background-color: #99ccff;\"><span style=\"font-family: arial, helvetica, sans-serif; font-size: 12pt;\">Formes et tailles personnalis\u00e9es<\/span><\/td>\n<\/tr>\n<tr style=\"height: 40px;\">\n<td style=\"width: 22.6796%; height: 34px; background-color: #ebebeb;\"><span style=\"font-size: 12pt;\"><strong><span style=\"font-family: arial, helvetica, sans-serif;\">Quantit\u00e9 minimum d&#039;achat<\/span><\/strong><\/span><\/td>\n<td style=\"width: 78.2121%; height: 34px; background-color: #ebebeb;\"><span style=\"font-family: arial, helvetica, sans-serif; font-size: 12pt;\">1000 pi\u00e8ces sans personnalisation, 10000 pi\u00e8ces pour personnalisation<\/span><\/td>\n<\/tr>\n<tr style=\"height: 40px; background-color: #99ccff;\">\n<td style=\"width: 22.6796%; height: 24px;\"><span style=\"font-size: 12pt;\"><strong><span style=\"font-family: arial, helvetica, sans-serif;\">Type d&#039;emballage<\/span><\/strong><\/span><\/td>\n<td style=\"width: 78.2121%; height: 24px;\"><span style=\"font-family: arial, helvetica, sans-serif; font-size: 12pt;\">3 sacs \u00e0 fermeture lat\u00e9rale<\/span><\/td>\n<\/tr>\n<tr style=\"height: 40px; background-color: #ebebeb;\">\n<td style=\"width: 22.6796%; height: 24px;\"><span style=\"font-size: 12pt;\"><strong><span style=\"font-family: arial, helvetica, sans-serif;\">Impression<\/span><\/strong><\/span><\/td>\n<td style=\"width: 78.2121%; height: 24px;\"><span style=\"font-family: arial, helvetica, sans-serif; font-size: 12pt;\">CMJN (1 \u00e0 8 couleurs), pas d&#039;impression (ordinaire)<\/span><\/td>\n<\/tr>\n<tr style=\"height: 40px; background-color: #99ccff;\">\n<td style=\"width: 22.6796%; height: 24px;\"><span style=\"font-size: 12pt;\"><strong><span style=\"font-family: arial, helvetica, sans-serif;\">Manipulation des surfaces<\/span><\/strong><\/span><\/td>\n<td style=\"width: 78.2121%; height: 24px;\"><span style=\"font-family: arial, helvetica, sans-serif; font-size: 12pt;\">Impression offset<\/span><\/td>\n<\/tr>\n<tr style=\"height: 40px; background-color: #ebebeb;\">\n<td style=\"width: 22.6796%; height: 24px;\"><span style=\"font-size: 12pt;\"><strong><span style=\"font-family: arial, helvetica, sans-serif;\">Material<\/span><\/strong><\/span><\/td>\n<td style=\"width: 78.2121%; height: 24px;\"><span style=\"font-family: arial, helvetica, sans-serif; font-size: 12pt;\">PP\/PET\/PE\/AL\u00a0<\/span><\/td>\n<\/tr>\n<tr style=\"height: 40px; background-color: #99ccff;\">\n<td style=\"width: 22.6796%; height: 24px;\"><span style=\"font-size: 12pt;\"><strong><span style=\"font-family: arial, helvetica, sans-serif;\">Fonctionnalit\u00e9<\/span><\/strong><\/span><\/td>\n<td style=\"width: 78.2121%; height: 24px;\"><span style=\"font-family: arial, helvetica, sans-serif; font-size: 12pt;\">Mat\u00e9riau \u00e9cologique, recyclable<\/span><\/td>\n<\/tr>\n<tr style=\"height: 40px; background-color: #ebebeb;\">\n<td style=\"width: 22.6796%; height: 24px;\"><span style=\"font-size: 12pt;\"><strong><span style=\"font-family: arial, helvetica, sans-serif;\">\u00c9paisseur<\/span><\/strong><\/span><\/td>\n<td style=\"width: 78.2121%; height: 24px;\"><span style=\"font-family: arial, helvetica, sans-serif; font-size: 12pt;\">120 microns pour les doubles faces, acceptez une \u00e9paisseur personnalis\u00e9e<\/span><\/td>\n<\/tr>\n<tr style=\"height: 40px; background-color: #99ccff;\">\n<td style=\"width: 22.6796%; height: 24px;\"><span style=\"font-size: 12pt;\"><strong><span style=\"font-family: arial, helvetica, sans-serif;\">Exp\u00e9dition<\/span><\/strong><\/span><\/td>\n<td style=\"width: 78.2121%; height: 24px;\"><span style=\"font-family: arial, helvetica, sans-serif; font-size: 12pt;\">Air, Mer, Express<\/span><\/td>\n<\/tr>\n<tr style=\"height: 40px; background-color: #ebebeb;\">\n<td style=\"width: 22.6796%; height: 24px;\"><span style=\"font-size: 12pt;\"><strong><span style=\"font-family: arial, helvetica, sans-serif;\">D\u00e9lai d&#039;ex\u00e9cution<\/span><\/strong><\/span><\/td>\n<td style=\"width: 78.2121%; height: 24px;\"><span style=\"font-family: arial, helvetica, sans-serif; font-size: 12pt;\">7 \u00e0 15 jours ouvrables, RUSH<\/span><\/td>\n<\/tr>\n<\/tbody>\n<\/table>\n<p>&nbsp;<\/p>","protected":false},"featured_media":953,"comment_status":"open","ping_status":"closed","template":"","meta":[],"product_brand":[],"product_cat":[19],"product_tag":[],"class_list":{"0":"post-996","1":"product","2":"type-product","3":"status-publish","4":"has-post-thumbnail","6":"product_cat-heat-sealing-bag","8":"first","9":"instock","10":"shipping-taxable","11":"product-type-simple"},"_links":{"self":[{"href":"https:\/\/polysmarts.com\/fr\/wp-json\/wp\/v2\/product\/996","targetHints":{"allow":["GET"]}}],"collection":[{"href":"https:\/\/polysmarts.com\/fr\/wp-json\/wp\/v2\/product"}],"about":[{"href":"https:\/\/polysmarts.com\/fr\/wp-json\/wp\/v2\/types\/product"}],"replies":[{"embeddable":true,"href":"https:\/\/polysmarts.com\/fr\/wp-json\/wp\/v2\/comments?post=996"}],"version-history":[{"count":3,"href":"https:\/\/polysmarts.com\/fr\/wp-json\/wp\/v2\/product\/996\/revisions"}],"predecessor-version":[{"id":1000,"href":"https:\/\/polysmarts.com\/fr\/wp-json\/wp\/v2\/product\/996\/revisions\/1000"}],"wp:featuredmedia":[{"embeddable":true,"href":"https:\/\/polysmarts.com\/fr\/wp-json\/wp\/v2\/media\/953"}],"wp:attachment":[{"href":"https:\/\/polysmarts.com\/fr\/wp-json\/wp\/v2\/media?parent=996"}],"wp:term":[{"taxonomy":"product_brand","embeddable":true,"href":"https:\/\/polysmarts.com\/fr\/wp-json\/wp\/v2\/product_brand?post=996"},{"taxonomy":"product_cat","embeddable":true,"href":"https:\/\/polysmarts.com\/fr\/wp-json\/wp\/v2\/product_cat?post=996"},{"taxonomy":"product_tag","embeddable":true,"href":"https:\/\/polysmarts.com\/fr\/wp-json\/wp\/v2\/product_tag?post=996"}],"curies":[{"name":"wp","href":"https:\/\/api.w.org\/{rel}","templated":true}]}}