{"id":993,"date":"2023-11-28T08:50:16","date_gmt":"2023-11-28T08:50:16","guid":{"rendered":"https:\/\/polysmarts.com\/?post_type=product&#038;p=993"},"modified":"2023-11-28T08:50:17","modified_gmt":"2023-11-28T08:50:17","slug":"vente-en-gros-sacs-a-fermeture-eclair-en-poudre-de-proteine-de-lactoserum","status":"publish","type":"product","link":"https:\/\/polysmarts.com\/fr\/product\/wholesale-stand-up-whey-protein-powder-zipper-bags\/","title":{"rendered":"Sacs \u00e0 fermeture \u00e9clair en poudre de prot\u00e9ines de lactos\u00e9rum, vente en gros"},"content":{"rendered":"<p>D\u00e9couvrez la solution d&#039;emballage parfaite pour votre poudre de prot\u00e9ine de lactos\u00e9rum avec nos sachets stand-up personnalisables. Nous sommes activement impliqu\u00e9s dans les projets de sacs compostables, vous offrant la flexibilit\u00e9 de personnaliser la taille et le design en fonction de vos besoins. Pour les commandes \u00e0 l&#039;essai en impression num\u00e9rique, un minimum de 1 000 pi\u00e8ces pour chaque motif est disponible. Si vous optez pour l\u2019impression h\u00e9lio, notre quantit\u00e9 minimum de commande est de 10\u00a0000 pi\u00e8ces, prenant en charge jusqu\u2019\u00e0 10 couleurs pour un emballage vibrant et accrocheur. N&#039;h\u00e9sitez pas \u00e0 nous contacter pour discuter de vos besoins uniques.<\/p>\n<p><strong>Sp\u00e9cification de produit:<\/strong><\/p>\n<ul>\n<li><strong>Nom du produit\u00a0:<\/strong> Sachet de poudre de prot\u00e9ines WHEY<\/li>\n<li><strong>Taille:<\/strong> Personnalis\u00e9 selon vos sp\u00e9cifications<\/li>\n<li><strong>Couleur:<\/strong> Jusqu&#039;\u00e0 10 couleurs vives pour un attrait accrocheur<\/li>\n<li><strong>Quantit\u00e9 minimale de commande\u00a0:<\/strong> Selon votre taille, allant de 1 000 \u00e0 20 000 pi\u00e8ces<\/li>\n<li><strong>\u00c9tanch\u00e9it\u00e9 et poign\u00e9e\u00a0:<\/strong> Thermoscellage pour un emballage s\u00e9curis\u00e9<\/li>\n<li><strong>Lieu d&#039;origine\u00a0:<\/strong> Guangdong, Chine (continentale)<\/li>\n<li><strong>Utiliser:<\/strong> Id\u00e9al pour les articles alimentaires et non alimentaires<\/li>\n<li><strong>Commande personnalis\u00e9e\u00a0:<\/strong> Adapt\u00e9 pour r\u00e9pondre \u00e0 vos besoins sp\u00e9cifiques<\/li>\n<li><strong>Terme commercial:<\/strong> Disponible pour le prix EXW et le prix CIF<\/li>\n<\/ul>\n<p>D\u00e9couvrez le m\u00e9lange parfait de fonctionnalit\u00e9 et d&#039;esth\u00e9tique avec nos sachets de poudre de prot\u00e9ines de lactos\u00e9rum. Contactez-nous pour explorer les possibilit\u00e9s et rehausser l\u2019emballage de votre produit.<\/p>","protected":false},"excerpt":{"rendered":"<table style=\"height: 360px; width: 99.8505%; border-collapse: collapse;\" border=\"2\">\n<tbody>\n<tr style=\"height: 40px;\">\n<td style=\"width: 22.6796%; height: 30px; background-color: #99ccff;\"><span style=\"font-family: arial, helvetica, sans-serif; font-size: 12pt;\"><strong>Dimensions et style<\/strong><\/span><\/td>\n<td style=\"width: 77.3204%; height: 30px; background-color: #99ccff;\"><span style=\"font-family: arial, helvetica, sans-serif; font-size: 12pt;\">Formes et tailles personnalis\u00e9es<\/span><\/td>\n<\/tr>\n<tr style=\"height: 40px;\">\n<td style=\"width: 22.6796%; height: 34px; background-color: #ebebeb;\"><span style=\"font-size: 12pt;\"><strong><span style=\"font-family: arial, helvetica, sans-serif;\">Quantit\u00e9 minimum d&#039;achat<\/span><\/strong><\/span><\/td>\n<td style=\"width: 77.3204%; height: 34px; background-color: #ebebeb;\"><span style=\"font-family: arial, helvetica, sans-serif; font-size: 12pt;\">1000 pi\u00e8ces sans personnalisation, 10000 pi\u00e8ces pour personnalisation<\/span><\/td>\n<\/tr>\n<tr style=\"height: 40px; background-color: #99ccff;\">\n<td style=\"width: 22.6796%; height: 24px;\"><span style=\"font-size: 12pt;\"><strong><span style=\"font-family: arial, helvetica, sans-serif;\">Type d&#039;emballage<\/span><\/strong><\/span><\/td>\n<td style=\"width: 77.3204%; height: 24px;\"><span style=\"font-family: arial, helvetica, sans-serif; font-size: 12pt;\">Pochette debout<\/span><\/td>\n<\/tr>\n<tr style=\"height: 40px; background-color: #ebebeb;\">\n<td style=\"width: 22.6796%; height: 24px;\"><span style=\"font-size: 12pt;\"><strong><span style=\"font-family: arial, helvetica, sans-serif;\">Impression<\/span><\/strong><\/span><\/td>\n<td style=\"width: 77.3204%; height: 24px;\"><span style=\"font-family: arial, helvetica, sans-serif; font-size: 12pt;\">CMJN (1 \u00e0 10 couleurs), pas d&#039;impression (ordinaire)<\/span><\/td>\n<\/tr>\n<tr style=\"height: 40px; background-color: #99ccff;\">\n<td style=\"width: 22.6796%; height: 24px;\"><span style=\"font-size: 12pt;\"><strong><span style=\"font-family: arial, helvetica, sans-serif;\">Finition<\/span><\/strong><\/span><\/td>\n<td style=\"width: 77.3204%; height: 24px;\"><span style=\"font-family: arial, helvetica, sans-serif; font-size: 12pt;\">Stratification brillante\/mate, impression offset<\/span><\/td>\n<\/tr>\n<tr style=\"height: 40px; background-color: #ebebeb;\">\n<td style=\"width: 22.6796%; height: 24px;\"><span style=\"font-size: 12pt;\"><strong><span style=\"font-family: arial, helvetica, sans-serif;\">Options incluses<\/span><\/strong><\/span><\/td>\n<td style=\"width: 77.3204%; height: 24px;\"><span style=\"font-family: arial, helvetica, sans-serif; font-size: 12pt;\">D\u00e9coupe, thermoscellage<\/span><\/td>\n<\/tr>\n<tr style=\"height: 40px; background-color: #99ccff;\">\n<td style=\"width: 22.6796%; height: 24px;\"><span style=\"font-size: 12pt;\"><strong><span style=\"font-family: arial, helvetica, sans-serif;\">Preuve<\/span><\/strong><\/span><\/td>\n<td style=\"width: 77.3204%; height: 24px;\"><span style=\"font-family: arial, helvetica, sans-serif; font-size: 12pt;\">Preuves d&#039;odeur\u00a0<\/span><\/td>\n<\/tr>\n<tr style=\"height: 40px; background-color: #ebebeb;\">\n<td style=\"width: 22.6796%; height: 24px;\"><span style=\"font-size: 12pt;\"><strong><span style=\"font-family: arial, helvetica, sans-serif;\">D\u00e9lai d&#039;ex\u00e9cution<\/span><\/strong><\/span><\/td>\n<td style=\"width: 77.3204%; height: 24px;\"><span style=\"font-family: arial, helvetica, sans-serif; font-size: 12pt;\">7 \u00e0 15 jours ouvrables, RUSH<\/span><\/td>\n<\/tr>\n<tr style=\"height: 40px; background-color: #99ccff;\">\n<td style=\"width: 22.6796%; height: 24px;\"><span style=\"font-size: 12pt;\"><strong><span style=\"font-family: arial, helvetica, sans-serif;\">Exp\u00e9dition<\/span><\/strong><\/span><\/td>\n<td style=\"width: 77.3204%; height: 24px;\"><span style=\"font-family: arial, helvetica, sans-serif; font-size: 12pt;\">Air, Mer, Express<\/span><\/td>\n<\/tr>\n<\/tbody>\n<\/table>\n<p>&nbsp;<\/p>","protected":false},"featured_media":948,"comment_status":"open","ping_status":"closed","template":"","meta":[],"product_brand":[],"product_cat":[26,18],"product_tag":[],"class_list":{"0":"post-993","1":"product","2":"type-product","3":"status-publish","4":"has-post-thumbnail","6":"product_cat-food-packaging","7":"product_cat-zipper-bags","9":"first","10":"instock","11":"shipping-taxable","12":"product-type-simple"},"_links":{"self":[{"href":"https:\/\/polysmarts.com\/fr\/wp-json\/wp\/v2\/product\/993","targetHints":{"allow":["GET"]}}],"collection":[{"href":"https:\/\/polysmarts.com\/fr\/wp-json\/wp\/v2\/product"}],"about":[{"href":"https:\/\/polysmarts.com\/fr\/wp-json\/wp\/v2\/types\/product"}],"replies":[{"embeddable":true,"href":"https:\/\/polysmarts.com\/fr\/wp-json\/wp\/v2\/comments?post=993"}],"version-history":[{"count":1,"href":"https:\/\/polysmarts.com\/fr\/wp-json\/wp\/v2\/product\/993\/revisions"}],"predecessor-version":[{"id":995,"href":"https:\/\/polysmarts.com\/fr\/wp-json\/wp\/v2\/product\/993\/revisions\/995"}],"wp:featuredmedia":[{"embeddable":true,"href":"https:\/\/polysmarts.com\/fr\/wp-json\/wp\/v2\/media\/948"}],"wp:attachment":[{"href":"https:\/\/polysmarts.com\/fr\/wp-json\/wp\/v2\/media?parent=993"}],"wp:term":[{"taxonomy":"product_brand","embeddable":true,"href":"https:\/\/polysmarts.com\/fr\/wp-json\/wp\/v2\/product_brand?post=993"},{"taxonomy":"product_cat","embeddable":true,"href":"https:\/\/polysmarts.com\/fr\/wp-json\/wp\/v2\/product_cat?post=993"},{"taxonomy":"product_tag","embeddable":true,"href":"https:\/\/polysmarts.com\/fr\/wp-json\/wp\/v2\/product_tag?post=993"}],"curies":[{"name":"wp","href":"https:\/\/api.w.org\/{rel}","templated":true}]}}