{"id":990,"date":"2023-11-28T07:18:16","date_gmt":"2023-11-28T07:18:16","guid":{"rendered":"https:\/\/polysmarts.com\/?post_type=product&#038;p=990"},"modified":"2023-11-28T07:18:17","modified_gmt":"2023-11-28T07:18:17","slug":"le-mylar-de-cannabis-tient-les-sacs-a-fermeture-eclair","status":"publish","type":"product","link":"https:\/\/polysmarts.com\/fr\/product\/cannabis-mylar-stand-up-zipper-bags\/","title":{"rendered":"Le Mylar de cannabis tiennent des sacs de tirette"},"content":{"rendered":"<p><strong>Sacs de cannabis Mylar : am\u00e9liorez votre emballage CBD avec praticit\u00e9 et style<\/strong><\/p>\n<p>Sur le march\u00e9 en constante expansion des produits CBD, se d\u00e9marquer est crucial. CBD Packaging Store pr\u00e9sente les sacs Cannabis Mylar comme la solution d&#039;emballage ultime, alliant praticit\u00e9, rentabilit\u00e9 et design accrocheur. Voici pourquoi ces sacs dominent le march\u00e9\u00a0:<\/p>\n<p><strong>1. Rentabilit\u00e9 et protection suppl\u00e9mentaire\u00a0:<\/strong><br \/>\n\u2013 Les sacs Mylar sont fabriqu\u00e9s \u00e0 partir d\u2019un mat\u00e9riau abordable mais durable, garantissant un emballage \u00e9conomique sans compromettre la protection du produit. L&#039;\u00e9paisseur unique ajoute \u00e9galement une couche de protection suppl\u00e9mentaire, ce qui la rend adapt\u00e9e aux produits \u00e0 base de cannabis.<\/p>\n<p><strong>2. Avantage anti-odeur\u00a0:<\/strong><br \/>\n\u2013 Le mat\u00e9riau utilis\u00e9 dans les sacs en mylar offre une fonction anti-odeur, emp\u00eachant toute perturbation due \u00e0 l&#039;odeur distinctive du cannabis dans les magasins. Cet avantage s\u2019\u00e9tend \u00e0 la cr\u00e9ation d\u2019un environnement commercial plus discret et attrayant.<\/p>\n<p><strong>3. Personnalisation pour la compatibilit\u00e9 de la marque\u00a0:<\/strong><br \/>\n\u2013 CBD Packaging Store fournit une assistance gratuite en mati\u00e8re de conception et de personnalisation, permettant aux fabricants de produits CBD d\u2019aligner leurs sacs en mylar avec leur marque. Adaptez vos cr\u00e9ations pour int\u00e9grer les derni\u00e8res tendances et garantir que vos produits se d\u00e9marquent dans les rayons.<\/p>\n<p><strong>4. Options d&#039;impression pour la reconnaissance de la marque\u00a0:<\/strong><br \/>\n\u2013 Marquez efficacement vos produits en choisissant parmi diff\u00e9rentes options d\u2019impression. Mettez en \u00e9vidence votre nom de marque et votre logo sur ces sacs en mylar, cr\u00e9ant ainsi une identit\u00e9 visuelle qui r\u00e9sonne aupr\u00e8s de votre public cible.<\/p>\n<p><strong>5. Modules compl\u00e9mentaires et options de finition\u00a0:<\/strong><br \/>\n\u2013 Am\u00e9liorez votre emballage avec des fonctionnalit\u00e9s suppl\u00e9mentaires telles que le gaufrage, le gaufrage, les taches UV, la finition mate et brillante, les rev\u00eatements or et argent, et bien plus encore. Ces options ajoutent une touche de luxe, id\u00e9ale pour les produits \u00e0 base de cannabis haut de gamme.<\/p>","protected":false},"excerpt":{"rendered":"<table style=\"height: 360px; width: 99.8505%; border-collapse: collapse;\" border=\"2\">\n<tbody>\n<tr style=\"height: 40px;\">\n<td style=\"width: 22.6796%; height: 30px; background-color: #99ccff;\"><span style=\"font-family: arial, helvetica, sans-serif; font-size: 12pt;\"><strong>Dimensions et style<\/strong><\/span><\/td>\n<td style=\"width: 77.3204%; height: 30px; background-color: #99ccff;\"><span style=\"font-family: arial, helvetica, sans-serif; font-size: 12pt;\">Formes et tailles personnalis\u00e9es<\/span><\/td>\n<\/tr>\n<tr style=\"height: 40px;\">\n<td style=\"width: 22.6796%; height: 34px; background-color: #ebebeb;\"><span style=\"font-size: 12pt;\"><strong><span style=\"font-family: arial, helvetica, sans-serif;\">Quantit\u00e9 minimum d&#039;achat<\/span><\/strong><\/span><\/td>\n<td style=\"width: 77.3204%; height: 34px; background-color: #ebebeb;\"><span style=\"font-family: arial, helvetica, sans-serif; font-size: 12pt;\">1000 pi\u00e8ces sans personnalisation, 10000 pi\u00e8ces pour personnalisation<\/span><\/td>\n<\/tr>\n<tr style=\"height: 40px; background-color: #99ccff;\">\n<td style=\"width: 22.6796%; height: 24px;\"><span style=\"font-size: 12pt;\"><strong><span style=\"font-family: arial, helvetica, sans-serif;\">Type d&#039;emballage<\/span><\/strong><\/span><\/td>\n<td style=\"width: 77.3204%; height: 24px;\"><span style=\"font-family: arial, helvetica, sans-serif; font-size: 12pt;\">Pochette debout<\/span><\/td>\n<\/tr>\n<tr style=\"height: 40px; background-color: #ebebeb;\">\n<td style=\"width: 22.6796%; height: 24px;\"><span style=\"font-size: 12pt;\"><strong><span style=\"font-family: arial, helvetica, sans-serif;\">Impression<\/span><\/strong><\/span><\/td>\n<td style=\"width: 77.3204%; height: 24px;\"><span style=\"font-family: arial, helvetica, sans-serif; font-size: 12pt;\">CMJN (1 \u00e0 10 couleurs), pas d&#039;impression (ordinaire)<\/span><\/td>\n<\/tr>\n<tr style=\"height: 40px; background-color: #99ccff;\">\n<td style=\"width: 22.6796%; height: 24px;\"><span style=\"font-size: 12pt;\"><strong><span style=\"font-family: arial, helvetica, sans-serif;\">Finition<\/span><\/strong><\/span><\/td>\n<td style=\"width: 77.3204%; height: 24px;\"><span style=\"font-family: arial, helvetica, sans-serif; font-size: 12pt;\">Stratification brillante\/mate, impression offset<\/span><\/td>\n<\/tr>\n<tr style=\"height: 40px; background-color: #ebebeb;\">\n<td style=\"width: 22.6796%; height: 24px;\"><span style=\"font-size: 12pt;\"><strong><span style=\"font-family: arial, helvetica, sans-serif;\">Options incluses<\/span><\/strong><\/span><\/td>\n<td style=\"width: 77.3204%; height: 24px;\"><span style=\"font-family: arial, helvetica, sans-serif; font-size: 12pt;\">D\u00e9coupe, thermoscellage<\/span><\/td>\n<\/tr>\n<tr style=\"height: 40px; background-color: #99ccff;\">\n<td style=\"width: 22.6796%; height: 24px;\"><span style=\"font-size: 12pt;\"><strong><span style=\"font-family: arial, helvetica, sans-serif;\">Preuve<\/span><\/strong><\/span><\/td>\n<td style=\"width: 77.3204%; height: 24px;\"><span style=\"font-family: arial, helvetica, sans-serif; font-size: 12pt;\">Preuves d&#039;odeur\u00a0<\/span><\/td>\n<\/tr>\n<tr style=\"height: 40px; background-color: #ebebeb;\">\n<td style=\"width: 22.6796%; height: 24px;\"><span style=\"font-size: 12pt;\"><strong><span style=\"font-family: arial, helvetica, sans-serif;\">D\u00e9lai d&#039;ex\u00e9cution<\/span><\/strong><\/span><\/td>\n<td style=\"width: 77.3204%; height: 24px;\"><span style=\"font-family: arial, helvetica, sans-serif; font-size: 12pt;\">7 \u00e0 15 jours ouvrables, RUSH<\/span><\/td>\n<\/tr>\n<tr style=\"height: 40px; background-color: #99ccff;\">\n<td style=\"width: 22.6796%; height: 24px;\"><span style=\"font-size: 12pt;\"><strong><span style=\"font-family: arial, helvetica, sans-serif;\">Exp\u00e9dition<\/span><\/strong><\/span><\/td>\n<td style=\"width: 77.3204%; height: 24px;\"><span style=\"font-family: arial, helvetica, sans-serif; font-size: 12pt;\">Air, Mer, Express<\/span><\/td>\n<\/tr>\n<\/tbody>\n<\/table>\n<p>&nbsp;<\/p>","protected":false},"featured_media":942,"comment_status":"open","ping_status":"closed","template":"","meta":[],"product_brand":[],"product_cat":[28,18],"product_tag":[],"class_list":{"0":"post-990","1":"product","2":"type-product","3":"status-publish","4":"has-post-thumbnail","6":"product_cat-cbd-packaging","7":"product_cat-zipper-bags","9":"first","10":"instock","11":"shipping-taxable","12":"product-type-simple"},"_links":{"self":[{"href":"https:\/\/polysmarts.com\/fr\/wp-json\/wp\/v2\/product\/990","targetHints":{"allow":["GET"]}}],"collection":[{"href":"https:\/\/polysmarts.com\/fr\/wp-json\/wp\/v2\/product"}],"about":[{"href":"https:\/\/polysmarts.com\/fr\/wp-json\/wp\/v2\/types\/product"}],"replies":[{"embeddable":true,"href":"https:\/\/polysmarts.com\/fr\/wp-json\/wp\/v2\/comments?post=990"}],"version-history":[{"count":1,"href":"https:\/\/polysmarts.com\/fr\/wp-json\/wp\/v2\/product\/990\/revisions"}],"predecessor-version":[{"id":992,"href":"https:\/\/polysmarts.com\/fr\/wp-json\/wp\/v2\/product\/990\/revisions\/992"}],"wp:featuredmedia":[{"embeddable":true,"href":"https:\/\/polysmarts.com\/fr\/wp-json\/wp\/v2\/media\/942"}],"wp:attachment":[{"href":"https:\/\/polysmarts.com\/fr\/wp-json\/wp\/v2\/media?parent=990"}],"wp:term":[{"taxonomy":"product_brand","embeddable":true,"href":"https:\/\/polysmarts.com\/fr\/wp-json\/wp\/v2\/product_brand?post=990"},{"taxonomy":"product_cat","embeddable":true,"href":"https:\/\/polysmarts.com\/fr\/wp-json\/wp\/v2\/product_cat?post=990"},{"taxonomy":"product_tag","embeddable":true,"href":"https:\/\/polysmarts.com\/fr\/wp-json\/wp\/v2\/product_tag?post=990"}],"curies":[{"name":"wp","href":"https:\/\/api.w.org\/{rel}","templated":true}]}}