{"id":918,"date":"2023-11-24T07:03:23","date_gmt":"2023-11-24T07:03:23","guid":{"rendered":"https:\/\/polysmarts.com\/?post_type=product&#038;p=918"},"modified":"2023-11-24T07:03:24","modified_gmt":"2023-11-24T07:03:24","slug":"sacs-de-stockage-de-nourriture-en-mylar-emmeles-colores-personnalises","status":"publish","type":"product","link":"https:\/\/polysmarts.com\/fr\/product\/custom-colorful-stand-up-matted-mylar-food-storage-bags\/","title":{"rendered":"Color\u00e9 fait sur commande tenez les sacs emm\u00eal\u00e9s de stockage de nourriture de Mylar"},"content":{"rendered":"<p>D\u00e9voilez une nouvelle norme en mati\u00e8re de fra\u00eecheur et de commodit\u00e9 avec nos sacs debout noirs mats anti-odeurs. Fabriqu\u00e9s \u00e0 partir de papier d&#039;aluminium de haute qualit\u00e9, ces sacs en mylar refermables sont dot\u00e9s d&#039;une fonction de fermeture \u00e9clair double face qui les rend non seulement faciles \u00e0 ouvrir, mais assure \u00e9galement une fermeture s\u00e9curis\u00e9e. Le joint \u00e0 fermeture \u00e9clair se ferme herm\u00e9tiquement, offrant un niveau d&#039;\u00e9tanch\u00e9it\u00e9 exceptionnel qui maintient l&#039;eau, l&#039;humidit\u00e9, la poussi\u00e8re et les odeurs \u00e0 distance.<\/p>\n<p>La r\u00e9utilisation de ces sacs ajoute \u00e0 leur c\u00f4t\u00e9 pratique, ce qui en fait un choix \u00e9cologique pour les consommateurs exigeants. Le design en mylar va au-del\u00e0 du sac \u00e0 fermeture \u00e9clair ordinaire, gardant le contenu \u00e0 l&#039;int\u00e9rieur plus frais pendant une p\u00e9riode prolong\u00e9e, ce qui le rend id\u00e9al pour stocker une large gamme d&#039;articles.<\/p>\n<p>Fabriqu\u00e9s \u00e0 partir de mati\u00e8re premi\u00e8re en poly\u00e9thyl\u00e8ne, ces sacs sont non seulement fiables mais \u00e9galement non toxiques, garantissant la s\u00e9curit\u00e9 des objets qui y sont stock\u00e9s. La fonction thermoscellable ajoute une autre couche de polyvalence, permettant une fermeture s\u00e9curis\u00e9e pour \u00e9viter les fuites et garantir une fra\u00eecheur durable.<\/p>\n<p>Ces sacs debout noirs mats anti-odeurs sont parfaits pour une gamme d&#039;articles, des produits secs, des bonbons et des collations aux bijoux, composants \u00e9lectroniques et plus encore. La couleur noire \u00e9l\u00e9gante ajoute une touche de sophistication, ce qui les rend adapt\u00e9s \u00e0 diverses applications.<\/p>\n<p>Disponibles en quantit\u00e9s de gros, avec un stock de 1 000 pi\u00e8ces et des options personnalisables \u00e0 partir d&#039;un MOQ de 10 000 pi\u00e8ces, ces sacs sont la solution incontournable pour les entreprises \u00e0 la recherche d&#039;une option d&#039;emballage fiable et \u00e9l\u00e9gante. Am\u00e9liorez la pr\u00e9sentation de vos produits avec ces sacs debout noirs mats anti-odeurs, o\u00f9 la fra\u00eecheur rencontre la fonctionnalit\u00e9 dans chaque joint.<\/p>","protected":false},"excerpt":{"rendered":"<table style=\"height: 360px; width: 99.8505%; border-collapse: collapse;\" border=\"2\">\n<tbody>\n<tr style=\"height: 40px;\">\n<td style=\"width: 22.6796%; height: 30px; background-color: #99ccff;\"><span style=\"font-family: arial, helvetica, sans-serif; font-size: 12pt;\"><strong>Dimensions et style<\/strong><\/span><\/td>\n<td style=\"width: 77.3204%; height: 30px; background-color: #99ccff;\"><span style=\"font-family: arial, helvetica, sans-serif; font-size: 12pt;\">Formes et tailles personnalis\u00e9es<\/span><\/td>\n<\/tr>\n<tr style=\"height: 40px;\">\n<td style=\"width: 22.6796%; height: 34px; background-color: #ebebeb;\"><span style=\"font-size: 12pt;\"><strong><span style=\"font-family: arial, helvetica, sans-serif;\">Quantit\u00e9 minimum d&#039;achat<\/span><\/strong><\/span><\/td>\n<td style=\"width: 77.3204%; height: 34px; background-color: #ebebeb;\"><span style=\"font-family: arial, helvetica, sans-serif; font-size: 12pt;\">1000 pi\u00e8ces sans personnalisation, 10000 pi\u00e8ces pour personnalisation<\/span><\/td>\n<\/tr>\n<tr style=\"height: 40px; background-color: #99ccff;\">\n<td style=\"width: 22.6796%; height: 24px;\"><span style=\"font-size: 12pt;\"><strong><span style=\"font-family: arial, helvetica, sans-serif;\">Type d&#039;emballage<\/span><\/strong><\/span><\/td>\n<td style=\"width: 77.3204%; height: 24px;\"><span style=\"font-family: arial, helvetica, sans-serif; font-size: 12pt;\">Sacs Mylar debout<\/span><\/td>\n<\/tr>\n<tr style=\"height: 40px; background-color: #ebebeb;\">\n<td style=\"width: 22.6796%; height: 24px;\"><span style=\"font-size: 12pt;\"><strong><span style=\"font-family: arial, helvetica, sans-serif;\">Impression<\/span><\/strong><\/span><\/td>\n<td style=\"width: 77.3204%; height: 24px;\"><span style=\"font-family: arial, helvetica, sans-serif; font-size: 12pt;\">CMJN (1 \u00e0 10 couleurs), pas d&#039;impression (ordinaire)<\/span><\/td>\n<\/tr>\n<tr style=\"height: 40px; background-color: #99ccff;\">\n<td style=\"width: 22.6796%; height: 24px;\"><span style=\"font-size: 12pt;\"><strong><span style=\"font-family: arial, helvetica, sans-serif;\">Finition<\/span><\/strong><\/span><\/td>\n<td style=\"width: 77.3204%; height: 24px;\"><span style=\"font-family: arial, helvetica, sans-serif; font-size: 12pt;\">Stratification brillante\/mate, impression offset<\/span><\/td>\n<\/tr>\n<tr style=\"height: 40px; background-color: #ebebeb;\">\n<td style=\"width: 22.6796%; height: 24px;\"><span style=\"font-size: 12pt;\"><strong><span style=\"font-family: arial, helvetica, sans-serif;\">Options incluses<\/span><\/strong><\/span><\/td>\n<td style=\"width: 77.3204%; height: 24px;\"><span style=\"font-family: arial, helvetica, sans-serif; font-size: 12pt;\">D\u00e9coupe, thermoscellage<\/span><\/td>\n<\/tr>\n<tr style=\"height: 40px; background-color: #99ccff;\">\n<td style=\"width: 22.6796%; height: 24px;\"><span style=\"font-size: 12pt;\"><strong><span style=\"font-family: arial, helvetica, sans-serif;\">Preuve<\/span><\/strong><\/span><\/td>\n<td style=\"width: 77.3204%; height: 24px;\"><span style=\"font-family: arial, helvetica, sans-serif; font-size: 12pt;\">Preuves d&#039;odeur\u00a0<\/span><\/td>\n<\/tr>\n<tr style=\"height: 40px; background-color: #ebebeb;\">\n<td style=\"width: 22.6796%; height: 24px;\"><span style=\"font-size: 12pt;\"><strong><span style=\"font-family: arial, helvetica, sans-serif;\">D\u00e9lai d&#039;ex\u00e9cution<\/span><\/strong><\/span><\/td>\n<td style=\"width: 77.3204%; height: 24px;\"><span style=\"font-family: arial, helvetica, sans-serif; font-size: 12pt;\">7 \u00e0 15 jours ouvrables, RUSH<\/span><\/td>\n<\/tr>\n<tr style=\"height: 40px; background-color: #99ccff;\">\n<td style=\"width: 22.6796%; height: 24px;\"><span style=\"font-size: 12pt;\"><strong><span style=\"font-family: arial, helvetica, sans-serif;\">Exp\u00e9dition<\/span><\/strong><\/span><\/td>\n<td style=\"width: 77.3204%; height: 24px;\"><span style=\"font-family: arial, helvetica, sans-serif; font-size: 12pt;\">Air, Mer, Express<\/span><\/td>\n<\/tr>\n<\/tbody>\n<\/table>\n<p>&nbsp;<\/p>","protected":false},"featured_media":925,"comment_status":"open","ping_status":"closed","template":"","meta":[],"product_brand":[],"product_cat":[18,26],"product_tag":[],"class_list":{"0":"post-918","1":"product","2":"type-product","3":"status-publish","4":"has-post-thumbnail","6":"product_cat-zipper-bags","7":"product_cat-food-packaging","9":"first","10":"instock","11":"shipping-taxable","12":"product-type-simple"},"_links":{"self":[{"href":"https:\/\/polysmarts.com\/fr\/wp-json\/wp\/v2\/product\/918","targetHints":{"allow":["GET"]}}],"collection":[{"href":"https:\/\/polysmarts.com\/fr\/wp-json\/wp\/v2\/product"}],"about":[{"href":"https:\/\/polysmarts.com\/fr\/wp-json\/wp\/v2\/types\/product"}],"replies":[{"embeddable":true,"href":"https:\/\/polysmarts.com\/fr\/wp-json\/wp\/v2\/comments?post=918"}],"version-history":[{"count":1,"href":"https:\/\/polysmarts.com\/fr\/wp-json\/wp\/v2\/product\/918\/revisions"}],"predecessor-version":[{"id":926,"href":"https:\/\/polysmarts.com\/fr\/wp-json\/wp\/v2\/product\/918\/revisions\/926"}],"wp:featuredmedia":[{"embeddable":true,"href":"https:\/\/polysmarts.com\/fr\/wp-json\/wp\/v2\/media\/925"}],"wp:attachment":[{"href":"https:\/\/polysmarts.com\/fr\/wp-json\/wp\/v2\/media?parent=918"}],"wp:term":[{"taxonomy":"product_brand","embeddable":true,"href":"https:\/\/polysmarts.com\/fr\/wp-json\/wp\/v2\/product_brand?post=918"},{"taxonomy":"product_cat","embeddable":true,"href":"https:\/\/polysmarts.com\/fr\/wp-json\/wp\/v2\/product_cat?post=918"},{"taxonomy":"product_tag","embeddable":true,"href":"https:\/\/polysmarts.com\/fr\/wp-json\/wp\/v2\/product_tag?post=918"}],"curies":[{"name":"wp","href":"https:\/\/api.w.org\/{rel}","templated":true}]}}