{"id":882,"date":"2023-11-23T10:12:13","date_gmt":"2023-11-23T10:12:13","guid":{"rendered":"https:\/\/polysmarts.com\/?post_type=product&#038;p=882"},"modified":"2023-11-23T10:12:14","modified_gmt":"2023-11-23T10:12:14","slug":"rouleaux-de-remplissage-de-scellage-de-gobelets-en-plastique-personnalises-films-de-scellage","status":"publish","type":"product","link":"https:\/\/polysmarts.com\/fr\/product\/customized-plastic-cup-sealing-fill-rolls-sealing-films\/","title":{"rendered":"Rouleaux de remplissage de scellage de gobelets en plastique personnalis\u00e9s, films d&#039;\u00e9tanch\u00e9it\u00e9"},"content":{"rendered":"<p>Film en rouleau de scellage de gobelets en plastique personnalis\u00e9, con\u00e7u pour les gobelets OPP, CPP et en papier, parfait pour sceller les tasses de th\u00e9 \u00e0 bulles et les boissons. Fabriqu\u00e9 avec pr\u00e9cision \u00e0 partir de mat\u00e9riau PET\/EVA, ce film alimentaire se distingue par sa texture douce, sa transparence et son engagement envers le respect de l&#039;environnement.<\/p>\n<p>La polyvalence rencontre l&#039;esth\u00e9tique avec jusqu&#039;\u00e0 12 couleurs disponibles pour la personnalisation, vous permettant d&#039;adapter le film de scellement de gobelet \u00e0 l&#039;identit\u00e9 de votre marque. L\u2019utilisation de l\u2019h\u00e9liogravure garantit un r\u00e9sultat de haute qualit\u00e9 et visuellement attrayant, permettant \u00e0 votre produit de se d\u00e9marquer dans les rayons.<\/p>\n<p>Doux mais durable, ce film de scellement de gobelets est cr\u00e9\u00e9 par le processus de moulage par soufflage, garantissant une solution d&#039;emballage fiable pour vos boissons. Polysmarts est fier de proposer une option respectueuse de l&#039;environnement qui ne compromet pas les performances.<\/p>\n<p>La marque Polysmarts est synonyme de qualit\u00e9 et d&#039;innovation. Le film de scellement de gobelets est disponible dans la taille de calibre 90\/95, s&#039;adaptant \u00e0 diff\u00e9rentes dimensions de gobelets. Ce film en rouleau est con\u00e7u pour imprimer le scellage de gobelets et ajoute une touche professionnelle \u00e0 la pr\u00e9sentation de votre produit.<\/p>\n<p>Polysmarts fait un effort suppl\u00e9mentaire en proposant des \u00e9chantillons pour votre commodit\u00e9, vous permettant ainsi de constater par vous-m\u00eame la qualit\u00e9. Les commandes personnalis\u00e9es sont chaleureusement accept\u00e9es, garantissant que vos besoins d&#039;emballage sont satisfaits avec pr\u00e9cision et soin.<\/p>\n<p>Choisissez Polysmarts pour un rouleau de film de scellage de gobelets qui non seulement prot\u00e8ge votre produit mais am\u00e9liore son attrait visuel. \u00c9levez votre marque avec une solution d\u2019emballage non seulement fiable mais \u00e9galement respectueuse de l\u2019environnement. D\u00e9couvrez le m\u00e9lange parfait de fonctionnalit\u00e9 et de style avec le film en rouleau de scellage de gobelets en plastique personnalis\u00e9 de Polysmarts.<\/p>","protected":false},"excerpt":{"rendered":"<table style=\"height: 360px; width: 99.8505%; border-collapse: collapse;\" border=\"2\">\n<tbody>\n<tr style=\"height: 40px;\">\n<td style=\"width: 22.6796%; height: 30px; background-color: #99ccff;\"><span style=\"font-family: arial, helvetica, sans-serif; font-size: 12pt;\"><strong>Dimensions et style<\/strong><\/span><\/td>\n<td style=\"width: 77.3204%; height: 30px; background-color: #99ccff;\"><span style=\"font-family: arial, helvetica, sans-serif; font-size: 12pt;\">Formes et tailles personnalis\u00e9es<\/span><\/td>\n<\/tr>\n<tr style=\"height: 40px;\">\n<td style=\"width: 22.6796%; height: 34px; background-color: #ebebeb;\"><span style=\"font-size: 12pt;\"><strong><span style=\"font-family: arial, helvetica, sans-serif;\">Quantit\u00e9 minimum d&#039;achat<\/span><\/strong><\/span><\/td>\n<td style=\"width: 77.3204%; height: 34px; background-color: #ebebeb;\"><span style=\"font-family: arial, helvetica, sans-serif; font-size: 12pt;\">200 kilogrammes<\/span><\/td>\n<\/tr>\n<tr style=\"height: 40px; background-color: #99ccff;\">\n<td style=\"width: 22.6796%; height: 24px;\"><span style=\"font-size: 12pt;\"><strong><span style=\"font-family: arial, helvetica, sans-serif;\">Type d&#039;emballage<\/span><\/strong><\/span><\/td>\n<td style=\"width: 77.3204%; height: 24px;\"><span style=\"font-family: arial, helvetica, sans-serif; font-size: 12pt;\">Rouleaux de remplissage<\/span><\/td>\n<\/tr>\n<tr style=\"height: 40px; background-color: #ebebeb;\">\n<td style=\"width: 22.6796%; height: 24px;\"><span style=\"font-size: 12pt;\"><strong><span style=\"font-family: arial, helvetica, sans-serif;\">Impression<\/span><\/strong><\/span><\/td>\n<td style=\"width: 77.3204%; height: 24px;\"><span style=\"font-family: arial, helvetica, sans-serif; font-size: 12pt;\">Impression h\u00e9lio, selon maquette, jusqu&#039;\u00e0 10 couleurs<\/span><\/td>\n<\/tr>\n<tr style=\"height: 40px; background-color: #99ccff;\">\n<td style=\"width: 22.6796%; height: 24px;\"><span style=\"font-size: 12pt;\"><strong><span style=\"font-family: arial, helvetica, sans-serif;\">Taille et \u00e9paisseur<\/span><\/strong><\/span><\/td>\n<td style=\"width: 77.3204%; height: 24px;\"><span style=\"font-family: arial, helvetica, sans-serif; font-size: 12pt;\">Diff\u00e9rentes tailles et \u00e9paisseurs disponibles<\/span><\/td>\n<\/tr>\n<tr style=\"height: 40px; background-color: #ebebeb;\">\n<td style=\"width: 22.6796%; height: 24px;\"><span style=\"font-size: 12pt;\"><strong><span style=\"font-family: arial, helvetica, sans-serif;\">Material<\/span><\/strong><\/span><\/td>\n<td style=\"width: 77.3204%; height: 24px;\"><span style=\"font-family: arial, helvetica, sans-serif; font-size: 12pt;\">PET\/VMPET\/PE, PET\/AL\/PE, OPP\/VMPET\/PE, OPP\/AL\/PE, etc.<\/span><\/td>\n<\/tr>\n<tr style=\"height: 40px; background-color: #99ccff;\">\n<td style=\"width: 22.6796%; height: 24px;\"><span style=\"font-size: 12pt;\"><strong><span style=\"font-family: arial, helvetica, sans-serif;\">Application<\/span><\/strong><\/span><\/td>\n<td style=\"width: 77.3204%; height: 24px;\"><span style=\"font-family: arial, helvetica, sans-serif; font-size: 12pt;\">Chips\/th\u00e9\/grain de caf\u00e9\/caf\u00e9 en poudre\/caf\u00e9 moulu\/chips, etc.<\/span><\/td>\n<\/tr>\n<tr style=\"height: 40px; background-color: #ebebeb;\">\n<td style=\"width: 22.6796%; height: 24px;\"><span style=\"font-size: 12pt;\"><strong><span style=\"font-family: arial, helvetica, sans-serif;\">D\u00e9lai d&#039;ex\u00e9cution<\/span><\/strong><\/span><\/td>\n<td style=\"width: 77.3204%; height: 24px;\"><span style=\"font-family: arial, helvetica, sans-serif; font-size: 12pt;\">7 \u00e0 15 jours ouvrables, RUSH<\/span><\/td>\n<\/tr>\n<tr style=\"height: 40px; background-color: #99ccff;\">\n<td style=\"width: 22.6796%; height: 24px;\"><span style=\"font-size: 12pt;\"><strong><span style=\"font-family: arial, helvetica, sans-serif;\">Exp\u00e9dition<\/span><\/strong><\/span><\/td>\n<td style=\"width: 77.3204%; height: 24px;\"><span style=\"font-family: arial, helvetica, sans-serif; font-size: 12pt;\">Air, Mer, Express<\/span><\/td>\n<\/tr>\n<\/tbody>\n<\/table>\n<p>&nbsp;<\/p>","protected":false},"featured_media":218,"comment_status":"open","ping_status":"closed","template":"","meta":[],"product_brand":[],"product_cat":[23],"product_tag":[],"class_list":{"0":"post-882","1":"product","2":"type-product","3":"status-publish","4":"has-post-thumbnail","6":"product_cat-film-rolls","8":"first","9":"instock","10":"shipping-taxable","11":"product-type-simple"},"_links":{"self":[{"href":"https:\/\/polysmarts.com\/fr\/wp-json\/wp\/v2\/product\/882","targetHints":{"allow":["GET"]}}],"collection":[{"href":"https:\/\/polysmarts.com\/fr\/wp-json\/wp\/v2\/product"}],"about":[{"href":"https:\/\/polysmarts.com\/fr\/wp-json\/wp\/v2\/types\/product"}],"replies":[{"embeddable":true,"href":"https:\/\/polysmarts.com\/fr\/wp-json\/wp\/v2\/comments?post=882"}],"version-history":[{"count":1,"href":"https:\/\/polysmarts.com\/fr\/wp-json\/wp\/v2\/product\/882\/revisions"}],"predecessor-version":[{"id":890,"href":"https:\/\/polysmarts.com\/fr\/wp-json\/wp\/v2\/product\/882\/revisions\/890"}],"wp:featuredmedia":[{"embeddable":true,"href":"https:\/\/polysmarts.com\/fr\/wp-json\/wp\/v2\/media\/218"}],"wp:attachment":[{"href":"https:\/\/polysmarts.com\/fr\/wp-json\/wp\/v2\/media?parent=882"}],"wp:term":[{"taxonomy":"product_brand","embeddable":true,"href":"https:\/\/polysmarts.com\/fr\/wp-json\/wp\/v2\/product_brand?post=882"},{"taxonomy":"product_cat","embeddable":true,"href":"https:\/\/polysmarts.com\/fr\/wp-json\/wp\/v2\/product_cat?post=882"},{"taxonomy":"product_tag","embeddable":true,"href":"https:\/\/polysmarts.com\/fr\/wp-json\/wp\/v2\/product_tag?post=882"}],"curies":[{"name":"wp","href":"https:\/\/api.w.org\/{rel}","templated":true}]}}