{"id":861,"date":"2023-11-23T09:15:17","date_gmt":"2023-11-23T09:15:17","guid":{"rendered":"https:\/\/polysmarts.com\/?post_type=product&#038;p=861"},"modified":"2023-11-23T09:15:18","modified_gmt":"2023-11-23T09:15:18","slug":"sac-dexpedition-de-courrier-en-plastique-poly-express-personnalise","status":"publish","type":"product","link":"https:\/\/polysmarts.com\/fr\/product\/custom-poly-express-mailing-plastic-courier-shipping-bag\/","title":{"rendered":"Sac d&#039;exp\u00e9dition de courrier en plastique personnalis\u00e9 Poly Express Mailing"},"content":{"rendered":"<p>Les sacs postaux Polysmarts red\u00e9finissent les normes de s\u00e9curit\u00e9 et de commodit\u00e9 d&#039;exp\u00e9dition. Notre design innovant comprend une doublure int\u00e9rieure noire, offrant une couche suppl\u00e9mentaire de protection de la vie priv\u00e9e pour vos effets personnels. La solide bande adh\u00e9sive auto-scellante assure non seulement une fermeture s\u00e9curis\u00e9e, mais agit \u00e9galement comme une fonction inviolable, vous offrant une tranquillit\u00e9 d&#039;esprit pendant le transport.<\/p>\n<p>Fabriqu\u00e9s \u00e0 partir des mat\u00e9riaux les plus r\u00e9cents, nos sacs postaux sont r\u00e9sistants, imperm\u00e9ables et r\u00e9sistants \u00e0 la d\u00e9chirure. L&#039;\u00e9tanch\u00e9it\u00e9 renforc\u00e9e de 4 cm sur le bord garantit que vos objets arrivent \u00e0 destination en toute s\u00e9curit\u00e9, quel que soit le trajet qu&#039;ils entreprennent.<\/p>\n<p>La polyvalence est au c\u0153ur des sacs postaux Polysmarts. Disponibles en diff\u00e9rentes tailles, ces sacs r\u00e9pondent \u00e0 diff\u00e9rents besoins, ce qui les rend adapt\u00e9s \u00e0 l&#039;exp\u00e9dition d&#039;une gamme d&#039;articles, notamment des v\u00eatements, des livres, des bijoux, des accessoires, etc. Que vous soyez propri\u00e9taire d&#039;une entreprise ou un particulier exp\u00e9diant des objets personnels, nos sacs postaux offrent une solution fiable.<\/p>\n<p>Ce qui distingue nos sacs d&#039;exp\u00e9dition auto-scell\u00e9s est leur conception l\u00e9g\u00e8re et peu encombrante. Dites adieu au besoin de mat\u00e9riaux d&#039;emballage suppl\u00e9mentaires : ces sacs sont efficaces et \u00e9conomiques, vous aidant \u00e0 \u00e9conomiser sur les frais de port et d&#039;exp\u00e9dition. C&#039;est le choix id\u00e9al pour les petites et moyennes entreprises \u00e0 la recherche de solutions d&#039;emballage pratiques et \u00e9conomiques.<\/p>\n<p>Choisissez Polysmarts pour une exp\u00e9rience d&#039;exp\u00e9dition transparente, o\u00f9 vos articles ne sont pas seulement envoy\u00e9s, mais envoy\u00e9s de mani\u00e8re s\u00e9curis\u00e9e et efficace. Faites confiance \u00e0 nos sacs postaux pour une combinaison de protection de la vie priv\u00e9e, de durabilit\u00e9 et de rentabilit\u00e9, garantissant que vos envois sont trait\u00e9s avec le soin qu&#039;ils m\u00e9ritent.<\/p>","protected":false},"excerpt":{"rendered":"<table style=\"height: 360px; width: 99.8505%; border-collapse: collapse;\" border=\"2\">\n<tbody>\n<tr style=\"height: 40px;\">\n<td style=\"width: 22.6796%; height: 30px; background-color: #99ccff;\"><span style=\"font-family: arial, helvetica, sans-serif; font-size: 12pt;\"><strong>Dimensions et style<\/strong><\/span><\/td>\n<td style=\"width: 77.3204%; height: 30px; background-color: #99ccff;\"><span style=\"font-family: arial, helvetica, sans-serif; font-size: 12pt;\">Formes et tailles personnalis\u00e9es<\/span><\/td>\n<\/tr>\n<tr style=\"height: 40px;\">\n<td style=\"width: 22.6796%; height: 34px; background-color: #ebebeb;\"><span style=\"font-size: 12pt;\"><strong><span style=\"font-family: arial, helvetica, sans-serif;\">Quantit\u00e9 minimum d&#039;achat<\/span><\/strong><\/span><\/td>\n<td style=\"width: 77.3204%; height: 34px; background-color: #ebebeb;\"><span style=\"font-family: arial, helvetica, sans-serif; font-size: 12pt;\">1000 pi\u00e8ces sans personnalisation, 10000 pi\u00e8ces pour personnalisation<\/span><\/td>\n<\/tr>\n<tr style=\"height: 40px; background-color: #99ccff;\">\n<td style=\"width: 22.6796%; height: 24px;\"><span style=\"font-size: 12pt;\"><strong><span style=\"font-family: arial, helvetica, sans-serif;\">Type d&#039;emballage<\/span><\/strong><\/span><\/td>\n<td style=\"width: 77.3204%; height: 24px;\"><span style=\"font-family: arial, helvetica, sans-serif; font-size: 12pt;\">Sacs postaux en poly blanc<\/span><\/td>\n<\/tr>\n<tr style=\"height: 40px; background-color: #ebebeb;\">\n<td style=\"width: 22.6796%; height: 24px;\"><span style=\"font-size: 12pt;\"><strong><span style=\"font-family: arial, helvetica, sans-serif;\">Impression<\/span><\/strong><\/span><\/td>\n<td style=\"width: 77.3204%; height: 24px;\"><span style=\"font-family: arial, helvetica, sans-serif; font-size: 12pt;\">CMJN (1 \u00e0 10 couleurs selon vos besoins), pas d&#039;impression (ordinaire)<\/span><\/td>\n<\/tr>\n<tr style=\"height: 40px; background-color: #99ccff;\">\n<td style=\"width: 22.6796%; height: 24px;\"><span style=\"font-size: 12pt;\"><strong><span style=\"font-family: arial, helvetica, sans-serif;\">Finition<\/span><\/strong><\/span><\/td>\n<td style=\"width: 77.3204%; height: 24px;\"><span style=\"font-family: arial, helvetica, sans-serif; font-size: 12pt;\">Stratification brillante, impression offset<\/span><\/td>\n<\/tr>\n<tr style=\"height: 40px; background-color: #ebebeb;\">\n<td style=\"width: 22.6796%; height: 24px;\"><span style=\"font-size: 12pt;\"><strong><span style=\"font-family: arial, helvetica, sans-serif;\">Material<\/span><\/strong><\/span><\/td>\n<td style=\"width: 77.3204%; height: 24px;\"><span style=\"font-family: arial, helvetica, sans-serif; font-size: 12pt;\">PE<\/span><\/td>\n<\/tr>\n<tr style=\"height: 40px; background-color: #99ccff;\">\n<td style=\"width: 22.6796%; height: 24px;\"><span style=\"font-size: 12pt;\"><strong><span style=\"font-family: arial, helvetica, sans-serif;\">Fonctionnalit\u00e9<\/span><\/strong><\/span><\/td>\n<td style=\"width: 77.3204%; height: 24px;\"><span style=\"font-family: arial, helvetica, sans-serif; font-size: 12pt;\">\u00c9cologique et pliable<\/span><\/td>\n<\/tr>\n<tr style=\"height: 40px; background-color: #ebebeb;\">\n<td style=\"width: 22.6796%; height: 24px;\"><span style=\"font-size: 12pt;\"><strong><span style=\"font-family: arial, helvetica, sans-serif;\">D\u00e9lai d&#039;ex\u00e9cution<\/span><\/strong><\/span><\/td>\n<td style=\"width: 77.3204%; height: 24px;\"><span style=\"font-family: arial, helvetica, sans-serif; font-size: 12pt;\">7 \u00e0 15 jours ouvrables, RUSH<\/span><\/td>\n<\/tr>\n<tr style=\"height: 40px; background-color: #99ccff;\">\n<td style=\"width: 22.6796%; height: 24px;\"><span style=\"font-size: 12pt;\"><strong><span style=\"font-family: arial, helvetica, sans-serif;\">Exp\u00e9dition<\/span><\/strong><\/span><\/td>\n<td style=\"width: 77.3204%; height: 24px;\"><span style=\"font-family: arial, helvetica, sans-serif; font-size: 12pt;\">Air, Mer, Express<\/span><\/td>\n<\/tr>\n<\/tbody>\n<\/table>\n<p>&nbsp;<\/p>","protected":false},"featured_media":868,"comment_status":"open","ping_status":"closed","template":"","meta":[],"product_brand":[],"product_cat":[24,21],"product_tag":[],"class_list":{"0":"post-861","1":"product","2":"type-product","3":"status-publish","4":"has-post-thumbnail","6":"product_cat-mailing-bag","7":"product_cat-opp-cpp-pe-cpe-single-material-bag","9":"first","10":"instock","11":"shipping-taxable","12":"product-type-simple"},"_links":{"self":[{"href":"https:\/\/polysmarts.com\/fr\/wp-json\/wp\/v2\/product\/861","targetHints":{"allow":["GET"]}}],"collection":[{"href":"https:\/\/polysmarts.com\/fr\/wp-json\/wp\/v2\/product"}],"about":[{"href":"https:\/\/polysmarts.com\/fr\/wp-json\/wp\/v2\/types\/product"}],"replies":[{"embeddable":true,"href":"https:\/\/polysmarts.com\/fr\/wp-json\/wp\/v2\/comments?post=861"}],"version-history":[{"count":1,"href":"https:\/\/polysmarts.com\/fr\/wp-json\/wp\/v2\/product\/861\/revisions"}],"predecessor-version":[{"id":869,"href":"https:\/\/polysmarts.com\/fr\/wp-json\/wp\/v2\/product\/861\/revisions\/869"}],"wp:featuredmedia":[{"embeddable":true,"href":"https:\/\/polysmarts.com\/fr\/wp-json\/wp\/v2\/media\/868"}],"wp:attachment":[{"href":"https:\/\/polysmarts.com\/fr\/wp-json\/wp\/v2\/media?parent=861"}],"wp:term":[{"taxonomy":"product_brand","embeddable":true,"href":"https:\/\/polysmarts.com\/fr\/wp-json\/wp\/v2\/product_brand?post=861"},{"taxonomy":"product_cat","embeddable":true,"href":"https:\/\/polysmarts.com\/fr\/wp-json\/wp\/v2\/product_cat?post=861"},{"taxonomy":"product_tag","embeddable":true,"href":"https:\/\/polysmarts.com\/fr\/wp-json\/wp\/v2\/product_tag?post=861"}],"curies":[{"name":"wp","href":"https:\/\/api.w.org\/{rel}","templated":true}]}}