{"id":840,"date":"2023-11-23T07:24:13","date_gmt":"2023-11-23T07:24:13","guid":{"rendered":"https:\/\/polysmarts.com\/?post_type=product&#038;p=840"},"modified":"2023-11-23T07:24:14","modified_gmt":"2023-11-23T07:24:14","slug":"pochette-en-aluminium-colore-avec-fenetre-ronde","status":"publish","type":"product","link":"https:\/\/polysmarts.com\/fr\/product\/colorful-aluminum-foil-stand-up-pouch-with-round-window\/","title":{"rendered":"Le papier d&#039;aluminium color\u00e9 tient la poche avec la fen\u00eatre ronde"},"content":{"rendered":"<p>D\u00e9couvrez le prochain niveau de stockage des aliments avec notre sac Stand-Up Zip Lock, une solution polyvalente et innovante con\u00e7ue pour am\u00e9liorer votre vie quotidienne. Fabriqu\u00e9 avec une attention m\u00e9ticuleuse aux d\u00e9tails, ce sac est plus qu&#039;un simple contenant ; c&#039;est un t\u00e9moignage de fonctionnalit\u00e9 et d&#039;esth\u00e9tique.<\/p>\n<p>Le fond du sac est judicieusement \u00e9paissi et \u00e9largi, garantissant que le produit tient debout sans effort. Cela ajoute non seulement \u00e0 l\u2019attrait visuel, mais facilite \u00e9galement le remplissage, offrant une belle pr\u00e9sentation tridimensionnelle.<\/p>\n<p>Notre technologie avanc\u00e9e d\u2019auto-\u00e9tanch\u00e9it\u00e9 porte la commodit\u00e9 \u00e0 un tout nouveau niveau. Le joint est non seulement extr\u00eamement \u00e9tanche, garantissant la fra\u00eecheur et l&#039;int\u00e9grit\u00e9 de vos articles stock\u00e9s, mais il est \u00e9galement con\u00e7u pour des ouvertures r\u00e9p\u00e9t\u00e9es. Dites adieu aux difficult\u00e9s avec les fermetures traditionnelles : notre fonction de verrouillage \u00e0 fermeture \u00e9clair allie s\u00e9curit\u00e9 et facilit\u00e9 d&#039;utilisation.<\/p>\n<p>La conception humanis\u00e9e prend en compte la s\u00e9curit\u00e9 avec des coins arrondis, minimisant le risque de blessures. Nous comprenons l&#039;importance d&#039;un emballage convivial, et c&#039;est pourquoi notre pochette est con\u00e7ue pour se d\u00e9chirer facilement apr\u00e8s thermoscellage, rendant l&#039;acc\u00e8s \u00e0 vos articles stock\u00e9s pratique et rapide.<\/p>\n<p>Adoptez le sac de couleur brillante qui non seulement prot\u00e8ge vos aliments mais ajoute \u00e9galement une touche de style \u00e0 votre cuisine. Le sac Stand-Up Zip Lock n&#039;est pas seulement une solution de stockage ; c&#039;est une am\u00e9lioration du style de vie. Am\u00e9liorez votre exp\u00e9rience de cuisine avec une pochette qui allie parfaitement praticit\u00e9, innovation et esth\u00e9tique.<\/p>\n<p>Faites une d\u00e9claration avec une solution d&#039;emballage qui se d\u00e9marque dans le monde du stockage alimentaire. Choisissez le sac Stand-Up Zip Lock \u2013 o\u00f9 la commodit\u00e9 rencontre le style et l&#039;innovation rencontre la vie quotidienne.<\/p>","protected":false},"excerpt":{"rendered":"<table style=\"height: 360px; width: 99.8505%; border-collapse: collapse;\" border=\"2\">\n<tbody>\n<tr style=\"height: 40px;\">\n<td style=\"width: 22.6796%; height: 30px; background-color: #99ccff;\"><span style=\"font-family: arial, helvetica, sans-serif; font-size: 12pt;\"><strong>Dimensions et style<\/strong><\/span><\/td>\n<td style=\"width: 77.3204%; height: 30px; background-color: #99ccff;\"><span style=\"font-family: arial, helvetica, sans-serif; font-size: 12pt;\">Formes et tailles personnalis\u00e9es<\/span><\/td>\n<\/tr>\n<tr style=\"height: 40px;\">\n<td style=\"width: 22.6796%; height: 34px; background-color: #ebebeb;\"><span style=\"font-size: 12pt;\"><strong><span style=\"font-family: arial, helvetica, sans-serif;\">Quantit\u00e9 minimum d&#039;achat<\/span><\/strong><\/span><\/td>\n<td style=\"width: 77.3204%; height: 34px; background-color: #ebebeb;\"><span style=\"font-family: arial, helvetica, sans-serif; font-size: 12pt;\">1000 pi\u00e8ces sans personnalisation, 10000 pi\u00e8ces pour personnalisation<\/span><\/td>\n<\/tr>\n<tr style=\"height: 40px; background-color: #99ccff;\">\n<td style=\"width: 22.6796%; height: 24px;\"><span style=\"font-size: 12pt;\"><strong><span style=\"font-family: arial, helvetica, sans-serif;\">Type d&#039;emballage<\/span><\/strong><\/span><\/td>\n<td style=\"width: 77.3204%; height: 24px;\"><span style=\"font-family: arial, helvetica, sans-serif; font-size: 12pt;\">Le papier d&#039;aluminium tiennent des sacs\u00a0<\/span><\/td>\n<\/tr>\n<tr style=\"height: 40px; background-color: #ebebeb;\">\n<td style=\"width: 22.6796%; height: 24px;\"><span style=\"font-size: 12pt;\"><strong><span style=\"font-family: arial, helvetica, sans-serif;\">Impression<\/span><\/strong><\/span><\/td>\n<td style=\"width: 77.3204%; height: 24px;\"><span style=\"font-family: arial, helvetica, sans-serif; font-size: 12pt;\">CMJN (1 \u00e0 10 couleurs selon vos besoins), pas d&#039;impression (ordinaire)<\/span><\/td>\n<\/tr>\n<tr style=\"height: 40px; background-color: #99ccff;\">\n<td style=\"width: 22.6796%; height: 24px;\"><span style=\"font-size: 12pt;\"><strong><span style=\"font-family: arial, helvetica, sans-serif;\">Finition<\/span><\/strong><\/span><\/td>\n<td style=\"width: 77.3204%; height: 24px;\"><span style=\"font-family: arial, helvetica, sans-serif; font-size: 12pt;\">Stratification brillante, impression offset<\/span><\/td>\n<\/tr>\n<tr style=\"height: 40px; background-color: #ebebeb;\">\n<td style=\"width: 22.6796%; height: 24px;\"><span style=\"font-size: 12pt;\"><strong><span style=\"font-family: arial, helvetica, sans-serif;\">Material<\/span><\/strong><\/span><\/td>\n<td style=\"width: 77.3204%; height: 24px;\"><span style=\"font-family: arial, helvetica, sans-serif; font-size: 12pt;\">OPP + VMPET + feuille d&#039;aluminium + PE<\/span><\/td>\n<\/tr>\n<tr style=\"height: 40px; background-color: #99ccff;\">\n<td style=\"width: 22.6796%; height: 24px;\"><span style=\"font-size: 12pt;\"><strong><span style=\"font-family: arial, helvetica, sans-serif;\">Fonctionnalit\u00e9<\/span><\/strong><\/span><\/td>\n<td style=\"width: 77.3204%; height: 24px;\"><span style=\"font-family: arial, helvetica, sans-serif; font-size: 12pt;\">\u00c9tanche et refermable<\/span><\/td>\n<\/tr>\n<tr style=\"height: 40px; background-color: #ebebeb;\">\n<td style=\"width: 22.6796%; height: 24px;\"><span style=\"font-size: 12pt;\"><strong><span style=\"font-family: arial, helvetica, sans-serif;\">D\u00e9lai d&#039;ex\u00e9cution<\/span><\/strong><\/span><\/td>\n<td style=\"width: 77.3204%; height: 24px;\"><span style=\"font-family: arial, helvetica, sans-serif; font-size: 12pt;\">7 \u00e0 15 jours ouvrables, RUSH<\/span><\/td>\n<\/tr>\n<tr style=\"height: 40px; background-color: #99ccff;\">\n<td style=\"width: 22.6796%; height: 24px;\"><span style=\"font-size: 12pt;\"><strong><span style=\"font-family: arial, helvetica, sans-serif;\">Exp\u00e9dition<\/span><\/strong><\/span><\/td>\n<td style=\"width: 77.3204%; height: 24px;\"><span style=\"font-family: arial, helvetica, sans-serif; font-size: 12pt;\">Air, Mer, Express<\/span><\/td>\n<\/tr>\n<\/tbody>\n<\/table>\n<p>&nbsp;<\/p>","protected":false},"featured_media":846,"comment_status":"open","ping_status":"closed","template":"","meta":[],"product_brand":[],"product_cat":[26,18],"product_tag":[],"class_list":{"0":"post-840","1":"product","2":"type-product","3":"status-publish","4":"has-post-thumbnail","6":"product_cat-food-packaging","7":"product_cat-zipper-bags","9":"first","10":"instock","11":"shipping-taxable","12":"product-type-simple"},"_links":{"self":[{"href":"https:\/\/polysmarts.com\/fr\/wp-json\/wp\/v2\/product\/840","targetHints":{"allow":["GET"]}}],"collection":[{"href":"https:\/\/polysmarts.com\/fr\/wp-json\/wp\/v2\/product"}],"about":[{"href":"https:\/\/polysmarts.com\/fr\/wp-json\/wp\/v2\/types\/product"}],"replies":[{"embeddable":true,"href":"https:\/\/polysmarts.com\/fr\/wp-json\/wp\/v2\/comments?post=840"}],"version-history":[{"count":1,"href":"https:\/\/polysmarts.com\/fr\/wp-json\/wp\/v2\/product\/840\/revisions"}],"predecessor-version":[{"id":852,"href":"https:\/\/polysmarts.com\/fr\/wp-json\/wp\/v2\/product\/840\/revisions\/852"}],"wp:featuredmedia":[{"embeddable":true,"href":"https:\/\/polysmarts.com\/fr\/wp-json\/wp\/v2\/media\/846"}],"wp:attachment":[{"href":"https:\/\/polysmarts.com\/fr\/wp-json\/wp\/v2\/media?parent=840"}],"wp:term":[{"taxonomy":"product_brand","embeddable":true,"href":"https:\/\/polysmarts.com\/fr\/wp-json\/wp\/v2\/product_brand?post=840"},{"taxonomy":"product_cat","embeddable":true,"href":"https:\/\/polysmarts.com\/fr\/wp-json\/wp\/v2\/product_cat?post=840"},{"taxonomy":"product_tag","embeddable":true,"href":"https:\/\/polysmarts.com\/fr\/wp-json\/wp\/v2\/product_tag?post=840"}],"curies":[{"name":"wp","href":"https:\/\/api.w.org\/{rel}","templated":true}]}}