{"id":830,"date":"2023-11-21T15:23:52","date_gmt":"2023-11-21T15:23:52","guid":{"rendered":"https:\/\/polysmarts.com\/?post_type=product&#038;p=830"},"modified":"2024-10-04T02:39:49","modified_gmt":"2024-10-03T18:39:49","slug":"sacs-demballage-de-the-de-cafe-a-fond-plat","status":"publish","type":"product","link":"https:\/\/polysmarts.com\/fr\/product\/flat-stand-up-bottom-coffee-tea-packaging-bags\/","title":{"rendered":"Sacs d&#039;emballage de th\u00e9 et caf\u00e9 \u00e0 fond plat"},"content":{"rendered":"<p><strong>Introduction du sac ziplock octogonal en aluminium pur pour le stockage des aliments\u00a0:<\/strong><\/p>\n<p><strong>Nom:<\/strong> Sac ziplock \u00e0 huit c\u00f4t\u00e9s plaqu\u00e9 aluminium<\/p>\n<p><strong>\u00c9paisseur:<\/strong> 20 fils (erreur \u00b11 fil)<\/p>\n<p><strong>Mat\u00e9riel:<\/strong> Film composite en aluminium pur, nouveau mat\u00e9riau de qualit\u00e9 alimentaire<\/p>\n<p><strong>Caract\u00e9ristiques de conception:<\/strong><\/p>\n<ul>\n<li>Adopter la conception de l&#039;autonomie des organes pour une grande capacit\u00e9 de produit<\/li>\n<li>Conception en bois de santal rouge dor\u00e9 pour une apparence ferme<\/li>\n<li>Fermeture \u00e0 glissi\u00e8re auto-scellante pour une utilisation facile<\/li>\n<li>Recyclable pour la durabilit\u00e9<\/li>\n<li>Excellent effet d&#039;\u00e9tanch\u00e9it\u00e9 pendant le transport<\/li>\n<li>Pliable sans prendre de place<\/li>\n<\/ul>\n<p><strong>Performances du produit\u00a0:<\/strong><\/p>\n<ol>\n<li>Film composite CPP en feuille d&#039;aluminium, utilisant un nouveau mat\u00e9riau de qualit\u00e9 alimentaire.<\/li>\n<li>Prolonge la dur\u00e9e de conservation des aliments pour garantir la qualit\u00e9.<\/li>\n<li>Faible perm\u00e9abilit\u00e9 \u00e0 l&#039;air, excellentes performances de r\u00e9sistance \u00e0 l&#039;humidit\u00e9, forte \u00e9tanch\u00e9it\u00e9 et r\u00e9sistance au vieillissement.<\/li>\n<li>Largement utilis\u00e9 dans l&#039;emballage du th\u00e9, des fruits secs, des bonbons, des aliments, des produits \u00e9lectroniques, etc.<\/li>\n<li>Excellente r\u00e9sistance aux basses temp\u00e9ratures, adapt\u00e9e aux aliments\/cosm\u00e9tiques r\u00e9frig\u00e9r\u00e9s, et plus encore.<\/li>\n<\/ol>\n<p><strong>Param\u00e8tres de sp\u00e9cification du sac ziplock octogonal en aluminium pur pour le stockage des aliments\u00a0:<\/strong><\/p>\n<p><em>R\u00e9f\u00e9rence de capacit\u00e9 du joint \u00e0 huit c\u00f4t\u00e9s en aluminium pur\u00a0:<\/em><\/p>\n<ul>\n<li><strong>9\u00d718+6cm :<\/strong> Riz (420g), Dattes rouges (150g), Th\u00e9 (60g), Longane s\u00e9ch\u00e9 (100g)<\/li>\n<li><strong>11\u00d720+6cm :<\/strong> Riz (650g), Dattes rouges (190g), Th\u00e9 (95g), Longane s\u00e9ch\u00e9 (145g)<\/li>\n<li><strong>13\u00d722+6cm :<\/strong> Riz (920g), Dattes rouges (355g), Th\u00e9 (150g), Longane s\u00e9ch\u00e9 (215g)<\/li>\n<li><strong>15\u00d724+8cm :<\/strong> Riz (1450g), Dattes rouges (575g), Th\u00e9 (235g), Longane s\u00e9ch\u00e9 (350g)<\/li>\n<li><strong>17\u00d726+8cm :<\/strong> Riz (2000g), Dattes rouges (850g), Th\u00e9 (355g), Longane s\u00e9ch\u00e9 (490g)<\/li>\n<li><strong>19\u00d728+8cm :<\/strong> Riz (2500g), Dattes rouges (1100g), Th\u00e9 (510g), Longane s\u00e9ch\u00e9 (530g)<\/li>\n<\/ul>\n<p>Am\u00e9liorez votre emballage alimentaire avec notre sac ziplock octogonal de stockage des aliments en aluminium pur, une combinaison de conception, de fonctionnalit\u00e9 et de capacit\u00e9 r\u00e9pondant \u00e0 divers besoins de stockage.<\/p>","protected":false},"excerpt":{"rendered":"<table style=\"height: 360px; width: 99.8505%; border-collapse: collapse;\" border=\"2\">\n<tbody>\n<tr style=\"height: 40px;\">\n<td style=\"width: 22.6796%; height: 30px; background-color: #99ccff;\"><span style=\"font-family: arial, helvetica, sans-serif; font-size: 12pt;\"><strong>Dimensions et style<\/strong><\/span><\/td>\n<td style=\"width: 77.3204%; height: 30px; background-color: #99ccff;\"><span style=\"font-family: arial, helvetica, sans-serif; font-size: 12pt;\">Formes et tailles personnalis\u00e9es<\/span><\/td>\n<\/tr>\n<tr style=\"height: 40px;\">\n<td style=\"width: 22.6796%; height: 34px; background-color: #ebebeb;\"><span style=\"font-size: 12pt;\"><strong><span style=\"font-family: arial, helvetica, sans-serif;\">Quantit\u00e9 minimum d&#039;achat<\/span><\/strong><\/span><\/td>\n<td style=\"width: 77.3204%; height: 34px; background-color: #ebebeb;\"><span style=\"font-family: arial, helvetica, sans-serif; font-size: 12pt;\">1000 pi\u00e8ces sans personnalisation, 10000 pi\u00e8ces pour personnalisation<\/span><\/td>\n<\/tr>\n<tr style=\"height: 40px; background-color: #99ccff;\">\n<td style=\"width: 22.6796%; height: 24px;\"><span style=\"font-size: 12pt;\"><strong><span style=\"font-family: arial, helvetica, sans-serif;\">Type d&#039;emballage<\/span><\/strong><\/span><\/td>\n<td style=\"width: 77.3204%; height: 24px;\"><span style=\"font-family: arial, helvetica, sans-serif; font-size: 12pt;\">Tenez les sacs plats de Bottlem\/sacs d&#039;emballage de caf\u00e9 avec la valve<\/span><\/td>\n<\/tr>\n<tr style=\"height: 40px; background-color: #ebebeb;\">\n<td style=\"width: 22.6796%; height: 24px;\"><span style=\"font-size: 12pt;\"><strong><span style=\"font-family: arial, helvetica, sans-serif;\">Impression<\/span><\/strong><\/span><\/td>\n<td style=\"width: 77.3204%; height: 24px;\"><span style=\"font-family: arial, helvetica, sans-serif; font-size: 12pt;\">CMJN (1 \u00e0 10 couleurs selon vos besoins), pas d&#039;impression (ordinaire)<\/span><\/td>\n<\/tr>\n<tr style=\"height: 40px; background-color: #99ccff;\">\n<td style=\"width: 22.6796%; height: 24px;\"><span style=\"font-size: 12pt;\"><strong><span style=\"font-family: arial, helvetica, sans-serif;\">Finition<\/span><\/strong><\/span><\/td>\n<td style=\"width: 77.3204%; height: 24px;\"><span style=\"font-family: arial, helvetica, sans-serif; font-size: 12pt;\">Stratification brillante, impression offset<\/span><\/td>\n<\/tr>\n<tr style=\"height: 40px; background-color: #ebebeb;\">\n<td style=\"width: 22.6796%; height: 24px;\"><span style=\"font-size: 12pt;\"><strong><span style=\"font-family: arial, helvetica, sans-serif;\">Material<\/span><\/strong><\/span><\/td>\n<td style=\"width: 77.3204%; height: 24px;\"><span style=\"font-family: arial, helvetica, sans-serif; font-size: 12pt;\">OPP + VMPET + feuille d&#039;aluminium + PE<\/span><\/td>\n<\/tr>\n<tr style=\"height: 40px; background-color: #99ccff;\">\n<td style=\"width: 22.6796%; height: 24px;\"><span style=\"font-size: 12pt;\"><strong><span style=\"font-family: arial, helvetica, sans-serif;\">Fonctionnalit\u00e9<\/span><\/strong><\/span><\/td>\n<td style=\"width: 77.3204%; height: 24px;\"><span style=\"font-family: arial, helvetica, sans-serif; font-size: 12pt;\">\u00c9tanche et refermable<\/span><\/td>\n<\/tr>\n<tr style=\"height: 40px; background-color: #ebebeb;\">\n<td style=\"width: 22.6796%; height: 24px;\"><span style=\"font-size: 12pt;\"><strong><span style=\"font-family: arial, helvetica, sans-serif;\">D\u00e9lai d&#039;ex\u00e9cution<\/span><\/strong><\/span><\/td>\n<td style=\"width: 77.3204%; height: 24px;\"><span style=\"font-family: arial, helvetica, sans-serif; font-size: 12pt;\">7 \u00e0 15 jours ouvrables, RUSH<\/span><\/td>\n<\/tr>\n<tr style=\"height: 40px; background-color: #99ccff;\">\n<td style=\"width: 22.6796%; height: 24px;\"><span style=\"font-size: 12pt;\"><strong><span style=\"font-family: arial, helvetica, sans-serif;\">Exp\u00e9dition<\/span><\/strong><\/span><\/td>\n<td style=\"width: 77.3204%; height: 24px;\"><span style=\"font-family: arial, helvetica, sans-serif; font-size: 12pt;\">Air, Mer, Express<\/span><\/td>\n<\/tr>\n<\/tbody>\n<\/table>\n<p>&nbsp;<\/p>","protected":false},"featured_media":832,"comment_status":"open","ping_status":"closed","template":"","meta":[],"product_brand":[],"product_cat":[27,18],"product_tag":[],"class_list":{"0":"post-830","1":"product","2":"type-product","3":"status-publish","4":"has-post-thumbnail","6":"product_cat-coffee-and-tea-packaging","7":"product_cat-zipper-bags","9":"first","10":"instock","11":"shipping-taxable","12":"product-type-simple"},"_links":{"self":[{"href":"https:\/\/polysmarts.com\/fr\/wp-json\/wp\/v2\/product\/830","targetHints":{"allow":["GET"]}}],"collection":[{"href":"https:\/\/polysmarts.com\/fr\/wp-json\/wp\/v2\/product"}],"about":[{"href":"https:\/\/polysmarts.com\/fr\/wp-json\/wp\/v2\/types\/product"}],"replies":[{"embeddable":true,"href":"https:\/\/polysmarts.com\/fr\/wp-json\/wp\/v2\/comments?post=830"}],"version-history":[{"count":1,"href":"https:\/\/polysmarts.com\/fr\/wp-json\/wp\/v2\/product\/830\/revisions"}],"predecessor-version":[{"id":838,"href":"https:\/\/polysmarts.com\/fr\/wp-json\/wp\/v2\/product\/830\/revisions\/838"}],"wp:featuredmedia":[{"embeddable":true,"href":"https:\/\/polysmarts.com\/fr\/wp-json\/wp\/v2\/media\/832"}],"wp:attachment":[{"href":"https:\/\/polysmarts.com\/fr\/wp-json\/wp\/v2\/media?parent=830"}],"wp:term":[{"taxonomy":"product_brand","embeddable":true,"href":"https:\/\/polysmarts.com\/fr\/wp-json\/wp\/v2\/product_brand?post=830"},{"taxonomy":"product_cat","embeddable":true,"href":"https:\/\/polysmarts.com\/fr\/wp-json\/wp\/v2\/product_cat?post=830"},{"taxonomy":"product_tag","embeddable":true,"href":"https:\/\/polysmarts.com\/fr\/wp-json\/wp\/v2\/product_tag?post=830"}],"curies":[{"name":"wp","href":"https:\/\/api.w.org\/{rel}","templated":true}]}}