{"id":809,"date":"2023-11-21T14:41:22","date_gmt":"2023-11-21T14:41:22","guid":{"rendered":"https:\/\/polysmarts.com\/?post_type=product&#038;p=809"},"modified":"2023-11-21T14:43:20","modified_gmt":"2023-11-21T14:43:20","slug":"sacs-a-fermeture-eclair-blancs-transparents-pour-telephone-portable-avec-trou-de-suspension","status":"publish","type":"product","link":"https:\/\/polysmarts.com\/fr\/product\/cell-phone-clear-white-zip-lock-bags-with-hang-hole\/","title":{"rendered":"Sacs blancs transparents \u00e0 fermeture \u00e9clair pour t\u00e9l\u00e9phone portable avec trou de suspension"},"content":{"rendered":"<p>Les sacs \u00e0 fermeture \u00e9clair plats Pearl Film avec fen\u00eatre compl\u00e8te sont con\u00e7us avec un rev\u00eatement Pearl Film, un mat\u00e9riau OPP\/CPP, garantissant une durabilit\u00e9 et une r\u00e9sistance \u00e0 la perforation sup\u00e9rieures. Fabriqu\u00e9s avec des mat\u00e9riaux de qualit\u00e9 alimentaire sans BPA, ces sacs offrent une protection maximale \u00e0 vos produits.<\/p>\n<p><strong>R\u00e9utilisable\u00a0:<\/strong> Obtenez un bon rapport qualit\u00e9-prix avec nos sacs r\u00e9utilisables. Chaque sac est \u00e9quip\u00e9 d&#039;un ziplock robuste et herm\u00e9tique, con\u00e7u pour de multiples usages, garantissant long\u00e9vit\u00e9 et durabilit\u00e9.<\/p>\n<p><strong>Thermoscellage et \u00e9tiquetage\u00a0:<\/strong> Choisissez l&#039;option d&#039;\u00e9tanch\u00e9it\u00e9 qui vous convient le mieux. Nos sacs sont livr\u00e9s avec des fermetures \u00e9clair pour une fermeture facile, et pour une fermeture plus \u00e9tanche, ils peuvent \u00eatre thermoscell\u00e9s. De plus, si vous souhaitez \u00e9tiqueter vos sacs, n&#039;h\u00e9sitez pas \u00e0 le faire ; nos sacs sont respectueux des \u00e9tiquettes.<\/p>\n<p><strong>Polyvalent:<\/strong> La polyvalence \u00e0 son meilleur. Les sacs \u00e0 fermeture \u00e9clair plats Soonseal Pearl Film avec fen\u00eatre compl\u00e8te r\u00e9pondent \u00e0 une vari\u00e9t\u00e9 de besoins. Id\u00e9al pour emballer des produits num\u00e9riques, des v\u00eatements, des lunettes, de la papeterie, des \u00e9tuis de t\u00e9l\u00e9phone, de la poudre de prot\u00e9ines, etc.<\/p>\n<p><strong>Description:<\/strong> Ces sacs, scell\u00e9s sur trois c\u00f4t\u00e9s, offrent une solution d&#039;emballage \u00e9conomique mais efficace. Ils offrent une excellente protection contre les rayons UV, l\u2019oxyg\u00e8ne et les odeurs, prolongeant ainsi la dur\u00e9e de conservation de vos produits. Les options d&#039;impression personnalis\u00e9es am\u00e9liorent l&#039;attrait de votre produit en rayon, et Soonseal propose une personnalisation de pointe en utilisant les derni\u00e8res technologies num\u00e9riques, flexo et h\u00e9liogravure. Le r\u00e9sultat? Des pochettes d&#039;emballage de qualit\u00e9 professionnelle qui r\u00e9pondent parfaitement \u00e0 vos besoins. Choisissez Soonseal pour la qualit\u00e9 et la personnalisation des emballages.<\/p>\n<p><strong>Principales caract\u00e9ristiques:<\/strong><\/p>\n<ul>\n<li><strong>Dimension ext\u00e9rieure\u00a0:<\/strong> 8 cm * 14 cm<\/li>\n<li><strong>Dimension int\u00e9rieure\u00a0:<\/strong> 7 cm * 11 cm (trou de suspension rond)<\/li>\n<li><strong>Trou de suspension\u00a0:<\/strong> Trou de suspension rond pour un affichage pratique<\/li>\n<li><strong>Mat\u00e9riel:<\/strong> PP transparent de haute qualit\u00e9 (polym\u00e8re prop\u00e8ne)<\/li>\n<li><strong>Couleur:<\/strong> Le devant est clair, le dos est blanc<\/li>\n<li><strong>Fermeture:<\/strong> Ziplock \u00e9tanche et refermable pour un stockage s\u00e9curis\u00e9<\/li>\n<li><strong>Personnalisation\u00a0:<\/strong> L&#039;emballage Polysmarts accueille chaleureusement la personnalisation pour r\u00e9pondre \u00e0 vos besoins sp\u00e9cifiques<\/li>\n<\/ul>\n<p><strong>Polyvalent et pratique :<\/strong><\/p>\n<ul>\n<li><strong>\u00c9tanche et refermable\u00a0:<\/strong> Assure une protection et un acc\u00e8s facile au contenu.<\/li>\n<li><strong>Mat\u00e9riau r\u00e9sistant\u00a0:<\/strong> Le PP transparent de haute qualit\u00e9 offre une durabilit\u00e9 et une vue claire du contenu.<\/li>\n<li><strong>Zip-lock recyclable\u00a0:<\/strong> Facile \u00e0 ouvrir et \u00e0 fermer, favorisant la durabilit\u00e9 gr\u00e2ce \u00e0 la r\u00e9utilisation.<\/li>\n<\/ul>\n<p><strong>Note:<\/strong> L&#039;emballage Polysmarts accueille la personnalisation pour adapter le sac \u00e0 vos besoins uniques.<\/p>\n<p>Am\u00e9liorez la pr\u00e9sentation de vos produits avec notre sac en plastique nacr\u00e9 : une combinaison exquise de fonctionnalit\u00e9 et de style, con\u00e7ue pour rehausser l&#039;attrait de vos coques de t\u00e9l\u00e9phone et de vos petits objets.<\/p>","protected":false},"excerpt":{"rendered":"<table style=\"height: 360px; width: 99.8505%; border-collapse: collapse;\" border=\"2\">\n<tbody>\n<tr style=\"height: 40px;\">\n<td style=\"width: 22.6796%; height: 30px; background-color: #99ccff;\"><span style=\"font-family: arial, helvetica, sans-serif; font-size: 12pt;\"><strong>Dimensions et style<\/strong><\/span><\/td>\n<td style=\"width: 77.3204%; height: 30px; background-color: #99ccff;\"><span style=\"font-family: arial, helvetica, sans-serif; font-size: 12pt;\">Formes et tailles personnalis\u00e9es<\/span><\/td>\n<\/tr>\n<tr style=\"height: 40px;\">\n<td style=\"width: 22.6796%; height: 34px; background-color: #ebebeb;\"><span style=\"font-size: 12pt;\"><strong><span style=\"font-family: arial, helvetica, sans-serif;\">Quantit\u00e9 minimum d&#039;achat<\/span><\/strong><\/span><\/td>\n<td style=\"width: 77.3204%; height: 34px; background-color: #ebebeb;\"><span style=\"font-family: arial, helvetica, sans-serif; font-size: 12pt;\">1000 pi\u00e8ces sans personnalisation, 10000 pi\u00e8ces pour personnalisation<\/span><\/td>\n<\/tr>\n<tr style=\"height: 40px; background-color: #99ccff;\">\n<td style=\"width: 22.6796%; height: 24px;\"><span style=\"font-size: 12pt;\"><strong><span style=\"font-family: arial, helvetica, sans-serif;\">Type d&#039;emballage<\/span><\/strong><\/span><\/td>\n<td style=\"width: 77.3204%; height: 24px;\"><span style=\"font-family: arial, helvetica, sans-serif; font-size: 12pt;\">Sacs d&#039;emballage \u00e0 fermeture \u00e9clair<\/span><\/td>\n<\/tr>\n<tr style=\"height: 40px; background-color: #ebebeb;\">\n<td style=\"width: 22.6796%; height: 24px;\"><span style=\"font-size: 12pt;\"><strong><span style=\"font-family: arial, helvetica, sans-serif;\">Impression<\/span><\/strong><\/span><\/td>\n<td style=\"width: 77.3204%; height: 24px;\"><span style=\"font-family: arial, helvetica, sans-serif; font-size: 12pt;\">CMJN (1 \u00e0 10 couleurs selon vos besoins), pas d&#039;impression (ordinaire)<\/span><\/td>\n<\/tr>\n<tr style=\"height: 40px; background-color: #99ccff;\">\n<td style=\"width: 22.6796%; height: 24px;\"><span style=\"font-size: 12pt;\"><strong><span style=\"font-family: arial, helvetica, sans-serif;\">Finition<\/span><\/strong><\/span><\/td>\n<td style=\"width: 77.3204%; height: 24px;\"><span style=\"font-family: arial, helvetica, sans-serif; font-size: 12pt;\">Stratification brillante, impression offset<\/span><\/td>\n<\/tr>\n<tr style=\"height: 40px; background-color: #ebebeb;\">\n<td style=\"width: 22.6796%; height: 24px;\"><span style=\"font-size: 12pt;\"><strong><span style=\"font-family: arial, helvetica, sans-serif;\">Material<\/span><\/strong><\/span><\/td>\n<td style=\"width: 77.3204%; height: 24px;\"><span style=\"font-family: arial, helvetica, sans-serif; font-size: 12pt;\">OPP\/CPP\/Film nacr\u00e9<\/span><\/td>\n<\/tr>\n<tr style=\"height: 40px; background-color: #99ccff;\">\n<td style=\"width: 22.6796%; height: 24px;\"><span style=\"font-size: 12pt;\"><strong><span style=\"font-family: arial, helvetica, sans-serif;\">Fonctionnalit\u00e9<\/span><\/strong><\/span><\/td>\n<td style=\"width: 77.3204%; height: 24px;\"><span style=\"font-family: arial, helvetica, sans-serif; font-size: 12pt;\">\u00c9tanche et refermable<\/span><\/td>\n<\/tr>\n<tr style=\"height: 40px; background-color: #ebebeb;\">\n<td style=\"width: 22.6796%; height: 24px;\"><span style=\"font-size: 12pt;\"><strong><span style=\"font-family: arial, helvetica, sans-serif;\">D\u00e9lai d&#039;ex\u00e9cution<\/span><\/strong><\/span><\/td>\n<td style=\"width: 77.3204%; height: 24px;\"><span style=\"font-family: arial, helvetica, sans-serif; font-size: 12pt;\">7 \u00e0 15 jours ouvrables, RUSH<\/span><\/td>\n<\/tr>\n<tr style=\"height: 40px; background-color: #99ccff;\">\n<td style=\"width: 22.6796%; height: 24px;\"><span style=\"font-size: 12pt;\"><strong><span style=\"font-family: arial, helvetica, sans-serif;\">Exp\u00e9dition<\/span><\/strong><\/span><\/td>\n<td style=\"width: 77.3204%; height: 24px;\"><span style=\"font-family: arial, helvetica, sans-serif; font-size: 12pt;\">Air, Mer, Express<\/span><\/td>\n<\/tr>\n<\/tbody>\n<\/table>\n<p>&nbsp;<\/p>","protected":false},"featured_media":823,"comment_status":"open","ping_status":"closed","template":"","meta":[],"product_brand":[],"product_cat":[32,18],"product_tag":[],"class_list":{"0":"post-809","1":"product","2":"type-product","3":"status-publish","4":"has-post-thumbnail","6":"product_cat-3c-packaging","7":"product_cat-zipper-bags","9":"first","10":"instock","11":"shipping-taxable","12":"product-type-simple"},"_links":{"self":[{"href":"https:\/\/polysmarts.com\/fr\/wp-json\/wp\/v2\/product\/809","targetHints":{"allow":["GET"]}}],"collection":[{"href":"https:\/\/polysmarts.com\/fr\/wp-json\/wp\/v2\/product"}],"about":[{"href":"https:\/\/polysmarts.com\/fr\/wp-json\/wp\/v2\/types\/product"}],"replies":[{"embeddable":true,"href":"https:\/\/polysmarts.com\/fr\/wp-json\/wp\/v2\/comments?post=809"}],"version-history":[{"count":1,"href":"https:\/\/polysmarts.com\/fr\/wp-json\/wp\/v2\/product\/809\/revisions"}],"predecessor-version":[{"id":822,"href":"https:\/\/polysmarts.com\/fr\/wp-json\/wp\/v2\/product\/809\/revisions\/822"}],"wp:featuredmedia":[{"embeddable":true,"href":"https:\/\/polysmarts.com\/fr\/wp-json\/wp\/v2\/media\/823"}],"wp:attachment":[{"href":"https:\/\/polysmarts.com\/fr\/wp-json\/wp\/v2\/media?parent=809"}],"wp:term":[{"taxonomy":"product_brand","embeddable":true,"href":"https:\/\/polysmarts.com\/fr\/wp-json\/wp\/v2\/product_brand?post=809"},{"taxonomy":"product_cat","embeddable":true,"href":"https:\/\/polysmarts.com\/fr\/wp-json\/wp\/v2\/product_cat?post=809"},{"taxonomy":"product_tag","embeddable":true,"href":"https:\/\/polysmarts.com\/fr\/wp-json\/wp\/v2\/product_tag?post=809"}],"curies":[{"name":"wp","href":"https:\/\/api.w.org\/{rel}","templated":true}]}}