{"id":779,"date":"2023-11-17T13:36:38","date_gmt":"2023-11-17T13:36:38","guid":{"rendered":"https:\/\/polysmarts.com\/?post_type=product&#038;p=779"},"modified":"2023-11-21T15:27:21","modified_gmt":"2023-11-21T15:27:21","slug":"bonbons-snack-food-sacs-demballage-de-poche-debout","status":"publish","type":"product","link":"https:\/\/polysmarts.com\/fr\/product\/candy-snack-food-stand-up-pouch-packaging-bags\/","title":{"rendered":"Les collations de bonbons tiennent les sacs d&#039;emballage de poche"},"content":{"rendered":"<p>Une solution polyvalente adapt\u00e9e \u00e0 vos besoins sp\u00e9cifiques. Fabriqu\u00e9es avec une attention m\u00e9ticuleuse aux d\u00e9tails, ces pochettes offrent un m\u00e9lange parfait de s\u00e9curit\u00e9, de fonctionnalit\u00e9 et de conscience \u00e9cologique.<\/p>\n<h4><strong>Taille et \u00e9paisseur<\/strong><\/h4>\n<p>Adapt\u00e9s pr\u00e9cis\u00e9ment \u00e0 vos besoins, nos dimensionnements personnalis\u00e9s garantissent un ajustement parfait \u00e0 votre produit. L&#039;\u00e9paisseur est optimis\u00e9e pour la durabilit\u00e9 tout en conservant la flexibilit\u00e9.<\/p>\n<h4><strong>Caract\u00e9ristiques:<\/strong><\/h4>\n<ol>\n<li><strong>S\u00e9curit\u00e9 et impression parfaite :<\/strong> Fabriqu\u00e9es \u00e0 partir de mat\u00e9riaux de qualit\u00e9 alimentaire, nos pochettes donnent la priorit\u00e9 \u00e0 la s\u00e9curit\u00e9 de vos produits. L&#039;impression est impeccable, garantissant une pr\u00e9sentation visuellement attrayante.<\/li>\n<li><strong>Pr\u00e9vention des fuites et r\u00e9sistant \u00e0 l&#039;humidit\u00e9\u00a0:<\/strong> Dot\u00e9s d\u2019une capacit\u00e9 exceptionnelle \u00e0 pr\u00e9venir les fuites et \u00e0 r\u00e9sister \u00e0 l\u2019humidit\u00e9, ces sachets garantissent l\u2019int\u00e9grit\u00e9 de vos produits, pr\u00e9servant leur fra\u00eecheur et leur qualit\u00e9.<\/li>\n<li><strong>Fond solide et fermeture \u00e9clair durable :<\/strong> Les pochettes sont con\u00e7ues pour \u00eatre pratiques et durables. Le fond herm\u00e9tique assure la s\u00e9curit\u00e9 de vos articles, tandis que le ziplock durable ajoute un \u00e9l\u00e9ment pratique \u00e0 l&#039;emballage.<\/li>\n<\/ol>\n<p><strong>Mat\u00e9riel:<\/strong> Choisissez parmi une vari\u00e9t\u00e9 de mat\u00e9riaux, notamment PET\/AL\/PE, PET\/PE, BOPP\/Kraft Paper\/PE, etc. Chaque mat\u00e9riau est s\u00e9lectionn\u00e9 pour ses propri\u00e9t\u00e9s sp\u00e9cifiques afin d&#039;am\u00e9liorer la fonctionnalit\u00e9 de la pochette.<\/p>\n<p><strong>Capacit\u00e9:<\/strong> S\u00e9lectionnez la taille id\u00e9ale pour vos besoins, allant de 200 g \u00e0 5 kg, ou personnalisez la capacit\u00e9 en fonction de vos besoins sp\u00e9cifiques. Qu&#039;il s&#039;agisse de noix, de nourriture, de fruits secs, de b\u0153uf, de collations, de caf\u00e9, de th\u00e9, d&#039;\u00e9pices, de bonbons, de nourriture pour animaux, de lessive, de sel de bain et plus encore, nous avons ce qu&#039;il vous faut.<\/p>\n<p><strong>Options de style\u00a0:<\/strong> Adaptez votre emballage \u00e0 votre marque avec des options de style telles que Stand UP, Flat Bottom, Side Gusset, Zipper Top, Avec\/Sans fen\u00eatre, Euro Hole, et plus encore. Nous offrons la flexibilit\u00e9 n\u00e9cessaire pour cr\u00e9er un design qui r\u00e9sonne avec votre public cible.<\/p>\n<p><strong>Contr\u00f4le de qualit\u00e9:<\/strong> Soyez assur\u00e9 de notre engagement envers la qualit\u00e9. Notre \u00e9quipe d&#039;\u00e9quipement avanc\u00e9 et de contr\u00f4le qualit\u00e9 exp\u00e9riment\u00e9 v\u00e9rifie rigoureusement les mat\u00e9riaux, les produits semi-finis et finis \u00e0 chaque \u00e9tape, garantissant que seul le meilleur atteint vos clients.<\/p>\n<p>Am\u00e9liorez votre emballage avec notre emballage alimentaire personnalis\u00e9 \u2013 o\u00f9 convergent qualit\u00e9, personnalisation et durabilit\u00e9.<\/p>","protected":false},"excerpt":{"rendered":"<table style=\"height: 360px; width: 99.8505%; border-collapse: collapse;\" border=\"2\">\n<tbody>\n<tr style=\"height: 40px;\">\n<td style=\"width: 22.6796%; height: 30px; background-color: #99ccff;\"><span style=\"font-family: arial, helvetica, sans-serif; font-size: 12pt;\"><strong>Dimensions et style<\/strong><\/span><\/td>\n<td style=\"width: 77.3204%; height: 30px; background-color: #99ccff;\"><span style=\"font-family: arial, helvetica, sans-serif; font-size: 12pt;\">Formes et tailles personnalis\u00e9es<\/span><\/td>\n<\/tr>\n<tr style=\"height: 40px;\">\n<td style=\"width: 22.6796%; height: 34px; background-color: #ebebeb;\"><span style=\"font-size: 12pt;\"><strong><span style=\"font-family: arial, helvetica, sans-serif;\">Quantit\u00e9 minimum d&#039;achat<\/span><\/strong><\/span><\/td>\n<td style=\"width: 77.3204%; height: 34px; background-color: #ebebeb;\"><span style=\"font-family: arial, helvetica, sans-serif; font-size: 12pt;\">1000 pi\u00e8ces sans personnalisation, 10000 pi\u00e8ces pour personnalisation<\/span><\/td>\n<\/tr>\n<tr style=\"height: 40px; background-color: #99ccff;\">\n<td style=\"width: 22.6796%; height: 24px;\"><span style=\"font-size: 12pt;\"><strong><span style=\"font-family: arial, helvetica, sans-serif;\">Type d&#039;emballage<\/span><\/strong><\/span><\/td>\n<td style=\"width: 77.3204%; height: 24px;\"><span style=\"font-family: arial, helvetica, sans-serif; font-size: 12pt;\">Pochette debout<\/span><\/td>\n<\/tr>\n<tr style=\"height: 40px; background-color: #ebebeb;\">\n<td style=\"width: 22.6796%; height: 24px;\"><span style=\"font-size: 12pt;\"><strong><span style=\"font-family: arial, helvetica, sans-serif;\">Impression<\/span><\/strong><\/span><\/td>\n<td style=\"width: 77.3204%; height: 24px;\"><span style=\"font-family: arial, helvetica, sans-serif; font-size: 12pt;\">CMJN (1 \u00e0 10 couleurs), pas d&#039;impression (ordinaire)<\/span><\/td>\n<\/tr>\n<tr style=\"height: 40px; background-color: #99ccff;\">\n<td style=\"width: 22.6796%; height: 24px;\"><span style=\"font-size: 12pt;\"><strong><span style=\"font-family: arial, helvetica, sans-serif;\">Finition<\/span><\/strong><\/span><\/td>\n<td style=\"width: 77.3204%; height: 24px;\"><span style=\"font-family: arial, helvetica, sans-serif; font-size: 12pt;\">Stratification brillante\/mate, impression offset<\/span><\/td>\n<\/tr>\n<tr style=\"height: 40px; background-color: #ebebeb;\">\n<td style=\"width: 22.6796%; height: 24px;\"><span style=\"font-size: 12pt;\"><strong><span style=\"font-family: arial, helvetica, sans-serif;\">Options incluses<\/span><\/strong><\/span><\/td>\n<td style=\"width: 77.3204%; height: 24px;\"><span style=\"font-family: arial, helvetica, sans-serif; font-size: 12pt;\">D\u00e9coupe, thermoscellage<\/span><\/td>\n<\/tr>\n<tr style=\"height: 40px; background-color: #99ccff;\">\n<td style=\"width: 22.6796%; height: 24px;\"><span style=\"font-size: 12pt;\"><strong><span style=\"font-family: arial, helvetica, sans-serif;\">Preuve<\/span><\/strong><\/span><\/td>\n<td style=\"width: 77.3204%; height: 24px;\"><span style=\"font-family: arial, helvetica, sans-serif; font-size: 12pt;\">Preuves d&#039;odeur\u00a0<\/span><\/td>\n<\/tr>\n<tr style=\"height: 40px; background-color: #ebebeb;\">\n<td style=\"width: 22.6796%; height: 24px;\"><span style=\"font-size: 12pt;\"><strong><span style=\"font-family: arial, helvetica, sans-serif;\">D\u00e9lai d&#039;ex\u00e9cution<\/span><\/strong><\/span><\/td>\n<td style=\"width: 77.3204%; height: 24px;\"><span style=\"font-family: arial, helvetica, sans-serif; font-size: 12pt;\">7 \u00e0 15 jours ouvrables, RUSH<\/span><\/td>\n<\/tr>\n<tr style=\"height: 40px; background-color: #99ccff;\">\n<td style=\"width: 22.6796%; height: 24px;\"><span style=\"font-size: 12pt;\"><strong><span style=\"font-family: arial, helvetica, sans-serif;\">Exp\u00e9dition<\/span><\/strong><\/span><\/td>\n<td style=\"width: 77.3204%; height: 24px;\"><span style=\"font-family: arial, helvetica, sans-serif; font-size: 12pt;\">Air, Mer, Express<\/span><\/td>\n<\/tr>\n<\/tbody>\n<\/table>\n<p>&nbsp;<\/p>","protected":false},"featured_media":780,"comment_status":"open","ping_status":"closed","template":"","meta":[],"product_brand":[],"product_cat":[18,26],"product_tag":[],"class_list":{"0":"post-779","1":"product","2":"type-product","3":"status-publish","4":"has-post-thumbnail","6":"product_cat-zipper-bags","7":"product_cat-food-packaging","9":"first","10":"instock","11":"shipping-taxable","12":"product-type-simple"},"_links":{"self":[{"href":"https:\/\/polysmarts.com\/fr\/wp-json\/wp\/v2\/product\/779","targetHints":{"allow":["GET"]}}],"collection":[{"href":"https:\/\/polysmarts.com\/fr\/wp-json\/wp\/v2\/product"}],"about":[{"href":"https:\/\/polysmarts.com\/fr\/wp-json\/wp\/v2\/types\/product"}],"replies":[{"embeddable":true,"href":"https:\/\/polysmarts.com\/fr\/wp-json\/wp\/v2\/comments?post=779"}],"version-history":[{"count":5,"href":"https:\/\/polysmarts.com\/fr\/wp-json\/wp\/v2\/product\/779\/revisions"}],"predecessor-version":[{"id":839,"href":"https:\/\/polysmarts.com\/fr\/wp-json\/wp\/v2\/product\/779\/revisions\/839"}],"wp:featuredmedia":[{"embeddable":true,"href":"https:\/\/polysmarts.com\/fr\/wp-json\/wp\/v2\/media\/780"}],"wp:attachment":[{"href":"https:\/\/polysmarts.com\/fr\/wp-json\/wp\/v2\/media?parent=779"}],"wp:term":[{"taxonomy":"product_brand","embeddable":true,"href":"https:\/\/polysmarts.com\/fr\/wp-json\/wp\/v2\/product_brand?post=779"},{"taxonomy":"product_cat","embeddable":true,"href":"https:\/\/polysmarts.com\/fr\/wp-json\/wp\/v2\/product_cat?post=779"},{"taxonomy":"product_tag","embeddable":true,"href":"https:\/\/polysmarts.com\/fr\/wp-json\/wp\/v2\/product_tag?post=779"}],"curies":[{"name":"wp","href":"https:\/\/api.w.org\/{rel}","templated":true}]}}