{"id":761,"date":"2023-11-16T09:31:28","date_gmt":"2023-11-16T09:31:28","guid":{"rendered":"https:\/\/polysmarts.com\/?post_type=product&#038;p=761"},"modified":"2023-11-16T09:58:28","modified_gmt":"2023-11-16T09:58:28","slug":"sac-auto-adhesif-demballage-en-poly-opp-transparent","status":"publish","type":"product","link":"https:\/\/polysmarts.com\/fr\/product\/clear-poly-opp-packaging-self-adhesive-bag\/","title":{"rendered":"Sac auto-adh\u00e9sif transparent en poly OPP"},"content":{"rendered":"<p><span style=\"font-family: arial, helvetica, sans-serif;\">Sacs OPP transparents avec fermeture adh\u00e9sive, id\u00e9aux pour les T-shirts, les chemises habill\u00e9es et divers articles vestimentaires.<\/span><\/p>\n<p><span style=\"font-family: arial, helvetica, sans-serif;\"><strong>Mat\u00e9riau\u00a0: polypropyl\u00e8ne OPP<\/strong> <strong>\u00c9paisseur : 0,05 mm<\/strong><\/span><\/p>\n<ul>\n<li><span style=\"font-family: arial, helvetica, sans-serif;\">Les sacs en cellophane transparents offrent une pr\u00e9sentation optimale du produit.<\/span><\/li>\n<li><span style=\"font-family: arial, helvetica, sans-serif;\">Sp\u00e9cialement con\u00e7u pour emballer des produits destin\u00e9s \u00e0 l&#039;exp\u00e9dition et au stockage.<\/span><\/li>\n<\/ul>\n<p><span style=\"font-family: arial, helvetica, sans-serif; font-size: 14pt;\"><strong>Principales caract\u00e9ristiques:<\/strong><\/span><\/p>\n<ol>\n<li><span style=\"font-family: arial, helvetica, sans-serif; font-size: 12pt;\"><strong>Fermeture adh\u00e9sive auto-scellante\u00a0:<\/strong> Assure une fermeture s\u00e9curis\u00e9e pour l&#039;emballage\u00a0; le sceau n\u2019est pas permanent et peut \u00eatre r\u00e9utilis\u00e9.<\/span><\/li>\n<li><span style=\"font-family: arial, helvetica, sans-serif; font-size: 12pt;\"><strong>Qualit\u00e9 du mat\u00e9riau\u00a0:<\/strong> Ces sacs sont fabriqu\u00e9s en mat\u00e9riau OPP, et non en plastique PE\/poly\u00e9thyl\u00e8ne souple typique.<\/span><\/li>\n<li><span style=\"font-family: arial, helvetica, sans-serif; font-size: 12pt;\"><strong>Haute clart\u00e9 et transparence cristalline\u00a0:<\/strong> Offre une pr\u00e9sentation claire et nette.<\/span><\/li>\n<li><span style=\"font-family: arial, helvetica, sans-serif; font-size: 12pt;\"><strong>L\u00e9ger avec une sensation froiss\u00e9e\u00a0:<\/strong> Fournit une texture unique tout en restant l\u00e9ger.<\/span><\/li>\n<li><span style=\"font-family: arial, helvetica, sans-serif; font-size: 12pt;\"><strong>R\u00e9sistant \u00e0 la d\u00e9chirure, \u00e0 la d\u00e9formation et aux attaques chimiques\u00a0:<\/strong> Assure la durabilit\u00e9 et la protection de vos produits.<\/span><\/li>\n<li><span style=\"font-family: arial, helvetica, sans-serif; font-size: 12pt;\"><strong>Fid\u00e8le \u00e0 la taille\u00a0:<\/strong> Disponible en plusieurs tailles, vous permettant de choisir en fonction de vos besoins. Reportez-vous au tableau des tailles pour une s\u00e9lection pr\u00e9cise.<\/span><\/li>\n<li><span style=\"font-family: arial, helvetica, sans-serif; font-size: 12pt;\"><strong>\u00c0 toute \u00e9preuve:<\/strong> Fabriqu\u00e9s \u00e0 partir de polypropyl\u00e8ne de haute qualit\u00e9, ces sacs sont solides et durables, adapt\u00e9s \u00e0 de multiples usages.<\/span><\/li>\n<li><span style=\"font-family: arial, helvetica, sans-serif; font-size: 12pt;\"><strong>Transparent:<\/strong> Le mat\u00e9riau OPP transparent permet une visibilit\u00e9 facile du contenu, ce qui facilite l&#039;identification et la localisation rapide des \u00e9l\u00e9ments.<\/span><\/li>\n<\/ol>\n<p><img fetchpriority=\"high\" decoding=\"async\" class=\"alignnone size-full wp-image-762\" src=\"https:\/\/polysmarts.com\/wp-content\/uploads\/2023\/11\/Detail-01-2.jpg\" alt=\"Sac auto-adh\u00e9sif\" width=\"750\" height=\"876\" srcset=\"\/\/polysmarts.com\/wp-content\/uploads\/2023\/11\/Detail-01-2.jpg 750w, \/\/polysmarts.com\/wp-content\/uploads\/2023\/11\/Detail-01-2-600x701.jpg 600w, \/\/polysmarts.com\/wp-content\/uploads\/2023\/11\/Detail-01-2-257x300.jpg 257w\" sizes=\"(max-width: 750px) 100vw, 750px\" \/> <img decoding=\"async\" class=\"alignnone size-full wp-image-763\" src=\"https:\/\/polysmarts.com\/wp-content\/uploads\/2023\/11\/Detail-02-2.jpg\" alt=\"Sac auto-adh\u00e9sif\" width=\"750\" height=\"701\" srcset=\"\/\/polysmarts.com\/wp-content\/uploads\/2023\/11\/Detail-02-2.jpg 750w, \/\/polysmarts.com\/wp-content\/uploads\/2023\/11\/Detail-02-2-600x561.jpg 600w, \/\/polysmarts.com\/wp-content\/uploads\/2023\/11\/Detail-02-2-300x280.jpg 300w\" sizes=\"(max-width: 750px) 100vw, 750px\" \/> <img decoding=\"async\" class=\"alignnone size-full wp-image-764\" src=\"https:\/\/polysmarts.com\/wp-content\/uploads\/2023\/11\/Detail-03-2.jpg\" alt=\"Sac auto-adh\u00e9sif\" width=\"750\" height=\"927\" srcset=\"\/\/polysmarts.com\/wp-content\/uploads\/2023\/11\/Detail-03-2.jpg 750w, \/\/polysmarts.com\/wp-content\/uploads\/2023\/11\/Detail-03-2-600x742.jpg 600w, \/\/polysmarts.com\/wp-content\/uploads\/2023\/11\/Detail-03-2-243x300.jpg 243w\" sizes=\"(max-width: 750px) 100vw, 750px\" \/> <img loading=\"lazy\" decoding=\"async\" class=\"alignnone size-full wp-image-765\" src=\"https:\/\/polysmarts.com\/wp-content\/uploads\/2023\/11\/Detail-04.jpg\" alt=\"Sac auto-adh\u00e9sif\" width=\"750\" height=\"1045\" srcset=\"\/\/polysmarts.com\/wp-content\/uploads\/2023\/11\/Detail-04.jpg 750w, \/\/polysmarts.com\/wp-content\/uploads\/2023\/11\/Detail-04-600x836.jpg 600w, \/\/polysmarts.com\/wp-content\/uploads\/2023\/11\/Detail-04-215x300.jpg 215w, \/\/polysmarts.com\/wp-content\/uploads\/2023\/11\/Detail-04-735x1024.jpg 735w\" sizes=\"(max-width: 750px) 100vw, 750px\" \/> <img loading=\"lazy\" decoding=\"async\" class=\"alignnone size-full wp-image-766\" src=\"https:\/\/polysmarts.com\/wp-content\/uploads\/2023\/11\/Detail-05.jpg\" alt=\"Sac auto-adh\u00e9sif\" width=\"750\" height=\"755\" srcset=\"\/\/polysmarts.com\/wp-content\/uploads\/2023\/11\/Detail-05.jpg 750w, \/\/polysmarts.com\/wp-content\/uploads\/2023\/11\/Detail-05-100x100.jpg 100w, \/\/polysmarts.com\/wp-content\/uploads\/2023\/11\/Detail-05-600x604.jpg 600w, \/\/polysmarts.com\/wp-content\/uploads\/2023\/11\/Detail-05-298x300.jpg 298w, \/\/polysmarts.com\/wp-content\/uploads\/2023\/11\/Detail-05-150x150.jpg 150w\" sizes=\"(max-width: 750px) 100vw, 750px\" \/> <img loading=\"lazy\" decoding=\"async\" class=\"alignnone size-full wp-image-767\" src=\"https:\/\/polysmarts.com\/wp-content\/uploads\/2023\/11\/Detail-10.jpg\" alt=\"Sac auto-adh\u00e9sif\" width=\"750\" height=\"935\" srcset=\"\/\/polysmarts.com\/wp-content\/uploads\/2023\/11\/Detail-10.jpg 750w, \/\/polysmarts.com\/wp-content\/uploads\/2023\/11\/Detail-10-600x748.jpg 600w, \/\/polysmarts.com\/wp-content\/uploads\/2023\/11\/Detail-10-241x300.jpg 241w\" sizes=\"(max-width: 750px) 100vw, 750px\" \/> <img loading=\"lazy\" decoding=\"async\" class=\"alignleft size-full wp-image-774\" src=\"https:\/\/polysmarts.com\/wp-content\/uploads\/2023\/11\/Detail-08.png\" alt=\"Sac auto-adh\u00e9sif\" width=\"750\" height=\"930\" srcset=\"\/\/polysmarts.com\/wp-content\/uploads\/2023\/11\/Detail-08.png 750w, \/\/polysmarts.com\/wp-content\/uploads\/2023\/11\/Detail-08-600x744.png 600w, \/\/polysmarts.com\/wp-content\/uploads\/2023\/11\/Detail-08-242x300.png 242w\" sizes=\"(max-width: 750px) 100vw, 750px\" \/><\/p>\n<p>&nbsp;<\/p>","protected":false},"excerpt":{"rendered":"<table style=\"height: 360px; width: 100.741%; border-collapse: collapse; background-color: #ebebeb;\" border=\"2\">\n<tbody>\n<tr style=\"height: 40px;\">\n<td style=\"width: 22.6796%; height: 30px; background-color: #99ccff;\"><span style=\"font-family: arial, helvetica, sans-serif; font-size: 12pt;\"><strong>Dimensions et style<\/strong><\/span><\/td>\n<td style=\"width: 78.2121%; height: 30px; background-color: #99ccff;\"><span style=\"font-family: arial, helvetica, sans-serif; font-size: 12pt;\">Formes et tailles personnalis\u00e9es<\/span><\/td>\n<\/tr>\n<tr style=\"height: 40px;\">\n<td style=\"width: 22.6796%; height: 34px; background-color: #ebebeb;\"><span style=\"font-size: 12pt;\"><strong><span style=\"font-family: arial, helvetica, sans-serif;\">Quantit\u00e9 minimum d&#039;achat<\/span><\/strong><\/span><\/td>\n<td style=\"width: 78.2121%; height: 34px; background-color: #ebebeb;\"><span style=\"font-family: arial, helvetica, sans-serif; font-size: 12pt;\">1000 pi\u00e8ces sans personnalisation, 10000 pi\u00e8ces pour personnalisation<\/span><\/td>\n<\/tr>\n<tr style=\"height: 40px; background-color: #99ccff;\">\n<td style=\"width: 22.6796%; height: 24px;\"><span style=\"font-size: 12pt;\"><strong><span style=\"font-family: arial, helvetica, sans-serif;\">Type d&#039;emballage<\/span><\/strong><\/span><\/td>\n<td style=\"width: 78.2121%; height: 24px;\"><span style=\"font-family: arial, helvetica, sans-serif; font-size: 12pt;\">Sac autocollant OPP<\/span><\/td>\n<\/tr>\n<tr style=\"height: 40px; background-color: #ebebeb;\">\n<td style=\"width: 22.6796%; height: 24px;\"><span style=\"font-size: 12pt;\"><strong><span style=\"font-family: arial, helvetica, sans-serif;\">Impression<\/span><\/strong><\/span><\/td>\n<td style=\"width: 78.2121%; height: 24px;\"><span style=\"font-family: arial, helvetica, sans-serif; font-size: 12pt;\">CMJN (1 \u00e0 8 couleurs), pas d&#039;impression (ordinaire)<\/span><\/td>\n<\/tr>\n<tr style=\"height: 40px; background-color: #99ccff;\">\n<td style=\"width: 22.6796%; height: 24px;\"><span style=\"font-size: 12pt;\"><strong><span style=\"font-family: arial, helvetica, sans-serif;\">Manipulation des surfaces<\/span><\/strong><\/span><\/td>\n<td style=\"width: 78.2121%; height: 24px;\"><span style=\"font-family: arial, helvetica, sans-serif; font-size: 12pt;\">Impression offset<\/span><\/td>\n<\/tr>\n<tr style=\"height: 40px; background-color: #ebebeb;\">\n<td style=\"width: 22.6796%; height: 24px;\"><span style=\"font-size: 12pt;\"><strong><span style=\"font-family: arial, helvetica, sans-serif;\">Material<\/span><\/strong><\/span><\/td>\n<td style=\"width: 78.2121%; height: 24px;\"><span style=\"font-family: arial, helvetica, sans-serif; font-size: 12pt;\">Feuille d&#039;aluminium<\/span><\/td>\n<\/tr>\n<tr style=\"height: 40px; background-color: #99ccff;\">\n<td style=\"width: 22.6796%; height: 24px;\"><span style=\"font-size: 12pt;\"><strong><span style=\"font-family: arial, helvetica, sans-serif;\">Taille<\/span><\/strong><\/span><\/td>\n<td style=\"width: 78.2121%; height: 24px;\"><span style=\"font-family: arial, helvetica, sans-serif; font-size: 12pt;\">Reportez-vous \u00e0 la feuille de taille du stock ou au personnalis\u00e9<\/span><\/td>\n<\/tr>\n<tr style=\"height: 40px; background-color: #ebebeb;\">\n<td style=\"width: 22.6796%; height: 24px;\"><span style=\"font-size: 12pt;\"><strong><span style=\"font-family: arial, helvetica, sans-serif;\">\u00c9paisseur<\/span><\/strong><\/span><\/td>\n<td style=\"width: 78.2121%; height: 24px;\"><span style=\"font-family: arial, helvetica, sans-serif; font-size: 12pt;\">60 microns pour les doubles faces, acceptez l&#039;\u00e9paisseur personnalis\u00e9e<\/span><\/td>\n<\/tr>\n<tr style=\"height: 40px; background-color: #99ccff;\">\n<td style=\"width: 22.6796%; height: 24px;\"><span style=\"font-size: 12pt;\"><strong><span style=\"font-family: arial, helvetica, sans-serif;\">Exp\u00e9dition<\/span><\/strong><\/span><\/td>\n<td style=\"width: 78.2121%; height: 24px;\"><span style=\"font-family: arial, helvetica, sans-serif; font-size: 12pt;\">Air, Mer, Express<\/span><\/td>\n<\/tr>\n<tr style=\"height: 40px; background-color: #ebebeb;\">\n<td style=\"width: 22.6796%; height: 24px;\"><span style=\"font-size: 12pt;\"><strong><span style=\"font-family: arial, helvetica, sans-serif;\">D\u00e9lai d&#039;ex\u00e9cution<\/span><\/strong><\/span><\/td>\n<td style=\"width: 78.2121%; height: 24px;\"><span style=\"font-family: arial, helvetica, sans-serif; font-size: 12pt;\">7 \u00e0 15 jours ouvrables, RUSH<\/span><\/td>\n<\/tr>\n<\/tbody>\n<\/table>\n<p>&nbsp;<\/p>","protected":false},"featured_media":768,"comment_status":"open","ping_status":"closed","template":"","meta":[],"product_brand":[],"product_cat":[21,31],"product_tag":[],"class_list":{"0":"post-761","1":"product","2":"type-product","3":"status-publish","4":"has-post-thumbnail","6":"product_cat-opp-cpp-pe-cpe-single-material-bag","7":"product_cat-clothing-packaging","9":"first","10":"instock","11":"shipping-taxable","12":"product-type-simple"},"_links":{"self":[{"href":"https:\/\/polysmarts.com\/fr\/wp-json\/wp\/v2\/product\/761","targetHints":{"allow":["GET"]}}],"collection":[{"href":"https:\/\/polysmarts.com\/fr\/wp-json\/wp\/v2\/product"}],"about":[{"href":"https:\/\/polysmarts.com\/fr\/wp-json\/wp\/v2\/types\/product"}],"replies":[{"embeddable":true,"href":"https:\/\/polysmarts.com\/fr\/wp-json\/wp\/v2\/comments?post=761"}],"version-history":[{"count":1,"href":"https:\/\/polysmarts.com\/fr\/wp-json\/wp\/v2\/product\/761\/revisions"}],"predecessor-version":[{"id":776,"href":"https:\/\/polysmarts.com\/fr\/wp-json\/wp\/v2\/product\/761\/revisions\/776"}],"wp:featuredmedia":[{"embeddable":true,"href":"https:\/\/polysmarts.com\/fr\/wp-json\/wp\/v2\/media\/768"}],"wp:attachment":[{"href":"https:\/\/polysmarts.com\/fr\/wp-json\/wp\/v2\/media?parent=761"}],"wp:term":[{"taxonomy":"product_brand","embeddable":true,"href":"https:\/\/polysmarts.com\/fr\/wp-json\/wp\/v2\/product_brand?post=761"},{"taxonomy":"product_cat","embeddable":true,"href":"https:\/\/polysmarts.com\/fr\/wp-json\/wp\/v2\/product_cat?post=761"},{"taxonomy":"product_tag","embeddable":true,"href":"https:\/\/polysmarts.com\/fr\/wp-json\/wp\/v2\/product_tag?post=761"}],"curies":[{"name":"wp","href":"https:\/\/api.w.org\/{rel}","templated":true}]}}