{"id":748,"date":"2023-11-16T08:21:53","date_gmt":"2023-11-16T08:21:53","guid":{"rendered":"https:\/\/polysmarts.com\/?post_type=product&#038;p=748"},"modified":"2023-11-16T08:37:26","modified_gmt":"2023-11-16T08:37:26","slug":"sacs-en-mylar-scelles-sous-vide-en-feuille-dimpression-personnalisee","status":"publish","type":"product","link":"https:\/\/polysmarts.com\/fr\/product\/custom-printing-foil-vacuum-seal-mylar-bags\/","title":{"rendered":"Sacs Mylar scell\u00e9s sous vide en feuille d&#039;impression personnalis\u00e9e"},"content":{"rendered":"<p><span style=\"font-size: 14pt;\"><strong><span style=\"font-family: arial, helvetica, sans-serif;\">Caract\u00e9ristiques du produit:<\/span><\/strong><\/span><\/p>\n<p><span style=\"font-family: arial, helvetica, sans-serif;\"><strong>1. Stockage s\u00fbr des aliments froids et chauds\u00a0:<\/strong> Nos sacs en mylar argent\u00e9 sont con\u00e7us pour stocker facilement et en toute s\u00e9curit\u00e9 les aliments froids et chauds.<\/span><\/p>\n<p><span style=\"font-family: arial, helvetica, sans-serif;\"><strong>2. \u00c9paisseur exceptionnelle\u00a0:<\/strong> Quelle que soit la taille dont vous avez besoin, nos sacs se distinguent comme les plus \u00e9pais disponibles, offrant une \u00e9paisseur robuste de 7,9 mil. Cela garantit d\u2019excellentes performances d\u2019\u00e9tanch\u00e9it\u00e9, cr\u00e9ant une formidable barri\u00e8re contre l\u2019air, l\u2019humidit\u00e9, la moisissure, la vapeur, les odeurs et l\u2019intrusion de la lumi\u00e8re. Rassurez-vous, ces sacs sont garantis pour conserver vos produits, les gardant sains et frais pendant plus de 20 ans.<\/span><\/p>\n<p><span style=\"font-family: arial, helvetica, sans-serif;\"><strong>3. Couche de papier d\u2019aluminium pour une \u00e9tanch\u00e9it\u00e9 efficace\u00a0:<\/strong> Dot\u00e9s d&#039;une couche de papier d&#039;aluminium, ces sacs en mylar argent\u00e9 bloquent efficacement l&#039;invasion de l&#039;eau et de l&#039;air, atteignant un haut niveau de performance d&#039;\u00e9tanch\u00e9it\u00e9. Dites adieu aux sacs en mylar de mauvaise qualit\u00e9 qui compromettent votre temps et votre nourriture.<\/span><\/p>\n<p><img fetchpriority=\"high\" decoding=\"async\" class=\"size-full wp-image-736 alignleft\" src=\"https:\/\/polysmarts.com\/wp-content\/uploads\/2023\/11\/Detail-01-1.jpg\" alt=\"Mylar Foil Open Top Heat Seal 3 Sacs \u00e0 fermeture lat\u00e9rale\" width=\"750\" height=\"809\" srcset=\"\/\/polysmarts.com\/wp-content\/uploads\/2023\/11\/Detail-01-1.jpg 750w, \/\/polysmarts.com\/wp-content\/uploads\/2023\/11\/Detail-01-1-600x647.jpg 600w, \/\/polysmarts.com\/wp-content\/uploads\/2023\/11\/Detail-01-1-278x300.jpg 278w\" sizes=\"(max-width: 750px) 100vw, 750px\" \/> <img decoding=\"async\" class=\"size-full wp-image-737 alignleft\" src=\"https:\/\/polysmarts.com\/wp-content\/uploads\/2023\/11\/Detail-02-1.jpg\" alt=\"Mylar Foil Open Top Heat Seal 3 Sacs \u00e0 fermeture lat\u00e9rale\" width=\"750\" height=\"592\" srcset=\"\/\/polysmarts.com\/wp-content\/uploads\/2023\/11\/Detail-02-1.jpg 750w, \/\/polysmarts.com\/wp-content\/uploads\/2023\/11\/Detail-02-1-600x474.jpg 600w, \/\/polysmarts.com\/wp-content\/uploads\/2023\/11\/Detail-02-1-300x237.jpg 300w\" sizes=\"(max-width: 750px) 100vw, 750px\" \/> <img decoding=\"async\" class=\"size-full wp-image-738 alignleft\" src=\"https:\/\/polysmarts.com\/wp-content\/uploads\/2023\/11\/Detail-03-1.jpg\" alt=\"Mylar Foil Open Top Heat Seal 3 Sacs \u00e0 fermeture lat\u00e9rale\" width=\"750\" height=\"772\" srcset=\"\/\/polysmarts.com\/wp-content\/uploads\/2023\/11\/Detail-03-1.jpg 750w, \/\/polysmarts.com\/wp-content\/uploads\/2023\/11\/Detail-03-1-600x618.jpg 600w, \/\/polysmarts.com\/wp-content\/uploads\/2023\/11\/Detail-03-1-291x300.jpg 291w\" sizes=\"(max-width: 750px) 100vw, 750px\" \/> <img loading=\"lazy\" decoding=\"async\" class=\"size-full wp-image-739 alignleft\" src=\"https:\/\/polysmarts.com\/wp-content\/uploads\/2023\/11\/Detail-06-1.jpg\" alt=\"Mylar Foil Open Top Heat Seal 3 Sacs \u00e0 fermeture lat\u00e9rale\" width=\"750\" height=\"637\" srcset=\"\/\/polysmarts.com\/wp-content\/uploads\/2023\/11\/Detail-06-1.jpg 750w, \/\/polysmarts.com\/wp-content\/uploads\/2023\/11\/Detail-06-1-600x510.jpg 600w, \/\/polysmarts.com\/wp-content\/uploads\/2023\/11\/Detail-06-1-300x255.jpg 300w\" sizes=\"(max-width: 750px) 100vw, 750px\" \/> <img loading=\"lazy\" decoding=\"async\" class=\"size-full wp-image-741 alignleft\" src=\"https:\/\/polysmarts.com\/wp-content\/uploads\/2023\/11\/Detail-08.jpg\" alt=\"Pochette \u00e0 3 joints lat\u00e9raux en aluminium Mylar \u00e0 dessus ouvert et thermoscellable\" width=\"750\" height=\"727\" srcset=\"\/\/polysmarts.com\/wp-content\/uploads\/2023\/11\/Detail-08.jpg 750w, \/\/polysmarts.com\/wp-content\/uploads\/2023\/11\/Detail-08-600x582.jpg 600w, \/\/polysmarts.com\/wp-content\/uploads\/2023\/11\/Detail-08-300x291.jpg 300w\" sizes=\"(max-width: 750px) 100vw, 750px\" \/> <img loading=\"lazy\" decoding=\"async\" class=\"size-full wp-image-740 alignleft\" src=\"https:\/\/polysmarts.com\/wp-content\/uploads\/2023\/11\/Detail-07.jpg\" alt=\"Mylar Foil Open Top Heat Seal 3 Sacs \u00e0 fermeture lat\u00e9rale\" width=\"750\" height=\"817\" srcset=\"\/\/polysmarts.com\/wp-content\/uploads\/2023\/11\/Detail-07.jpg 750w, \/\/polysmarts.com\/wp-content\/uploads\/2023\/11\/Detail-07-600x654.jpg 600w, \/\/polysmarts.com\/wp-content\/uploads\/2023\/11\/Detail-07-275x300.jpg 275w\" sizes=\"(max-width: 750px) 100vw, 750px\" \/><\/p>","protected":false},"excerpt":{"rendered":"<table style=\"height: 360px; width: 100.741%; border-collapse: collapse; background-color: #ebebeb;\" border=\"2\">\n<tbody>\n<tr style=\"height: 40px;\">\n<td style=\"width: 22.6796%; height: 30px; background-color: #99ccff;\"><span style=\"font-family: arial, helvetica, sans-serif; font-size: 12pt;\"><strong>Dimensions et style<\/strong><\/span><\/td>\n<td style=\"width: 78.2121%; height: 30px; background-color: #99ccff;\"><span style=\"font-family: arial, helvetica, sans-serif; font-size: 12pt;\">Formes et tailles personnalis\u00e9es<\/span><\/td>\n<\/tr>\n<tr style=\"height: 40px;\">\n<td style=\"width: 22.6796%; height: 34px; background-color: #ebebeb;\"><span style=\"font-size: 12pt;\"><strong><span style=\"font-family: arial, helvetica, sans-serif;\">Quantit\u00e9 minimum d&#039;achat<\/span><\/strong><\/span><\/td>\n<td style=\"width: 78.2121%; height: 34px; background-color: #ebebeb;\"><span style=\"font-family: arial, helvetica, sans-serif; font-size: 12pt;\">1000 pi\u00e8ces sans personnalisation, 10000 pi\u00e8ces pour personnalisation<\/span><\/td>\n<\/tr>\n<tr style=\"height: 40px; background-color: #99ccff;\">\n<td style=\"width: 22.6796%; height: 24px;\"><span style=\"font-size: 12pt;\"><strong><span style=\"font-family: arial, helvetica, sans-serif;\">Type d&#039;emballage<\/span><\/strong><\/span><\/td>\n<td style=\"width: 78.2121%; height: 24px;\"><span style=\"font-family: arial, helvetica, sans-serif; font-size: 12pt;\">3 sacs \u00e0 fermeture lat\u00e9rale<\/span><\/td>\n<\/tr>\n<tr style=\"height: 40px; background-color: #ebebeb;\">\n<td style=\"width: 22.6796%; height: 24px;\"><span style=\"font-size: 12pt;\"><strong><span style=\"font-family: arial, helvetica, sans-serif;\">Impression<\/span><\/strong><\/span><\/td>\n<td style=\"width: 78.2121%; height: 24px;\"><span style=\"font-family: arial, helvetica, sans-serif; font-size: 12pt;\">CMJN (1 \u00e0 8 couleurs), pas d&#039;impression (ordinaire)<\/span><\/td>\n<\/tr>\n<tr style=\"height: 40px; background-color: #99ccff;\">\n<td style=\"width: 22.6796%; height: 24px;\"><span style=\"font-size: 12pt;\"><strong><span style=\"font-family: arial, helvetica, sans-serif;\">Fonctionnalit\u00e9<\/span><\/strong><\/span><\/td>\n<td style=\"width: 78.2121%; height: 24px;\"><span style=\"font-family: arial, helvetica, sans-serif; font-size: 12pt;\">Excellente barri\u00e8re performante et \u00e9tanche contre l&#039;air, l&#039;humidit\u00e9, la moisissure, la vapeur, les odeurs et l&#039;intrusion de la lumi\u00e8re.<\/span><\/td>\n<\/tr>\n<tr style=\"height: 40px; background-color: #ebebeb;\">\n<td style=\"width: 22.6796%; height: 24px;\"><span style=\"font-size: 12pt;\"><strong><span style=\"font-family: arial, helvetica, sans-serif;\">Material<\/span><\/strong><\/span><\/td>\n<td style=\"width: 78.2121%; height: 24px;\"><span style=\"font-family: arial, helvetica, sans-serif; font-size: 12pt;\">Aluminium pur<\/span><\/td>\n<\/tr>\n<tr style=\"height: 40px; background-color: #99ccff;\">\n<td style=\"width: 22.6796%; height: 24px;\"><span style=\"font-size: 12pt;\"><strong><span style=\"font-family: arial, helvetica, sans-serif;\">Taille<\/span><\/strong><\/span><\/td>\n<td style=\"width: 78.2121%; height: 24px;\"><span style=\"font-family: arial, helvetica, sans-serif; font-size: 12pt;\">Contactez-nous pour la fiche de d\u00e9tails des tailles de stock et acceptez la personnalisation de la taille.<\/span><\/td>\n<\/tr>\n<tr style=\"height: 40px; background-color: #ebebeb;\">\n<td style=\"width: 22.6796%; height: 24px;\"><span style=\"font-size: 12pt;\"><strong><span style=\"font-family: arial, helvetica, sans-serif;\">\u00c9paisseur<\/span><\/strong><\/span><\/td>\n<td style=\"width: 78.2121%; height: 24px;\"><span style=\"font-family: arial, helvetica, sans-serif; font-size: 12pt;\">200 microns (7,9 millions), accepter la personnalisation<\/span><\/td>\n<\/tr>\n<tr style=\"height: 40px; background-color: #99ccff;\">\n<td style=\"width: 22.6796%; height: 24px;\"><span style=\"font-size: 12pt;\"><strong><span style=\"font-family: arial, helvetica, sans-serif;\">Exp\u00e9dition<\/span><\/strong><\/span><\/td>\n<td style=\"width: 78.2121%; height: 24px;\"><span style=\"font-family: arial, helvetica, sans-serif; font-size: 12pt;\">Air, Mer, Express<\/span><\/td>\n<\/tr>\n<tr style=\"height: 40px; background-color: #ebebeb;\">\n<td style=\"width: 22.6796%; height: 24px;\"><span style=\"font-size: 12pt;\"><strong><span style=\"font-family: arial, helvetica, sans-serif;\">D\u00e9lai d&#039;ex\u00e9cution<\/span><\/strong><\/span><\/td>\n<td style=\"width: 78.2121%; height: 24px;\"><span style=\"font-family: arial, helvetica, sans-serif; font-size: 12pt;\">7 \u00e0 15 jours ouvrables, RUSH<\/span><\/td>\n<\/tr>\n<\/tbody>\n<\/table>\n<p>&nbsp;<\/p>","protected":false},"featured_media":750,"comment_status":"open","ping_status":"closed","template":"","meta":[],"product_brand":[],"product_cat":[19,26],"product_tag":[],"class_list":{"0":"post-748","1":"product","2":"type-product","3":"status-publish","4":"has-post-thumbnail","6":"product_cat-heat-sealing-bag","7":"product_cat-food-packaging","9":"first","10":"instock","11":"shipping-taxable","12":"product-type-simple"},"_links":{"self":[{"href":"https:\/\/polysmarts.com\/fr\/wp-json\/wp\/v2\/product\/748","targetHints":{"allow":["GET"]}}],"collection":[{"href":"https:\/\/polysmarts.com\/fr\/wp-json\/wp\/v2\/product"}],"about":[{"href":"https:\/\/polysmarts.com\/fr\/wp-json\/wp\/v2\/types\/product"}],"replies":[{"embeddable":true,"href":"https:\/\/polysmarts.com\/fr\/wp-json\/wp\/v2\/comments?post=748"}],"version-history":[{"count":3,"href":"https:\/\/polysmarts.com\/fr\/wp-json\/wp\/v2\/product\/748\/revisions"}],"predecessor-version":[{"id":756,"href":"https:\/\/polysmarts.com\/fr\/wp-json\/wp\/v2\/product\/748\/revisions\/756"}],"wp:featuredmedia":[{"embeddable":true,"href":"https:\/\/polysmarts.com\/fr\/wp-json\/wp\/v2\/media\/750"}],"wp:attachment":[{"href":"https:\/\/polysmarts.com\/fr\/wp-json\/wp\/v2\/media?parent=748"}],"wp:term":[{"taxonomy":"product_brand","embeddable":true,"href":"https:\/\/polysmarts.com\/fr\/wp-json\/wp\/v2\/product_brand?post=748"},{"taxonomy":"product_cat","embeddable":true,"href":"https:\/\/polysmarts.com\/fr\/wp-json\/wp\/v2\/product_cat?post=748"},{"taxonomy":"product_tag","embeddable":true,"href":"https:\/\/polysmarts.com\/fr\/wp-json\/wp\/v2\/product_tag?post=748"}],"curies":[{"name":"wp","href":"https:\/\/api.w.org\/{rel}","templated":true}]}}