{"id":729,"date":"2023-11-16T07:46:51","date_gmt":"2023-11-16T07:46:51","guid":{"rendered":"https:\/\/polysmarts.com\/?post_type=product&#038;p=729"},"modified":"2023-11-16T08:35:21","modified_gmt":"2023-11-16T08:35:21","slug":"feuille-de-mylar-thermoscellable-a-dessus-ouvert-3-sacs-a-fermeture-laterale","status":"publish","type":"product","link":"https:\/\/polysmarts.com\/fr\/product\/mylar-foil-open-top-heat-seal-3-side-seal-bags\/","title":{"rendered":"Mylar Foil Open Top Thermoscellable 3 Sacs \u00e0 joint lat\u00e9ral"},"content":{"rendered":"<p><strong><span style=\"font-family: arial, helvetica, sans-serif;\">Caract\u00e9ristiques du produit:<\/span><\/strong><\/p>\n<p><span style=\"font-family: arial, helvetica, sans-serif;\"><strong>1. Mat\u00e9riau r\u00e9sistant\u00a0:<\/strong> Fabriqu\u00e9 \u00e0 partir de papier d&#039;aluminium de haute qualit\u00e9, connu pour sa solidit\u00e9 et sa r\u00e9sistance \u00e0 la casse et aux perforations.<\/span><\/p>\n<p><span style=\"font-family: arial, helvetica, sans-serif;\"><strong>2. Conception facile \u00e0 d\u00e9chirer\u00a0:<\/strong> Les deux c\u00f4t\u00e9s du sac sont con\u00e7us pour se d\u00e9chirer facilement, garantissant une ouverture pratique et sans effort.<\/span><\/p>\n<p><span style=\"font-family: arial, helvetica, sans-serif;\"><strong>3. Options d&#039;\u00e9tanch\u00e9it\u00e9 polyvalentes\u00a0:<\/strong> Le sac de remplissage ouvert offre une flexibilit\u00e9 avec des capacit\u00e9s de scellage sous vide et de thermoscellage pour le dessus ouvert.<\/span><\/p>\n<p><span style=\"font-family: arial, helvetica, sans-serif;\"><strong>4. Utilisation polyvalente\u00a0:<\/strong> Id\u00e9al pour une large gamme de produits, notamment le caf\u00e9, les bonbons, le sucre, les produits de boulangerie, les biscuits, les collations, les aliments de loisirs, les d\u00e9corations, les accessoires et bien plus encore.<\/span><\/p>\n<p><span style=\"font-family: arial, helvetica, sans-serif;\"><strong>5. Fonctionnalit\u00e9 de double \u00e9tanch\u00e9it\u00e9\u00a0:<\/strong> Le sac de remplissage ouvert permet non seulement de sceller sous vide, mais offre \u00e9galement la possibilit\u00e9 de thermosceller sur le dessus ouvert, garantissant ainsi une conservation optimale du contenu.<\/span><\/p>\n<p><img fetchpriority=\"high\" decoding=\"async\" class=\"size-full wp-image-736 alignleft\" src=\"https:\/\/polysmarts.com\/wp-content\/uploads\/2023\/11\/Detail-01-1.jpg\" alt=\"Mylar Foil Open Top Heat Seal 3 Sacs \u00e0 fermeture lat\u00e9rale\" width=\"750\" height=\"809\" srcset=\"\/\/polysmarts.com\/wp-content\/uploads\/2023\/11\/Detail-01-1.jpg 750w, \/\/polysmarts.com\/wp-content\/uploads\/2023\/11\/Detail-01-1-600x647.jpg 600w, \/\/polysmarts.com\/wp-content\/uploads\/2023\/11\/Detail-01-1-278x300.jpg 278w\" sizes=\"(max-width: 750px) 100vw, 750px\" \/> <img decoding=\"async\" class=\"size-full wp-image-737 alignleft\" src=\"https:\/\/polysmarts.com\/wp-content\/uploads\/2023\/11\/Detail-02-1.jpg\" alt=\"Mylar Foil Open Top Heat Seal 3 Sacs \u00e0 fermeture lat\u00e9rale\" width=\"750\" height=\"592\" srcset=\"\/\/polysmarts.com\/wp-content\/uploads\/2023\/11\/Detail-02-1.jpg 750w, \/\/polysmarts.com\/wp-content\/uploads\/2023\/11\/Detail-02-1-600x474.jpg 600w, \/\/polysmarts.com\/wp-content\/uploads\/2023\/11\/Detail-02-1-300x237.jpg 300w\" sizes=\"(max-width: 750px) 100vw, 750px\" \/> <img decoding=\"async\" class=\"size-full wp-image-738 alignleft\" src=\"https:\/\/polysmarts.com\/wp-content\/uploads\/2023\/11\/Detail-03-1.jpg\" alt=\"Mylar Foil Open Top Heat Seal 3 Sacs \u00e0 fermeture lat\u00e9rale\" width=\"750\" height=\"772\" srcset=\"\/\/polysmarts.com\/wp-content\/uploads\/2023\/11\/Detail-03-1.jpg 750w, \/\/polysmarts.com\/wp-content\/uploads\/2023\/11\/Detail-03-1-600x618.jpg 600w, \/\/polysmarts.com\/wp-content\/uploads\/2023\/11\/Detail-03-1-291x300.jpg 291w\" sizes=\"(max-width: 750px) 100vw, 750px\" \/> <img loading=\"lazy\" decoding=\"async\" class=\"size-full wp-image-739 alignleft\" src=\"https:\/\/polysmarts.com\/wp-content\/uploads\/2023\/11\/Detail-06-1.jpg\" alt=\"Mylar Foil Open Top Heat Seal 3 Sacs \u00e0 fermeture lat\u00e9rale\" width=\"750\" height=\"637\" srcset=\"\/\/polysmarts.com\/wp-content\/uploads\/2023\/11\/Detail-06-1.jpg 750w, \/\/polysmarts.com\/wp-content\/uploads\/2023\/11\/Detail-06-1-600x510.jpg 600w, \/\/polysmarts.com\/wp-content\/uploads\/2023\/11\/Detail-06-1-300x255.jpg 300w\" sizes=\"(max-width: 750px) 100vw, 750px\" \/> <img loading=\"lazy\" decoding=\"async\" class=\"size-full wp-image-741 alignleft\" src=\"https:\/\/polysmarts.com\/wp-content\/uploads\/2023\/11\/Detail-08.jpg\" alt=\"Pochette \u00e0 3 joints lat\u00e9raux en aluminium Mylar \u00e0 dessus ouvert et thermoscellable\" width=\"750\" height=\"727\" srcset=\"\/\/polysmarts.com\/wp-content\/uploads\/2023\/11\/Detail-08.jpg 750w, \/\/polysmarts.com\/wp-content\/uploads\/2023\/11\/Detail-08-600x582.jpg 600w, \/\/polysmarts.com\/wp-content\/uploads\/2023\/11\/Detail-08-300x291.jpg 300w\" sizes=\"(max-width: 750px) 100vw, 750px\" \/> <img loading=\"lazy\" decoding=\"async\" class=\"size-full wp-image-740 alignleft\" src=\"https:\/\/polysmarts.com\/wp-content\/uploads\/2023\/11\/Detail-07.jpg\" alt=\"Mylar Foil Open Top Heat Seal 3 Sacs \u00e0 fermeture lat\u00e9rale\" width=\"750\" height=\"817\" srcset=\"\/\/polysmarts.com\/wp-content\/uploads\/2023\/11\/Detail-07.jpg 750w, \/\/polysmarts.com\/wp-content\/uploads\/2023\/11\/Detail-07-600x654.jpg 600w, \/\/polysmarts.com\/wp-content\/uploads\/2023\/11\/Detail-07-275x300.jpg 275w\" sizes=\"(max-width: 750px) 100vw, 750px\" \/><\/p>","protected":false},"excerpt":{"rendered":"<table style=\"height: 360px; width: 100.741%; border-collapse: collapse; background-color: #ebebeb;\" border=\"2\">\n<tbody>\n<tr style=\"height: 40px;\">\n<td style=\"width: 22.6796%; height: 30px; background-color: #99ccff;\"><span style=\"font-family: arial, helvetica, sans-serif; font-size: 12pt;\"><strong>Dimensions et style<\/strong><\/span><\/td>\n<td style=\"width: 78.2121%; height: 30px; background-color: #99ccff;\"><span style=\"font-family: arial, helvetica, sans-serif; font-size: 12pt;\">Formes et tailles personnalis\u00e9es<\/span><\/td>\n<\/tr>\n<tr style=\"height: 40px;\">\n<td style=\"width: 22.6796%; height: 34px; background-color: #ebebeb;\"><span style=\"font-size: 12pt;\"><strong><span style=\"font-family: arial, helvetica, sans-serif;\">Quantit\u00e9 minimum d&#039;achat<\/span><\/strong><\/span><\/td>\n<td style=\"width: 78.2121%; height: 34px; background-color: #ebebeb;\"><span style=\"font-family: arial, helvetica, sans-serif; font-size: 12pt;\">1000 pi\u00e8ces sans personnalisation, 10000 pi\u00e8ces pour personnalisation<\/span><\/td>\n<\/tr>\n<tr style=\"height: 40px; background-color: #99ccff;\">\n<td style=\"width: 22.6796%; height: 24px;\"><span style=\"font-size: 12pt;\"><strong><span style=\"font-family: arial, helvetica, sans-serif;\">Type d&#039;emballage<\/span><\/strong><\/span><\/td>\n<td style=\"width: 78.2121%; height: 24px;\"><span style=\"font-family: arial, helvetica, sans-serif; font-size: 12pt;\">3 sacs \u00e0 fermeture lat\u00e9rale<\/span><\/td>\n<\/tr>\n<tr style=\"height: 40px; background-color: #ebebeb;\">\n<td style=\"width: 22.6796%; height: 24px;\"><span style=\"font-size: 12pt;\"><strong><span style=\"font-family: arial, helvetica, sans-serif;\">Impression<\/span><\/strong><\/span><\/td>\n<td style=\"width: 78.2121%; height: 24px;\"><span style=\"font-family: arial, helvetica, sans-serif; font-size: 12pt;\">CMJN (1 \u00e0 8 couleurs), pas d&#039;impression (ordinaire)<\/span><\/td>\n<\/tr>\n<tr style=\"height: 40px; background-color: #99ccff;\">\n<td style=\"width: 22.6796%; height: 24px;\"><span style=\"font-size: 12pt;\"><strong><span style=\"font-family: arial, helvetica, sans-serif;\">Manipulation des surfaces<\/span><\/strong><\/span><\/td>\n<td style=\"width: 78.2121%; height: 24px;\"><span style=\"font-family: arial, helvetica, sans-serif; font-size: 12pt;\">Impression offset<\/span><\/td>\n<\/tr>\n<tr style=\"height: 40px; background-color: #ebebeb;\">\n<td style=\"width: 22.6796%; height: 24px;\"><span style=\"font-size: 12pt;\"><strong><span style=\"font-family: arial, helvetica, sans-serif;\">Material<\/span><\/strong><\/span><\/td>\n<td style=\"width: 78.2121%; height: 24px;\"><span style=\"font-family: arial, helvetica, sans-serif; font-size: 12pt;\">Feuille d&#039;aluminium<\/span><\/td>\n<\/tr>\n<tr style=\"height: 40px; background-color: #99ccff;\">\n<td style=\"width: 22.6796%; height: 24px;\"><span style=\"font-size: 12pt;\"><strong><span style=\"font-family: arial, helvetica, sans-serif;\">Taille<\/span><\/strong><\/span><\/td>\n<td style=\"width: 78.2121%; height: 24px;\"><span style=\"font-family: arial, helvetica, sans-serif; font-size: 12pt;\">5*7 cm, 6*9 cm, 7*10 cm, 8*12 cm, 9*13 cm, 10*15 cm, 12*18 cm, 14*20 cm, 16*24 cm, 20*30 cm ou personnalis\u00e9<\/span><\/td>\n<\/tr>\n<tr style=\"height: 40px; background-color: #ebebeb;\">\n<td style=\"width: 22.6796%; height: 24px;\"><span style=\"font-size: 12pt;\"><strong><span style=\"font-family: arial, helvetica, sans-serif;\">\u00c9paisseur<\/span><\/strong><\/span><\/td>\n<td style=\"width: 78.2121%; height: 24px;\"><span style=\"font-family: arial, helvetica, sans-serif; font-size: 12pt;\">120 microns pour les doubles faces, acceptez une \u00e9paisseur personnalis\u00e9e<\/span><\/td>\n<\/tr>\n<tr style=\"height: 40px; background-color: #99ccff;\">\n<td style=\"width: 22.6796%; height: 24px;\"><span style=\"font-size: 12pt;\"><strong><span style=\"font-family: arial, helvetica, sans-serif;\">Exp\u00e9dition<\/span><\/strong><\/span><\/td>\n<td style=\"width: 78.2121%; height: 24px;\"><span style=\"font-family: arial, helvetica, sans-serif; font-size: 12pt;\">Air, Mer, Express<\/span><\/td>\n<\/tr>\n<tr style=\"height: 40px; background-color: #ebebeb;\">\n<td style=\"width: 22.6796%; height: 24px;\"><span style=\"font-size: 12pt;\"><strong><span style=\"font-family: arial, helvetica, sans-serif;\">D\u00e9lai d&#039;ex\u00e9cution<\/span><\/strong><\/span><\/td>\n<td style=\"width: 78.2121%; height: 24px;\"><span style=\"font-family: arial, helvetica, sans-serif; font-size: 12pt;\">7 \u00e0 15 jours ouvrables, RUSH<\/span><\/td>\n<\/tr>\n<\/tbody>\n<\/table>\n<p>&nbsp;<\/p>","protected":false},"featured_media":742,"comment_status":"open","ping_status":"closed","template":"","meta":[],"product_brand":[],"product_cat":[26,19],"product_tag":[],"class_list":{"0":"post-729","1":"product","2":"type-product","3":"status-publish","4":"has-post-thumbnail","6":"product_cat-food-packaging","7":"product_cat-heat-sealing-bag","9":"first","10":"instock","11":"shipping-taxable","12":"product-type-simple"},"_links":{"self":[{"href":"https:\/\/polysmarts.com\/fr\/wp-json\/wp\/v2\/product\/729","targetHints":{"allow":["GET"]}}],"collection":[{"href":"https:\/\/polysmarts.com\/fr\/wp-json\/wp\/v2\/product"}],"about":[{"href":"https:\/\/polysmarts.com\/fr\/wp-json\/wp\/v2\/types\/product"}],"replies":[{"embeddable":true,"href":"https:\/\/polysmarts.com\/fr\/wp-json\/wp\/v2\/comments?post=729"}],"version-history":[{"count":2,"href":"https:\/\/polysmarts.com\/fr\/wp-json\/wp\/v2\/product\/729\/revisions"}],"predecessor-version":[{"id":745,"href":"https:\/\/polysmarts.com\/fr\/wp-json\/wp\/v2\/product\/729\/revisions\/745"}],"wp:featuredmedia":[{"embeddable":true,"href":"https:\/\/polysmarts.com\/fr\/wp-json\/wp\/v2\/media\/742"}],"wp:attachment":[{"href":"https:\/\/polysmarts.com\/fr\/wp-json\/wp\/v2\/media?parent=729"}],"wp:term":[{"taxonomy":"product_brand","embeddable":true,"href":"https:\/\/polysmarts.com\/fr\/wp-json\/wp\/v2\/product_brand?post=729"},{"taxonomy":"product_cat","embeddable":true,"href":"https:\/\/polysmarts.com\/fr\/wp-json\/wp\/v2\/product_cat?post=729"},{"taxonomy":"product_tag","embeddable":true,"href":"https:\/\/polysmarts.com\/fr\/wp-json\/wp\/v2\/product_tag?post=729"}],"curies":[{"name":"wp","href":"https:\/\/api.w.org\/{rel}","templated":true}]}}