{"id":715,"date":"2023-11-15T15:42:15","date_gmt":"2023-11-15T15:42:15","guid":{"rendered":"https:\/\/polysmarts.com\/?post_type=product&#038;p=715"},"modified":"2023-11-15T15:42:16","modified_gmt":"2023-11-15T15:42:16","slug":"sacs-a-glissiere-pour-vetements-de-costume-de-vetement-recycle","status":"publish","type":"product","link":"https:\/\/polysmarts.com\/fr\/product\/recycled-garment-suit-clothes-slider-bags\/","title":{"rendered":"Sacs coulissants pour v\u00eatements de costume recycl\u00e9s"},"content":{"rendered":"<p><span style=\"font-family: arial, helvetica, sans-serif;\">L\u2019int\u00e9gration d\u2019une technologie de pointe dans notre processus de fabrication s\u2019est av\u00e9r\u00e9e extr\u00eamement b\u00e9n\u00e9fique. Nos v\u00eatements de b\u00e9b\u00e9 avec logo personnalis\u00e9 sous-v\u00eatements v\u00eatements scell\u00e9s recyclent les grands sacs d&#039;emballage en plastique CPE pour v\u00eatements, offrant stabilit\u00e9 et durabilit\u00e9, sont sp\u00e9cialement con\u00e7us pour le secteur des sacs en plastique.<\/span><\/p>\n<p><span style=\"font-family: arial, helvetica, sans-serif;\">Notre engagement en faveur de la recherche et du d\u00e9veloppement, associ\u00e9 \u00e0 des mises \u00e0 niveau technologiques continues, a donn\u00e9 des r\u00e9sultats prometteurs. Les avantages de notre produit, notamment une bande de fermeture \u00e0 glissi\u00e8re sp\u00e9ciale pour la durabilit\u00e9 et la r\u00e9utilisation, l&#039;utilisation d&#039;une nouvelle mati\u00e8re premi\u00e8re PE pour une r\u00e9sistance am\u00e9lior\u00e9e et une fermeture \u00e0 glissi\u00e8re pour un acc\u00e8s rapide et pratique, l&#039;ont positionn\u00e9 comme un choix privil\u00e9gi\u00e9 dans l&#039;industrie des sacs en plastique.<\/span><\/p>\n<p><span style=\"font-family: arial, helvetica, sans-serif;\">Dongguan Polysmarts Packing Co., Ltd, reconnue pour ses produits de haute qualit\u00e9 et son excellente r\u00e9putation, est devenue un nom de confiance dans le domaine. Nos efforts continus en mati\u00e8re d&#039;innovation et de perfectionnement technologique se refl\u00e8tent dans les caract\u00e9ristiques du produit, telles qu&#039;une conception conviviale pour une ouverture et une fermeture rapides, et une conception de trou d&#039;a\u00e9ration pour faciliter la circulation de l&#039;air \u00e0 l&#039;int\u00e9rieur de l&#039;emballage.<\/span><\/p>\n<p><span style=\"font-family: arial, helvetica, sans-serif;\"><strong>Principales caract\u00e9ristiques de notre produit\u00a0:<\/strong><\/span><\/p>\n<ol>\n<li><span style=\"font-family: arial, helvetica, sans-serif;\"><strong>Bande de fermeture \u00e9clair durable :<\/strong> Sp\u00e9cialement con\u00e7ue pour les sacs \u00e0 fermeture \u00e9clair, cette bande garantit r\u00e9utilisation, durabilit\u00e9 et r\u00e9sistance aux dommages.<\/span><\/li>\n<li><span style=\"font-family: arial, helvetica, sans-serif;\"><strong>Mati\u00e8re premi\u00e8re PE de qualit\u00e9 sup\u00e9rieure\u00a0:<\/strong> Fabriqu\u00e9 \u00e0 partir d\u2019une nouvelle mati\u00e8re premi\u00e8re PE, notre produit offre une r\u00e9sistance et une t\u00e9nacit\u00e9 exceptionnelles.<\/span><\/li>\n<li><span style=\"font-family: arial, helvetica, sans-serif;\"><strong>Fermeture \u00e0 glissi\u00e8re avec design humanis\u00e9\u00a0:<\/strong> La fermeture \u00e0 glissi\u00e8re est non seulement rapide et pratique, mais pr\u00e9sente \u00e9galement un design humanis\u00e9 pour une utilisation am\u00e9lior\u00e9e.<\/span><\/li>\n<li><span style=\"font-family: arial, helvetica, sans-serif;\"><strong>Ouverture et fermeture conviviales\u00a0:<\/strong> Le produit est con\u00e7u avec un m\u00e9canisme d&#039;ouverture et de fermeture rapide et pratique, privil\u00e9giant la facilit\u00e9 d&#039;utilisation.<\/span><\/li>\n<li><span style=\"font-family: arial, helvetica, sans-serif;\"><strong>Conception du trou d&#039;a\u00e9ration\u00a0:<\/strong> Des trous d&#039;a\u00e9ration strat\u00e9giquement incorpor\u00e9s facilitent la circulation de l&#039;air \u00e0 l&#039;int\u00e9rieur de l&#039;emballage, garantissant une \u00e9vacuation efficace et pr\u00e9servant le contenu.<img fetchpriority=\"high\" decoding=\"async\" class=\"size-full wp-image-717 alignleft\" src=\"https:\/\/polysmarts.com\/wp-content\/uploads\/2023\/11\/Detail-01.jpg\" alt=\"sacs \u00e0 fermeture \u00e9clair coulissant polysmarts\" width=\"750\" height=\"811\" srcset=\"\/\/polysmarts.com\/wp-content\/uploads\/2023\/11\/Detail-01.jpg 750w, \/\/polysmarts.com\/wp-content\/uploads\/2023\/11\/Detail-01-600x649.jpg 600w, \/\/polysmarts.com\/wp-content\/uploads\/2023\/11\/Detail-01-277x300.jpg 277w\" sizes=\"(max-width: 750px) 100vw, 750px\" \/> <img decoding=\"async\" class=\"size-full wp-image-718 alignleft\" src=\"https:\/\/polysmarts.com\/wp-content\/uploads\/2023\/11\/Detail-02.jpg\" alt=\"sacs \u00e0 fermeture \u00e9clair coulissant polysmarts\" width=\"750\" height=\"1206\" srcset=\"\/\/polysmarts.com\/wp-content\/uploads\/2023\/11\/Detail-02.jpg 750w, \/\/polysmarts.com\/wp-content\/uploads\/2023\/11\/Detail-02-600x965.jpg 600w, \/\/polysmarts.com\/wp-content\/uploads\/2023\/11\/Detail-02-187x300.jpg 187w, \/\/polysmarts.com\/wp-content\/uploads\/2023\/11\/Detail-02-637x1024.jpg 637w\" sizes=\"(max-width: 750px) 100vw, 750px\" \/><\/span>\n<p><figure id=\"attachment_719\" aria-describedby=\"caption-attachment-719\" style=\"width: 750px\" class=\"wp-caption alignleft\"><img decoding=\"async\" class=\"size-full wp-image-719\" src=\"https:\/\/polysmarts.com\/wp-content\/uploads\/2023\/11\/Detail-03.jpg\" alt=\"sacs \u00e0 fermeture \u00e9clair coulissant polysmarts\" width=\"750\" height=\"893\" srcset=\"\/\/polysmarts.com\/wp-content\/uploads\/2023\/11\/Detail-03.jpg 750w, \/\/polysmarts.com\/wp-content\/uploads\/2023\/11\/Detail-03-600x714.jpg 600w, \/\/polysmarts.com\/wp-content\/uploads\/2023\/11\/Detail-03-252x300.jpg 252w\" sizes=\"(max-width: 750px) 100vw, 750px\" \/><figcaption id=\"caption-attachment-719\" class=\"wp-caption-text\">sacs \u00e0 fermeture \u00e9clair coulissant polysmarts<\/figcaption><\/figure><\/li>\n<\/ol>","protected":false},"excerpt":{"rendered":"<table style=\"height: 360px; width: 100.741%; border-collapse: collapse; background-color: #ebebeb;\" border=\"2\">\n<tbody>\n<tr style=\"height: 40px;\">\n<td style=\"width: 22.6796%; height: 30px; background-color: #99ccff;\"><span style=\"font-family: arial, helvetica, sans-serif; font-size: 12pt;\"><strong>Dimensions et style<\/strong><\/span><\/td>\n<td style=\"width: 78.2121%; height: 30px; background-color: #99ccff;\"><span style=\"font-family: arial, helvetica, sans-serif; font-size: 12pt;\">Formes et tailles personnalis\u00e9es<\/span><\/td>\n<\/tr>\n<tr style=\"height: 40px;\">\n<td style=\"width: 22.6796%; height: 34px; background-color: #ebebeb;\"><span style=\"font-size: 12pt;\"><strong><span style=\"font-family: arial, helvetica, sans-serif;\">Quantit\u00e9 minimum d&#039;achat<\/span><\/strong><\/span><\/td>\n<td style=\"width: 78.2121%; height: 34px; background-color: #ebebeb;\"><span style=\"font-family: arial, helvetica, sans-serif; font-size: 12pt;\">1000 pi\u00e8ces sans personnalisation, 10000 pi\u00e8ces pour personnalisation<\/span><\/td>\n<\/tr>\n<tr style=\"height: 40px; background-color: #99ccff;\">\n<td style=\"width: 22.6796%; height: 24px;\"><span style=\"font-size: 12pt;\"><strong><span style=\"font-family: arial, helvetica, sans-serif;\">Type d&#039;emballage<\/span><\/strong><\/span><\/td>\n<td style=\"width: 78.2121%; height: 24px;\"><span style=\"font-family: arial, helvetica, sans-serif; font-size: 12pt;\">Sacs \u00e0 fermeture \u00e9clair CPE Slider<\/span><\/td>\n<\/tr>\n<tr style=\"height: 40px; background-color: #ebebeb;\">\n<td style=\"width: 22.6796%; height: 24px;\"><span style=\"font-size: 12pt;\"><strong><span style=\"font-family: arial, helvetica, sans-serif;\">Impression<\/span><\/strong><\/span><\/td>\n<td style=\"width: 78.2121%; height: 24px;\"><span style=\"font-family: arial, helvetica, sans-serif; font-size: 12pt;\">CMJN (1 \u00e0 8 couleurs), pas d&#039;impression (ordinaire)<\/span><\/td>\n<\/tr>\n<tr style=\"height: 40px; background-color: #99ccff;\">\n<td style=\"width: 22.6796%; height: 24px;\"><span style=\"font-size: 12pt;\"><strong><span style=\"font-family: arial, helvetica, sans-serif;\">Manipulation des surfaces<\/span><\/strong><\/span><\/td>\n<td style=\"width: 78.2121%; height: 24px;\"><span style=\"font-family: arial, helvetica, sans-serif; font-size: 12pt;\">Impression offset<\/span><\/td>\n<\/tr>\n<tr style=\"height: 40px; background-color: #ebebeb;\">\n<td style=\"width: 22.6796%; height: 24px;\"><span style=\"font-size: 12pt;\"><strong><span style=\"font-family: arial, helvetica, sans-serif;\">Material<\/span><\/strong><\/span><\/td>\n<td style=\"width: 78.2121%; height: 24px;\"><span style=\"font-family: arial, helvetica, sans-serif; font-size: 12pt;\">EPC, EPI<\/span><\/td>\n<\/tr>\n<tr style=\"height: 40px; background-color: #99ccff;\">\n<td style=\"width: 22.6796%; height: 24px;\"><span style=\"font-size: 12pt;\"><strong><span style=\"font-family: arial, helvetica, sans-serif;\">Taille<\/span><\/strong><\/span><\/td>\n<td style=\"width: 78.2121%; height: 24px;\"><span style=\"font-family: arial, helvetica, sans-serif; font-size: 12pt;\">20*26 cm, 24*34 cm, 28*28 cm, 30*40 cm, 36*46 cm, 40*45 cm, 45*55 cm ou personnalis\u00e9<\/span><\/td>\n<\/tr>\n<tr style=\"height: 40px; background-color: #ebebeb;\">\n<td style=\"width: 22.6796%; height: 24px;\"><span style=\"font-size: 12pt;\"><strong><span style=\"font-family: arial, helvetica, sans-serif;\">\u00c9paisseur<\/span><\/strong><\/span><\/td>\n<td style=\"width: 78.2121%; height: 24px;\"><span style=\"font-family: arial, helvetica, sans-serif; font-size: 12pt;\">120 microns pour les doubles faces, acceptez une \u00e9paisseur personnalis\u00e9e<\/span><\/td>\n<\/tr>\n<tr style=\"height: 40px; background-color: #99ccff;\">\n<td style=\"width: 22.6796%; height: 24px;\"><span style=\"font-size: 12pt;\"><strong><span style=\"font-family: arial, helvetica, sans-serif;\">Exp\u00e9dition<\/span><\/strong><\/span><\/td>\n<td style=\"width: 78.2121%; height: 24px;\"><span style=\"font-family: arial, helvetica, sans-serif; font-size: 12pt;\">Air, Mer, Express<\/span><\/td>\n<\/tr>\n<tr style=\"height: 40px; background-color: #ebebeb;\">\n<td style=\"width: 22.6796%; height: 24px;\"><span style=\"font-size: 12pt;\"><strong><span style=\"font-family: arial, helvetica, sans-serif;\">D\u00e9lai d&#039;ex\u00e9cution<\/span><\/strong><\/span><\/td>\n<td style=\"width: 78.2121%; height: 24px;\"><span style=\"font-family: arial, helvetica, sans-serif; font-size: 12pt;\">7 \u00e0 15 jours ouvrables, RUSH<\/span><\/td>\n<\/tr>\n<\/tbody>\n<\/table>\n<p>&nbsp;<\/p>","protected":false},"featured_media":721,"comment_status":"open","ping_status":"closed","template":"","meta":[],"product_brand":[],"product_cat":[31,21,18],"product_tag":[],"class_list":{"0":"post-715","1":"product","2":"type-product","3":"status-publish","4":"has-post-thumbnail","6":"product_cat-clothing-packaging","7":"product_cat-opp-cpp-pe-cpe-single-material-bag","8":"product_cat-zipper-bags","10":"first","11":"instock","12":"shipping-taxable","13":"product-type-simple"},"_links":{"self":[{"href":"https:\/\/polysmarts.com\/fr\/wp-json\/wp\/v2\/product\/715","targetHints":{"allow":["GET"]}}],"collection":[{"href":"https:\/\/polysmarts.com\/fr\/wp-json\/wp\/v2\/product"}],"about":[{"href":"https:\/\/polysmarts.com\/fr\/wp-json\/wp\/v2\/types\/product"}],"replies":[{"embeddable":true,"href":"https:\/\/polysmarts.com\/fr\/wp-json\/wp\/v2\/comments?post=715"}],"version-history":[{"count":1,"href":"https:\/\/polysmarts.com\/fr\/wp-json\/wp\/v2\/product\/715\/revisions"}],"predecessor-version":[{"id":727,"href":"https:\/\/polysmarts.com\/fr\/wp-json\/wp\/v2\/product\/715\/revisions\/727"}],"wp:featuredmedia":[{"embeddable":true,"href":"https:\/\/polysmarts.com\/fr\/wp-json\/wp\/v2\/media\/721"}],"wp:attachment":[{"href":"https:\/\/polysmarts.com\/fr\/wp-json\/wp\/v2\/media?parent=715"}],"wp:term":[{"taxonomy":"product_brand","embeddable":true,"href":"https:\/\/polysmarts.com\/fr\/wp-json\/wp\/v2\/product_brand?post=715"},{"taxonomy":"product_cat","embeddable":true,"href":"https:\/\/polysmarts.com\/fr\/wp-json\/wp\/v2\/product_cat?post=715"},{"taxonomy":"product_tag","embeddable":true,"href":"https:\/\/polysmarts.com\/fr\/wp-json\/wp\/v2\/product_tag?post=715"}],"curies":[{"name":"wp","href":"https:\/\/api.w.org\/{rel}","templated":true}]}}