{"id":5854,"date":"2026-05-12T17:27:43","date_gmt":"2026-05-12T09:27:43","guid":{"rendered":"https:\/\/polysmarts.com\/?post_type=product&#038;p=5854"},"modified":"2026-05-12T17:38:19","modified_gmt":"2026-05-12T09:38:19","slug":"sachets-de-popcorn-personnalises-petite-quantite-minimale-de-commande-emballage-de-qualite-alimentaire","status":"publish","type":"product","link":"https:\/\/polysmarts.com\/fr\/product\/custom-personalized-popcorn-bags-small-moq-food-grade-packaging\/","title":{"rendered":"Sachets \u00e0 popcorn personnalis\u00e9s | Emballages de qualit\u00e9 alimentaire (petite quantit\u00e9 minimale de commande)"},"content":{"rendered":"<h1><strong><span style=\"font-size: 18pt;\"><b data-path-to-node=\"6\" data-index-in-node=\"3\">Sublimez chaque bouch\u00e9e : Sachets \u00e0 popcorn personnalis\u00e9s<\/b><\/span><\/strong><\/h1>\n<p data-path-to-node=\"7\">Sur le march\u00e9 concurrentiel des snacks, votre emballage est votre premier contact avec le client. <b data-path-to-node=\"7\" data-index-in-node=\"94\">Polysmarts<\/b>, Nous sommes sp\u00e9cialis\u00e9s dans les hautes performances. <b data-path-to-node=\"7\" data-index-in-node=\"140\">sacs \u00e0 popcorn personnalis\u00e9s<\/b> alliant une protection alimentaire optimale \u00e0 une esth\u00e9tique soign\u00e9e, nos sachets personnalis\u00e9s, que vous soyez une marque de popcorn haut de gamme, un cin\u00e9ma ou l&#039;organisateur d&#039;un \u00e9v\u00e9nement d&#039;entreprise de grande envergure, garantissent la fra\u00eecheur de vos produits et une pr\u00e9sentation professionnelle.<\/p>\n<hr data-path-to-node=\"8\" \/>\n<h3 data-path-to-node=\"9\"><b data-path-to-node=\"9\" data-index-in-node=\"0\">Principales caract\u00e9ristiques et avantages<\/b><\/h3>\n<ul data-path-to-node=\"10\">\n<li>\n<p data-path-to-node=\"10,0,0\"><b data-path-to-node=\"10,0,0\" data-index-in-node=\"0\">Structure des mat\u00e9riaux de qualit\u00e9 sup\u00e9rieure :<\/b> Nous utilisons une structure lamin\u00e9e multicouche \u00e0 haute barri\u00e8re (MOPP\/VMPET\/PE) pour fournir une excellente barri\u00e8re contre l&#039;humidit\u00e9 et l&#039;oxyg\u00e8ne, prolongeant consid\u00e9rablement la dur\u00e9e de conservation de vos collations.<\/p>\n<\/li>\n<li>\n<p data-path-to-node=\"10,1,0\"><b data-path-to-node=\"10,1,0\" data-index-in-node=\"0\">R\u00e9sistant aux graisses et de qualit\u00e9 alimentaire :<\/b> Tous les mat\u00e9riaux utilis\u00e9s sont de qualit\u00e9 alimentaire (norme 100%) et conformes aux normes de la FDA. La doublure int\u00e9rieure est sp\u00e9cialement con\u00e7ue pour emp\u00eacher les infiltrations d&#039;huile provenant du ma\u00efs souffl\u00e9 au beurre ou aromatis\u00e9, pr\u00e9servant ainsi l&#039;aspect ext\u00e9rieur.<\/p>\n<\/li>\n<li>\n<p data-path-to-node=\"10,2,0\"><b data-path-to-node=\"10,2,0\" data-index-in-node=\"0\">Personnalisation flexible\u00a0:<\/b> Depuis <b data-path-to-node=\"10,2,0\" data-index-in-node=\"29\">Impression num\u00e9rique<\/b> pour les petits lots (MOQ 500 pi\u00e8ces) \u00e0 <b data-path-to-node=\"10,2,0\" data-index-in-node=\"80\">S\u00e9rigraphie<\/b>, Nous donnons vie \u00e0 votre logo et aux couleurs de votre marque gr\u00e2ce \u00e0 une clart\u00e9 haute d\u00e9finition et des finitions \u00e9clatantes.<\/p>\n<\/li>\n<li>\n<p data-path-to-node=\"10,3,0\"><b data-path-to-node=\"10,3,0\" data-index-in-node=\"0\">Conception centr\u00e9e sur l&#039;utilisateur\u00a0:<\/b> Des fonctionnalit\u00e9s comme <b data-path-to-node=\"10,3,0\" data-index-in-node=\"35\">fermetures \u00e0 glissi\u00e8re refermables<\/b>, <b data-path-to-node=\"10,3,0\" data-index-in-node=\"55\">encoches de d\u00e9chirure<\/b>, et <b data-path-to-node=\"10,3,0\" data-index-in-node=\"73\">goussets verticaux<\/b> Nous concevons nos sacs pour qu&#039;ils soient pratiques pour les consommateurs et parfaits pour une pr\u00e9sentation haut de gamme en rayon.<\/p>\n<\/li>\n<\/ul>","protected":false},"excerpt":{"rendered":"<table style=\"height: 280px; width: 99.8505%; border-collapse: collapse;\" border=\"2\">\n<tbody>\n<tr style=\"height: 28px; background-color: #dbdbdb;\">\n<td style=\"width: 22.6796%; background-color: #ebebeb; height: 28px;\"><span style=\"font-family: arial, helvetica, sans-serif; font-size: 12pt;\"><strong>Articles<\/strong><\/span><\/td>\n<td style=\"width: 77.3204%; background-color: #ebebeb; height: 28px;\"><span style=\"font-family: arial, helvetica, sans-serif; font-size: 12pt;\">Sachets \u00e0 popcorn personnalis\u00e9s<\/span><\/td>\n<\/tr>\n<tr style=\"height: 40px;\">\n<td style=\"width: 22.6796%; height: 30px; background-color: #99ccff;\"><span style=\"font-family: arial, helvetica, sans-serif; font-size: 12pt;\"><strong>Dimensions et style<\/strong><\/span><\/td>\n<td style=\"width: 77.3204%; height: 30px; background-color: #99ccff;\"><span style=\"font-family: arial, helvetica, sans-serif; font-size: 12pt;\">Formes et tailles personnalis\u00e9es<\/span><\/td>\n<\/tr>\n<tr style=\"height: 40px;\">\n<td style=\"width: 22.6796%; height: 34px; background-color: #ebebeb;\"><span style=\"font-size: 12pt;\"><strong><span style=\"font-family: arial, helvetica, sans-serif;\">Quantit\u00e9 minimum d&#039;achat<\/span><\/strong><\/span><\/td>\n<td style=\"width: 77.3204%; height: 34px; background-color: #ebebeb;\"><span style=\"font-family: arial, helvetica, sans-serif; font-size: 12pt;\">100 pi\u00e8ces sans personnalisation, 5\u00a0000 pi\u00e8ces pour personnalisation - Impression num\u00e9rique\u00a0: 1\u00a0000 pi\u00e8ces<\/span><\/td>\n<\/tr>\n<tr style=\"height: 40px; background-color: #99ccff;\">\n<td style=\"width: 22.6796%; height: 24px;\"><span style=\"font-size: 12pt;\"><strong><span style=\"font-family: arial, helvetica, sans-serif;\">Type d&#039;emballage<\/span><\/strong><\/span><\/td>\n<td style=\"width: 77.3204%; height: 24px;\"><strong><a href=\"https:\/\/polysmarts.com\/fr\/pochettes-debout-emballage-de-pochettes-debout-personnalise\/\"><span style=\"font-family: arial, helvetica, sans-serif; font-size: 12pt;\">Pochette debout<\/span><\/a><\/strong><\/td>\n<\/tr>\n<tr style=\"height: 40px; background-color: #ebebeb;\">\n<td style=\"width: 22.6796%; height: 24px;\"><span style=\"font-size: 12pt;\"><strong><span style=\"font-family: arial, helvetica, sans-serif;\">Impression<\/span><\/strong><\/span><\/td>\n<td style=\"width: 77.3204%; height: 24px;\"><span style=\"font-family: arial, helvetica, sans-serif; font-size: 12pt;\">CMJN (1 \u00e0 10 couleurs), sans impression (uni), impression num\u00e9rique<\/span><\/td>\n<\/tr>\n<tr style=\"height: 40px; background-color: #99ccff;\">\n<td style=\"width: 22.6796%; height: 24px;\"><span style=\"font-size: 12pt;\"><strong><span style=\"font-family: arial, helvetica, sans-serif;\">Material<\/span><\/strong><\/span><\/td>\n<td style=\"width: 77.3204%; height: 24px;\"><span style=\"font-family: arial, helvetica, sans-serif; font-size: 12pt;\">Mat\u00e9riau lamin\u00e9, MOPP+VMPET+PE<\/span><\/td>\n<\/tr>\n<tr style=\"height: 40px; background-color: #ebebeb;\">\n<td style=\"width: 22.6796%; height: 24px;\"><span style=\"font-size: 12pt;\"><strong><span style=\"font-family: arial, helvetica, sans-serif;\">Options incluses<\/span><\/strong><\/span><\/td>\n<td style=\"width: 77.3204%; height: 24px;\"><span style=\"font-family: arial, helvetica, sans-serif; font-size: 12pt;\">D\u00e9coupe, thermoscellage<\/span><\/td>\n<\/tr>\n<tr style=\"height: 40px; background-color: #99ccff;\">\n<td style=\"width: 22.6796%; height: 24px;\"><span style=\"font-size: 12pt;\"><strong><span style=\"font-family: arial, helvetica, sans-serif;\">Fonctionnalit\u00e9<\/span><\/strong><\/span><\/td>\n<td style=\"width: 77.3204%; height: 24px;\"><span style=\"font-family: arial, helvetica, sans-serif; font-size: 12pt;\">R\u00e9sistant \u00e0 l&#039;humidit\u00e9\/Qualit\u00e9 alimentaire\/Imperm\u00e9able \u00e0 l&#039;eau<\/span><\/td>\n<\/tr>\n<tr style=\"height: 40px; background-color: #ebebeb;\">\n<td style=\"width: 22.6796%; height: 24px;\"><span style=\"font-size: 12pt;\"><strong><span style=\"font-family: arial, helvetica, sans-serif;\">D\u00e9lai d&#039;ex\u00e9cution<\/span><\/strong><\/span><\/td>\n<td style=\"width: 77.3204%; height: 24px;\"><span style=\"font-family: arial, helvetica, sans-serif; font-size: 12pt;\">7 \u00e0 15 jours ouvrables, RUSH<\/span><\/td>\n<\/tr>\n<tr style=\"height: 40px; background-color: #99ccff;\">\n<td style=\"width: 22.6796%; height: 24px;\"><span style=\"font-size: 12pt;\"><strong><span style=\"font-family: arial, helvetica, sans-serif;\">Exp\u00e9dition<\/span><\/strong><\/span><\/td>\n<td style=\"width: 77.3204%; height: 24px;\"><span style=\"font-family: arial, helvetica, sans-serif; font-size: 12pt;\">Air, Mer, Express<\/span><\/td>\n<\/tr>\n<\/tbody>\n<\/table>\n<p>&nbsp;<\/p>","protected":false},"featured_media":5848,"comment_status":"open","ping_status":"closed","template":"","meta":[],"product_brand":[],"product_cat":[26,35,18],"product_tag":[],"class_list":{"0":"post-5854","1":"product","2":"type-product","3":"status-publish","4":"has-post-thumbnail","6":"product_cat-food-packaging","7":"product_cat-mylar-bags","8":"product_cat-zipper-bags","10":"first","11":"instock","12":"shipping-taxable","13":"purchasable","14":"product-type-variable"},"_links":{"self":[{"href":"https:\/\/polysmarts.com\/fr\/wp-json\/wp\/v2\/product\/5854","targetHints":{"allow":["GET"]}}],"collection":[{"href":"https:\/\/polysmarts.com\/fr\/wp-json\/wp\/v2\/product"}],"about":[{"href":"https:\/\/polysmarts.com\/fr\/wp-json\/wp\/v2\/types\/product"}],"replies":[{"embeddable":true,"href":"https:\/\/polysmarts.com\/fr\/wp-json\/wp\/v2\/comments?post=5854"}],"version-history":[{"count":1,"href":"https:\/\/polysmarts.com\/fr\/wp-json\/wp\/v2\/product\/5854\/revisions"}],"predecessor-version":[{"id":5858,"href":"https:\/\/polysmarts.com\/fr\/wp-json\/wp\/v2\/product\/5854\/revisions\/5858"}],"wp:featuredmedia":[{"embeddable":true,"href":"https:\/\/polysmarts.com\/fr\/wp-json\/wp\/v2\/media\/5848"}],"wp:attachment":[{"href":"https:\/\/polysmarts.com\/fr\/wp-json\/wp\/v2\/media?parent=5854"}],"wp:term":[{"taxonomy":"product_brand","embeddable":true,"href":"https:\/\/polysmarts.com\/fr\/wp-json\/wp\/v2\/product_brand?post=5854"},{"taxonomy":"product_cat","embeddable":true,"href":"https:\/\/polysmarts.com\/fr\/wp-json\/wp\/v2\/product_cat?post=5854"},{"taxonomy":"product_tag","embeddable":true,"href":"https:\/\/polysmarts.com\/fr\/wp-json\/wp\/v2\/product_tag?post=5854"}],"curies":[{"name":"wp","href":"https:\/\/api.w.org\/{rel}","templated":true}]}}