{"id":5842,"date":"2026-05-11T14:42:46","date_gmt":"2026-05-11T06:42:46","guid":{"rendered":"https:\/\/polysmarts.com\/?post_type=product&#038;p=5842"},"modified":"2026-05-11T15:27:36","modified_gmt":"2026-05-11T07:27:36","slug":"sachets-anti-odeurs-sur-mesure-pour-cannabis-emballages-en-mylar-anti-odeurs","status":"publish","type":"product","link":"https:\/\/polysmarts.com\/fr\/product\/custom-odor-proof-bags-for-weed-mylar-smell-proof-packaging\/","title":{"rendered":"Sachets anti-odeurs personnalis\u00e9s pour cannabis | Emballages en Mylar anti-odeurs"},"content":{"rendered":"<h2><span style=\"font-size: 18pt;\"><strong>Sachets anti-odeurs personnalis\u00e9s pour cannabis (emballage anti-odeurs en Mylar)<\/strong><\/span><\/h2>\n<p>Polysmarts fabrique des produits haut de gamme <strong>sacs anti-odeurs pour cannabis<\/strong>, Con\u00e7us pour pr\u00e9server la fra\u00eecheur, la discr\u00e9tion et la protection des produits \u00e0 base de cannabis, nos sachets utilisent des films Mylar multicouches \u00e0 haute barri\u00e8re qui bloquent efficacement les fuites d&#039;odeurs tout en maintenant la puissance, l&#039;ar\u00f4me et le taux d&#039;humidit\u00e9 des fleurs de cannabis, des joints pr\u00e9-roul\u00e9s et des produits comestibles.<\/p>\n<p>Nous proposons des tailles standard, y compris <strong>3,5 g, 7 g, 14 g et 28 g<\/strong>, ainsi que des dimensions et des options d&#039;impression enti\u00e8rement personnalisables. Pour les march\u00e9s r\u00e9glement\u00e9s, nous proposons \u00e9galement <strong>structures de fermeture \u00e9clair \u00e0 l&#039;\u00e9preuve des enfants (CR)<\/strong> qui r\u00e9pondent aux exigences de conformit\u00e9 en Am\u00e9rique du Nord.<\/p>\n<h3><strong><span style=\"font-size: 14pt;\">Caract\u00e9ristiques principales<\/span><\/strong><\/h3>\n<ul>\n<li><strong>Barri\u00e8re anti-odeurs<\/strong> \u2013 Un film Mylar multicouche emp\u00eache l\u2019odeur de cannabis de s\u2019\u00e9chapper.<\/li>\n<li><strong>Impression personnalis\u00e9e<\/strong> \u2013 Impression h\u00e9liogravure haute r\u00e9solution avec finitions mates, brillantes, m\u00e9talliques ou holographiques.<\/li>\n<li><strong>Durable et protecteur<\/strong> \u2013 Prot\u00e8ge le cannabis de l&#039;humidit\u00e9, de l&#039;oxyg\u00e8ne et des rayons UV.<\/li>\n<li><strong>Fermeture \u00e9clair refermable<\/strong> \u2013 Pr\u00e9serve la fra\u00eecheur et le confort du consommateur.<\/li>\n<li><strong>Fermeture \u00e9clair de s\u00e9curit\u00e9 enfant en option<\/strong> \u2013 Convient aux dispensaires et aux march\u00e9s r\u00e9glement\u00e9s.<\/li>\n<li><strong>Scellage thermique + encoche de d\u00e9chirure<\/strong> \u2013 Garantit un emballage inviolable.<\/li>\n<li><strong>Faible quantit\u00e9 minimale de commande et production rapide<\/strong> \u2013 Id\u00e9al pour les nouvelles marques de cannabis comme pour les grands distributeurs.<\/li>\n<\/ul>\n<h3><span style=\"font-size: 14pt;\"><strong>Applications<\/strong><\/span><\/h3>\n<ul>\n<li>Fleurs de cannabis (3,5 g\u201328 g)<\/li>\n<li>Pr\u00e9-roul\u00e9s et multipacks<\/li>\n<li>Produits comestibles, gommes \u00e0 m\u00e2cher et collations infus\u00e9es<\/li>\n<li>Concentr\u00e9s et extraits<\/li>\n<li>Gammes de produits CBD\/THC<\/li>\n<\/ul>\n<p>Gr\u00e2ce \u00e0 des capacit\u00e9s de fabrication avanc\u00e9es et \u00e0 un contr\u00f4le de qualit\u00e9 rigoureux, Polysmarts fournit des emballages pour cannabis fiables et inodores qui am\u00e9liorent l&#039;image de marque et r\u00e9pondent aux normes de l&#039;industrie.<\/p>","protected":false},"excerpt":{"rendered":"<table style=\"height: 294px; width: 99.8505%; border-collapse: collapse;\" border=\"2\">\n<tbody>\n<tr style=\"height: 28px; background-color: #dbdbdb;\">\n<td style=\"width: 22.6796%; background-color: #ebebeb; height: 31px;\"><span style=\"font-family: arial, helvetica, sans-serif; font-size: 12pt;\"><strong>Articles<\/strong><\/span><\/td>\n<td style=\"width: 77.3204%; background-color: #ebebeb; height: 31px;\"><span style=\"font-family: arial, helvetica, sans-serif; font-size: 12pt;\"><strong><a href=\"https:\/\/polysmarts.com\/fr\/solutions-demballage-de-cannabis-personnalisees-fabricant-de-sacs-de-mauvaises-herbes-personnalises\/\">Sacs anti-odeurs pour cannabis<\/a><\/strong><\/span><\/td>\n<\/tr>\n<tr style=\"height: 40px;\">\n<td style=\"width: 22.6796%; height: 30px; background-color: #99ccff;\"><span style=\"font-family: arial, helvetica, sans-serif; font-size: 12pt;\"><strong>Dimensions et style<\/strong><\/span><\/td>\n<td style=\"width: 77.3204%; height: 30px; background-color: #99ccff;\"><span style=\"font-family: arial, helvetica, sans-serif; font-size: 12pt;\">Formes et tailles personnalis\u00e9es<\/span><\/td>\n<\/tr>\n<tr style=\"height: 40px;\">\n<td style=\"width: 22.6796%; height: 34px; background-color: #ebebeb;\"><span style=\"font-size: 12pt;\"><strong><span style=\"font-family: arial, helvetica, sans-serif;\">Quantit\u00e9 minimum d&#039;achat<\/span><\/strong><\/span><\/td>\n<td style=\"width: 77.3204%; height: 34px; background-color: #ebebeb;\"><span style=\"font-family: arial, helvetica, sans-serif; font-size: 12pt;\">100 pi\u00e8ces sans personnalisation, 10 000 pi\u00e8ces avec personnalisation<\/span><\/td>\n<\/tr>\n<tr style=\"height: 40px; background-color: #99ccff;\">\n<td style=\"width: 22.6796%; height: 32px;\"><span style=\"font-size: 12pt;\"><strong><span style=\"font-family: arial, helvetica, sans-serif;\">Type d&#039;emballage<\/span><\/strong><\/span><\/td>\n<td style=\"width: 77.3204%; height: 32px;\"><span style=\"font-family: arial, helvetica, sans-serif; font-size: 12pt;\"><a href=\"https:\/\/polysmarts.com\/fr\/pochettes-debout-emballage-de-pochettes-debout-personnalise\/\"><strong>Pochette debout<\/strong><\/a> avec fermeture \u00e9clair, <a href=\"https:\/\/polysmarts.com\/fr\/categorie-de-produit\/par-type-2\/sacs-en-mylar\/\"><strong>Mylar Bags<\/strong><\/a><\/span><\/td>\n<\/tr>\n<tr style=\"height: 40px; background-color: #ebebeb;\">\n<td style=\"width: 22.6796%; height: 24px;\"><span style=\"font-size: 12pt;\"><strong><span style=\"font-family: arial, helvetica, sans-serif;\">Impression<\/span><\/strong><\/span><\/td>\n<td style=\"width: 77.3204%; height: 24px;\"><span style=\"font-family: arial, helvetica, sans-serif; font-size: 12pt;\">CMJN (1 \u00e0 10 couleurs), sans impression (uni), impression num\u00e9rique<\/span><\/td>\n<\/tr>\n<tr style=\"height: 40px; background-color: #99ccff;\">\n<td style=\"width: 22.6796%; height: 32px;\"><span style=\"font-size: 12pt;\"><strong><span style=\"font-family: arial, helvetica, sans-serif;\">Material<\/span><\/strong><\/span><\/td>\n<td style=\"width: 77.3204%; height: 32px;\"><span style=\"font-family: arial, helvetica, sans-serif; font-size: 12pt;\">Mat\u00e9riau lamin\u00e9, MOPP+VMPET+PE<\/span><\/td>\n<\/tr>\n<tr style=\"height: 40px; background-color: #ebebeb;\">\n<td style=\"width: 22.6796%; height: 33px;\"><span style=\"font-size: 12pt;\"><strong><span style=\"font-family: arial, helvetica, sans-serif;\">Options incluses<\/span><\/strong><\/span><\/td>\n<td style=\"width: 77.3204%; height: 33px;\"><span style=\"font-family: arial, helvetica, sans-serif; font-size: 12pt;\">D\u00e9coupe \u00e0 l&#039;emporte-pi\u00e8ce, thermoscellage, <strong>Sacs anti-odeurs<\/strong><\/span><\/td>\n<\/tr>\n<tr style=\"height: 40px; background-color: #99ccff;\">\n<td style=\"width: 22.6796%; height: 30px;\"><span style=\"font-size: 12pt;\"><strong><span style=\"font-family: arial, helvetica, sans-serif;\">Fonctionnalit\u00e9<\/span><\/strong><\/span><\/td>\n<td style=\"width: 77.3204%; height: 30px;\"><span style=\"font-family: arial, helvetica, sans-serif; font-size: 12pt;\">Mat\u00e9riau de qualit\u00e9 alimentaire\u00a0: \u00e9tanche aux odeurs, \u00e0 l\u2019humidit\u00e9 et \u00e0 l\u2019oxyg\u00e8ne, r\u00e9sistant aux hautes temp\u00e9ratures, r\u00e9sistant \u00e0 l\u2019humidit\u00e9 et \u00e0 l\u2019humidit\u00e9.<\/span><\/td>\n<\/tr>\n<tr style=\"height: 40px; background-color: #ebebeb;\">\n<td style=\"width: 22.6796%; height: 24px;\"><span style=\"font-size: 12pt;\"><strong><span style=\"font-family: arial, helvetica, sans-serif;\">D\u00e9lai d&#039;ex\u00e9cution<\/span><\/strong><\/span><\/td>\n<td style=\"width: 77.3204%; height: 24px;\"><span style=\"font-family: arial, helvetica, sans-serif; font-size: 12pt;\">7 \u00e0 15 jours ouvrables, RUSH<\/span><\/td>\n<\/tr>\n<tr style=\"height: 40px; background-color: #99ccff;\">\n<td style=\"width: 22.6796%; height: 24px;\"><span style=\"font-size: 12pt;\"><strong><span style=\"font-family: arial, helvetica, sans-serif;\">Exp\u00e9dition<\/span><\/strong><\/span><\/td>\n<td style=\"width: 77.3204%; height: 24px;\"><span style=\"font-family: arial, helvetica, sans-serif; font-size: 12pt;\">Air, Mer, Express<\/span><\/td>\n<\/tr>\n<\/tbody>\n<\/table>","protected":false},"featured_media":5836,"comment_status":"open","ping_status":"closed","template":"","meta":[],"product_brand":[],"product_cat":[26,28,35,18],"product_tag":[],"class_list":{"0":"post-5842","1":"product","2":"type-product","3":"status-publish","4":"has-post-thumbnail","6":"product_cat-food-packaging","7":"product_cat-cbd-packaging","8":"product_cat-mylar-bags","9":"product_cat-zipper-bags","11":"first","12":"instock","13":"shipping-taxable","14":"purchasable","15":"product-type-variable"},"_links":{"self":[{"href":"https:\/\/polysmarts.com\/fr\/wp-json\/wp\/v2\/product\/5842","targetHints":{"allow":["GET"]}}],"collection":[{"href":"https:\/\/polysmarts.com\/fr\/wp-json\/wp\/v2\/product"}],"about":[{"href":"https:\/\/polysmarts.com\/fr\/wp-json\/wp\/v2\/types\/product"}],"replies":[{"embeddable":true,"href":"https:\/\/polysmarts.com\/fr\/wp-json\/wp\/v2\/comments?post=5842"}],"version-history":[{"count":2,"href":"https:\/\/polysmarts.com\/fr\/wp-json\/wp\/v2\/product\/5842\/revisions"}],"predecessor-version":[{"id":5847,"href":"https:\/\/polysmarts.com\/fr\/wp-json\/wp\/v2\/product\/5842\/revisions\/5847"}],"wp:featuredmedia":[{"embeddable":true,"href":"https:\/\/polysmarts.com\/fr\/wp-json\/wp\/v2\/media\/5836"}],"wp:attachment":[{"href":"https:\/\/polysmarts.com\/fr\/wp-json\/wp\/v2\/media?parent=5842"}],"wp:term":[{"taxonomy":"product_brand","embeddable":true,"href":"https:\/\/polysmarts.com\/fr\/wp-json\/wp\/v2\/product_brand?post=5842"},{"taxonomy":"product_cat","embeddable":true,"href":"https:\/\/polysmarts.com\/fr\/wp-json\/wp\/v2\/product_cat?post=5842"},{"taxonomy":"product_tag","embeddable":true,"href":"https:\/\/polysmarts.com\/fr\/wp-json\/wp\/v2\/product_tag?post=5842"}],"curies":[{"name":"wp","href":"https:\/\/api.w.org\/{rel}","templated":true}]}}