{"id":5768,"date":"2026-04-23T11:12:58","date_gmt":"2026-04-23T03:12:58","guid":{"rendered":"https:\/\/polysmarts.com\/?post_type=product&#038;p=5768"},"modified":"2026-04-23T11:27:30","modified_gmt":"2026-04-23T03:27:30","slug":"sacs-en-plastique-personnalises-avec-logo-vente-en-gros","status":"publish","type":"product","link":"https:\/\/polysmarts.com\/fr\/product\/custom-plastic-bags-with-logo-poly-bags-wholesale\/","title":{"rendered":"Sacs en plastique personnalis\u00e9s avec logo, vente en gros"},"content":{"rendered":"<h2 data-path-to-node=\"4\"><span style=\"font-size: 14pt;\"><strong>Valorisez vos emballages de marque avec des sacs en plastique personnalis\u00e9s avec logo.<\/strong><\/span><\/h2>\n<p data-path-to-node=\"5\">Faites forte impression sur vos clients gr\u00e2ce aux solutions d&#039;emballage haut de gamme de Polysmarts. Nous sommes sp\u00e9cialis\u00e9s dans la fabrication de sachets stand-up de haute qualit\u00e9, con\u00e7us pour mettre en valeur vos produits tout en pr\u00e9servant leur fra\u00eecheur et leur s\u00e9curit\u00e9. Que vous conditionniez des produits alimentaires sp\u00e9cialis\u00e9s, des cosm\u00e9tiques ou des articles de d\u00e9tail, nos solutions sont faites pour vous. <b data-path-to-node=\"6\" data-index-in-node=\"314\">Sacs en plastique personnalis\u00e9s avec logo<\/b> offrir le parfait \u00e9quilibre entre durabilit\u00e9, fonctionnalit\u00e9 et visibilit\u00e9 de la marque.<\/p>\n<p data-path-to-node=\"5\"><b data-path-to-node=\"9,0,0\" data-index-in-node=\"0\">Sachets \u00e0 fond plat polyvalents\u00a0:<\/b> Con\u00e7us pour une pr\u00e9sentation optimale en rayon, ces sachets tiennent debout tout seuls, maximisant ainsi leur visibilit\u00e9 et attirant l&#039;attention du consommateur.<\/p>\n<p data-path-to-node=\"5\"><b data-path-to-node=\"9,1,0\" data-index-in-node=\"0\">Solutions enti\u00e8rement personnalisables\u00a0:<\/b> Bien que les sachets \u00e0 fond plat soient notre sp\u00e9cialit\u00e9, nous acceptons et fabriquons volontiers de nombreux types de sacs en plastique personnalis\u00e9s pour r\u00e9pondre parfaitement aux dimensions et exigences uniques de votre produit.<\/p>\n<p data-path-to-node=\"5\"><b data-path-to-node=\"9,2,0\" data-index-in-node=\"0\">Protection Premium :<\/b> Fabriqu\u00e9 avec des mat\u00e9riaux durables et multicouches pour prot\u00e9ger votre contenu contre l&#039;humidit\u00e9, l&#039;air et la lumi\u00e8re, assurant ainsi une dur\u00e9e de conservation prolong\u00e9e.<\/p>\n<p data-path-to-node=\"5\"><b data-path-to-node=\"9,3,0\" data-index-in-node=\"0\">Impact maximal de la marque\u00a0:<\/b> Un logo \u00e9clatant, imprim\u00e9 professionnellement sur vos emballages, garantit que votre marque soit instantan\u00e9ment reconnue, digne de confiance et m\u00e9moris\u00e9e par votre public cible.<\/p>\n<p data-path-to-node=\"5\">Pr\u00eat \u00e0 optimiser la pr\u00e9sentation de vos produits\u00a0? Contactez Polysmarts d\u00e8s aujourd\u2019hui pour concevoir vos sachets personnalis\u00e9s et laissez votre emballage refl\u00e9ter la qualit\u00e9 de votre marque\u00a0!<\/p>","protected":false},"excerpt":{"rendered":"<table style=\"height: 294px; width: 99.8505%; border-collapse: collapse;\" border=\"2\">\n<tbody>\n<tr style=\"height: 28px; background-color: #dbdbdb;\">\n<td style=\"width: 22.6796%; background-color: #ebebeb; height: 31px;\"><span style=\"font-family: arial, helvetica, sans-serif; font-size: 12pt;\"><strong>Articles<\/strong><\/span><\/td>\n<td style=\"width: 77.3204%; background-color: #ebebeb; height: 31px;\"><span style=\"font-family: arial, helvetica, sans-serif; font-size: 12pt;\"><strong> Sacs en plastique personnalis\u00e9s avec logo<\/strong>, <strong><a href=\"https:\/\/polysmarts.com\/fr\/categorie-de-produit\/par-type-2\/sacs-en-mylar\/\">Mylar Bags<\/a><\/strong> , Sachets \u00e0 fond plat<\/span><\/td>\n<\/tr>\n<tr style=\"height: 40px;\">\n<td style=\"width: 22.6796%; height: 30px; background-color: #99ccff;\"><span style=\"font-family: arial, helvetica, sans-serif; font-size: 12pt;\"><strong>Dimensions et style<\/strong><\/span><\/td>\n<td style=\"width: 77.3204%; height: 30px; background-color: #99ccff;\"><span style=\"font-family: arial, helvetica, sans-serif; font-size: 12pt;\">Formes et tailles personnalis\u00e9es<\/span><\/td>\n<\/tr>\n<tr style=\"height: 40px;\">\n<td style=\"width: 22.6796%; height: 34px; background-color: #ebebeb;\"><span style=\"font-size: 12pt;\"><strong><span style=\"font-family: arial, helvetica, sans-serif;\">Quantit\u00e9 minimum d&#039;achat<\/span><\/strong><\/span><\/td>\n<td style=\"width: 77.3204%; height: 34px; background-color: #ebebeb;\"><span style=\"font-family: arial, helvetica, sans-serif; font-size: 12pt;\">100 pi\u00e8ces sans personnalisation, 10 000 pi\u00e8ces avec personnalisation<\/span><\/td>\n<\/tr>\n<tr style=\"height: 40px; background-color: #99ccff;\">\n<td style=\"width: 22.6796%; height: 32px;\"><span style=\"font-size: 12pt;\"><strong><span style=\"font-family: arial, helvetica, sans-serif;\">Type d&#039;emballage<\/span><\/strong><\/span><\/td>\n<td style=\"width: 77.3204%; height: 32px;\"><span style=\"font-family: arial, helvetica, sans-serif; font-size: 12pt;\"><a href=\"https:\/\/polysmarts.com\/fr\/pochettes-debout-emballage-de-pochettes-debout-personnalise\/\"><strong>Pochette debout<\/strong><\/a> avec fermeture \u00e9clair<\/span><\/td>\n<\/tr>\n<tr style=\"height: 40px; background-color: #ebebeb;\">\n<td style=\"width: 22.6796%; height: 24px;\"><span style=\"font-size: 12pt;\"><strong><span style=\"font-family: arial, helvetica, sans-serif;\">Impression<\/span><\/strong><\/span><\/td>\n<td style=\"width: 77.3204%; height: 24px;\"><span style=\"font-family: arial, helvetica, sans-serif; font-size: 12pt;\">CMJN (1 \u00e0 10 couleurs), sans impression (uni), impression num\u00e9rique<\/span><\/td>\n<\/tr>\n<tr style=\"height: 40px; background-color: #99ccff;\">\n<td style=\"width: 22.6796%; height: 32px;\"><span style=\"font-size: 12pt;\"><strong><span style=\"font-family: arial, helvetica, sans-serif;\">Material<\/span><\/strong><\/span><\/td>\n<td style=\"width: 77.3204%; height: 32px;\"><span style=\"font-family: arial, helvetica, sans-serif; font-size: 12pt;\">Mat\u00e9riau lamin\u00e9, MOPP+VMPET+PE<\/span><\/td>\n<\/tr>\n<tr style=\"height: 40px; background-color: #ebebeb;\">\n<td style=\"width: 22.6796%; height: 33px;\"><span style=\"font-size: 12pt;\"><strong><span style=\"font-family: arial, helvetica, sans-serif;\">Options incluses<\/span><\/strong><\/span><\/td>\n<td style=\"width: 77.3204%; height: 33px;\"><span style=\"font-family: arial, helvetica, sans-serif; font-size: 12pt;\">D\u00e9coupe, thermoscellage<\/span><\/td>\n<\/tr>\n<tr style=\"height: 40px; background-color: #99ccff;\">\n<td style=\"width: 22.6796%; height: 30px;\"><span style=\"font-size: 12pt;\"><strong><span style=\"font-family: arial, helvetica, sans-serif;\">Fonctionnalit\u00e9<\/span><\/strong><\/span><\/td>\n<td style=\"width: 77.3204%; height: 30px;\"><span style=\"font-family: arial, helvetica, sans-serif; font-size: 12pt;\">Mat\u00e9riau de qualit\u00e9 alimentaire\u00a0: \u00e9tanche aux odeurs, \u00e0 l\u2019humidit\u00e9 et \u00e0 l\u2019oxyg\u00e8ne, r\u00e9sistant aux hautes temp\u00e9ratures, r\u00e9sistant \u00e0 l\u2019humidit\u00e9 et \u00e0 l\u2019humidit\u00e9.<\/span><\/td>\n<\/tr>\n<tr style=\"height: 40px; background-color: #ebebeb;\">\n<td style=\"width: 22.6796%; height: 24px;\"><span style=\"font-size: 12pt;\"><strong><span style=\"font-family: arial, helvetica, sans-serif;\">D\u00e9lai d&#039;ex\u00e9cution<\/span><\/strong><\/span><\/td>\n<td style=\"width: 77.3204%; height: 24px;\"><span style=\"font-family: arial, helvetica, sans-serif; font-size: 12pt;\">7 \u00e0 15 jours ouvrables, RUSH<\/span><\/td>\n<\/tr>\n<tr style=\"height: 40px; background-color: #99ccff;\">\n<td style=\"width: 22.6796%; height: 24px;\"><span style=\"font-size: 12pt;\"><strong><span style=\"font-family: arial, helvetica, sans-serif;\">Exp\u00e9dition<\/span><\/strong><\/span><\/td>\n<td style=\"width: 77.3204%; height: 24px;\"><span style=\"font-family: arial, helvetica, sans-serif; font-size: 12pt;\">Air, Mer, Express<\/span><\/td>\n<\/tr>\n<\/tbody>\n<\/table>\n<p>&nbsp;<\/p>","protected":false},"featured_media":5767,"comment_status":"open","ping_status":"closed","template":"","meta":[],"product_brand":[],"product_cat":[26,35,18],"product_tag":[],"class_list":{"0":"post-5768","1":"product","2":"type-product","3":"status-publish","4":"has-post-thumbnail","6":"product_cat-food-packaging","7":"product_cat-mylar-bags","8":"product_cat-zipper-bags","10":"first","11":"instock","12":"shipping-taxable","13":"purchasable","14":"product-type-variable"},"_links":{"self":[{"href":"https:\/\/polysmarts.com\/fr\/wp-json\/wp\/v2\/product\/5768","targetHints":{"allow":["GET"]}}],"collection":[{"href":"https:\/\/polysmarts.com\/fr\/wp-json\/wp\/v2\/product"}],"about":[{"href":"https:\/\/polysmarts.com\/fr\/wp-json\/wp\/v2\/types\/product"}],"replies":[{"embeddable":true,"href":"https:\/\/polysmarts.com\/fr\/wp-json\/wp\/v2\/comments?post=5768"}],"version-history":[{"count":2,"href":"https:\/\/polysmarts.com\/fr\/wp-json\/wp\/v2\/product\/5768\/revisions"}],"predecessor-version":[{"id":5773,"href":"https:\/\/polysmarts.com\/fr\/wp-json\/wp\/v2\/product\/5768\/revisions\/5773"}],"wp:featuredmedia":[{"embeddable":true,"href":"https:\/\/polysmarts.com\/fr\/wp-json\/wp\/v2\/media\/5767"}],"wp:attachment":[{"href":"https:\/\/polysmarts.com\/fr\/wp-json\/wp\/v2\/media?parent=5768"}],"wp:term":[{"taxonomy":"product_brand","embeddable":true,"href":"https:\/\/polysmarts.com\/fr\/wp-json\/wp\/v2\/product_brand?post=5768"},{"taxonomy":"product_cat","embeddable":true,"href":"https:\/\/polysmarts.com\/fr\/wp-json\/wp\/v2\/product_cat?post=5768"},{"taxonomy":"product_tag","embeddable":true,"href":"https:\/\/polysmarts.com\/fr\/wp-json\/wp\/v2\/product_tag?post=5768"}],"curies":[{"name":"wp","href":"https:\/\/api.w.org\/{rel}","templated":true}]}}