{"id":5717,"date":"2026-04-03T14:44:36","date_gmt":"2026-04-03T06:44:36","guid":{"rendered":"https:\/\/polysmarts.com\/?post_type=product&#038;p=5717"},"modified":"2026-04-03T14:55:53","modified_gmt":"2026-04-03T06:55:53","slug":"sachets-en-polyethylene-personnalises-sachets-stand-up-faible-quantite-minimale-de-commande-polysmarts","status":"publish","type":"product","link":"https:\/\/polysmarts.com\/fr\/product\/custom-poly-bags-stand-up-pouches-low-moq-polysmarts\/","title":{"rendered":"Sacs en poly\u00e9thyl\u00e8ne et sachets \u00e0 fond plat personnalis\u00e9s | Faible quantit\u00e9 minimale de commande | Polysmarts"},"content":{"rendered":"<h2 data-path-to-node=\"9\"><span style=\"font-size: 14pt;\"><b data-path-to-node=\"9\" data-index-in-node=\"0\">Sacs en poly\u00e9thyl\u00e8ne personnalis\u00e9s de haute qualit\u00e9 \u2013 Des solutions flexibles pour chaque marque<\/b><\/span><\/h2>\n<p data-path-to-node=\"10\">Vous recherchez un emballage professionnel sans engagement important ? <b data-path-to-node=\"10\" data-index-in-node=\"65\">Polysmarts<\/b> offre des services premium <b data-path-to-node=\"10\" data-index-in-node=\"93\">sacs en poly\u00e9thyl\u00e8ne personnalis\u00e9s<\/b> et <b data-path-to-node=\"10\" data-index-in-node=\"114\">pochettes debout<\/b> Avec une flexibilit\u00e9 in\u00e9gal\u00e9e dans le secteur. Que vous ayez besoin de supports vierges pour une utilisation imm\u00e9diate ou d&#039;emballages enti\u00e8rement personnalis\u00e9s, nous sommes votre partenaire fabricant direct.<\/p>\n<p data-path-to-node=\"11\"><b data-path-to-node=\"11\" data-index-in-node=\"0\">Nos options de commande flexibles\u00a0:<\/b><\/p>\n<ul data-path-to-node=\"12\">\n<li>\n<p data-path-to-node=\"12,0,0\"><b data-path-to-node=\"12,0,0\" data-index-in-node=\"0\"><a href=\"https:\/\/polysmarts.com\/fr\/categorie-de-produit\/pochettes-en-stock\/\">Sacs en poly\u00e9thyl\u00e8ne ordinaires<\/a> (Quantit\u00e9 minimale de commande : 100 pi\u00e8ces) :<\/b> Besoin d&#039;une livraison rapide ? Notre version non imprim\u00e9e <b data-path-to-node=\"12,0,0\" data-index-in-node=\"55\">sacs en poly\u00e9thyl\u00e8ne personnalis\u00e9s<\/b> sont disponibles en tailles standard avec une commande minimale de seulement <b data-path-to-node=\"12,0,0\" data-index-in-node=\"133\">100 pi\u00e8ces<\/b>. Id\u00e9al pour les startups et les tests en petits lots.<\/p>\n<\/li>\n<li>\n<p data-path-to-node=\"12,1,0\"><b data-path-to-node=\"12,1,0\" data-index-in-node=\"0\">Sacs en poly\u00e9thyl\u00e8ne imprim\u00e9s num\u00e9riquement (quantit\u00e9 minimale de commande\u00a0: 1\u00a0000\u00a0pi\u00e8ces)\u00a0:<\/b> Obtenez un marquage en couleur sur votre <b data-path-to-node=\"12,1,0\" data-index-in-node=\"66\">sacs en poly\u00e9thyl\u00e8ne personnalis\u00e9s<\/b> Sans frais de plaque. Id\u00e9al pour les produits saisonniers et les marques multi-r\u00e9f\u00e9rences.<\/p>\n<\/li>\n<li>\n<p data-path-to-node=\"12,2,0\"><b data-path-to-node=\"12,2,0\" data-index-in-node=\"0\">Sacs en poly\u00e9thyl\u00e8ne imprim\u00e9s en h\u00e9liogravure (quantit\u00e9 minimale de commande\u00a0: 10\u00a0000\u00a0pi\u00e8ces)\u00a0:<\/b> La solution id\u00e9ale pour r\u00e9duire les co\u00fbts des commandes en gros volumes, offrant une pr\u00e9cision optimale pour vos commandes. <b data-path-to-node=\"12,2,0\" data-index-in-node=\"133\">pochettes debout<\/b>.<\/p>\n<\/li>\n<\/ul>\n<p data-path-to-node=\"13\"><b data-path-to-node=\"13\" data-index-in-node=\"0\">Pourquoi Polysmarts ?<\/b> De la protection \u00e0 haute barri\u00e8re aux soufflets de fond robustes, nos <b data-path-to-node=\"13\" data-index-in-node=\"75\">sacs en poly\u00e9thyl\u00e8ne personnalis\u00e9s<\/b> Veillez \u00e0 ce que vos produits restent frais et se tiennent bien en rayon.<\/p>","protected":false},"excerpt":{"rendered":"<table style=\"height: 294px; width: 99.8505%; border-collapse: collapse;\" border=\"2\">\n<tbody>\n<tr style=\"height: 28px; background-color: #dbdbdb;\">\n<td style=\"width: 22.6796%; background-color: #ebebeb; height: 31px;\"><span style=\"font-family: arial, helvetica, sans-serif; font-size: 12pt;\"><strong>Articles<\/strong><\/span><\/td>\n<td style=\"width: 77.3204%; background-color: #ebebeb; height: 31px;\"><span style=\"font-family: arial, helvetica, sans-serif; font-size: 12pt;\"><strong><a href=\"https:\/\/polysmarts.com\/fr\/categorie-de-produit\/par-type-2\/sacs-en-mylar\/\">Sacs en Mylar personnalis\u00e9s en gros<\/a><\/strong> \/ Sacs en poly\u00e9thyl\u00e8ne personnalis\u00e9s<\/span><\/td>\n<\/tr>\n<tr style=\"height: 40px;\">\n<td style=\"width: 22.6796%; height: 30px; background-color: #99ccff;\"><span style=\"font-family: arial, helvetica, sans-serif; font-size: 12pt;\"><strong>Dimensions et style<\/strong><\/span><\/td>\n<td style=\"width: 77.3204%; height: 30px; background-color: #99ccff;\"><span style=\"font-family: arial, helvetica, sans-serif; font-size: 12pt;\">Formes et tailles personnalis\u00e9es<\/span><\/td>\n<\/tr>\n<tr style=\"height: 40px;\">\n<td style=\"width: 22.6796%; height: 34px; background-color: #ebebeb;\"><span style=\"font-size: 12pt;\"><strong><span style=\"font-family: arial, helvetica, sans-serif;\">Quantit\u00e9 minimum d&#039;achat<\/span><\/strong><\/span><\/td>\n<td style=\"width: 77.3204%; height: 34px; background-color: #ebebeb;\"><span style=\"font-family: arial, helvetica, sans-serif; font-size: 12pt;\">100 pi\u00e8ces sans personnalisation, 10 000 pi\u00e8ces avec personnalisation<\/span><\/td>\n<\/tr>\n<tr style=\"height: 40px; background-color: #99ccff;\">\n<td style=\"width: 22.6796%; height: 32px;\"><span style=\"font-size: 12pt;\"><strong><span style=\"font-family: arial, helvetica, sans-serif;\">Type d&#039;emballage<\/span><\/strong><\/span><\/td>\n<td style=\"width: 77.3204%; height: 32px;\"><span style=\"font-family: arial, helvetica, sans-serif; font-size: 12pt;\"><a href=\"https:\/\/polysmarts.com\/fr\/pochettes-debout-emballage-de-pochettes-debout-personnalise\/\"><strong>Pochette debout<\/strong><\/a> avec fermeture \u00e9clair<\/span><\/td>\n<\/tr>\n<tr style=\"height: 40px; background-color: #ebebeb;\">\n<td style=\"width: 22.6796%; height: 24px;\"><span style=\"font-size: 12pt;\"><strong><span style=\"font-family: arial, helvetica, sans-serif;\">Impression<\/span><\/strong><\/span><\/td>\n<td style=\"width: 77.3204%; height: 24px;\"><span style=\"font-family: arial, helvetica, sans-serif; font-size: 12pt;\">CMJN (1 \u00e0 10 couleurs), sans impression (uni), impression num\u00e9rique<\/span><\/td>\n<\/tr>\n<tr style=\"height: 40px; background-color: #99ccff;\">\n<td style=\"width: 22.6796%; height: 32px;\"><span style=\"font-size: 12pt;\"><strong><span style=\"font-family: arial, helvetica, sans-serif;\">Material<\/span><\/strong><\/span><\/td>\n<td style=\"width: 77.3204%; height: 32px;\"><span style=\"font-family: arial, helvetica, sans-serif; font-size: 12pt;\">Mat\u00e9riau lamin\u00e9, MOPP+VMPET+PE<\/span><\/td>\n<\/tr>\n<tr style=\"height: 40px; background-color: #ebebeb;\">\n<td style=\"width: 22.6796%; height: 33px;\"><span style=\"font-size: 12pt;\"><strong><span style=\"font-family: arial, helvetica, sans-serif;\">Options incluses<\/span><\/strong><\/span><\/td>\n<td style=\"width: 77.3204%; height: 33px;\"><span style=\"font-family: arial, helvetica, sans-serif; font-size: 12pt;\">D\u00e9coupe, thermoscellage<\/span><\/td>\n<\/tr>\n<tr style=\"height: 40px; background-color: #99ccff;\">\n<td style=\"width: 22.6796%; height: 30px;\"><span style=\"font-size: 12pt;\"><strong><span style=\"font-family: arial, helvetica, sans-serif;\">Fonctionnalit\u00e9<\/span><\/strong><\/span><\/td>\n<td style=\"width: 77.3204%; height: 30px;\"><span style=\"font-family: arial, helvetica, sans-serif; font-size: 12pt;\">Mat\u00e9riau de qualit\u00e9 alimentaire\u00a0: \u00e9tanche aux odeurs, \u00e0 l\u2019humidit\u00e9 et \u00e0 l\u2019oxyg\u00e8ne, r\u00e9sistant aux hautes temp\u00e9ratures, r\u00e9sistant \u00e0 l\u2019humidit\u00e9 et \u00e0 l\u2019humidit\u00e9.<\/span><\/td>\n<\/tr>\n<tr style=\"height: 40px; background-color: #ebebeb;\">\n<td style=\"width: 22.6796%; height: 24px;\"><span style=\"font-size: 12pt;\"><strong><span style=\"font-family: arial, helvetica, sans-serif;\">D\u00e9lai d&#039;ex\u00e9cution<\/span><\/strong><\/span><\/td>\n<td style=\"width: 77.3204%; height: 24px;\"><span style=\"font-family: arial, helvetica, sans-serif; font-size: 12pt;\">7 \u00e0 15 jours ouvrables, RUSH<\/span><\/td>\n<\/tr>\n<tr style=\"height: 40px; background-color: #99ccff;\">\n<td style=\"width: 22.6796%; height: 24px;\"><span style=\"font-size: 12pt;\"><strong><span style=\"font-family: arial, helvetica, sans-serif;\">Exp\u00e9dition<\/span><\/strong><\/span><\/td>\n<td style=\"width: 77.3204%; height: 24px;\"><span style=\"font-family: arial, helvetica, sans-serif; font-size: 12pt;\">Air, Mer, Express<\/span><\/td>\n<\/tr>\n<\/tbody>\n<\/table>","protected":false},"featured_media":5716,"comment_status":"open","ping_status":"closed","template":"","meta":[],"product_brand":[],"product_cat":[26,28,35,18],"product_tag":[],"class_list":{"0":"post-5717","1":"product","2":"type-product","3":"status-publish","4":"has-post-thumbnail","6":"product_cat-food-packaging","7":"product_cat-cbd-packaging","8":"product_cat-mylar-bags","9":"product_cat-zipper-bags","11":"first","12":"instock","13":"shipping-taxable","14":"purchasable","15":"product-type-variable"},"_links":{"self":[{"href":"https:\/\/polysmarts.com\/fr\/wp-json\/wp\/v2\/product\/5717","targetHints":{"allow":["GET"]}}],"collection":[{"href":"https:\/\/polysmarts.com\/fr\/wp-json\/wp\/v2\/product"}],"about":[{"href":"https:\/\/polysmarts.com\/fr\/wp-json\/wp\/v2\/types\/product"}],"replies":[{"embeddable":true,"href":"https:\/\/polysmarts.com\/fr\/wp-json\/wp\/v2\/comments?post=5717"}],"version-history":[{"count":3,"href":"https:\/\/polysmarts.com\/fr\/wp-json\/wp\/v2\/product\/5717\/revisions"}],"predecessor-version":[{"id":5723,"href":"https:\/\/polysmarts.com\/fr\/wp-json\/wp\/v2\/product\/5717\/revisions\/5723"}],"wp:featuredmedia":[{"embeddable":true,"href":"https:\/\/polysmarts.com\/fr\/wp-json\/wp\/v2\/media\/5716"}],"wp:attachment":[{"href":"https:\/\/polysmarts.com\/fr\/wp-json\/wp\/v2\/media?parent=5717"}],"wp:term":[{"taxonomy":"product_brand","embeddable":true,"href":"https:\/\/polysmarts.com\/fr\/wp-json\/wp\/v2\/product_brand?post=5717"},{"taxonomy":"product_cat","embeddable":true,"href":"https:\/\/polysmarts.com\/fr\/wp-json\/wp\/v2\/product_cat?post=5717"},{"taxonomy":"product_tag","embeddable":true,"href":"https:\/\/polysmarts.com\/fr\/wp-json\/wp\/v2\/product_tag?post=5717"}],"curies":[{"name":"wp","href":"https:\/\/api.w.org\/{rel}","templated":true}]}}