{"id":5706,"date":"2026-04-02T12:58:06","date_gmt":"2026-04-02T04:58:06","guid":{"rendered":"https:\/\/polysmarts.com\/?post_type=product&#038;p=5706"},"modified":"2026-04-02T13:13:06","modified_gmt":"2026-04-02T05:13:06","slug":"sacs-demballage-sous-vide-personnalises-pour-aliments-vente-directe-dusine-polysmarts","status":"publish","type":"product","link":"https:\/\/polysmarts.com\/fr\/product\/custom-vacuum-packaging-bags-for-food-polysmarts-factory-direct\/","title":{"rendered":"Sacs d&#039;emballage sous vide personnalis\u00e9s pour aliments | Vente directe d&#039;usine Polysmarts"},"content":{"rendered":"<ul data-path-to-node=\"8\">\n<li>\n<p data-path-to-node=\"8,2,0\"><b data-path-to-node=\"8,2,0\" data-index-in-node=\"0\">Mat\u00e9riel:<\/b> Film coextrud\u00e9 en nylon\/PE multicouche haute r\u00e9sistance.<\/p>\n<\/li>\n<li>\n<p data-path-to-node=\"8,3,0\"><b data-path-to-node=\"8,3,0\" data-index-in-node=\"0\">Compatibilit\u00e9:<\/b> Enti\u00e8rement compatible avec la plupart des appareils de mise sous vide externes, notamment FoodSaver, Weston, Nesco, NutriChef et les appareils de mise sous vide \u00e0 cloche de qualit\u00e9 industrielle.<\/p>\n<\/li>\n<\/ul>\n<h3 data-path-to-node=\"9\"><b data-path-to-node=\"9\" data-index-in-node=\"0\">Caract\u00e9ristiques principales<\/b><\/h3>\n<ul data-path-to-node=\"10\">\n<li>\n<p data-path-to-node=\"10,0,0\"><b data-path-to-node=\"10,0,0\" data-index-in-node=\"0\">Sans BPA et de qualit\u00e9 alimentaire :<\/b> Nos sacs de conservation sous vide sont sans BPA (norme 100%) et conformes aux normes de la FDA. Ils conviennent parfaitement \u00e0 la conservation \u00e0 long terme de la viande, des herbes aromatiques, du th\u00e9 et des fruits et l\u00e9gumes frais.<\/p>\n<\/li>\n<li>\n<p data-path-to-node=\"10,1,0\"><b data-path-to-node=\"10,1,0\" data-index-in-node=\"0\">R\u00e9sistant aux perforations et ultra-r\u00e9sistant :<\/b> Con\u00e7u avec des mat\u00e9riaux haute densit\u00e9 pour r\u00e9sister aux ar\u00eates vives (comme les os ou les aliments congel\u00e9s). Son joint robuste assure une protection contre l&#039;humidit\u00e9, la poussi\u00e8re et la d\u00e9shydratation.<\/p>\n<\/li>\n<li>\n<p data-path-to-node=\"10,2,0\"><b data-path-to-node=\"10,2,0\" data-index-in-node=\"0\">Pr\u00eat pour la cuisson sous vide et la marinade :<\/b> Con\u00e7us pour r\u00e9sister aux hautes temp\u00e9ratures de la cuisson sous vide et aux environnements de cong\u00e9lation, ils sont id\u00e9aux pour les cuisines professionnelles et les usines de transformation alimentaire.<\/p>\n<\/li>\n<li>\n<p data-path-to-node=\"10,3,0\"><b data-path-to-node=\"10,3,0\" data-index-in-node=\"0\">Conception pratique :<\/b> Comporte une encoche de d\u00e9chirure facile et pr\u00e9cise pour un acc\u00e8s rapide sans avoir besoin de ciseaux, am\u00e9liorant ainsi l&#039;efficacit\u00e9 des utilisateurs finaux.<\/p>\n<\/li>\n<\/ul>\n<h3 data-path-to-node=\"11\"><b data-path-to-node=\"11\" data-index-in-node=\"0\">Pourquoi choisir Polysmarts ?<\/b><\/h3>\n<p data-path-to-node=\"12\">En tant que leader dans le <b data-path-to-node=\"12\" data-index-in-node=\"19\">industrie de la personnalisation des emballages d&#039;usine<\/b>, Polysmarts ne se contente pas de vendre des sacs\u00a0; nous proposons des solutions de branding. Nous vous accompagnons. <b data-path-to-node=\"12\" data-index-in-node=\"137\">impression personnalis\u00e9e, dimensions sur mesure et \u00e9paisseur de mat\u00e9riau sp\u00e9cialis\u00e9e<\/b> pour r\u00e9pondre \u00e0 vos besoins sp\u00e9cifiques.<\/p>","protected":false},"excerpt":{"rendered":"<table style=\"height: 360px; width: 99.8505%; border-collapse: collapse;\" border=\"2\">\n<tbody>\n<tr style=\"height: 40px;\">\n<td style=\"width: 38.0988%; height: 30px; background-color: #99ccff;\"><span style=\"font-family: arial, helvetica, sans-serif; font-size: 12pt;\"><strong>Dimensions et style<\/strong><\/span><\/td>\n<td style=\"width: 61.9012%; height: 30px; background-color: #99ccff;\"><span style=\"font-family: arial, helvetica, sans-serif; font-size: 12pt;\">Formes et tailles personnalis\u00e9es<\/span><\/td>\n<\/tr>\n<tr style=\"height: 40px;\">\n<td style=\"width: 38.0988%; height: 34px; background-color: #ebebeb;\"><span style=\"font-size: 12pt;\"><strong><span style=\"font-family: arial, helvetica, sans-serif;\">Quantit\u00e9 minimum d&#039;achat<\/span><\/strong><\/span><\/td>\n<td style=\"width: 61.9012%; height: 34px; background-color: #ebebeb;\"><span style=\"font-family: arial, helvetica, sans-serif; font-size: 12pt;\">1000 pi\u00e8ces sans personnalisation, 10000 pi\u00e8ces pour personnalisation<\/span><\/td>\n<\/tr>\n<tr style=\"height: 40px; background-color: #99ccff;\">\n<td style=\"width: 38.0988%; height: 24px;\"><span style=\"font-size: 12pt;\"><strong><span style=\"font-family: arial, helvetica, sans-serif;\">Type d&#039;emballage<\/span><\/strong><\/span><\/td>\n<td style=\"width: 61.9012%; height: 24px;\">Sacs d&#039;emballage sous vide pour aliments<\/td>\n<\/tr>\n<tr style=\"height: 40px; background-color: #ebebeb;\">\n<td style=\"width: 38.0988%; height: 24px;\"><span style=\"font-size: 12pt;\"><strong><span style=\"font-family: arial, helvetica, sans-serif;\">\u00c9paisseur<\/span><\/strong><\/span><\/td>\n<td style=\"width: 61.9012%; height: 24px;\"><span style=\"font-family: arial, helvetica, sans-serif; font-size: 12pt;\">100 microns\/Personnalis\u00e9<\/span><\/td>\n<\/tr>\n<tr style=\"height: 40px; background-color: #99ccff;\">\n<td style=\"width: 38.0988%; height: 24px;\"><span style=\"font-size: 12pt;\"><strong><span style=\"font-family: arial, helvetica, sans-serif;\">Impression<\/span><\/strong><\/span><\/td>\n<td style=\"width: 61.9012%; height: 24px;\"><span style=\"font-family: arial, helvetica, sans-serif; font-size: 12pt;\">CMJN (1 \u00e0 10 couleurs selon vos besoins), pas d&#039;impression (ordinaire)<\/span><\/td>\n<\/tr>\n<tr style=\"height: 40px; background-color: #ebebeb;\">\n<td style=\"width: 38.0988%; height: 24px;\"><span style=\"font-size: 12pt;\"><strong><span style=\"font-family: arial, helvetica, sans-serif;\">Material<\/span><\/strong><\/span><\/td>\n<td style=\"width: 61.9012%; height: 24px;\"><span style=\"font-family: arial, helvetica, sans-serif; font-size: 12pt;\">New York\/\u00cele-du-Prince-\u00c9douard<\/span><\/td>\n<\/tr>\n<tr style=\"height: 40px; background-color: #99ccff;\">\n<td style=\"width: 38.0988%; height: 24px;\"><span style=\"font-size: 12pt;\"><strong><span style=\"font-family: arial, helvetica, sans-serif;\">Preuve<\/span><\/strong><\/span><\/td>\n<td style=\"width: 61.9012%; height: 24px;\"><span style=\"font-family: arial, helvetica, sans-serif; font-size: 12pt;\">R\u00e9siste \u00e0 l&#039;humidit\u00e9<\/span><\/td>\n<\/tr>\n<tr style=\"height: 40px; background-color: #ebebeb;\">\n<td style=\"width: 38.0988%; height: 24px;\"><span style=\"font-size: 12pt;\"><strong><span style=\"font-family: arial, helvetica, sans-serif;\">Temps d&#039;exp\u00e9dition<\/span><\/strong><\/span><\/td>\n<td style=\"width: 61.9012%; height: 24px;\"><span style=\"font-family: arial, helvetica, sans-serif; font-size: 12pt;\">7 \u00e0 15 jours ouvrables, RUSH<\/span><\/td>\n<\/tr>\n<tr style=\"height: 40px; background-color: #99ccff;\">\n<td style=\"width: 38.0988%; height: 24px;\"><span style=\"font-size: 12pt;\"><strong><span style=\"font-family: arial, helvetica, sans-serif;\">Mode de livraison<\/span><\/strong><\/span><\/td>\n<td style=\"width: 61.9012%; height: 24px;\"><span style=\"font-family: arial, helvetica, sans-serif; font-size: 12pt;\">Exprimer<\/span><\/td>\n<\/tr>\n<\/tbody>\n<\/table>\n<p>&nbsp;<\/p>","protected":false},"featured_media":5700,"comment_status":"open","ping_status":"closed","template":"","meta":[],"product_brand":[],"product_cat":[26],"product_tag":[],"class_list":{"0":"post-5706","1":"product","2":"type-product","3":"status-publish","4":"has-post-thumbnail","6":"product_cat-food-packaging","8":"first","9":"instock","10":"shipping-taxable","11":"purchasable","12":"product-type-simple"},"_links":{"self":[{"href":"https:\/\/polysmarts.com\/fr\/wp-json\/wp\/v2\/product\/5706","targetHints":{"allow":["GET"]}}],"collection":[{"href":"https:\/\/polysmarts.com\/fr\/wp-json\/wp\/v2\/product"}],"about":[{"href":"https:\/\/polysmarts.com\/fr\/wp-json\/wp\/v2\/types\/product"}],"replies":[{"embeddable":true,"href":"https:\/\/polysmarts.com\/fr\/wp-json\/wp\/v2\/comments?post=5706"}],"version-history":[{"count":4,"href":"https:\/\/polysmarts.com\/fr\/wp-json\/wp\/v2\/product\/5706\/revisions"}],"predecessor-version":[{"id":5710,"href":"https:\/\/polysmarts.com\/fr\/wp-json\/wp\/v2\/product\/5706\/revisions\/5710"}],"wp:featuredmedia":[{"embeddable":true,"href":"https:\/\/polysmarts.com\/fr\/wp-json\/wp\/v2\/media\/5700"}],"wp:attachment":[{"href":"https:\/\/polysmarts.com\/fr\/wp-json\/wp\/v2\/media?parent=5706"}],"wp:term":[{"taxonomy":"product_brand","embeddable":true,"href":"https:\/\/polysmarts.com\/fr\/wp-json\/wp\/v2\/product_brand?post=5706"},{"taxonomy":"product_cat","embeddable":true,"href":"https:\/\/polysmarts.com\/fr\/wp-json\/wp\/v2\/product_cat?post=5706"},{"taxonomy":"product_tag","embeddable":true,"href":"https:\/\/polysmarts.com\/fr\/wp-json\/wp\/v2\/product_tag?post=5706"}],"curies":[{"name":"wp","href":"https:\/\/api.w.org\/{rel}","templated":true}]}}