{"id":5687,"date":"2026-03-17T16:39:22","date_gmt":"2026-03-17T08:39:22","guid":{"rendered":"https:\/\/polysmarts.com\/?post_type=product&#038;p=5687"},"modified":"2026-03-17T16:49:52","modified_gmt":"2026-03-17T08:49:52","slug":"solutions-demballage-souple-sacs-et-sachets-imprimes-personnalises-polysmarts","status":"publish","type":"product","link":"https:\/\/polysmarts.com\/fr\/product\/flexible-packaging-solutions-custom-printed-bags-pouches-polysmarts\/","title":{"rendered":"Solutions d&#039;emballage flexibles | Sacs et sachets imprim\u00e9s personnalis\u00e9s | Polysmarts"},"content":{"rendered":"<p data-path-to-node=\"6\"><b data-path-to-node=\"6\" data-index-in-node=\"0\">emballage souple<\/b> solutions issues de <a class=\"ng-star-inserted\" href=\"https:\/\/polysmarts.com\/fr\/\" target=\"_blank\" rel=\"noopener\" data-hveid=\"0\" data-ved=\"0CAAQ_4QMahcKEwiQj7e5xaaTAxUAAAAAHQAAAAAQRw\">Polysmarts<\/a> Nous offrons une polyvalence et une durabilit\u00e9 optimales \u00e0 votre marque. Que vous recherchiez des sachets alimentaires, des sacs m\u00e9dicaux ou des films industriels en rouleaux, nos solutions r\u00e9pondent \u00e0 tous vos besoins. <b data-path-to-node=\"6\" data-index-in-node=\"207\">emballage souple<\/b> Il est con\u00e7u pour prot\u00e9ger vos produits tout en les mettant en valeur en rayon.<\/p>\n<h3 data-path-to-node=\"7\"><b data-path-to-node=\"7\" data-index-in-node=\"0\">Pourquoi choisir les emballages flexibles Polysmarts ?<\/b><\/h3>\n<ul data-path-to-node=\"8\">\n<li>\n<p data-path-to-node=\"8,0,0\"><b data-path-to-node=\"8,0,0\" data-index-in-node=\"0\">Options \u00e9cologiques :<\/b> Nous proposons <a class=\"ng-star-inserted\" href=\"https:\/\/polysmarts.com\/fr\/categorie-de-produit\/par-type-2\/sac-biodegradable\/\" target=\"_blank\" rel=\"noopener\" data-hveid=\"0\" data-ved=\"0CAAQ_4QMahcKEwiQj7e5xaaTAxUAAAAAHQAAAAAQSA\">Biodegradable Bags<\/a> et des mat\u00e9riaux recyclables pour aider votre marque \u00e0 rester durable.<\/p>\n<\/li>\n<li>\n<p data-path-to-node=\"8,1,0\"><b data-path-to-node=\"8,1,0\" data-index-in-node=\"0\">Impression personnalis\u00e9e\u00a0:<\/b> Impression num\u00e9rique et offset de haute qualit\u00e9 pour des couleurs \u00e9clatantes <a class=\"ng-star-inserted\" href=\"https:\/\/polysmarts.com\/fr\/\" target=\"_blank\" rel=\"noopener\" data-hveid=\"0\" data-ved=\"0CAAQ_4QMahcKEwiQj7e5xaaTAxUAAAAAHQAAAAAQSQ\">Sacs imprim\u00e9s personnalis\u00e9s<\/a>.<\/p>\n<\/li>\n<li>\n<p data-path-to-node=\"8,2,0\"><b data-path-to-node=\"8,2,0\" data-index-in-node=\"0\">Faibles quantit\u00e9s minimales de commande\u00a0:<\/b> D\u00e9marrez votre projet avec seulement 1\u00a0000 pi\u00e8ces \u2013 id\u00e9al pour les startups et les petites entreprises.<\/p>\n<\/li>\n<li>\n<p data-path-to-node=\"8,3,0\"><b data-path-to-node=\"8,3,0\" data-index-in-node=\"0\">D\u00e9lai d&#039;ex\u00e9cution rapide :<\/b> Recevez votre commande en seulement 7 \u00e0 15 jours ouvrables gr\u00e2ce \u00e0 notre processus de production simplifi\u00e9.<\/p>\n<\/li>\n<\/ul>\n<h3 data-path-to-node=\"9\"><b data-path-to-node=\"9\" data-index-in-node=\"0\">Des solutions polyvalentes pour chaque march\u00e9<\/b><\/h3>\n<p data-path-to-node=\"10\">Notre <b data-path-to-node=\"10\" data-index-in-node=\"4\">emballage souple<\/b> dessert un large \u00e9ventail de secteurs d&#039;activit\u00e9, notamment\u00a0:<\/p>\n<ul data-path-to-node=\"11\">\n<li>\n<p data-path-to-node=\"11,0,0\"><a class=\"ng-star-inserted\" href=\"https:\/\/polysmarts.com\/fr\/categorie-de-produit\/par-marches\/emballages-alimentaires\/\" target=\"_blank\" rel=\"noopener\" data-hveid=\"0\" data-ved=\"0CAAQ_4QMahcKEwiQj7e5xaaTAxUAAAAAHQAAAAAQSg\">Food Packaging<\/a>Conserve la fra\u00eecheur des en-cas, du caf\u00e9 et des \u00e9pices.<\/p>\n<\/li>\n<li>\n<p data-path-to-node=\"11,1,0\"><a class=\"ng-star-inserted\" href=\"https:\/\/polysmarts.com\/fr\/categorie-de-produit\/par-marches\/emballage-de-cbd\/\" target=\"_blank\" rel=\"noopener\" data-hveid=\"0\" data-ved=\"0CAAQ_4QMahcKEwiQj7e5xaaTAxUAAAAAHQAAAAAQSw\">Emballages de CBD et de cannabis<\/a>Sacs en Mylar r\u00e9sistants aux enfants et aux odeurs.<\/p>\n<\/li>\n<li>\n<p data-path-to-node=\"11,2,0\"><a class=\"ng-star-inserted\" href=\"https:\/\/polysmarts.com\/fr\/categorie-de-produit\/par-marches\/emballage-de-vetements\/\" target=\"_blank\" rel=\"noopener\" data-hveid=\"0\" data-ved=\"0CAAQ_4QMahcKEwiQj7e5xaaTAxUAAAAAHQAAAAAQTA\">V\u00eatements et \u00e9lectronique 3C<\/a>Sacs \u00e0 glissi\u00e8re et \u00e0 fermeture \u00e9clair r\u00e9sistants pour le commerce de d\u00e9tail.<\/p>\n<\/li>\n<\/ul>","protected":false},"excerpt":{"rendered":"<table style=\"height: 294px; width: 99.8505%; border-collapse: collapse;\" border=\"2\">\n<tbody>\n<tr style=\"height: 28px; background-color: #dbdbdb;\">\n<td style=\"width: 22.6796%; background-color: #ebebeb; height: 31px;\"><span style=\"font-family: arial, helvetica, sans-serif; font-size: 12pt;\"><strong>Articles<\/strong><\/span><\/td>\n<td style=\"width: 77.3204%; background-color: #ebebeb; height: 31px;\"><span style=\"font-family: arial, helvetica, sans-serif; font-size: 12pt;\"><strong>Emballages souples personnalis\u00e9s en gros<\/strong>\u00a0<\/span><\/td>\n<\/tr>\n<tr style=\"height: 40px;\">\n<td style=\"width: 22.6796%; height: 30px; background-color: #99ccff;\"><span style=\"font-family: arial, helvetica, sans-serif; font-size: 12pt;\"><strong>Dimensions et style<\/strong><\/span><\/td>\n<td style=\"width: 77.3204%; height: 30px; background-color: #99ccff;\"><span style=\"font-family: arial, helvetica, sans-serif; font-size: 12pt;\">Formes et tailles personnalis\u00e9es<\/span><\/td>\n<\/tr>\n<tr style=\"height: 40px;\">\n<td style=\"width: 22.6796%; height: 34px; background-color: #ebebeb;\"><span style=\"font-size: 12pt;\"><strong><span style=\"font-family: arial, helvetica, sans-serif;\">Quantit\u00e9 minimum d&#039;achat<\/span><\/strong><\/span><\/td>\n<td style=\"width: 77.3204%; height: 34px; background-color: #ebebeb;\"><span style=\"font-family: arial, helvetica, sans-serif; font-size: 12pt;\">100 pi\u00e8ces sans personnalisation, 10 000 pi\u00e8ces avec personnalisation<\/span><\/td>\n<\/tr>\n<tr style=\"height: 40px; background-color: #99ccff;\">\n<td style=\"width: 22.6796%; height: 32px;\"><span style=\"font-size: 12pt;\"><strong><span style=\"font-family: arial, helvetica, sans-serif;\">Type d&#039;emballage<\/span><\/strong><\/span><\/td>\n<td style=\"width: 77.3204%; height: 32px;\"><span style=\"font-family: arial, helvetica, sans-serif; font-size: 12pt;\"><a href=\"https:\/\/polysmarts.com\/fr\/pochettes-debout-emballage-de-pochettes-debout-personnalise\/\"><strong>Pochette debout<\/strong><\/a> avec fermeture \u00e9clair<\/span><\/td>\n<\/tr>\n<tr style=\"height: 40px; background-color: #ebebeb;\">\n<td style=\"width: 22.6796%; height: 24px;\"><span style=\"font-size: 12pt;\"><strong><span style=\"font-family: arial, helvetica, sans-serif;\">Impression<\/span><\/strong><\/span><\/td>\n<td style=\"width: 77.3204%; height: 24px;\"><span style=\"font-family: arial, helvetica, sans-serif; font-size: 12pt;\">CMJN (1 \u00e0 10 couleurs), sans impression (uni), impression num\u00e9rique<\/span><\/td>\n<\/tr>\n<tr style=\"height: 40px; background-color: #99ccff;\">\n<td style=\"width: 22.6796%; height: 32px;\"><span style=\"font-size: 12pt;\"><strong><span style=\"font-family: arial, helvetica, sans-serif;\">Material<\/span><\/strong><\/span><\/td>\n<td style=\"width: 77.3204%; height: 32px;\"><span style=\"font-family: arial, helvetica, sans-serif; font-size: 12pt;\">Mat\u00e9riau lamin\u00e9, MOPP+VMPET+PE<\/span><\/td>\n<\/tr>\n<tr style=\"height: 40px; background-color: #ebebeb;\">\n<td style=\"width: 22.6796%; height: 33px;\"><span style=\"font-size: 12pt;\"><strong><span style=\"font-family: arial, helvetica, sans-serif;\">Options incluses<\/span><\/strong><\/span><\/td>\n<td style=\"width: 77.3204%; height: 33px;\"><span style=\"font-family: arial, helvetica, sans-serif; font-size: 12pt;\">D\u00e9coupe, thermoscellage<\/span><\/td>\n<\/tr>\n<tr style=\"height: 40px; background-color: #99ccff;\">\n<td style=\"width: 22.6796%; height: 30px;\"><span style=\"font-size: 12pt;\"><strong><span style=\"font-family: arial, helvetica, sans-serif;\">Fonctionnalit\u00e9<\/span><\/strong><\/span><\/td>\n<td style=\"width: 77.3204%; height: 30px;\"><span style=\"font-family: arial, helvetica, sans-serif; font-size: 12pt;\">Mat\u00e9riau de qualit\u00e9 alimentaire\u00a0: \u00e9tanche aux odeurs, \u00e0 l\u2019humidit\u00e9 et \u00e0 l\u2019oxyg\u00e8ne, r\u00e9sistant aux hautes temp\u00e9ratures, r\u00e9sistant \u00e0 l\u2019humidit\u00e9 et \u00e0 l\u2019humidit\u00e9.<\/span><\/td>\n<\/tr>\n<tr style=\"height: 40px; background-color: #ebebeb;\">\n<td style=\"width: 22.6796%; height: 24px;\"><span style=\"font-size: 12pt;\"><strong><span style=\"font-family: arial, helvetica, sans-serif;\">D\u00e9lai d&#039;ex\u00e9cution<\/span><\/strong><\/span><\/td>\n<td style=\"width: 77.3204%; height: 24px;\"><span style=\"font-family: arial, helvetica, sans-serif; font-size: 12pt;\">7 \u00e0 15 jours ouvrables, RUSH<\/span><\/td>\n<\/tr>\n<tr style=\"height: 40px; background-color: #99ccff;\">\n<td style=\"width: 22.6796%; height: 24px;\"><span style=\"font-size: 12pt;\"><strong><span style=\"font-family: arial, helvetica, sans-serif;\">Exp\u00e9dition<\/span><\/strong><\/span><\/td>\n<td style=\"width: 77.3204%; height: 24px;\"><span style=\"font-family: arial, helvetica, sans-serif; font-size: 12pt;\">Air, Mer, Express<\/span><\/td>\n<\/tr>\n<\/tbody>\n<\/table>","protected":false},"featured_media":5684,"comment_status":"open","ping_status":"closed","template":"","meta":[],"product_brand":[],"product_cat":[26,28,35,18],"product_tag":[],"class_list":{"0":"post-5687","1":"product","2":"type-product","3":"status-publish","4":"has-post-thumbnail","6":"product_cat-food-packaging","7":"product_cat-cbd-packaging","8":"product_cat-mylar-bags","9":"product_cat-zipper-bags","11":"first","12":"instock","13":"shipping-taxable","14":"purchasable","15":"product-type-variable"},"_links":{"self":[{"href":"https:\/\/polysmarts.com\/fr\/wp-json\/wp\/v2\/product\/5687","targetHints":{"allow":["GET"]}}],"collection":[{"href":"https:\/\/polysmarts.com\/fr\/wp-json\/wp\/v2\/product"}],"about":[{"href":"https:\/\/polysmarts.com\/fr\/wp-json\/wp\/v2\/types\/product"}],"replies":[{"embeddable":true,"href":"https:\/\/polysmarts.com\/fr\/wp-json\/wp\/v2\/comments?post=5687"}],"version-history":[{"count":3,"href":"https:\/\/polysmarts.com\/fr\/wp-json\/wp\/v2\/product\/5687\/revisions"}],"predecessor-version":[{"id":5693,"href":"https:\/\/polysmarts.com\/fr\/wp-json\/wp\/v2\/product\/5687\/revisions\/5693"}],"wp:featuredmedia":[{"embeddable":true,"href":"https:\/\/polysmarts.com\/fr\/wp-json\/wp\/v2\/media\/5684"}],"wp:attachment":[{"href":"https:\/\/polysmarts.com\/fr\/wp-json\/wp\/v2\/media?parent=5687"}],"wp:term":[{"taxonomy":"product_brand","embeddable":true,"href":"https:\/\/polysmarts.com\/fr\/wp-json\/wp\/v2\/product_brand?post=5687"},{"taxonomy":"product_cat","embeddable":true,"href":"https:\/\/polysmarts.com\/fr\/wp-json\/wp\/v2\/product_cat?post=5687"},{"taxonomy":"product_tag","embeddable":true,"href":"https:\/\/polysmarts.com\/fr\/wp-json\/wp\/v2\/product_tag?post=5687"}],"curies":[{"name":"wp","href":"https:\/\/api.w.org\/{rel}","templated":true}]}}