{"id":5637,"date":"2026-02-25T13:07:12","date_gmt":"2026-02-25T05:07:12","guid":{"rendered":"https:\/\/polysmarts.com\/?post_type=product&#038;p=5637"},"modified":"2026-02-25T14:45:38","modified_gmt":"2026-02-25T06:45:38","slug":"sacs-en-mylar-transparents-et-blancs-emballage-personnalise-en-gros","status":"publish","type":"product","link":"https:\/\/polysmarts.com\/fr\/product\/clear-and-white-mylar-bags-custom-wholesale-packaging\/","title":{"rendered":"Sachets en Mylar transparents et blancs | Emballages personnalis\u00e9s et en gros"},"content":{"rendered":"<p data-start=\"1174\" data-end=\"1500\">Notre <strong data-start=\"1178\" data-end=\"1208\">sacs en mylar transparents et blancs<\/strong> Con\u00e7us pour offrir une protection optimale tout en conservant une apparence soign\u00e9e et professionnelle, ces sachets en mylar, avec leur face avant transparente et leur face arri\u00e8re blanche opaque (ou enti\u00e8rement blanche), sont id\u00e9aux pour pr\u00e9senter vos produits tout en les prot\u00e9geant de l&#039;humidit\u00e9, de l&#039;oxyg\u00e8ne et de la lumi\u00e8re.<\/p>\n<p data-start=\"1502\" data-end=\"1662\">Fabriqu\u00e9s \u00e0 partir de mat\u00e9riaux lamin\u00e9s de haute qualit\u00e9, nos sacs en mylar transparents et blancs offrent une excellente durabilit\u00e9 et une grande r\u00e9sistance \u00e0 la perforation. Ils sont largement utilis\u00e9s pour\u00a0:<\/p>\n<ul data-start=\"1664\" data-end=\"1800\">\n<li data-start=\"1664\" data-end=\"1694\">\n<p data-start=\"1666\" data-end=\"1694\">Emballages pour cannabis et CBD<\/p>\n<\/li>\n<li data-start=\"1695\" data-end=\"1722\">\n<p data-start=\"1697\" data-end=\"1722\">stockage des aliments et des collations<\/p>\n<\/li>\n<li data-start=\"1723\" data-end=\"1751\">\n<p data-start=\"1725\" data-end=\"1751\">Emballage de caf\u00e9 et de th\u00e9<\/p>\n<\/li>\n<li data-start=\"1752\" data-end=\"1775\">\n<p data-start=\"1754\" data-end=\"1775\">Compl\u00e9ments alimentaires<\/p>\n<\/li>\n<li data-start=\"1776\" data-end=\"1800\">\n<p data-start=\"1778\" data-end=\"1800\">Poudre et produits secs<\/p>\n<\/li>\n<\/ul>\n<p data-start=\"1802\" data-end=\"2005\">La fen\u00eatre transparente am\u00e9liore la visibilit\u00e9 du produit, renfor\u00e7ant ainsi la confiance des clients et favorisant l&#039;achat. Le fond blanc offre une surface propre pour l&#039;apposition de la marque, l&#039;\u00e9tiquetage des ingr\u00e9dients et les informations de conformit\u00e9.<\/p>\n<p data-start=\"2007\" data-end=\"2053\">Nous proposons des options enti\u00e8rement personnalisables, notamment\u00a0:<\/p>\n<ul data-start=\"2055\" data-end=\"2198\">\n<li data-start=\"2055\" data-end=\"2085\">\n<p data-start=\"2057\" data-end=\"2085\">Tailles et \u00e9paisseurs personnalis\u00e9es<\/p>\n<\/li>\n<li data-start=\"2086\" data-end=\"2112\">\n<p data-start=\"2088\" data-end=\"2112\">finition mate ou brillante<\/p>\n<\/li>\n<li data-start=\"2113\" data-end=\"2144\">\n<p data-start=\"2115\" data-end=\"2144\">Fermetures \u00e0 glissi\u00e8re refermables<\/p>\n<\/li>\n<li data-start=\"2145\" data-end=\"2173\">\n<p data-start=\"2147\" data-end=\"2173\">Encoche pour d\u00e9chirer et trou de suspension<\/p>\n<\/li>\n<li data-start=\"2174\" data-end=\"2198\">\n<p data-start=\"2176\" data-end=\"2198\">Impression de logos personnalis\u00e9s<\/p>\n<\/li>\n<\/ul>\n<p data-start=\"2200\" data-end=\"2360\">Que vous soyez une jeune marque ou un distributeur \u00e9tabli, nos sacs en mylar transparents et blancs en gros constituent une solution d&#039;emballage \u00e9conomique et haut de gamme.<\/p>","protected":false},"excerpt":{"rendered":"<table style=\"height: 294px; width: 99.8505%; border-collapse: collapse;\" border=\"2\">\n<tbody>\n<tr style=\"height: 28px; background-color: #dbdbdb;\">\n<td style=\"width: 22.6796%; background-color: #ebebeb; height: 31px;\"><span style=\"font-family: arial, helvetica, sans-serif; font-size: 12pt;\"><strong>Articles<\/strong><\/span><\/td>\n<td style=\"width: 77.3204%; background-color: #ebebeb; height: 31px;\"><span style=\"font-family: arial, helvetica, sans-serif; font-size: 12pt;\"><strong><a href=\"https:\/\/polysmarts.com\/fr\/categorie-de-produit\/par-type-2\/sacs-en-mylar\/\">Sacs en Mylar personnalis\u00e9s en gros<\/a><\/strong>\u00a0<\/span><\/td>\n<\/tr>\n<tr style=\"height: 40px;\">\n<td style=\"width: 22.6796%; height: 30px; background-color: #99ccff;\"><span style=\"font-family: arial, helvetica, sans-serif; font-size: 12pt;\"><strong>Dimensions et style<\/strong><\/span><\/td>\n<td style=\"width: 77.3204%; height: 30px; background-color: #99ccff;\"><span style=\"font-family: arial, helvetica, sans-serif; font-size: 12pt;\">Formes et tailles personnalis\u00e9es<\/span><\/td>\n<\/tr>\n<tr style=\"height: 40px;\">\n<td style=\"width: 22.6796%; height: 34px; background-color: #ebebeb;\"><span style=\"font-size: 12pt;\"><strong><span style=\"font-family: arial, helvetica, sans-serif;\">Quantit\u00e9 minimum d&#039;achat<\/span><\/strong><\/span><\/td>\n<td style=\"width: 77.3204%; height: 34px; background-color: #ebebeb;\"><span style=\"font-family: arial, helvetica, sans-serif; font-size: 12pt;\">100 pi\u00e8ces sans personnalisation, 10 000 pi\u00e8ces avec personnalisation<\/span><\/td>\n<\/tr>\n<tr style=\"height: 40px; background-color: #99ccff;\">\n<td style=\"width: 22.6796%; height: 32px;\"><span style=\"font-size: 12pt;\"><strong><span style=\"font-family: arial, helvetica, sans-serif;\">Type d&#039;emballage<\/span><\/strong><\/span><\/td>\n<td style=\"width: 77.3204%; height: 32px;\"><span style=\"font-family: arial, helvetica, sans-serif; font-size: 12pt;\"><a href=\"https:\/\/polysmarts.com\/fr\/pochettes-debout-emballage-de-pochettes-debout-personnalise\/\"><strong>Pochette debout<\/strong><\/a> avec fermeture \u00e9clair<\/span><\/td>\n<\/tr>\n<tr style=\"height: 40px; background-color: #ebebeb;\">\n<td style=\"width: 22.6796%; height: 24px;\"><span style=\"font-size: 12pt;\"><strong><span style=\"font-family: arial, helvetica, sans-serif;\">Impression<\/span><\/strong><\/span><\/td>\n<td style=\"width: 77.3204%; height: 24px;\"><span style=\"font-family: arial, helvetica, sans-serif; font-size: 12pt;\">CMJN (1 \u00e0 10 couleurs), sans impression (uni), impression num\u00e9rique<\/span><\/td>\n<\/tr>\n<tr style=\"height: 40px; background-color: #99ccff;\">\n<td style=\"width: 22.6796%; height: 32px;\"><span style=\"font-size: 12pt;\"><strong><span style=\"font-family: arial, helvetica, sans-serif;\">Material<\/span><\/strong><\/span><\/td>\n<td style=\"width: 77.3204%; height: 32px;\"><span style=\"font-family: arial, helvetica, sans-serif; font-size: 12pt;\">Mat\u00e9riau lamin\u00e9, MOPP+VMPET+PE<\/span><\/td>\n<\/tr>\n<tr style=\"height: 40px; background-color: #ebebeb;\">\n<td style=\"width: 22.6796%; height: 33px;\"><span style=\"font-size: 12pt;\"><strong><span style=\"font-family: arial, helvetica, sans-serif;\">Options incluses<\/span><\/strong><\/span><\/td>\n<td style=\"width: 77.3204%; height: 33px;\"><span style=\"font-family: arial, helvetica, sans-serif; font-size: 12pt;\">D\u00e9coupe, thermoscellage<\/span><\/td>\n<\/tr>\n<tr style=\"height: 40px; background-color: #99ccff;\">\n<td style=\"width: 22.6796%; height: 30px;\"><span style=\"font-size: 12pt;\"><strong><span style=\"font-family: arial, helvetica, sans-serif;\">Fonctionnalit\u00e9<\/span><\/strong><\/span><\/td>\n<td style=\"width: 77.3204%; height: 30px;\"><span style=\"font-family: arial, helvetica, sans-serif; font-size: 12pt;\">Mat\u00e9riau de qualit\u00e9 alimentaire\u00a0: \u00e9tanche aux odeurs, \u00e0 l\u2019humidit\u00e9 et \u00e0 l\u2019oxyg\u00e8ne, r\u00e9sistant aux hautes temp\u00e9ratures, r\u00e9sistant \u00e0 l\u2019humidit\u00e9 et \u00e0 l\u2019humidit\u00e9.<\/span><\/td>\n<\/tr>\n<tr style=\"height: 40px; background-color: #ebebeb;\">\n<td style=\"width: 22.6796%; height: 24px;\"><span style=\"font-size: 12pt;\"><strong><span style=\"font-family: arial, helvetica, sans-serif;\">D\u00e9lai d&#039;ex\u00e9cution<\/span><\/strong><\/span><\/td>\n<td style=\"width: 77.3204%; height: 24px;\"><span style=\"font-family: arial, helvetica, sans-serif; font-size: 12pt;\">7 \u00e0 15 jours ouvrables, RUSH<\/span><\/td>\n<\/tr>\n<tr style=\"height: 40px; background-color: #99ccff;\">\n<td style=\"width: 22.6796%; height: 24px;\"><span style=\"font-size: 12pt;\"><strong><span style=\"font-family: arial, helvetica, sans-serif;\">Exp\u00e9dition<\/span><\/strong><\/span><\/td>\n<td style=\"width: 77.3204%; height: 24px;\"><span style=\"font-family: arial, helvetica, sans-serif; font-size: 12pt;\">Air, Mer, Express<\/span><\/td>\n<\/tr>\n<\/tbody>\n<\/table>","protected":false},"featured_media":5630,"comment_status":"open","ping_status":"closed","template":"","meta":[],"product_brand":[],"product_cat":[26,28,35,18],"product_tag":[],"class_list":{"0":"post-5637","1":"product","2":"type-product","3":"status-publish","4":"has-post-thumbnail","6":"product_cat-food-packaging","7":"product_cat-cbd-packaging","8":"product_cat-mylar-bags","9":"product_cat-zipper-bags","11":"first","12":"instock","13":"shipping-taxable","14":"purchasable","15":"product-type-variable"},"_links":{"self":[{"href":"https:\/\/polysmarts.com\/fr\/wp-json\/wp\/v2\/product\/5637","targetHints":{"allow":["GET"]}}],"collection":[{"href":"https:\/\/polysmarts.com\/fr\/wp-json\/wp\/v2\/product"}],"about":[{"href":"https:\/\/polysmarts.com\/fr\/wp-json\/wp\/v2\/types\/product"}],"replies":[{"embeddable":true,"href":"https:\/\/polysmarts.com\/fr\/wp-json\/wp\/v2\/comments?post=5637"}],"version-history":[{"count":3,"href":"https:\/\/polysmarts.com\/fr\/wp-json\/wp\/v2\/product\/5637\/revisions"}],"predecessor-version":[{"id":5643,"href":"https:\/\/polysmarts.com\/fr\/wp-json\/wp\/v2\/product\/5637\/revisions\/5643"}],"wp:featuredmedia":[{"embeddable":true,"href":"https:\/\/polysmarts.com\/fr\/wp-json\/wp\/v2\/media\/5630"}],"wp:attachment":[{"href":"https:\/\/polysmarts.com\/fr\/wp-json\/wp\/v2\/media?parent=5637"}],"wp:term":[{"taxonomy":"product_brand","embeddable":true,"href":"https:\/\/polysmarts.com\/fr\/wp-json\/wp\/v2\/product_brand?post=5637"},{"taxonomy":"product_cat","embeddable":true,"href":"https:\/\/polysmarts.com\/fr\/wp-json\/wp\/v2\/product_cat?post=5637"},{"taxonomy":"product_tag","embeddable":true,"href":"https:\/\/polysmarts.com\/fr\/wp-json\/wp\/v2\/product_tag?post=5637"}],"curies":[{"name":"wp","href":"https:\/\/api.w.org\/{rel}","templated":true}]}}