{"id":5617,"date":"2026-02-06T16:05:28","date_gmt":"2026-02-06T08:05:28","guid":{"rendered":"https:\/\/polysmarts.com\/?post_type=product&#038;p=5617"},"modified":"2026-02-06T18:17:19","modified_gmt":"2026-02-06T10:17:19","slug":"sacs-demballage-personnalises-pour-cannabis-solutions-durables-et-ecologiques-de-polysmarts","status":"publish","type":"product","link":"https:\/\/polysmarts.com\/fr\/product\/custom-cannabis-packaging-bags-polysmarts-durable-eco-friendly-solutions\/","title":{"rendered":"Sacs d&#039;emballage personnalis\u00e9s pour le cannabis | Polysmarts \u2013 Solutions durables et \u00e9cologiques"},"content":{"rendered":"<h2><strong><span style=\"font-size: 14pt;\">Sacs d&#039;emballage personnalis\u00e9s pour votre marque de cannabis \u2013 Durables, \u00e9cologiques et conformes \u00e0 la r\u00e9glementation<\/span><\/strong><\/h2>\n<p data-start=\"658\" data-end=\"928\">\u00c0 <strong data-start=\"661\" data-end=\"675\">Polysmarts<\/strong>, nous nous sp\u00e9cialisons dans la fabrication <strong data-start=\"708\" data-end=\"742\">sacs d&#039;emballage personnalis\u00e9s pour cannabis<\/strong> Nos solutions d&#039;emballage allient durabilit\u00e9, conformit\u00e9 et respect de l&#039;environnement. Elles sont con\u00e7ues pour pr\u00e9server la fra\u00eecheur de vos produits \u00e0 base de cannabis tout en respectant les normes de l&#039;industrie.<\/p>\n<p data-start=\"930\" data-end=\"1268\">Que vous soyez un dispensaire, une marque ou un producteur, notre <strong data-start=\"983\" data-end=\"1007\">sacs \u00e0 cannabis personnalis\u00e9s<\/strong> Nos emballages sont con\u00e7us sur mesure pour r\u00e9pondre \u00e0 vos besoins sp\u00e9cifiques, avec un large choix de tailles, de mat\u00e9riaux et de designs. Soucieux de l&#039;environnement, ils prot\u00e8gent vos produits et refl\u00e8tent l&#039;engagement de votre marque en mati\u00e8re de d\u00e9veloppement durable.<\/p>\n<p data-start=\"1270\" data-end=\"1302\">Notre <strong data-start=\"1274\" data-end=\"1294\">emballage personnalis\u00e9<\/strong> offres :<\/p>\n<ul data-start=\"1303\" data-end=\"1705\">\n<li data-start=\"1303\" data-end=\"1407\">\n<p data-start=\"1305\" data-end=\"1407\"><strong data-start=\"1305\" data-end=\"1319\">Durabilit\u00e9<\/strong>Des mat\u00e9riaux robustes et de haute qualit\u00e9 pour prot\u00e9ger votre cannabis de l&#039;humidit\u00e9, de la lumi\u00e8re et de l&#039;air.<\/p>\n<\/li>\n<li data-start=\"1408\" data-end=\"1487\">\n<p data-start=\"1410\" data-end=\"1487\"><strong data-start=\"1410\" data-end=\"1424\">Conformit\u00e9<\/strong>: Emballage conforme \u00e0 la r\u00e9glementation en vigueur pour les produits \u00e0 base de cannabis.<\/p>\n<\/li>\n<li data-start=\"1488\" data-end=\"1588\">\n<p data-start=\"1490\" data-end=\"1588\"><strong data-start=\"1490\" data-end=\"1514\">Options \u00e9cologiques<\/strong>Des mat\u00e9riaux respectueux de l&#039;environnement qui minimisent votre empreinte carbone.<\/p>\n<\/li>\n<li data-start=\"1589\" data-end=\"1705\">\n<p data-start=\"1591\" data-end=\"1705\"><strong data-start=\"1591\" data-end=\"1610\">Image de marque personnalis\u00e9e<\/strong>Cr\u00e9ez des sacs qui refl\u00e8tent l&#039;identit\u00e9 unique de votre marque gr\u00e2ce \u00e0 nos techniques d&#039;impression avanc\u00e9es.<\/p>\n<\/li>\n<\/ul>\n<p data-start=\"1707\" data-end=\"1761\"><strong data-start=\"1707\" data-end=\"1761\">Pourquoi choisir Polysmarts pour vos emballages de cannabis ?<\/strong><\/p>\n<ul data-start=\"1763\" data-end=\"2153\">\n<li data-start=\"1763\" data-end=\"1876\">\n<p data-start=\"1765\" data-end=\"1876\"><strong data-start=\"1765\" data-end=\"1796\">Emballage fiable et s\u00e9curis\u00e9<\/strong>Garantir la s\u00e9curit\u00e9 et l&#039;int\u00e9grit\u00e9 de votre produit, de la production \u00e0 la livraison.<\/p>\n<\/li>\n<li data-start=\"1877\" data-end=\"1998\">\n<p data-start=\"1879\" data-end=\"1998\"><strong data-start=\"1879\" data-end=\"1901\">Expertise sectorielle<\/strong>Des ann\u00e9es d&#039;exp\u00e9rience dans le secteur de l&#039;emballage personnalis\u00e9, notamment pour les produits li\u00e9s au cannabis.<\/p>\n<\/li>\n<li data-start=\"1999\" data-end=\"2153\">\n<p data-start=\"2001\" data-end=\"2153\"><strong data-start=\"2001\" data-end=\"2020\">D\u00e9lai d&#039;ex\u00e9cution rapide<\/strong>Nous comprenons l&#039;urgence de commercialiser votre produit dans les d\u00e9lais impartis, et notre processus de production est con\u00e7u pour respecter vos \u00e9ch\u00e9ances.<\/p>\n<\/li>\n<\/ul>\n<p data-start=\"2155\" data-end=\"2459\">Que vous souhaitiez conditionner des fleurs, des produits comestibles, des concentr\u00e9s ou tout autre produit \u00e0 base de cannabis, <strong data-start=\"2252\" data-end=\"2266\">Polysmarts<\/strong> est votre source de r\u00e9f\u00e9rence pour <strong data-start=\"2292\" data-end=\"2326\">sacs d&#039;emballage personnalis\u00e9s pour cannabis<\/strong>. Faites-nous confiance pour vous fournir des emballages de haute qualit\u00e9, conformes aux normes et durables qui pr\u00e9servent la fra\u00eecheur de vos produits et mettent en valeur votre marque.<\/p>","protected":false},"excerpt":{"rendered":"<table style=\"height: 294px; width: 99.8505%; border-collapse: collapse;\" border=\"2\">\n<tbody>\n<tr style=\"height: 28px; background-color: #dbdbdb;\">\n<td style=\"width: 22.6796%; background-color: #ebebeb; height: 31px;\"><span style=\"font-family: arial, helvetica, sans-serif; font-size: 12pt;\"><strong>Articles<\/strong><\/span><\/td>\n<td style=\"width: 77.3204%; background-color: #ebebeb; height: 31px;\"><span style=\"font-family: arial, helvetica, sans-serif; font-size: 12pt;\"><strong><a href=\"https:\/\/polysmarts.com\/fr\/categorie-de-produit\/par-type-2\/sacs-en-mylar\/\">Sacs en Mylar personnalis\u00e9s en gros<\/a><\/strong>\u00a0<\/span><\/td>\n<\/tr>\n<tr style=\"height: 40px;\">\n<td style=\"width: 22.6796%; height: 30px; background-color: #99ccff;\"><span style=\"font-family: arial, helvetica, sans-serif; font-size: 12pt;\"><strong>Dimensions et style<\/strong><\/span><\/td>\n<td style=\"width: 77.3204%; height: 30px; background-color: #99ccff;\"><span style=\"font-family: arial, helvetica, sans-serif; font-size: 12pt;\">Formes et tailles personnalis\u00e9es<\/span><\/td>\n<\/tr>\n<tr style=\"height: 40px;\">\n<td style=\"width: 22.6796%; height: 34px; background-color: #ebebeb;\"><span style=\"font-size: 12pt;\"><strong><span style=\"font-family: arial, helvetica, sans-serif;\">Quantit\u00e9 minimum d&#039;achat<\/span><\/strong><\/span><\/td>\n<td style=\"width: 77.3204%; height: 34px; background-color: #ebebeb;\"><span style=\"font-family: arial, helvetica, sans-serif; font-size: 12pt;\">100 pi\u00e8ces sans personnalisation, 10 000 pi\u00e8ces avec personnalisation<\/span><\/td>\n<\/tr>\n<tr style=\"height: 40px; background-color: #99ccff;\">\n<td style=\"width: 22.6796%; height: 32px;\"><span style=\"font-size: 12pt;\"><strong><span style=\"font-family: arial, helvetica, sans-serif;\">Type d&#039;emballage<\/span><\/strong><\/span><\/td>\n<td style=\"width: 77.3204%; height: 32px;\"><span style=\"font-family: arial, helvetica, sans-serif; font-size: 12pt;\"><a href=\"https:\/\/polysmarts.com\/fr\/pochettes-debout-emballage-de-pochettes-debout-personnalise\/\"><strong>Pochette debout<\/strong><\/a> avec fermeture \u00e9clair<\/span><\/td>\n<\/tr>\n<tr style=\"height: 40px; background-color: #ebebeb;\">\n<td style=\"width: 22.6796%; height: 24px;\"><span style=\"font-size: 12pt;\"><strong><span style=\"font-family: arial, helvetica, sans-serif;\">Impression<\/span><\/strong><\/span><\/td>\n<td style=\"width: 77.3204%; height: 24px;\"><span style=\"font-family: arial, helvetica, sans-serif; font-size: 12pt;\">CMJN (1 \u00e0 10 couleurs), sans impression (uni), impression num\u00e9rique<\/span><\/td>\n<\/tr>\n<tr style=\"height: 40px; background-color: #99ccff;\">\n<td style=\"width: 22.6796%; height: 32px;\"><span style=\"font-size: 12pt;\"><strong><span style=\"font-family: arial, helvetica, sans-serif;\">Material<\/span><\/strong><\/span><\/td>\n<td style=\"width: 77.3204%; height: 32px;\"><span style=\"font-family: arial, helvetica, sans-serif; font-size: 12pt;\">Mat\u00e9riau lamin\u00e9, MOPP+VMPET+PE<\/span><\/td>\n<\/tr>\n<tr style=\"height: 40px; background-color: #ebebeb;\">\n<td style=\"width: 22.6796%; height: 33px;\"><span style=\"font-size: 12pt;\"><strong><span style=\"font-family: arial, helvetica, sans-serif;\">Options incluses<\/span><\/strong><\/span><\/td>\n<td style=\"width: 77.3204%; height: 33px;\"><span style=\"font-family: arial, helvetica, sans-serif; font-size: 12pt;\">D\u00e9coupe, thermoscellage<\/span><\/td>\n<\/tr>\n<tr style=\"height: 40px; background-color: #99ccff;\">\n<td style=\"width: 22.6796%; height: 30px;\"><span style=\"font-size: 12pt;\"><strong><span style=\"font-family: arial, helvetica, sans-serif;\">Fonctionnalit\u00e9<\/span><\/strong><\/span><\/td>\n<td style=\"width: 77.3204%; height: 30px;\"><span style=\"font-family: arial, helvetica, sans-serif; font-size: 12pt;\">Mat\u00e9riau de qualit\u00e9 alimentaire\u00a0: \u00e9tanche aux odeurs, \u00e0 l\u2019humidit\u00e9 et \u00e0 l\u2019oxyg\u00e8ne, r\u00e9sistant aux hautes temp\u00e9ratures, r\u00e9sistant \u00e0 l\u2019humidit\u00e9 et \u00e0 l\u2019humidit\u00e9.<\/span><\/td>\n<\/tr>\n<tr style=\"height: 40px; background-color: #ebebeb;\">\n<td style=\"width: 22.6796%; height: 24px;\"><span style=\"font-size: 12pt;\"><strong><span style=\"font-family: arial, helvetica, sans-serif;\">D\u00e9lai d&#039;ex\u00e9cution<\/span><\/strong><\/span><\/td>\n<td style=\"width: 77.3204%; height: 24px;\"><span style=\"font-family: arial, helvetica, sans-serif; font-size: 12pt;\">7 \u00e0 15 jours ouvrables, RUSH<\/span><\/td>\n<\/tr>\n<tr style=\"height: 40px; background-color: #99ccff;\">\n<td style=\"width: 22.6796%; height: 24px;\"><span style=\"font-size: 12pt;\"><strong><span style=\"font-family: arial, helvetica, sans-serif;\">Exp\u00e9dition<\/span><\/strong><\/span><\/td>\n<td style=\"width: 77.3204%; height: 24px;\"><span style=\"font-family: arial, helvetica, sans-serif; font-size: 12pt;\">Air, Mer, Express<\/span><\/td>\n<\/tr>\n<\/tbody>\n<\/table>\n<p>\u00a0<\/p>","protected":false},"featured_media":5621,"comment_status":"open","ping_status":"closed","template":"","meta":[],"product_brand":[],"product_cat":[26,28,35,18],"product_tag":[],"class_list":{"0":"post-5617","1":"product","2":"type-product","3":"status-publish","4":"has-post-thumbnail","6":"product_cat-food-packaging","7":"product_cat-cbd-packaging","8":"product_cat-mylar-bags","9":"product_cat-zipper-bags","11":"first","12":"instock","13":"shipping-taxable","14":"purchasable","15":"product-type-variable"},"_links":{"self":[{"href":"https:\/\/polysmarts.com\/fr\/wp-json\/wp\/v2\/product\/5617","targetHints":{"allow":["GET"]}}],"collection":[{"href":"https:\/\/polysmarts.com\/fr\/wp-json\/wp\/v2\/product"}],"about":[{"href":"https:\/\/polysmarts.com\/fr\/wp-json\/wp\/v2\/types\/product"}],"replies":[{"embeddable":true,"href":"https:\/\/polysmarts.com\/fr\/wp-json\/wp\/v2\/comments?post=5617"}],"version-history":[{"count":1,"href":"https:\/\/polysmarts.com\/fr\/wp-json\/wp\/v2\/product\/5617\/revisions"}],"predecessor-version":[{"id":5627,"href":"https:\/\/polysmarts.com\/fr\/wp-json\/wp\/v2\/product\/5617\/revisions\/5627"}],"wp:featuredmedia":[{"embeddable":true,"href":"https:\/\/polysmarts.com\/fr\/wp-json\/wp\/v2\/media\/5621"}],"wp:attachment":[{"href":"https:\/\/polysmarts.com\/fr\/wp-json\/wp\/v2\/media?parent=5617"}],"wp:term":[{"taxonomy":"product_brand","embeddable":true,"href":"https:\/\/polysmarts.com\/fr\/wp-json\/wp\/v2\/product_brand?post=5617"},{"taxonomy":"product_cat","embeddable":true,"href":"https:\/\/polysmarts.com\/fr\/wp-json\/wp\/v2\/product_cat?post=5617"},{"taxonomy":"product_tag","embeddable":true,"href":"https:\/\/polysmarts.com\/fr\/wp-json\/wp\/v2\/product_tag?post=5617"}],"curies":[{"name":"wp","href":"https:\/\/api.w.org\/{rel}","templated":true}]}}