{"id":5610,"date":"2026-02-03T14:30:38","date_gmt":"2026-02-03T06:30:38","guid":{"rendered":"https:\/\/polysmarts.com\/?post_type=product&#038;p=5610"},"modified":"2026-02-03T14:35:42","modified_gmt":"2026-02-03T06:35:42","slug":"fabricant-et-grossiste-de-sacs-en-mylar-personnalises","status":"publish","type":"product","link":"https:\/\/polysmarts.com\/fr\/product\/custom-mylar-bags-wholesale-manufacturer-factory\/","title":{"rendered":"Sacs Mylar personnalis\u00e9s en gros | Fabricant et usine"},"content":{"rendered":"<p data-start=\"517\" data-end=\"811\">Polysmarts est un professionnel <strong data-start=\"546\" data-end=\"584\">fabricant de sacs d&#039;emballage personnalis\u00e9s<\/strong>, sp\u00e9cialis\u00e9 dans <strong data-start=\"602\" data-end=\"633\">sacs en mylar personnalis\u00e9s en gros<\/strong> Nous proposons nos services aux marques, distributeurs et entreprises du monde entier. Nous garantissons des prix directs d&#039;usine, une capacit\u00e9 de production stable et des solutions enti\u00e8rement personnalis\u00e9es, adapt\u00e9es \u00e0 vos besoins en mati\u00e8re d&#039;emballage.<\/p>\n<p data-start=\"813\" data-end=\"1103\">Nos sachets en mylar personnalis\u00e9s sont largement utilis\u00e9s pour le cannabis, les produits alimentaires, les compl\u00e9ments alimentaires, les cosm\u00e9tiques et les articles de d\u00e9tail. Fabriqu\u00e9s \u00e0 partir de mat\u00e9riaux multicouches de haute qualit\u00e9, ils offrent une excellente protection contre l&#039;humidit\u00e9, l&#039;oxyg\u00e8ne, la lumi\u00e8re et les odeurs, pr\u00e9servant ainsi la fra\u00eecheur, la s\u00e9curit\u00e9 et l&#039;attrait visuel des produits.<\/p>\n<p><strong><span style=\"font-size: 14pt;\">Pourquoi choisir Polysmarts pour l&#039;achat en gros de sacs Mylar personnalis\u00e9s ?<\/span><\/strong><\/p>\n<ul data-start=\"1165\" data-end=\"1888\">\n<li data-start=\"1165\" data-end=\"1321\">\n<p data-start=\"1167\" data-end=\"1321\"><strong data-start=\"1167\" data-end=\"1203\">Prix de gros direct usine<\/strong><br data-start=\"1203\" data-end=\"1206\" \/>En tant que fabricant, nous \u00e9liminons les interm\u00e9diaires afin de proposer des prix de gros comp\u00e9titifs et un contr\u00f4le qualit\u00e9 constant.<\/p>\n<\/li>\n<li data-start=\"1323\" data-end=\"1486\">\n<p data-start=\"1325\" data-end=\"1486\"><strong data-start=\"1325\" data-end=\"1355\">Options de personnalisation compl\u00e8tes<\/strong><br data-start=\"1355\" data-end=\"1358\" \/>Personnalisez la taille, l&#039;\u00e9paisseur, la structure du mat\u00e9riau, les finitions (mate, brillante, douce au toucher), les styles de fermeture \u00e9clair, les encoches de d\u00e9chirure et l&#039;impression.<\/p>\n<\/li>\n<li data-start=\"1488\" data-end=\"1623\">\n<p data-start=\"1490\" data-end=\"1623\"><strong data-start=\"1490\" data-end=\"1522\">Technologie d&#039;impression avanc\u00e9e<\/strong><br data-start=\"1522\" data-end=\"1525\" \/>L&#039;impression haute r\u00e9solution garantit des graphismes nets, des couleurs \u00e9clatantes et une image de marque haut de gamme.<\/p>\n<\/li>\n<li data-start=\"1625\" data-end=\"1765\">\n<p data-start=\"1627\" data-end=\"1765\"><strong data-start=\"1627\" data-end=\"1661\">Mat\u00e9riaux inodores et durables<\/strong><br data-start=\"1661\" data-end=\"1664\" \/>Nos sacs en mylar sont con\u00e7us pour offrir une \u00e9tanch\u00e9it\u00e9 optimale et d&#039;excellentes propri\u00e9t\u00e9s anti-odeurs.<\/p>\n<\/li>\n<li data-start=\"1767\" data-end=\"1888\">\n<p data-start=\"1769\" data-end=\"1888\"><strong data-start=\"1769\" data-end=\"1798\">Faible quantit\u00e9 minimale de commande et production rapide<\/strong><br data-start=\"1798\" data-end=\"1801\" \/>La flexibilit\u00e9 des quantit\u00e9s minimales de commande permet aux startups et aux marques en pleine croissance de se d\u00e9velopper efficacement.<\/p>\n<\/li>\n<\/ul>\n<h3 data-start=\"1890\" data-end=\"1931\"><span style=\"font-size: 14pt;\"><strong>Applications de nos sacs en Mylar personnalis\u00e9s<\/strong><\/span><\/h3>\n<ul data-start=\"1933\" data-end=\"2087\">\n<li data-start=\"1933\" data-end=\"1961\">\n<p data-start=\"1935\" data-end=\"1961\">Produits \u00e0 base de cannabis et de chanvre<\/p>\n<\/li>\n<li data-start=\"1962\" data-end=\"1990\">\n<p data-start=\"1964\" data-end=\"1990\">Produits comestibles et emballages alimentaires<\/p>\n<\/li>\n<li data-start=\"1991\" data-end=\"2015\">\n<p data-start=\"1993\" data-end=\"2015\">Caf\u00e9, th\u00e9 et en-cas<\/p>\n<\/li>\n<li data-start=\"2016\" data-end=\"2048\">\n<p data-start=\"2018\" data-end=\"2048\">Compl\u00e9ments alimentaires et nutraceutiques<\/p>\n<\/li>\n<li data-start=\"2049\" data-end=\"2087\">\n<p data-start=\"2051\" data-end=\"2087\">Produits cosm\u00e9tiques et de soins personnels<\/p>\n<\/li>\n<\/ul>\n<p data-start=\"2089\" data-end=\"2283\">Que vous lanciez une nouvelle marque ou d\u00e9veloppiez votre entreprise, Polysmarts vous offre des solutions fiables. <strong data-start=\"2181\" data-end=\"2212\">sacs en mylar personnalis\u00e9s en gros<\/strong> Des solutions qui allient fonctionnalit\u00e9, esth\u00e9tique et rentabilit\u00e9.<\/p>\n<p data-start=\"2089\" data-end=\"2283\"><a href=\"https:\/\/polysmarts.com\/fr\/contactez-nous\/\"><strong data-start=\"2288\" data-end=\"2316\">Contactez Polysmarts d\u00e8s aujourd&#039;hui<\/strong><\/a> pour obtenir un devis personnalis\u00e9 et d\u00e9marrer votre projet de sacs mylar en gros avec un fabricant d&#039;emballages de confiance.<\/p>","protected":false},"excerpt":{"rendered":"<table style=\"height: 294px; width: 99.8505%; border-collapse: collapse;\" border=\"2\">\n<tbody>\n<tr style=\"height: 28px; background-color: #dbdbdb;\">\n<td style=\"width: 22.6796%; background-color: #ebebeb; height: 31px;\"><span style=\"font-family: arial, helvetica, sans-serif; font-size: 12pt;\"><strong>Articles<\/strong><\/span><\/td>\n<td style=\"width: 77.3204%; background-color: #ebebeb; height: 31px;\"><span style=\"font-family: arial, helvetica, sans-serif; font-size: 12pt;\"><strong><a href=\"https:\/\/polysmarts.com\/fr\/categorie-de-produit\/par-type-2\/sacs-en-mylar\/\">Sacs en Mylar personnalis\u00e9s en gros<\/a><\/strong>\u00a0<\/span><\/td>\n<\/tr>\n<tr style=\"height: 40px;\">\n<td style=\"width: 22.6796%; height: 30px; background-color: #99ccff;\"><span style=\"font-family: arial, helvetica, sans-serif; font-size: 12pt;\"><strong>Dimensions et style<\/strong><\/span><\/td>\n<td style=\"width: 77.3204%; height: 30px; background-color: #99ccff;\"><span style=\"font-family: arial, helvetica, sans-serif; font-size: 12pt;\">Formes et tailles personnalis\u00e9es<\/span><\/td>\n<\/tr>\n<tr style=\"height: 40px;\">\n<td style=\"width: 22.6796%; height: 34px; background-color: #ebebeb;\"><span style=\"font-size: 12pt;\"><strong><span style=\"font-family: arial, helvetica, sans-serif;\">Quantit\u00e9 minimum d&#039;achat<\/span><\/strong><\/span><\/td>\n<td style=\"width: 77.3204%; height: 34px; background-color: #ebebeb;\"><span style=\"font-family: arial, helvetica, sans-serif; font-size: 12pt;\">100 pi\u00e8ces sans personnalisation, 10 000 pi\u00e8ces avec personnalisation<\/span><\/td>\n<\/tr>\n<tr style=\"height: 40px; background-color: #99ccff;\">\n<td style=\"width: 22.6796%; height: 32px;\"><span style=\"font-size: 12pt;\"><strong><span style=\"font-family: arial, helvetica, sans-serif;\">Type d&#039;emballage<\/span><\/strong><\/span><\/td>\n<td style=\"width: 77.3204%; height: 32px;\"><span style=\"font-family: arial, helvetica, sans-serif; font-size: 12pt;\"><a href=\"https:\/\/polysmarts.com\/fr\/pochettes-debout-emballage-de-pochettes-debout-personnalise\/\"><strong>Pochette debout<\/strong><\/a> avec fermeture \u00e9clair<\/span><\/td>\n<\/tr>\n<tr style=\"height: 40px; background-color: #ebebeb;\">\n<td style=\"width: 22.6796%; height: 24px;\"><span style=\"font-size: 12pt;\"><strong><span style=\"font-family: arial, helvetica, sans-serif;\">Impression<\/span><\/strong><\/span><\/td>\n<td style=\"width: 77.3204%; height: 24px;\"><span style=\"font-family: arial, helvetica, sans-serif; font-size: 12pt;\">CMJN (1 \u00e0 10 couleurs), sans impression (uni), impression num\u00e9rique<\/span><\/td>\n<\/tr>\n<tr style=\"height: 40px; background-color: #99ccff;\">\n<td style=\"width: 22.6796%; height: 32px;\"><span style=\"font-size: 12pt;\"><strong><span style=\"font-family: arial, helvetica, sans-serif;\">Material<\/span><\/strong><\/span><\/td>\n<td style=\"width: 77.3204%; height: 32px;\"><span style=\"font-family: arial, helvetica, sans-serif; font-size: 12pt;\">Mat\u00e9riau lamin\u00e9, MOPP+VMPET+PE<\/span><\/td>\n<\/tr>\n<tr style=\"height: 40px; background-color: #ebebeb;\">\n<td style=\"width: 22.6796%; height: 33px;\"><span style=\"font-size: 12pt;\"><strong><span style=\"font-family: arial, helvetica, sans-serif;\">Options incluses<\/span><\/strong><\/span><\/td>\n<td style=\"width: 77.3204%; height: 33px;\"><span style=\"font-family: arial, helvetica, sans-serif; font-size: 12pt;\">D\u00e9coupe, thermoscellage<\/span><\/td>\n<\/tr>\n<tr style=\"height: 40px; background-color: #99ccff;\">\n<td style=\"width: 22.6796%; height: 30px;\"><span style=\"font-size: 12pt;\"><strong><span style=\"font-family: arial, helvetica, sans-serif;\">Fonctionnalit\u00e9<\/span><\/strong><\/span><\/td>\n<td style=\"width: 77.3204%; height: 30px;\"><span style=\"font-family: arial, helvetica, sans-serif; font-size: 12pt;\">Mat\u00e9riau de qualit\u00e9 alimentaire\u00a0: \u00e9tanche aux odeurs, \u00e0 l\u2019humidit\u00e9 et \u00e0 l\u2019oxyg\u00e8ne, r\u00e9sistant aux hautes temp\u00e9ratures, r\u00e9sistant \u00e0 l\u2019humidit\u00e9 et \u00e0 l\u2019humidit\u00e9.<\/span><\/td>\n<\/tr>\n<tr style=\"height: 40px; background-color: #ebebeb;\">\n<td style=\"width: 22.6796%; height: 24px;\"><span style=\"font-size: 12pt;\"><strong><span style=\"font-family: arial, helvetica, sans-serif;\">D\u00e9lai d&#039;ex\u00e9cution<\/span><\/strong><\/span><\/td>\n<td style=\"width: 77.3204%; height: 24px;\"><span style=\"font-family: arial, helvetica, sans-serif; font-size: 12pt;\">7 \u00e0 15 jours ouvrables, RUSH<\/span><\/td>\n<\/tr>\n<tr style=\"height: 40px; background-color: #99ccff;\">\n<td style=\"width: 22.6796%; height: 24px;\"><span style=\"font-size: 12pt;\"><strong><span style=\"font-family: arial, helvetica, sans-serif;\">Exp\u00e9dition<\/span><\/strong><\/span><\/td>\n<td style=\"width: 77.3204%; height: 24px;\"><span style=\"font-family: arial, helvetica, sans-serif; font-size: 12pt;\">Air, Mer, Express<\/span><\/td>\n<\/tr>\n<\/tbody>\n<\/table>\n<p>&nbsp;<\/p>","protected":false},"featured_media":5604,"comment_status":"open","ping_status":"closed","template":"","meta":[],"product_brand":[],"product_cat":[26,28,35,18],"product_tag":[],"class_list":{"0":"post-5610","1":"product","2":"type-product","3":"status-publish","4":"has-post-thumbnail","6":"product_cat-food-packaging","7":"product_cat-cbd-packaging","8":"product_cat-mylar-bags","9":"product_cat-zipper-bags","11":"first","12":"instock","13":"shipping-taxable","14":"purchasable","15":"product-type-variable"},"_links":{"self":[{"href":"https:\/\/polysmarts.com\/fr\/wp-json\/wp\/v2\/product\/5610","targetHints":{"allow":["GET"]}}],"collection":[{"href":"https:\/\/polysmarts.com\/fr\/wp-json\/wp\/v2\/product"}],"about":[{"href":"https:\/\/polysmarts.com\/fr\/wp-json\/wp\/v2\/types\/product"}],"replies":[{"embeddable":true,"href":"https:\/\/polysmarts.com\/fr\/wp-json\/wp\/v2\/comments?post=5610"}],"version-history":[{"count":2,"href":"https:\/\/polysmarts.com\/fr\/wp-json\/wp\/v2\/product\/5610\/revisions"}],"predecessor-version":[{"id":5615,"href":"https:\/\/polysmarts.com\/fr\/wp-json\/wp\/v2\/product\/5610\/revisions\/5615"}],"wp:featuredmedia":[{"embeddable":true,"href":"https:\/\/polysmarts.com\/fr\/wp-json\/wp\/v2\/media\/5604"}],"wp:attachment":[{"href":"https:\/\/polysmarts.com\/fr\/wp-json\/wp\/v2\/media?parent=5610"}],"wp:term":[{"taxonomy":"product_brand","embeddable":true,"href":"https:\/\/polysmarts.com\/fr\/wp-json\/wp\/v2\/product_brand?post=5610"},{"taxonomy":"product_cat","embeddable":true,"href":"https:\/\/polysmarts.com\/fr\/wp-json\/wp\/v2\/product_cat?post=5610"},{"taxonomy":"product_tag","embeddable":true,"href":"https:\/\/polysmarts.com\/fr\/wp-json\/wp\/v2\/product_tag?post=5610"}],"curies":[{"name":"wp","href":"https:\/\/api.w.org\/{rel}","templated":true}]}}