{"id":5589,"date":"2026-02-03T12:26:51","date_gmt":"2026-02-03T04:26:51","guid":{"rendered":"https:\/\/polysmarts.com\/?post_type=product&#038;p=5589"},"modified":"2026-02-03T12:36:47","modified_gmt":"2026-02-03T04:36:47","slug":"sacs-a-cannabis-haut-de-gamme-anti-odeurs-emballage-personnalise-par-polysmarts","status":"publish","type":"product","link":"https:\/\/polysmarts.com\/fr\/product\/premium-smell-proof-weed-bags-custom-packaging-by-polysmarts\/","title":{"rendered":"Sacs \u00e0 cannabis anti-odeurs haut de gamme | Emballage personnalis\u00e9 par Polysmarts"},"content":{"rendered":"<p data-start=\"383\" data-end=\"784\">Chez Polysmarts, nous sommes sp\u00e9cialis\u00e9s dans la cr\u00e9ation de solutions d&#039;emballage personnalis\u00e9es et de haute qualit\u00e9 pour l&#039;industrie du cannabis. <strong data-start=\"523\" data-end=\"548\">sacs \u00e0 herbe anti-odeurs<\/strong> Con\u00e7us pour un contr\u00f4le optimal des odeurs, nos sacs allient durabilit\u00e9 et discr\u00e9tion. Que ce soit pour un usage personnel ou pour des commandes en gros, ils constituent une solution fiable pour pr\u00e9server la fra\u00eecheur et la s\u00e9curit\u00e9 de vos produits.<\/p>\n<p data-start=\"786\" data-end=\"1055\">Fabriqu\u00e9s avec des mat\u00e9riaux haut de gamme, nos sachets anti-odeurs int\u00e8grent une technologie de pointe qui scelle efficacement les odeurs et prot\u00e8ge vos produits \u00e0 base de cannabis. Disponibles en diff\u00e9rents formats et styles, nos emballages personnalis\u00e9s s&#039;adaptent aux besoins sp\u00e9cifiques de votre marque.<\/p>\n<p data-start=\"1057\" data-end=\"1102\">Pourquoi choisir les sacs \u00e0 cannabis anti-odeurs de Polysmarts ?<\/p>\n<ul data-start=\"1104\" data-end=\"1510\">\n<li data-start=\"1104\" data-end=\"1190\">\n<p data-start=\"1106\" data-end=\"1190\"><strong data-start=\"1106\" data-end=\"1126\">Protection contre les odeurs :<\/strong> Technologie avanc\u00e9e de confinement des odeurs qui garantit qu&#039;aucune odeur ne s&#039;\u00e9chappe.<\/p>\n<\/li>\n<li data-start=\"1191\" data-end=\"1299\">\n<p data-start=\"1193\" data-end=\"1299\"><strong data-start=\"1193\" data-end=\"1218\">Mod\u00e8les personnalisables\u00a0:<\/strong> Enti\u00e8rement personnalisable pour correspondre \u00e0 votre image de marque, avec un large choix de mat\u00e9riaux et de tailles.<\/p>\n<\/li>\n<li data-start=\"1300\" data-end=\"1400\">\n<p data-start=\"1302\" data-end=\"1400\"><strong data-start=\"1302\" data-end=\"1327\">Options \u00e9cologiques :<\/strong> Nous proposons des solutions d&#039;emballage durables et respectueuses de l&#039;environnement.<\/p>\n<\/li>\n<li data-start=\"1401\" data-end=\"1510\">\n<p data-start=\"1403\" data-end=\"1510\"><strong data-start=\"1403\" data-end=\"1430\">Mat\u00e9riaux de haute qualit\u00e9 :<\/strong> R\u00e9sistant, refermable et \u00e9tanche pour garantir une fra\u00eecheur et une protection maximales.<\/p>\n<\/li>\n<\/ul>\n<p data-start=\"1512\" data-end=\"1721\">Que vous soyez dispensaire, producteur ou consommateur, faites confiance \u00e0 Polysmarts pour vous fournir les meilleurs sacs \u00e0 cannabis anti-odeurs. Prot\u00e9gez vos produits et valorisez votre marque gr\u00e2ce \u00e0 nos solutions d&#039;emballage haut de gamme.<\/p>","protected":false},"excerpt":{"rendered":"<table style=\"height: 294px; width: 99.8505%; border-collapse: collapse;\" border=\"2\">\n<tbody>\n<tr style=\"height: 28px; background-color: #dbdbdb;\">\n<td style=\"width: 22.6796%; background-color: #ebebeb; height: 31px;\"><span style=\"font-family: arial, helvetica, sans-serif; font-size: 12pt;\"><strong>Articles<\/strong><\/span><\/td>\n<td style=\"width: 77.3204%; background-color: #ebebeb; height: 31px;\"><span style=\"font-family: arial, helvetica, sans-serif; font-size: 12pt;\"><strong><a href=\"https:\/\/polysmarts.com\/fr\/categorie-de-produit\/par-marches\/emballage-de-cbd\/\">Sacs de CBD <\/a><\/strong>, <strong><a href=\"https:\/\/polysmarts.com\/fr\/categorie-de-produit\/par-type-2\/sacs-en-mylar\/\">Mylar Bags<\/a><\/strong>\u00a0 Sacs \u00e0 herbe anti-odeurs<\/span><\/td>\n<\/tr>\n<tr style=\"height: 40px;\">\n<td style=\"width: 22.6796%; height: 30px; background-color: #99ccff;\"><span style=\"font-family: arial, helvetica, sans-serif; font-size: 12pt;\"><strong>Dimensions et style<\/strong><\/span><\/td>\n<td style=\"width: 77.3204%; height: 30px; background-color: #99ccff;\"><span style=\"font-family: arial, helvetica, sans-serif; font-size: 12pt;\">Formes et tailles personnalis\u00e9es<\/span><\/td>\n<\/tr>\n<tr style=\"height: 40px;\">\n<td style=\"width: 22.6796%; height: 34px; background-color: #ebebeb;\"><span style=\"font-size: 12pt;\"><strong><span style=\"font-family: arial, helvetica, sans-serif;\">Quantit\u00e9 minimum d&#039;achat<\/span><\/strong><\/span><\/td>\n<td style=\"width: 77.3204%; height: 34px; background-color: #ebebeb;\"><span style=\"font-family: arial, helvetica, sans-serif; font-size: 12pt;\">100 pi\u00e8ces sans personnalisation, 10 000 pi\u00e8ces avec personnalisation<\/span><\/td>\n<\/tr>\n<tr style=\"height: 40px; background-color: #99ccff;\">\n<td style=\"width: 22.6796%; height: 32px;\"><span style=\"font-size: 12pt;\"><strong><span style=\"font-family: arial, helvetica, sans-serif;\">Type d&#039;emballage<\/span><\/strong><\/span><\/td>\n<td style=\"width: 77.3204%; height: 32px;\"><span style=\"font-family: arial, helvetica, sans-serif; font-size: 12pt;\"><a href=\"https:\/\/polysmarts.com\/fr\/pochettes-debout-emballage-de-pochettes-debout-personnalise\/\"><strong>Pochette debout<\/strong><\/a> avec fermeture \u00e9clair<\/span><\/td>\n<\/tr>\n<tr style=\"height: 40px; background-color: #ebebeb;\">\n<td style=\"width: 22.6796%; height: 24px;\"><span style=\"font-size: 12pt;\"><strong><span style=\"font-family: arial, helvetica, sans-serif;\">Impression<\/span><\/strong><\/span><\/td>\n<td style=\"width: 77.3204%; height: 24px;\"><span style=\"font-family: arial, helvetica, sans-serif; font-size: 12pt;\">CMJN (1 \u00e0 10 couleurs), sans impression (uni), impression num\u00e9rique<\/span><\/td>\n<\/tr>\n<tr style=\"height: 40px; background-color: #99ccff;\">\n<td style=\"width: 22.6796%; height: 32px;\"><span style=\"font-size: 12pt;\"><strong><span style=\"font-family: arial, helvetica, sans-serif;\">Material<\/span><\/strong><\/span><\/td>\n<td style=\"width: 77.3204%; height: 32px;\"><span style=\"font-family: arial, helvetica, sans-serif; font-size: 12pt;\">Mat\u00e9riau lamin\u00e9, MOPP+VMPET+PE<\/span><\/td>\n<\/tr>\n<tr style=\"height: 40px; background-color: #ebebeb;\">\n<td style=\"width: 22.6796%; height: 33px;\"><span style=\"font-size: 12pt;\"><strong><span style=\"font-family: arial, helvetica, sans-serif;\">Options incluses<\/span><\/strong><\/span><\/td>\n<td style=\"width: 77.3204%; height: 33px;\"><span style=\"font-family: arial, helvetica, sans-serif; font-size: 12pt;\">D\u00e9coupe, thermoscellage<\/span><\/td>\n<\/tr>\n<tr style=\"height: 40px; background-color: #99ccff;\">\n<td style=\"width: 22.6796%; height: 30px;\"><span style=\"font-size: 12pt;\"><strong><span style=\"font-family: arial, helvetica, sans-serif;\">Fonctionnalit\u00e9<\/span><\/strong><\/span><\/td>\n<td style=\"width: 77.3204%; height: 30px;\"><span style=\"font-family: arial, helvetica, sans-serif; font-size: 12pt;\">Mat\u00e9riau de qualit\u00e9 alimentaire\u00a0: \u00e9tanche aux odeurs, \u00e0 l\u2019humidit\u00e9 et \u00e0 l\u2019oxyg\u00e8ne, r\u00e9sistant aux hautes temp\u00e9ratures, r\u00e9sistant \u00e0 l\u2019humidit\u00e9 et \u00e0 l\u2019humidit\u00e9.<\/span><\/td>\n<\/tr>\n<tr style=\"height: 40px; background-color: #ebebeb;\">\n<td style=\"width: 22.6796%; height: 24px;\"><span style=\"font-size: 12pt;\"><strong><span style=\"font-family: arial, helvetica, sans-serif;\">D\u00e9lai d&#039;ex\u00e9cution<\/span><\/strong><\/span><\/td>\n<td style=\"width: 77.3204%; height: 24px;\"><span style=\"font-family: arial, helvetica, sans-serif; font-size: 12pt;\">7 \u00e0 15 jours ouvrables, RUSH<\/span><\/td>\n<\/tr>\n<tr style=\"height: 40px; background-color: #99ccff;\">\n<td style=\"width: 22.6796%; height: 24px;\"><span style=\"font-size: 12pt;\"><strong><span style=\"font-family: arial, helvetica, sans-serif;\">Exp\u00e9dition<\/span><\/strong><\/span><\/td>\n<td style=\"width: 77.3204%; height: 24px;\"><span style=\"font-family: arial, helvetica, sans-serif; font-size: 12pt;\">Air, Mer, Express<\/span><\/td>\n<\/tr>\n<\/tbody>\n<\/table>\n<p>&nbsp;<\/p>","protected":false},"featured_media":5583,"comment_status":"open","ping_status":"closed","template":"","meta":[],"product_brand":[],"product_cat":[26,28,35,18],"product_tag":[],"class_list":{"0":"post-5589","1":"product","2":"type-product","3":"status-publish","4":"has-post-thumbnail","6":"product_cat-food-packaging","7":"product_cat-cbd-packaging","8":"product_cat-mylar-bags","9":"product_cat-zipper-bags","11":"first","12":"instock","13":"shipping-taxable","14":"purchasable","15":"product-type-variable"},"_links":{"self":[{"href":"https:\/\/polysmarts.com\/fr\/wp-json\/wp\/v2\/product\/5589","targetHints":{"allow":["GET"]}}],"collection":[{"href":"https:\/\/polysmarts.com\/fr\/wp-json\/wp\/v2\/product"}],"about":[{"href":"https:\/\/polysmarts.com\/fr\/wp-json\/wp\/v2\/types\/product"}],"replies":[{"embeddable":true,"href":"https:\/\/polysmarts.com\/fr\/wp-json\/wp\/v2\/comments?post=5589"}],"version-history":[{"count":1,"href":"https:\/\/polysmarts.com\/fr\/wp-json\/wp\/v2\/product\/5589\/revisions"}],"predecessor-version":[{"id":5593,"href":"https:\/\/polysmarts.com\/fr\/wp-json\/wp\/v2\/product\/5589\/revisions\/5593"}],"wp:featuredmedia":[{"embeddable":true,"href":"https:\/\/polysmarts.com\/fr\/wp-json\/wp\/v2\/media\/5583"}],"wp:attachment":[{"href":"https:\/\/polysmarts.com\/fr\/wp-json\/wp\/v2\/media?parent=5589"}],"wp:term":[{"taxonomy":"product_brand","embeddable":true,"href":"https:\/\/polysmarts.com\/fr\/wp-json\/wp\/v2\/product_brand?post=5589"},{"taxonomy":"product_cat","embeddable":true,"href":"https:\/\/polysmarts.com\/fr\/wp-json\/wp\/v2\/product_cat?post=5589"},{"taxonomy":"product_tag","embeddable":true,"href":"https:\/\/polysmarts.com\/fr\/wp-json\/wp\/v2\/product_tag?post=5589"}],"curies":[{"name":"wp","href":"https:\/\/api.w.org\/{rel}","templated":true}]}}