{"id":5576,"date":"2026-02-02T17:38:57","date_gmt":"2026-02-02T09:38:57","guid":{"rendered":"https:\/\/polysmarts.com\/?post_type=product&#038;p=5576"},"modified":"2026-02-02T17:47:11","modified_gmt":"2026-02-02T09:47:11","slug":"sacs-demballage-personnalises-pour-marijuana-solutions-mylar-de-haute-qualite","status":"publish","type":"product","link":"https:\/\/polysmarts.com\/fr\/product\/custom-marijuana-packaging-bags-high-quality-mylar-solutions\/","title":{"rendered":"Sachets d&#039;emballage personnalis\u00e9s pour le cannabis | Solutions Mylar de haute qualit\u00e9"},"content":{"rendered":"<h3 data-start=\"558\" data-end=\"613\"><span style=\"font-size: 14pt;\">Sachets d&#039;emballage personnalis\u00e9s pour marijuana en mat\u00e9riau Mylar<\/span><\/h3>\n<p data-start=\"615\" data-end=\"1057\">En mati\u00e8re d&#039;emballage de cannabis, vous avez besoin de solutions qui garantissent la fra\u00eecheur, la s\u00e9curit\u00e9 et la conformit\u00e9 r\u00e9glementaire de vos produits. Nos sachets d&#039;emballage personnalis\u00e9s pour le cannabis sont fabriqu\u00e9s en Mylar de haute qualit\u00e9, offrant une solution fiable et \u00e9conomique pour vos produits. Con\u00e7us pour une protection optimale, ces sachets pr\u00e9servent la puissance, l&#039;ar\u00f4me et la qualit\u00e9 de vos produits, tout en offrant durabilit\u00e9 et s\u00e9curit\u00e9 d&#039;inviolabilit\u00e9.<\/p>\n<p data-start=\"1059\" data-end=\"1401\">Nos emballages en Mylar sont parfaits pour tous les types de cannabis, y compris les fleurs, les produits comestibles et les concentr\u00e9s. La r\u00e9sistance du mat\u00e9riau \u00e0 l&#039;humidit\u00e9, \u00e0 la lumi\u00e8re et \u00e0 l&#039;air en fait un choix id\u00e9al pour pr\u00e9server la fra\u00eecheur de vos produits plus longtemps. Choisissez parmi une vaste gamme de formats et de designs personnalisables pour r\u00e9pondre aux besoins de votre marque et de vos produits.<\/p>\n<h4 data-start=\"1403\" data-end=\"1449\"><span style=\"font-size: 12pt;\">Pourquoi choisir les emballages de marijuana personnalis\u00e9s de Polysmarts ?<\/span><\/h4>\n<ul data-start=\"1450\" data-end=\"1982\">\n<li data-start=\"1450\" data-end=\"1588\">\n<p data-start=\"1452\" data-end=\"1588\"><strong data-start=\"1452\" data-end=\"1476\">Protection sup\u00e9rieure :<\/strong> La durabilit\u00e9 du Mylar garantit que vos produits \u00e0 base de cannabis restent frais, s\u00fbrs et prot\u00e9g\u00e9s des facteurs environnementaux.<\/p>\n<\/li>\n<li data-start=\"1589\" data-end=\"1721\">\n<p data-start=\"1591\" data-end=\"1721\"><strong data-start=\"1591\" data-end=\"1612\">Pr\u00eat pour la conformit\u00e9\u00a0:<\/strong> Con\u00e7us pour r\u00e9pondre aux normes de l&#039;industrie, nos sacs respectent les r\u00e9glementations en mati\u00e8re d&#039;emballage dans diff\u00e9rents \u00c9tats et r\u00e9gions.<\/p>\n<\/li>\n<li data-start=\"1722\" data-end=\"1860\">\n<p data-start=\"1724\" data-end=\"1860\"><strong data-start=\"1724\" data-end=\"1748\">Conception personnalisable\u00a0:<\/strong> Augmentez la visibilit\u00e9 de votre marque gr\u00e2ce \u00e0 des designs, logos et textes personnalis\u00e9s. Nous proposons des solutions d&#039;impression adapt\u00e9es \u00e0 tous vos besoins.<\/p>\n<\/li>\n<li data-start=\"1861\" data-end=\"1982\">\n<p data-start=\"1863\" data-end=\"1982\"><strong data-start=\"1863\" data-end=\"1880\">Respectueux de la nature:<\/strong> Nous proposons des solutions d&#039;emballage durables, \u00e0 la fois efficaces et respectueuses de l&#039;environnement.<\/p>\n<\/li>\n<\/ul>\n<p data-start=\"1984\" data-end=\"2208\">Que vous soyez dispensaire, producteur ou distributeur, nos solutions d&#039;emballage personnalis\u00e9es pour le cannabis sont id\u00e9ales pour prot\u00e9ger vos produits. Commandez d\u00e8s aujourd&#039;hui et optimisez l&#039;emballage de votre marque et l&#039;exp\u00e9rience client\u00a0!<\/p>","protected":false},"excerpt":{"rendered":"<table style=\"height: 294px; width: 99.8505%; border-collapse: collapse;\" border=\"2\">\n<tbody>\n<tr style=\"height: 28px; background-color: #dbdbdb;\">\n<td style=\"width: 22.6796%; background-color: #ebebeb; height: 31px;\"><span style=\"font-family: arial, helvetica, sans-serif; font-size: 12pt;\"><strong>Articles<\/strong><\/span><\/td>\n<td style=\"width: 77.3204%; background-color: #ebebeb; height: 31px;\"><span style=\"font-family: arial, helvetica, sans-serif; font-size: 12pt;\"><strong><a href=\"https:\/\/polysmarts.com\/fr\/categorie-de-produit\/par-marches\/emballage-de-cbd\/\">Sacs de CBD <\/a><\/strong>, <strong><a href=\"https:\/\/polysmarts.com\/fr\/categorie-de-produit\/par-type-2\/sacs-en-mylar\/\">Mylar Bags<\/a><\/strong> pour l&#039;emballage du cannabis<\/span><\/td>\n<\/tr>\n<tr style=\"height: 40px;\">\n<td style=\"width: 22.6796%; height: 30px; background-color: #99ccff;\"><span style=\"font-family: arial, helvetica, sans-serif; font-size: 12pt;\"><strong>Dimensions et style<\/strong><\/span><\/td>\n<td style=\"width: 77.3204%; height: 30px; background-color: #99ccff;\"><span style=\"font-family: arial, helvetica, sans-serif; font-size: 12pt;\">Formes et tailles personnalis\u00e9es<\/span><\/td>\n<\/tr>\n<tr style=\"height: 40px;\">\n<td style=\"width: 22.6796%; height: 34px; background-color: #ebebeb;\"><span style=\"font-size: 12pt;\"><strong><span style=\"font-family: arial, helvetica, sans-serif;\">Quantit\u00e9 minimum d&#039;achat<\/span><\/strong><\/span><\/td>\n<td style=\"width: 77.3204%; height: 34px; background-color: #ebebeb;\"><span style=\"font-family: arial, helvetica, sans-serif; font-size: 12pt;\">100 pi\u00e8ces sans personnalisation, 10 000 pi\u00e8ces avec personnalisation<\/span><\/td>\n<\/tr>\n<tr style=\"height: 40px; background-color: #99ccff;\">\n<td style=\"width: 22.6796%; height: 32px;\"><span style=\"font-size: 12pt;\"><strong><span style=\"font-family: arial, helvetica, sans-serif;\">Type d&#039;emballage<\/span><\/strong><\/span><\/td>\n<td style=\"width: 77.3204%; height: 32px;\"><span style=\"font-family: arial, helvetica, sans-serif; font-size: 12pt;\"><a href=\"https:\/\/polysmarts.com\/fr\/pochettes-debout-emballage-de-pochettes-debout-personnalise\/\"><strong>Pochette debout<\/strong><\/a> avec fermeture \u00e9clair<\/span><\/td>\n<\/tr>\n<tr style=\"height: 40px; background-color: #ebebeb;\">\n<td style=\"width: 22.6796%; height: 24px;\"><span style=\"font-size: 12pt;\"><strong><span style=\"font-family: arial, helvetica, sans-serif;\">Impression<\/span><\/strong><\/span><\/td>\n<td style=\"width: 77.3204%; height: 24px;\"><span style=\"font-family: arial, helvetica, sans-serif; font-size: 12pt;\">CMJN (1 \u00e0 10 couleurs), sans impression (uni), impression num\u00e9rique<\/span><\/td>\n<\/tr>\n<tr style=\"height: 40px; background-color: #99ccff;\">\n<td style=\"width: 22.6796%; height: 32px;\"><span style=\"font-size: 12pt;\"><strong><span style=\"font-family: arial, helvetica, sans-serif;\">Material<\/span><\/strong><\/span><\/td>\n<td style=\"width: 77.3204%; height: 32px;\"><span style=\"font-family: arial, helvetica, sans-serif; font-size: 12pt;\">Mat\u00e9riau lamin\u00e9, MOPP+VMPET+PE<\/span><\/td>\n<\/tr>\n<tr style=\"height: 40px; background-color: #ebebeb;\">\n<td style=\"width: 22.6796%; height: 33px;\"><span style=\"font-size: 12pt;\"><strong><span style=\"font-family: arial, helvetica, sans-serif;\">Options incluses<\/span><\/strong><\/span><\/td>\n<td style=\"width: 77.3204%; height: 33px;\"><span style=\"font-family: arial, helvetica, sans-serif; font-size: 12pt;\">D\u00e9coupe, thermoscellage<\/span><\/td>\n<\/tr>\n<tr style=\"height: 40px; background-color: #99ccff;\">\n<td style=\"width: 22.6796%; height: 30px;\"><span style=\"font-size: 12pt;\"><strong><span style=\"font-family: arial, helvetica, sans-serif;\">Fonctionnalit\u00e9<\/span><\/strong><\/span><\/td>\n<td style=\"width: 77.3204%; height: 30px;\"><span style=\"font-family: arial, helvetica, sans-serif; font-size: 12pt;\">R\u00e9sistant \u00e0 l&#039;humidit\u00e9\/isolation \u00e0 l&#039;oxyg\u00e8ne\/ombrage\/r\u00e9sistance aux temp\u00e9ratures \u00e9lev\u00e9es\/mat\u00e9riau de qualit\u00e9 alimentaire<\/span><\/td>\n<\/tr>\n<tr style=\"height: 40px; background-color: #ebebeb;\">\n<td style=\"width: 22.6796%; height: 24px;\"><span style=\"font-size: 12pt;\"><strong><span style=\"font-family: arial, helvetica, sans-serif;\">D\u00e9lai d&#039;ex\u00e9cution<\/span><\/strong><\/span><\/td>\n<td style=\"width: 77.3204%; height: 24px;\"><span style=\"font-family: arial, helvetica, sans-serif; font-size: 12pt;\">7 \u00e0 15 jours ouvrables, RUSH<\/span><\/td>\n<\/tr>\n<tr style=\"height: 40px; background-color: #99ccff;\">\n<td style=\"width: 22.6796%; height: 24px;\"><span style=\"font-size: 12pt;\"><strong><span style=\"font-family: arial, helvetica, sans-serif;\">Exp\u00e9dition<\/span><\/strong><\/span><\/td>\n<td style=\"width: 77.3204%; height: 24px;\"><span style=\"font-family: arial, helvetica, sans-serif; font-size: 12pt;\">Air, Mer, Express<\/span><\/td>\n<\/tr>\n<\/tbody>\n<\/table>\n<p>&nbsp;<\/p>","protected":false},"featured_media":5575,"comment_status":"open","ping_status":"closed","template":"","meta":[],"product_brand":[],"product_cat":[26,28,35,18],"product_tag":[],"class_list":{"0":"post-5576","1":"product","2":"type-product","3":"status-publish","4":"has-post-thumbnail","6":"product_cat-food-packaging","7":"product_cat-cbd-packaging","8":"product_cat-mylar-bags","9":"product_cat-zipper-bags","11":"first","12":"instock","13":"shipping-taxable","14":"purchasable","15":"product-type-variable"},"_links":{"self":[{"href":"https:\/\/polysmarts.com\/fr\/wp-json\/wp\/v2\/product\/5576","targetHints":{"allow":["GET"]}}],"collection":[{"href":"https:\/\/polysmarts.com\/fr\/wp-json\/wp\/v2\/product"}],"about":[{"href":"https:\/\/polysmarts.com\/fr\/wp-json\/wp\/v2\/types\/product"}],"replies":[{"embeddable":true,"href":"https:\/\/polysmarts.com\/fr\/wp-json\/wp\/v2\/comments?post=5576"}],"version-history":[{"count":3,"href":"https:\/\/polysmarts.com\/fr\/wp-json\/wp\/v2\/product\/5576\/revisions"}],"predecessor-version":[{"id":5582,"href":"https:\/\/polysmarts.com\/fr\/wp-json\/wp\/v2\/product\/5576\/revisions\/5582"}],"wp:featuredmedia":[{"embeddable":true,"href":"https:\/\/polysmarts.com\/fr\/wp-json\/wp\/v2\/media\/5575"}],"wp:attachment":[{"href":"https:\/\/polysmarts.com\/fr\/wp-json\/wp\/v2\/media?parent=5576"}],"wp:term":[{"taxonomy":"product_brand","embeddable":true,"href":"https:\/\/polysmarts.com\/fr\/wp-json\/wp\/v2\/product_brand?post=5576"},{"taxonomy":"product_cat","embeddable":true,"href":"https:\/\/polysmarts.com\/fr\/wp-json\/wp\/v2\/product_cat?post=5576"},{"taxonomy":"product_tag","embeddable":true,"href":"https:\/\/polysmarts.com\/fr\/wp-json\/wp\/v2\/product_tag?post=5576"}],"curies":[{"name":"wp","href":"https:\/\/api.w.org\/{rel}","templated":true}]}}