{"id":5518,"date":"2025-12-23T12:56:12","date_gmt":"2025-12-23T04:56:12","guid":{"rendered":"https:\/\/polysmarts.com\/?post_type=product&#038;p=5518"},"modified":"2025-12-23T13:15:27","modified_gmt":"2025-12-23T05:15:27","slug":"sachets-et-sacs-personnalises-en-mylar-pour-emballage-alimentaire","status":"publish","type":"product","link":"https:\/\/polysmarts.com\/fr\/product\/custom-printed-pouch-and-bag-stand-up-mylar-foil-food-packaging\/","title":{"rendered":"Sachets et sachets personnalis\u00e9s \u2013 Emballages alimentaires en feuille Mylar \u00e0 fond plat"},"content":{"rendered":"<p>Impression personnalis\u00e9e <strong>Pochette et sac<\/strong> Un emballage con\u00e7u pour les marques alimentaires modernes qui ont besoin d&#039;une forte pr\u00e9sence en rayon et d&#039;une protection barri\u00e8re fiable. <strong><a href=\"https:\/\/polysmarts.com\/fr\/pochettes-debout-emballage-de-pochettes-debout-personnalise\/\">sachet \u00e0 fond plat<\/a><\/strong> Ce format est id\u00e9al pour <strong>emballages de collations, de cacao en poudre, de bonbons, de noix et d&#039;aliments \u00e9nerg\u00e9tiques<\/strong>, permettant ainsi aux produits de rester frais tout en ayant une allure haut de gamme sur les \u00e9tag\u00e8res des magasins.<\/p>\n<p>Fabriqu\u00e9 avec des mat\u00e9riaux stratifi\u00e9s durables (tels que <strong>BOPP\/VMCPP<\/strong> structures) et termin\u00e9 avec <strong>thermoscellage<\/strong>, Chaque pochette assure une fermeture s\u00e9curis\u00e9e et une performance fiable pour la manipulation et l&#039;exp\u00e9dition quotidiennes. Choisissez <strong>impression h\u00e9liogravure ou num\u00e9rique<\/strong> pour r\u00e9pondre \u00e0 vos objectifs de marque, que vous ayez besoin de couleurs vives, de graphismes d\u00e9taill\u00e9s ou de modifications de design rapides. Ajoutez vos <strong>logo personnalis\u00e9<\/strong>, Choisissez la taille de votre pochette et adaptez l&#039;apparence et la sensation \u00e0 votre march\u00e9.<\/p>\n<h3><span style=\"font-size: 14pt;\"><strong>Caract\u00e9ristiques principales<\/strong><\/span><\/h3>\n<ul>\n<li><strong>Conception de stand-up<\/strong>\u00a0pour une meilleure pr\u00e9sentation en rayon<\/li>\n<li><strong>R\u00e9sistant \u00e0 l&#039;humidit\u00e9 et aux odeurs<\/strong>\u00a0protection barri\u00e8re<\/li>\n<li><strong>thermoscellable<\/strong>\u00a0structure pour emballage s\u00e9curis\u00e9<\/li>\n<li><strong>Encoche de d\u00e9chirure<\/strong>\u00a0pour une ouverture facile<\/li>\n<li><strong>Taille personnalis\u00e9e et logo personnalis\u00e9<\/strong>\u00a0soutenu<\/li>\n<li><strong>Options d&#039;impression\u00a0:<\/strong>\u00a0impression h\u00e9liogravure ou impression num\u00e9rique<\/li>\n<li><strong>utilisation des emballages alimentaires<\/strong>\u00a0(collations, chocolat chaud, bonbons et plus encore)<\/li>\n<li><strong>Option recyclable disponible<\/strong>\u00a0(selon la structure choisie)<\/li>\n<\/ul>\n<p>&nbsp;<\/p>\n<p>Si vous souhaitez un produit tr\u00e8s performant <strong>Pochette et sac<\/strong> Ce sachet stand-up imprim\u00e9 personnalis\u00e9, qui pr\u00e9serve la fra\u00eecheur et valorise l&#039;image de marque, est une solution d&#039;emballage fiable et \u00e9volutive pour les entreprises alimentaires en pleine croissance.<\/p>","protected":false},"excerpt":{"rendered":"<table style=\"height: 294px; width: 99.8505%; border-collapse: collapse;\" border=\"2\">\n<tbody>\n<tr style=\"height: 28px; background-color: #dbdbdb;\">\n<td style=\"width: 22.6796%; background-color: #ebebeb; height: 31px;\"><span style=\"font-family: arial, helvetica, sans-serif; font-size: 12pt;\"><strong>Articles<\/strong><\/span><\/td>\n<td style=\"width: 77.3204%; background-color: #ebebeb; height: 31px;\"><span style=\"font-family: arial, helvetica, sans-serif; font-size: 12pt;\">Pochettes et sacs personnalis\u00e9s <strong><a href=\"https:\/\/polysmarts.com\/fr\/categorie-de-produit\/par-marches\/emballages-alimentaires\/\">Food Packaging <\/a><\/strong><\/span><\/td>\n<\/tr>\n<tr style=\"height: 40px;\">\n<td style=\"width: 22.6796%; height: 30px; background-color: #99ccff;\"><span style=\"font-family: arial, helvetica, sans-serif; font-size: 12pt;\"><strong>Dimensions et style<\/strong><\/span><\/td>\n<td style=\"width: 77.3204%; height: 30px; background-color: #99ccff;\"><span style=\"font-family: arial, helvetica, sans-serif; font-size: 12pt;\">Formes et tailles personnalis\u00e9es<\/span><\/td>\n<\/tr>\n<tr style=\"height: 40px;\">\n<td style=\"width: 22.6796%; height: 34px; background-color: #ebebeb;\"><span style=\"font-size: 12pt;\"><strong><span style=\"font-family: arial, helvetica, sans-serif;\">Quantit\u00e9 minimum d&#039;achat<\/span><\/strong><\/span><\/td>\n<td style=\"width: 77.3204%; height: 34px; background-color: #ebebeb;\"><span style=\"font-family: arial, helvetica, sans-serif; font-size: 12pt;\">100 pi\u00e8ces sans personnalisation, 5000 pi\u00e8ces pour personnalisation<\/span><\/td>\n<\/tr>\n<tr style=\"height: 40px; background-color: #99ccff;\">\n<td style=\"width: 22.6796%; height: 32px;\"><span style=\"font-size: 12pt;\"><strong><span style=\"font-family: arial, helvetica, sans-serif;\">Type d&#039;emballage<\/span><\/strong><\/span><\/td>\n<td style=\"width: 77.3204%; height: 32px;\"><span style=\"font-family: arial, helvetica, sans-serif; font-size: 12pt;\"><a href=\"https:\/\/polysmarts.com\/fr\/pochettes-debout-emballage-de-pochettes-debout-personnalise\/\"><strong>Pochette debout<\/strong><\/a> avec fermeture \u00e9clair<\/span><\/td>\n<\/tr>\n<tr style=\"height: 40px; background-color: #ebebeb;\">\n<td style=\"width: 22.6796%; height: 24px;\"><span style=\"font-size: 12pt;\"><strong><span style=\"font-family: arial, helvetica, sans-serif;\">Impression<\/span><\/strong><\/span><\/td>\n<td style=\"width: 77.3204%; height: 24px;\"><span style=\"font-family: arial, helvetica, sans-serif; font-size: 12pt;\">CMJN (1 \u00e0 10 couleurs), sans impression (uni), impression num\u00e9rique<\/span><\/td>\n<\/tr>\n<tr style=\"height: 40px; background-color: #99ccff;\">\n<td style=\"width: 22.6796%; height: 32px;\"><span style=\"font-size: 12pt;\"><strong><span style=\"font-family: arial, helvetica, sans-serif;\">Material<\/span><\/strong><\/span><\/td>\n<td style=\"width: 77.3204%; height: 32px;\"><span style=\"font-family: arial, helvetica, sans-serif; font-size: 12pt;\">Mat\u00e9riau lamin\u00e9, MOPP+VMPET+PE<\/span><\/td>\n<\/tr>\n<tr style=\"height: 40px; background-color: #ebebeb;\">\n<td style=\"width: 22.6796%; height: 33px;\"><span style=\"font-size: 12pt;\"><strong><span style=\"font-family: arial, helvetica, sans-serif;\">Options incluses<\/span><\/strong><\/span><\/td>\n<td style=\"width: 77.3204%; height: 33px;\"><span style=\"font-family: arial, helvetica, sans-serif; font-size: 12pt;\">D\u00e9coupe, thermoscellage<\/span><\/td>\n<\/tr>\n<tr style=\"height: 40px; background-color: #99ccff;\">\n<td style=\"width: 22.6796%; height: 30px;\"><span style=\"font-size: 12pt;\"><strong><span style=\"font-family: arial, helvetica, sans-serif;\">Fonctionnalit\u00e9<\/span><\/strong><\/span><\/td>\n<td style=\"width: 77.3204%; height: 30px;\"><span style=\"font-family: arial, helvetica, sans-serif; font-size: 12pt;\">R\u00e9sistant \u00e0 l&#039;humidit\u00e9\/isolation \u00e0 l&#039;oxyg\u00e8ne\/ombrage\/r\u00e9sistance aux temp\u00e9ratures \u00e9lev\u00e9es\/mat\u00e9riau de qualit\u00e9 alimentaire<\/span><\/td>\n<\/tr>\n<tr style=\"height: 40px; background-color: #ebebeb;\">\n<td style=\"width: 22.6796%; height: 24px;\"><span style=\"font-size: 12pt;\"><strong><span style=\"font-family: arial, helvetica, sans-serif;\">D\u00e9lai d&#039;ex\u00e9cution<\/span><\/strong><\/span><\/td>\n<td style=\"width: 77.3204%; height: 24px;\"><span style=\"font-family: arial, helvetica, sans-serif; font-size: 12pt;\">7 \u00e0 15 jours ouvrables, RUSH<\/span><\/td>\n<\/tr>\n<tr style=\"height: 40px; background-color: #99ccff;\">\n<td style=\"width: 22.6796%; height: 24px;\"><span style=\"font-size: 12pt;\"><strong><span style=\"font-family: arial, helvetica, sans-serif;\">Exp\u00e9dition<\/span><\/strong><\/span><\/td>\n<td style=\"width: 77.3204%; height: 24px;\"><span style=\"font-family: arial, helvetica, sans-serif; font-size: 12pt;\">Air, Mer, Express<\/span><\/td>\n<\/tr>\n<\/tbody>\n<\/table>\n<p>&nbsp;<\/p>","protected":false},"featured_media":5527,"comment_status":"open","ping_status":"closed","template":"","meta":[],"product_brand":[],"product_cat":[26,35,18],"product_tag":[],"class_list":{"0":"post-5518","1":"product","2":"type-product","3":"status-publish","4":"has-post-thumbnail","6":"product_cat-food-packaging","7":"product_cat-mylar-bags","8":"product_cat-zipper-bags","10":"first","11":"instock","12":"shipping-taxable","13":"purchasable","14":"product-type-variable"},"_links":{"self":[{"href":"https:\/\/polysmarts.com\/fr\/wp-json\/wp\/v2\/product\/5518","targetHints":{"allow":["GET"]}}],"collection":[{"href":"https:\/\/polysmarts.com\/fr\/wp-json\/wp\/v2\/product"}],"about":[{"href":"https:\/\/polysmarts.com\/fr\/wp-json\/wp\/v2\/types\/product"}],"replies":[{"embeddable":true,"href":"https:\/\/polysmarts.com\/fr\/wp-json\/wp\/v2\/comments?post=5518"}],"version-history":[{"count":3,"href":"https:\/\/polysmarts.com\/fr\/wp-json\/wp\/v2\/product\/5518\/revisions"}],"predecessor-version":[{"id":5530,"href":"https:\/\/polysmarts.com\/fr\/wp-json\/wp\/v2\/product\/5518\/revisions\/5530"}],"wp:featuredmedia":[{"embeddable":true,"href":"https:\/\/polysmarts.com\/fr\/wp-json\/wp\/v2\/media\/5527"}],"wp:attachment":[{"href":"https:\/\/polysmarts.com\/fr\/wp-json\/wp\/v2\/media?parent=5518"}],"wp:term":[{"taxonomy":"product_brand","embeddable":true,"href":"https:\/\/polysmarts.com\/fr\/wp-json\/wp\/v2\/product_brand?post=5518"},{"taxonomy":"product_cat","embeddable":true,"href":"https:\/\/polysmarts.com\/fr\/wp-json\/wp\/v2\/product_cat?post=5518"},{"taxonomy":"product_tag","embeddable":true,"href":"https:\/\/polysmarts.com\/fr\/wp-json\/wp\/v2\/product_tag?post=5518"}],"curies":[{"name":"wp","href":"https:\/\/api.w.org\/{rel}","templated":true}]}}