{"id":5379,"date":"2025-11-24T17:07:47","date_gmt":"2025-11-24T09:07:47","guid":{"rendered":"https:\/\/polysmarts.com\/?post_type=product&#038;p=5379"},"modified":"2025-11-24T17:31:07","modified_gmt":"2025-11-24T09:31:07","slug":"sacs-anti-odeurs-de-qualite-superieure-solutions-anti-odeurs","status":"publish","type":"product","link":"https:\/\/polysmarts.com\/fr\/product\/premium-smell-proof-bags-odor-resistant-solutions\/","title":{"rendered":"Sacs anti-odeurs haut de gamme | Solutions anti-odeurs"},"content":{"rendered":"<h2><span style=\"font-size: 18pt;\"><strong>\u00c0 propos des sacs anti-odeurs haut de gamme personnalis\u00e9s en gros | Solutions anti-odeurs<\/strong><\/span><\/h2>\n<p>Les sacs anti-odeurs professionnels Polysmarts allient une technologie anti-odeurs de pointe \u00e0 des caract\u00e9ristiques de s\u00e9curit\u00e9 de niveau militaire. Nos sacs herm\u00e9tiques anti-odeurs garantissent un confinement total des odeurs tout en offrant\u00a0:<\/p>\n<ul>\n<li><strong>Protection barri\u00e8re \u00e0 3 couches<\/strong><br \/>\nConstruction multicouche avec filtre \u00e0 charbon actif<\/li>\n<li><strong>S\u00e9curit\u00e9 de niveau militaire<\/strong><br \/>\nScell\u00e9s inviolables et mat\u00e9riau r\u00e9sistant \u00e0 la perforation<\/li>\n<li><strong>Options de personnalisation de marque<\/strong><br \/>\nS\u00e9rigraphie et formats personnalis\u00e9s disponibles<\/li>\n<li><strong>Conformit\u00e9 universelle<\/strong><br \/>\nConforme aux exigences de la TSA et de la FDA en mati\u00e8re de transport s\u00e9curis\u00e9<\/li>\n<\/ul>\n<h3><strong><span style=\"font-size: 14pt;\">Pourquoi les professionnels choisissent nos solutions anti-odeurs<\/span><\/strong><\/h3>\n<ol>\n<li><strong>Protection de qualit\u00e9 m\u00e9dicale<\/strong><br \/>\nId\u00e9al pour les produits \u00e0 base de cannabis, les produits pharmaceutiques et les documents confidentiels<\/li>\n<li><strong>Conception adapt\u00e9e aux voyages<\/strong><br \/>\nEmballage discret conforme \u00e0 la r\u00e9glementation des compagnies a\u00e9riennes<\/li>\n<li><strong>R\u00e9sistance environnementale<\/strong><br \/>\nMat\u00e9riaux imperm\u00e9ables et r\u00e9sistants aux UV<\/li>\n<li><strong>Construction r\u00e9utilisable<\/strong><br \/>\nLavable et durable pour une utilisation r\u00e9p\u00e9t\u00e9e<\/li>\n<\/ol>\n<h3><strong><span style=\"font-size: 14pt;\">Sp\u00e9cifications techniques<\/span><\/strong><\/h3>\n<table style=\"width: 100%;\">\n<thead>\n<tr>\n<th style=\"width: 49.4774%;\">Fonctionnalit\u00e9<\/th>\n<th style=\"width: 68.6411%;\">D\u00e9tail<\/th>\n<\/tr>\n<\/thead>\n<tbody>\n<tr>\n<td style=\"width: 49.4774%;\">\u00c9paisseur du mat\u00e9riau<\/td>\n<td style=\"width: 68.6411%;\">8-12 mil<\/td>\n<\/tr>\n<tr>\n<td style=\"width: 49.4774%;\">\u00c9cart de temp\u00e9rature<\/td>\n<td style=\"width: 68.6411%;\">-40 \u00b0F \u00e0 240 \u00b0F<\/td>\n<\/tr>\n<tr>\n<td style=\"width: 49.4774%;\">Tailles disponibles<\/td>\n<td style=\"width: 68.6411%;\">4\u2033x6\u2033 \u00e0 12\u2033x16\u2033<\/td>\n<\/tr>\n<tr>\n<td style=\"width: 49.4774%;\">Type de fermeture<\/td>\n<td style=\"width: 68.6411%;\">Fermeture \u00e9clair \u00e0 double joint<\/td>\n<\/tr>\n<\/tbody>\n<\/table>\n<h3><span style=\"font-size: 14pt;\"><strong>Applications industrielles<\/strong><\/span><\/h3>\n<ul>\n<li><strong>soins de sant\u00e9<\/strong>: Stockage s\u00e9curis\u00e9 des m\u00e9dicaments<\/li>\n<li><strong>Cannabis<\/strong>Emballage du produit conforme<\/li>\n<li><strong>Service de restauration<\/strong>Pr\u00e9paration des repas sans odeur<\/li>\n<li><strong>Voyage<\/strong>: Organisation compatible avec la TSA<\/li>\n<\/ul>","protected":false},"excerpt":{"rendered":"<table style=\"height: 360px; width: 99.8505%; border-collapse: collapse;\" border=\"2\">\n<tbody>\n<tr style=\"height: 40px;\">\n<td style=\"width: 38.0988%; height: 30px; background-color: #99ccff;\"><span style=\"font-family: arial, helvetica, sans-serif; font-size: 12pt;\"><strong>Dimensions et style<\/strong><\/span><\/td>\n<td style=\"width: 61.9012%; height: 30px; background-color: #99ccff;\"><span style=\"font-family: arial, helvetica, sans-serif; font-size: 12pt;\">100% Supporte les tailles personnalis\u00e9es\u00a0<\/span><\/td>\n<\/tr>\n<tr style=\"height: 40px;\">\n<td style=\"width: 38.0988%; height: 34px; background-color: #ebebeb;\"><strong>Quantit\u00e9 minimum d&#039;achat<\/strong><\/td>\n<td style=\"width: 61.9012%; height: 34px; background-color: #ebebeb;\"><span style=\"font-family: arial, helvetica, sans-serif; font-size: 12pt;\">100 pi\u00e8ces sans personnalisation - Sacs en stock, 1000 pi\u00e8ces pour impression num\u00e9rique, 10000 pi\u00e8ces pour impression h\u00e9liogravure<\/span><\/td>\n<\/tr>\n<tr style=\"height: 40px; background-color: #99ccff;\">\n<td style=\"width: 38.0988%; height: 24px;\"><span style=\"font-size: 12pt;\"><strong><span style=\"font-family: arial, helvetica, sans-serif;\">Type d&#039;emballage<\/span><\/strong><\/span><\/td>\n<td style=\"width: 61.9012%; height: 24px;\"><span style=\"font-family: arial, helvetica, sans-serif; font-size: 12pt;\">Sacs anti-odeurs \/ <strong><a href=\"https:\/\/polysmarts.com\/fr\/pochettes-debout-emballage-de-pochettes-debout-personnalise\/\">Sacs debout<\/a><\/strong>\/ <strong><a href=\"https:\/\/polysmarts.com\/fr\/categorie-de-produit\/par-type-2\/sacs-a-fermeture-eclair\/\">Zipper Bags<\/a><\/strong><\/span><\/td>\n<\/tr>\n<tr style=\"height: 40px; background-color: #ebebeb;\">\n<td style=\"width: 38.0988%; height: 24px;\"><span style=\"font-size: 12pt;\"><strong><span style=\"font-family: arial, helvetica, sans-serif;\">\u00c9paisseur<\/span><\/strong><\/span><\/td>\n<td style=\"width: 61.9012%; height: 24px;\"><span style=\"font-family: arial, helvetica, sans-serif; font-size: 12pt;\">80 microns \/ \u00c9paisseur personnalis\u00e9e\u00a0<\/span><\/td>\n<\/tr>\n<tr style=\"height: 40px; background-color: #99ccff;\">\n<td style=\"width: 38.0988%; height: 24px;\"><span style=\"font-size: 12pt;\"><strong><span style=\"font-family: arial, helvetica, sans-serif;\">Impression\u00a0<\/span><\/strong><\/span><\/td>\n<td style=\"width: 61.9012%; height: 24px;\"><span style=\"font-family: arial, helvetica, sans-serif; font-size: 12pt;\">\u00a0Impression num\u00e9rique (quantit\u00e9 minimale de commande\u00a0: 1\u00a0000\u00a0pi\u00e8ces) \/ Impression h\u00e9liogravure (quantit\u00e9 minimale de commande\u00a0: 10\u00a0000\u00a0pi\u00e8ces)<\/span><\/td>\n<\/tr>\n<tr style=\"height: 40px; background-color: #ebebeb;\">\n<td style=\"width: 38.0988%; height: 24px;\"><span style=\"font-size: 12pt;\"><strong><span style=\"font-family: arial, helvetica, sans-serif;\">Material<\/span><\/strong><\/span><\/td>\n<td style=\"width: 61.9012%; height: 24px;\"><span style=\"font-family: arial, helvetica, sans-serif; font-size: 12pt;\">OPP\/VMPET\/PE\/Mat\u00e9riel de support <em>Composite\u00a0\u00a0<\/em><\/span><\/td>\n<\/tr>\n<tr style=\"height: 40px; background-color: #99ccff;\">\n<td style=\"width: 38.0988%; height: 24px;\"><span style=\"font-size: 12pt;\"><strong><span style=\"font-family: arial, helvetica, sans-serif;\">Fonctionnalit\u00e9<\/span><\/strong><\/span><\/td>\n<td style=\"width: 61.9012%; height: 24px;\"><span style=\"font-family: arial, helvetica, sans-serif; font-size: 12pt;\">Anti-odeur<\/span><\/td>\n<\/tr>\n<tr style=\"height: 40px; background-color: #ebebeb;\">\n<td style=\"width: 38.0988%; height: 24px;\"><span style=\"font-size: 12pt;\"><strong><span style=\"font-family: arial, helvetica, sans-serif;\">Temps d&#039;exp\u00e9dition<\/span><\/strong><\/span><\/td>\n<td style=\"width: 61.9012%; height: 24px;\"><span style=\"font-family: arial, helvetica, sans-serif; font-size: 12pt;\">7 \u00e0 15 jours ouvrables, RUSH<\/span><\/td>\n<\/tr>\n<tr style=\"height: 40px; background-color: #99ccff;\">\n<td style=\"width: 38.0988%; height: 24px;\"><span style=\"font-size: 12pt;\"><strong><span style=\"font-family: arial, helvetica, sans-serif;\">Mode de livraison<\/span><\/strong><\/span><\/td>\n<td style=\"width: 61.9012%; height: 24px;\"><span style=\"font-family: arial, helvetica, sans-serif; font-size: 12pt;\">Exprimer<\/span><\/td>\n<\/tr>\n<\/tbody>\n<\/table>\n<p>&nbsp;<\/p>","protected":false},"featured_media":5373,"comment_status":"open","ping_status":"closed","template":"","meta":[],"product_brand":[],"product_cat":[28,26,35,18],"product_tag":[],"class_list":{"0":"post-5379","1":"product","2":"type-product","3":"status-publish","4":"has-post-thumbnail","6":"product_cat-cbd-packaging","7":"product_cat-food-packaging","8":"product_cat-mylar-bags","9":"product_cat-zipper-bags","11":"first","12":"instock","13":"shipping-taxable","14":"purchasable","15":"product-type-variable"},"_links":{"self":[{"href":"https:\/\/polysmarts.com\/fr\/wp-json\/wp\/v2\/product\/5379","targetHints":{"allow":["GET"]}}],"collection":[{"href":"https:\/\/polysmarts.com\/fr\/wp-json\/wp\/v2\/product"}],"about":[{"href":"https:\/\/polysmarts.com\/fr\/wp-json\/wp\/v2\/types\/product"}],"replies":[{"embeddable":true,"href":"https:\/\/polysmarts.com\/fr\/wp-json\/wp\/v2\/comments?post=5379"}],"version-history":[{"count":1,"href":"https:\/\/polysmarts.com\/fr\/wp-json\/wp\/v2\/product\/5379\/revisions"}],"predecessor-version":[{"id":5382,"href":"https:\/\/polysmarts.com\/fr\/wp-json\/wp\/v2\/product\/5379\/revisions\/5382"}],"wp:featuredmedia":[{"embeddable":true,"href":"https:\/\/polysmarts.com\/fr\/wp-json\/wp\/v2\/media\/5373"}],"wp:attachment":[{"href":"https:\/\/polysmarts.com\/fr\/wp-json\/wp\/v2\/media?parent=5379"}],"wp:term":[{"taxonomy":"product_brand","embeddable":true,"href":"https:\/\/polysmarts.com\/fr\/wp-json\/wp\/v2\/product_brand?post=5379"},{"taxonomy":"product_cat","embeddable":true,"href":"https:\/\/polysmarts.com\/fr\/wp-json\/wp\/v2\/product_cat?post=5379"},{"taxonomy":"product_tag","embeddable":true,"href":"https:\/\/polysmarts.com\/fr\/wp-json\/wp\/v2\/product_tag?post=5379"}],"curies":[{"name":"wp","href":"https:\/\/api.w.org\/{rel}","templated":true}]}}