{"id":51,"date":"2023-09-15T09:00:00","date_gmt":"2023-09-15T09:00:00","guid":{"rendered":"https:\/\/polysmarts.com\/?post_type=product&#038;p=51"},"modified":"2023-11-16T08:12:25","modified_gmt":"2023-11-16T08:12:25","slug":"vente-en-gros-pochette-en-papier-kraft-debout-avec-fenetre","status":"publish","type":"product","link":"https:\/\/polysmarts.com\/fr\/product\/wholesale-food-stand-up-kraft-paper-pouch-with-window\/","title":{"rendered":"Les aliments en gros tiennent la pochette en papier kraft avec fen\u00eatre"},"content":{"rendered":"<p>Ces sacs en papier kraft brun polyvalents avec fen\u00eatre sont con\u00e7us pour r\u00e9pondre \u00e0 vos besoins de stockage et offrent de nombreux avantages pour votre cuisine et l&#039;organisation de votre maison.<\/p>\n<p><strong>D\u00e9tails du produit:<\/strong><\/p>\n<p>Mat\u00e9riaux : Nous sommes fiers d\u2019utiliser des mat\u00e9riaux en fibres v\u00e9g\u00e9tales respectueux de l\u2019environnement pour fabriquer notre produit. Le motif tridimensionnel unique ajoute une touche de sophistication \u00e0 ces sacs de rangement rectangulaires.<br \/>\nEspace applicable : id\u00e9aux pour une utilisation dans votre cuisine ou votre garde-manger, ces sacs en papier kraft tridimensionnels proviennent du Guangdong, en Chine.<\/p>\n<p><strong>Raisons d\u2019acheter\u00a0:<\/strong><\/p>\n<p><strong>Sacs de stockage de grains de caf\u00e9 Kraft Food\u00a0:<\/strong><\/p>\n<p>Nos sacs en papier kraft sont fabriqu\u00e9s \u00e0 partir de mat\u00e9riaux biod\u00e9gradables de la plus haute qualit\u00e9. Ils offrent une couche suppl\u00e9mentaire de chaleur et de protection \u00e0 vos grains de caf\u00e9.<\/p>\n<p><strong>Sachets de caf\u00e9 debout\u00a0:<\/strong><\/p>\n<p>Ces sachets de caf\u00e9 debout sont parfaits pour conserver le th\u00e9, le caf\u00e9, les herbes, les \u00e9pices et plus encore. Ils peuvent \u00e9galement servir de sacs de rangement polyvalents pour les collations et autres petits objets.<\/p>\n<p><strong>Pochettes kraft \u00e0 fermeture \u00e9clair\u00a0: <\/strong><\/p>\n<p>Fabriqu\u00e9es \u00e0 partir de papier kraft durable et r\u00e9sistant aux d\u00e9chirures, nos pochettes \u00e0 fermeture \u00e9clair sont dot\u00e9es d&#039;une fermeture \u00e9clair sur toute la longueur pour un acc\u00e8s facile et une fermeture s\u00e9curis\u00e9e.<\/p>\n<p><strong>Stockage polyvalent\u00a0: <\/strong><\/p>\n<p>Ces sacs en papier kraft ne se limitent pas aux seuls grains de caf\u00e9. Ils sont parfaits pour organiser divers articles tels que le th\u00e9, le sucre, la farine, les c\u00e9r\u00e9ales, les collations, etc., vous aidant ainsi \u00e0 maintenir une maison propre et bien rang\u00e9e.<\/p>\n<p><strong>Entretien facile: <\/strong><\/p>\n<p>Nettoyer et entretenir ces sacs en papier kraft est un jeu d&#039;enfant. Essuyez-les simplement avec un chiffon humide ou lavez-les \u00e0 la main pour vous assurer qu&#039;ils restent en parfait \u00e9tat.<\/p>\n<p><strong>Emballage cadeau \u00e9l\u00e9gant\u00a0: <\/strong><\/p>\n<p>Nos sacs en papier kraft sont joliment emball\u00e9s dans une bo\u00eete cadeau, ce qui en fait un excellent choix pour offrir \u00e0 votre famille et \u00e0 vos amis.<\/p>\n<p>Am\u00e9liorez vos solutions de stockage avec ces pochettes Kraft Stand-Up Zip Lock \u2013 un m\u00e9lange de durabilit\u00e9, de fonctionnalit\u00e9 et de style.<\/p>","protected":false},"excerpt":{"rendered":"<table style=\"height: 360px; width: 99.8505%; border-collapse: collapse;\" border=\"2\">\n<tbody>\n<tr style=\"height: 40px;\">\n<td style=\"width: 22.6796%; height: 30px; background-color: #99ccff;\"><span style=\"font-family: arial, helvetica, sans-serif; font-size: 12pt;\"><strong>Dimensions et style<\/strong><\/span><\/td>\n<td style=\"width: 77.3204%; height: 30px; background-color: #99ccff;\"><span style=\"font-family: arial, helvetica, sans-serif; font-size: 12pt;\">Formes et tailles personnalis\u00e9es<\/span><\/td>\n<\/tr>\n<tr style=\"height: 40px;\">\n<td style=\"width: 22.6796%; height: 34px; background-color: #ebebeb;\"><span style=\"font-size: 12pt;\"><strong><span style=\"font-family: arial, helvetica, sans-serif;\">Quantit\u00e9 minimum d&#039;achat<\/span><\/strong><\/span><\/td>\n<td style=\"width: 77.3204%; height: 34px; background-color: #ebebeb;\"><span style=\"font-family: arial, helvetica, sans-serif; font-size: 12pt;\">1000 pi\u00e8ces sans personnalisation, 10000 pi\u00e8ces pour personnalisation<\/span><\/td>\n<\/tr>\n<tr style=\"height: 40px; background-color: #99ccff;\">\n<td style=\"width: 22.6796%; height: 24px;\"><span style=\"font-size: 12pt;\"><strong><span style=\"font-family: arial, helvetica, sans-serif;\">Type d&#039;emballage<\/span><\/strong><\/span><\/td>\n<td style=\"width: 77.3204%; height: 24px;\"><span style=\"font-family: arial, helvetica, sans-serif; font-size: 12pt;\">Tenez les sacs en papier kraft<\/span><\/td>\n<\/tr>\n<tr style=\"height: 40px; background-color: #ebebeb;\">\n<td style=\"width: 22.6796%; height: 24px;\"><span style=\"font-size: 12pt;\"><strong><span style=\"font-family: arial, helvetica, sans-serif;\">Impression<\/span><\/strong><\/span><\/td>\n<td style=\"width: 77.3204%; height: 24px;\"><span style=\"font-family: arial, helvetica, sans-serif; font-size: 12pt;\">CMJN (1 \u00e0 8 couleurs), pas d&#039;impression (ordinaire)<\/span><\/td>\n<\/tr>\n<tr style=\"height: 40px; background-color: #99ccff;\">\n<td style=\"width: 22.6796%; height: 24px;\"><span style=\"font-size: 12pt;\"><strong><span style=\"font-family: arial, helvetica, sans-serif;\">Finition<\/span><\/strong><\/span><\/td>\n<td style=\"width: 77.3204%; height: 24px;\"><span style=\"font-family: arial, helvetica, sans-serif; font-size: 12pt;\">Stratification brillante\/mate, rev\u00eatement aqueux, vernis ponctuel, rev\u00eatement UV, gaufrage, gaufrage, impression sur feuille<\/span><\/td>\n<\/tr>\n<tr style=\"height: 40px; background-color: #ebebeb;\">\n<td style=\"width: 22.6796%; height: 24px;\"><span style=\"font-size: 12pt;\"><strong><span style=\"font-family: arial, helvetica, sans-serif;\">Options incluses<\/span><\/strong><\/span><\/td>\n<td style=\"width: 77.3204%; height: 24px;\"><span style=\"font-family: arial, helvetica, sans-serif; font-size: 12pt;\">D\u00e9coupe<\/span><\/td>\n<\/tr>\n<tr style=\"height: 40px; background-color: #99ccff;\">\n<td style=\"width: 22.6796%; height: 24px;\"><span style=\"font-size: 12pt;\"><strong><span style=\"font-family: arial, helvetica, sans-serif;\">Preuve<\/span><\/strong><\/span><\/td>\n<td style=\"width: 77.3204%; height: 24px;\"><span style=\"font-family: arial, helvetica, sans-serif; font-size: 12pt;\">\u00c9preuves \u00e9lectroniques (vue \u00e0 plat\/maquette 3D), \u00e9preuves imprim\u00e9es num\u00e9riquement (sans effets de finition majeurs), \u00e9chantillonnage physique (sur demande)<\/span><\/td>\n<\/tr>\n<tr style=\"height: 40px; background-color: #ebebeb;\">\n<td style=\"width: 22.6796%; height: 24px;\"><span style=\"font-size: 12pt;\"><strong><span style=\"font-family: arial, helvetica, sans-serif;\">D\u00e9lai d&#039;ex\u00e9cution<\/span><\/strong><\/span><\/td>\n<td style=\"width: 77.3204%; height: 24px;\"><span style=\"font-family: arial, helvetica, sans-serif; font-size: 12pt;\">7 \u00e0 15 jours ouvrables, RUSH<\/span><\/td>\n<\/tr>\n<tr style=\"height: 40px; background-color: #99ccff;\">\n<td style=\"width: 22.6796%; height: 24px;\"><span style=\"font-size: 12pt;\"><strong><span style=\"font-family: arial, helvetica, sans-serif;\">Exp\u00e9dition<\/span><\/strong><\/span><\/td>\n<td style=\"width: 77.3204%; height: 24px;\"><span style=\"font-family: arial, helvetica, sans-serif; font-size: 12pt;\">Air, Mer, Express<\/span><\/td>\n<\/tr>\n<\/tbody>\n<\/table>\n<p>&nbsp;<\/p>","protected":false},"featured_media":52,"comment_status":"open","ping_status":"closed","template":"","meta":[],"product_brand":[],"product_cat":[26,20],"product_tag":[],"class_list":{"0":"post-51","1":"product","2":"type-product","3":"status-publish","4":"has-post-thumbnail","6":"product_cat-food-packaging","7":"product_cat-kraft-paper-bag","9":"first","10":"instock","11":"shipping-taxable","12":"product-type-simple"},"_links":{"self":[{"href":"https:\/\/polysmarts.com\/fr\/wp-json\/wp\/v2\/product\/51","targetHints":{"allow":["GET"]}}],"collection":[{"href":"https:\/\/polysmarts.com\/fr\/wp-json\/wp\/v2\/product"}],"about":[{"href":"https:\/\/polysmarts.com\/fr\/wp-json\/wp\/v2\/types\/product"}],"replies":[{"embeddable":true,"href":"https:\/\/polysmarts.com\/fr\/wp-json\/wp\/v2\/comments?post=51"}],"version-history":[{"count":5,"href":"https:\/\/polysmarts.com\/fr\/wp-json\/wp\/v2\/product\/51\/revisions"}],"predecessor-version":[{"id":746,"href":"https:\/\/polysmarts.com\/fr\/wp-json\/wp\/v2\/product\/51\/revisions\/746"}],"wp:featuredmedia":[{"embeddable":true,"href":"https:\/\/polysmarts.com\/fr\/wp-json\/wp\/v2\/media\/52"}],"wp:attachment":[{"href":"https:\/\/polysmarts.com\/fr\/wp-json\/wp\/v2\/media?parent=51"}],"wp:term":[{"taxonomy":"product_brand","embeddable":true,"href":"https:\/\/polysmarts.com\/fr\/wp-json\/wp\/v2\/product_brand?post=51"},{"taxonomy":"product_cat","embeddable":true,"href":"https:\/\/polysmarts.com\/fr\/wp-json\/wp\/v2\/product_cat?post=51"},{"taxonomy":"product_tag","embeddable":true,"href":"https:\/\/polysmarts.com\/fr\/wp-json\/wp\/v2\/product_tag?post=51"}],"curies":[{"name":"wp","href":"https:\/\/api.w.org\/{rel}","templated":true}]}}