{"id":5056,"date":"2025-09-09T16:29:19","date_gmt":"2025-09-09T08:29:19","guid":{"rendered":"https:\/\/polysmarts.com\/?post_type=product&#038;p=5056"},"modified":"2025-09-09T16:53:30","modified_gmt":"2025-09-09T08:53:30","slug":"solutions-demballage-de-lait-en-poudre-film-demballage-en-feuille-laminee","status":"publish","type":"product","link":"https:\/\/polysmarts.com\/fr\/product\/milk-powder-pack-solutions-laminated-foil-packaging-film\/","title":{"rendered":"Solutions d&#039;emballage pour lait en poudre | Film d&#039;emballage lamin\u00e9"},"content":{"rendered":"<p>Sublimez vos emballages laitiers avec nos solutions d&#039;emballage pour lait en poudre | Film d&#039;emballage lamin\u00e9. Con\u00e7u pour les transformateurs laitiers, les marques de lait maternis\u00e9 et les fabricants de poudre nutritionnelle, cet emballage innovant offre une solution d&#039;impression personnalis\u00e9e unique pour tous les volumes de lait en poudre ou de lait liquide. Choisissez parmi plusieurs options, notamment des films scellables \u00e0 froid, des films scellables \u00e0 chaud et des films haute barri\u00e8re, pour une protection optimale de vos produits.<\/p>\n<p>Avec des largeurs de film personnalis\u00e9es allant jusqu&#039;\u00e0 1\u00a0200\u00a0mm, vous pouvez personnaliser votre emballage pour r\u00e9pondre \u00e0 vos besoins sp\u00e9cifiques. Nos produits sont fabriqu\u00e9s avec des mat\u00e9riaux, des \u00e9paisseurs et des designs sur mesure, offrant une protection contre l&#039;humidit\u00e9, l&#039;oxyg\u00e8ne, les ar\u00f4mes et la lumi\u00e8re pour une s\u00e9curit\u00e9 optimale du produit. Chaque rouleau ou sachet pr\u00e9form\u00e9 b\u00e9n\u00e9ficie d&#039;une \u00e9tanch\u00e9it\u00e9 parfaite et d&#039;une impression num\u00e9rique ou h\u00e9liogravure \u00e9clatante, renfor\u00e7ant ainsi l&#039;attractivit\u00e9 de votre marque tout en pr\u00e9servant la qualit\u00e9 de votre lait en poudre.<\/p>\n<p>Transformez votre processus d&#039;emballage avec nos solutions d&#039;emballage pour lait en poudre, alliant s\u00e9curit\u00e9 et esth\u00e9tique pour des produits destin\u00e9s \u00e0 l&#039;exportation. D\u00e9couvrez la diff\u00e9rence de qualit\u00e9 et de performance avec un emballage qui refl\u00e8te v\u00e9ritablement l&#039;engagement de votre marque envers l&#039;excellence.<\/p>","protected":false},"excerpt":{"rendered":"<table style=\"height: 360px; width: 99.8505%; border-collapse: collapse;\" border=\"2\">\n<tbody>\n<tr style=\"height: 40px;\">\n<td style=\"width: 22.6796%; height: 30px; background-color: #99ccff;\"><span style=\"font-family: arial, helvetica, sans-serif; font-size: 12pt;\"><strong>Dimensions et style<\/strong><\/span><\/td>\n<td style=\"width: 77.3204%; height: 30px; background-color: #99ccff;\"><span style=\"font-family: arial, helvetica, sans-serif; font-size: 12pt;\">Formes et tailles personnalis\u00e9es<\/span><\/td>\n<\/tr>\n<tr style=\"height: 40px;\">\n<td style=\"width: 22.6796%; height: 34px; background-color: #ebebeb;\"><span style=\"font-size: 12pt;\"><strong><span style=\"font-family: arial, helvetica, sans-serif;\">Quantit\u00e9 minimum d&#039;achat<\/span><\/strong><\/span><\/td>\n<td style=\"width: 77.3204%; height: 34px; background-color: #ebebeb;\"><span style=\"font-family: arial, helvetica, sans-serif; font-size: 12pt;\">200 kilogrammes<\/span><\/td>\n<\/tr>\n<tr style=\"height: 40px; background-color: #99ccff;\">\n<td style=\"width: 22.6796%; height: 24px;\"><span style=\"font-size: 12pt;\"><strong><span style=\"font-family: arial, helvetica, sans-serif;\">Type d&#039;emballage<\/span><\/strong><\/span><\/td>\n<td style=\"width: 77.3204%; height: 24px;\"><span style=\"font-family: arial, helvetica, sans-serif; font-size: 12pt;\">Rouleau de film d&#039;emballage de lait en poudre personnalis\u00e9 <\/span><\/td>\n<\/tr>\n<tr style=\"height: 40px; background-color: #ebebeb;\">\n<td style=\"width: 22.6796%; height: 24px;\"><span style=\"font-size: 12pt;\"><strong><span style=\"font-family: arial, helvetica, sans-serif;\">Impression<\/span><\/strong><\/span><\/td>\n<td style=\"width: 77.3204%; height: 24px;\"><span style=\"font-family: arial, helvetica, sans-serif; font-size: 12pt;\">Impression h\u00e9lio, selon maquette, jusqu&#039;\u00e0 12 couleurs<\/span><\/td>\n<\/tr>\n<tr style=\"height: 40px; background-color: #99ccff;\">\n<td style=\"width: 22.6796%; height: 24px;\"><span style=\"font-size: 12pt;\"><strong><span style=\"font-family: arial, helvetica, sans-serif;\">Taille et \u00e9paisseur<\/span><\/strong><\/span><\/td>\n<td style=\"width: 77.3204%; height: 24px;\"><span style=\"font-family: arial, helvetica, sans-serif; font-size: 12pt;\">Diff\u00e9rentes tailles et \u00e9paisseurs disponibles<\/span><\/td>\n<\/tr>\n<tr style=\"height: 40px; background-color: #ebebeb;\">\n<td style=\"width: 22.6796%; height: 24px;\"><span style=\"font-size: 12pt;\"><strong><span style=\"font-family: arial, helvetica, sans-serif;\">Material<\/span><\/strong><\/span><\/td>\n<td style=\"width: 77.3204%; height: 24px;\"><span style=\"font-family: arial, helvetica, sans-serif; font-size: 12pt;\">PET\/VMPET\/PE, PET\/AL\/PE, OPP\/VMPET\/PE, OPP\/AL\/PE, etc.<\/span><\/td>\n<\/tr>\n<tr style=\"height: 40px; background-color: #99ccff;\">\n<td style=\"width: 22.6796%; height: 24px;\"><span style=\"font-size: 12pt;\"><strong><span style=\"font-family: arial, helvetica, sans-serif;\">Application<\/span><\/strong><\/span><\/td>\n<td style=\"width: 77.3204%; height: 24px;\"><span style=\"font-family: arial, helvetica, sans-serif; font-size: 12pt;\">Chips\/Th\u00e9\/Grains de caf\u00e9\/Lait en poudre\/Caf\u00e9 moulu\/Chips, etc.<\/span><\/td>\n<\/tr>\n<tr style=\"height: 40px; background-color: #ebebeb;\">\n<td style=\"width: 22.6796%; height: 24px;\"><span style=\"font-size: 12pt;\"><strong><span style=\"font-family: arial, helvetica, sans-serif;\">D\u00e9lai d&#039;ex\u00e9cution<\/span><\/strong><\/span><\/td>\n<td style=\"width: 77.3204%; height: 24px;\"><span style=\"font-family: arial, helvetica, sans-serif; font-size: 12pt;\">7 \u00e0 15 jours ouvrables, RUSH<\/span><\/td>\n<\/tr>\n<tr style=\"height: 40px; background-color: #99ccff;\">\n<td style=\"width: 22.6796%; height: 24px;\"><span style=\"font-size: 12pt;\"><strong><span style=\"font-family: arial, helvetica, sans-serif;\">Exp\u00e9dition<\/span><\/strong><\/span><\/td>\n<td style=\"width: 77.3204%; height: 24px;\"><span style=\"font-family: arial, helvetica, sans-serif; font-size: 12pt;\">Air, Mer, Express<\/span><\/td>\n<\/tr>\n<\/tbody>\n<\/table>\n<p>&nbsp;<\/p>","protected":false},"featured_media":5053,"comment_status":"open","ping_status":"closed","template":"","meta":[],"product_brand":[],"product_cat":[23],"product_tag":[],"class_list":{"0":"post-5056","1":"product","2":"type-product","3":"status-publish","4":"has-post-thumbnail","6":"product_cat-film-rolls","8":"first","9":"instock","10":"shipping-taxable","11":"product-type-simple"},"_links":{"self":[{"href":"https:\/\/polysmarts.com\/fr\/wp-json\/wp\/v2\/product\/5056","targetHints":{"allow":["GET"]}}],"collection":[{"href":"https:\/\/polysmarts.com\/fr\/wp-json\/wp\/v2\/product"}],"about":[{"href":"https:\/\/polysmarts.com\/fr\/wp-json\/wp\/v2\/types\/product"}],"replies":[{"embeddable":true,"href":"https:\/\/polysmarts.com\/fr\/wp-json\/wp\/v2\/comments?post=5056"}],"version-history":[{"count":1,"href":"https:\/\/polysmarts.com\/fr\/wp-json\/wp\/v2\/product\/5056\/revisions"}],"predecessor-version":[{"id":5057,"href":"https:\/\/polysmarts.com\/fr\/wp-json\/wp\/v2\/product\/5056\/revisions\/5057"}],"wp:featuredmedia":[{"embeddable":true,"href":"https:\/\/polysmarts.com\/fr\/wp-json\/wp\/v2\/media\/5053"}],"wp:attachment":[{"href":"https:\/\/polysmarts.com\/fr\/wp-json\/wp\/v2\/media?parent=5056"}],"wp:term":[{"taxonomy":"product_brand","embeddable":true,"href":"https:\/\/polysmarts.com\/fr\/wp-json\/wp\/v2\/product_brand?post=5056"},{"taxonomy":"product_cat","embeddable":true,"href":"https:\/\/polysmarts.com\/fr\/wp-json\/wp\/v2\/product_cat?post=5056"},{"taxonomy":"product_tag","embeddable":true,"href":"https:\/\/polysmarts.com\/fr\/wp-json\/wp\/v2\/product_tag?post=5056"}],"curies":[{"name":"wp","href":"https:\/\/api.w.org\/{rel}","templated":true}]}}