{"id":5035,"date":"2025-09-08T19:49:30","date_gmt":"2025-09-08T11:49:30","guid":{"rendered":"https:\/\/polysmarts.com\/?post_type=product&#038;p=5035"},"modified":"2025-09-08T20:18:44","modified_gmt":"2025-09-08T12:18:44","slug":"sacs-mylar-personnalises-3-5-avec-emballage-en-boite","status":"publish","type":"product","link":"https:\/\/polysmarts.com\/fr\/product\/custom-3-5-mylar-bags-with-box-packaging\/","title":{"rendered":"Sacs Mylar personnalis\u00e9s 3,5 avec emballage en bo\u00eete"},"content":{"rendered":"<div style=\"width: 800px;\" class=\"wp-video\"><video class=\"wp-video-shortcode\" id=\"video-5035-1\" width=\"800\" height=\"800\" preload=\"metadata\" controls=\"controls\"><source type=\"video\/mp4\" src=\"https:\/\/polysmarts.com\/wp-content\/uploads\/2025\/09\/0908.mp4?_=1\" \/><a href=\"https:\/\/polysmarts.com\/wp-content\/uploads\/2025\/09\/0908.mp4\">https:\/\/polysmarts.com\/wp-content\/uploads\/2025\/09\/0908.mp4<\/a><\/video><\/div>\n<p><strong>Sacs Mylar personnalis\u00e9s 3,5 pouces avec emballage en bo\u00eete par Polysmarts<\/strong><\/p>\n<table>\n<tbody>\n<tr>\n<td>Description du produit<\/td>\n<td>Sacs Mylar holographiques personnalis\u00e9s de 3,5 g, anti-odeurs, sacs en plastique d\u00e9coup\u00e9s de forme sp\u00e9ciale<\/td>\n<\/tr>\n<tr>\n<td>Taille<\/td>\n<td>1g 3,5g 7g 28g 1LB et personnalis\u00e9<\/td>\n<\/tr>\n<tr>\n<td>M\u00e9thode d&#039;impression<\/td>\n<td>Impression en h\u00e9liogravure (les petites quantit\u00e9s permettront l&#039;impression num\u00e9rique)<\/td>\n<\/tr>\n<tr>\n<td>Structure mat\u00e9rielle<\/td>\n<td>Mat\u00e9riau de la premi\u00e8re couche : PA, PET, BOPP, MATT<br \/>\nMat\u00e9riau interm\u00e9diaire OPP\u00a0: PET, PA, VMPET, AL, PAPIER KRAFT<br \/>\nLe mat\u00e9riau de la derni\u00e8re couche : PE, CPP, RCPP<\/td>\n<\/tr>\n<tr>\n<td>Finition de surface<\/td>\n<td>Brillant, mat, UV, estampage \u00e0 chaud<\/td>\n<\/tr>\n<tr>\n<td>Fen\u00eatre du sac<\/td>\n<td>rond, carr\u00e9, carr\u00e9, ovale, type libre<\/td>\n<\/tr>\n<tr>\n<td>Couleurs<\/td>\n<td>imprim\u00e9 personnalis\u00e9 jusqu&#039;\u00e0 10 couleurs<\/td>\n<\/tr>\n<tr>\n<td>Taille<\/td>\n<td>Prise en charge de la taille personnalis\u00e9e<\/td>\n<\/tr>\n<tr>\n<td>\u00c9paisseur<\/td>\n<td>personnalis\u00e9<\/td>\n<\/tr>\n<tr>\n<td>MOQ<\/td>\n<td>sacs en stock 500 pi\u00e8ces, personnalis\u00e9s 10\u00a0000 pi\u00e8ces<\/td>\n<\/tr>\n<tr>\n<td>Application<\/td>\n<td>nourriture, fleurs s\u00e9ch\u00e9es, bonbons g\u00e9lifi\u00e9s, collation, biscuit, caf\u00e9, \u00e9nergie, noix, etc.<\/td>\n<\/tr>\n<tr>\n<td>Style de sac<\/td>\n<td>sachets \u00e0 fond plat, sacs en papier kraft, sacs \u00e0 bec verseur, sacs en aluminium, sacs \u00e0 fermeture \u00e9clair, sacs \u00e0 fermeture centrale, sacs \u00e0 fermeture \u00e0 trois c\u00f4t\u00e9s, sachets de caf\u00e9 et de th\u00e9, sacs d&#039;emballage de produits de base, etc.<\/td>\n<\/tr>\n<tr>\n<td>Usage industriel<\/td>\n<td>Caf\u00e9, th\u00e9, poudre de prot\u00e9ines de lactos\u00e9rum, friandises pour chiens, leurres de p\u00eache, app\u00e2ts, graines de chia, \u00e9pices, sels de bain, noix de cajou, fruits secs, chips de pommes de terre, pop-corn, granola, bonbons, cr\u00e8me glac\u00e9e, sucettes glac\u00e9es, jus, boissons \u00e9nergisantes, b\u0153uf s\u00e9ch\u00e9, etc.<\/td>\n<\/tr>\n<tr>\n<td>Format de l&#039;\u0153uvre d&#039;art<\/td>\n<td>Graphique vectoriel AI\/EPS\/CDR<\/td>\n<\/tr>\n<\/tbody>\n<\/table>\n<p>Transformez votre emballage avec nos sacs Mylar personnalis\u00e9s 3,5 pouces avec bo\u00eete. Polyvalents et de qualit\u00e9, ces sacs Mylar sont thermoscellables et dot\u00e9s d&#039;une encoche pratique pour un acc\u00e8s facile. Fabriqu\u00e9s en vinyle de qualit\u00e9 sup\u00e9rieure, ils offrent une pr\u00e9sentation exceptionnelle et peuvent \u00eatre dot\u00e9s d&#039;une fen\u00eatre transparente pour mettre en valeur votre produit.<\/p>\n<p>Leur conception innovante, dot\u00e9e d&#039;une barri\u00e8re contre l&#039;oxyg\u00e8ne et l&#039;humidit\u00e9, garantit la fra\u00eecheur de vos produits secs, comestibles et floraux et les prot\u00e8ge des intemp\u00e9ries. Parfaitement dimensionn\u00e9s et emball\u00e9s avec \u00e9l\u00e9gance, nos sacs Mylar avec bo\u00eete rehaussent non seulement l&#039;attrait de vos produits, mais offrent \u00e9galement la durabilit\u00e9 et la fonctionnalit\u00e9 n\u00e9cessaires \u00e0 un stockage optimal. Valorisez votre marque et prot\u00e9gez vos articles avec nos sacs Mylar personnalis\u00e9s de 3,5 pouces avec bo\u00eete d\u00e8s aujourd&#039;hui\u00a0!<\/p>","protected":false},"excerpt":{"rendered":"<table style=\"height: 294px; width: 99.8505%; border-collapse: collapse;\" border=\"2\">\n<tbody>\n<tr style=\"height: 28px; background-color: #dbdbdb;\">\n<td style=\"width: 22.6796%; background-color: #ebebeb; height: 31px;\"><span style=\"font-family: arial, helvetica, sans-serif; font-size: 12pt;\"><strong>Articles<\/strong><\/span><\/td>\n<td style=\"width: 77.3204%; background-color: #ebebeb; height: 31px;\"><span style=\"font-family: arial, helvetica, sans-serif; font-size: 12pt;\">Sacs Mylar personnalis\u00e9s avec bo\u00eete<\/span><\/td>\n<\/tr>\n<tr style=\"height: 40px;\">\n<td style=\"width: 22.6796%; height: 30px; background-color: #99ccff;\"><span style=\"font-family: arial, helvetica, sans-serif; font-size: 12pt;\"><strong>Dimensions et style<\/strong><\/span><\/td>\n<td style=\"width: 77.3204%; height: 30px; background-color: #99ccff;\"><span style=\"font-family: arial, helvetica, sans-serif; font-size: 12pt;\">Formes et tailles personnalis\u00e9es<\/span><\/td>\n<\/tr>\n<tr style=\"height: 40px;\">\n<td style=\"width: 22.6796%; height: 34px; background-color: #ebebeb;\"><span style=\"font-size: 12pt;\"><strong><span style=\"font-family: arial, helvetica, sans-serif;\">Quantit\u00e9 minimum d&#039;achat<\/span><\/strong><\/span><\/td>\n<td style=\"width: 77.3204%; height: 34px; background-color: #ebebeb;\"><span style=\"font-family: arial, helvetica, sans-serif; font-size: 12pt;\">500 pi\u00e8ces sans personnalisation, 10 000 pi\u00e8ces pour personnalisation<\/span><\/td>\n<\/tr>\n<tr style=\"height: 40px; background-color: #99ccff;\">\n<td style=\"width: 22.6796%; height: 32px;\"><span style=\"font-size: 12pt;\"><strong><span style=\"font-family: arial, helvetica, sans-serif;\">Type d&#039;emballage<\/span><\/strong><\/span><\/td>\n<td style=\"width: 77.3204%; height: 32px;\"><span style=\"font-family: arial, helvetica, sans-serif; font-size: 12pt;\"><a href=\"https:\/\/polysmarts.com\/fr\/pochettes-debout-emballage-de-pochettes-debout-personnalise\/\"><strong>Pochette debout<\/strong><\/a> avec fermeture \u00e9clair<\/span><\/td>\n<\/tr>\n<tr style=\"height: 40px; background-color: #ebebeb;\">\n<td style=\"width: 22.6796%; height: 24px;\"><span style=\"font-size: 12pt;\"><strong><span style=\"font-family: arial, helvetica, sans-serif;\">Impression<\/span><\/strong><\/span><\/td>\n<td style=\"width: 77.3204%; height: 24px;\"><span style=\"font-family: arial, helvetica, sans-serif; font-size: 12pt;\">CMJN (1 \u00e0 10 couleurs), sans impression (uni), impression num\u00e9rique<\/span><\/td>\n<\/tr>\n<tr style=\"height: 40px; background-color: #99ccff;\">\n<td style=\"width: 22.6796%; height: 32px;\"><span style=\"font-size: 12pt;\"><strong><span style=\"font-family: arial, helvetica, sans-serif;\">Material<\/span><\/strong><\/span><\/td>\n<td style=\"width: 77.3204%; height: 32px;\"><span style=\"font-family: arial, helvetica, sans-serif; font-size: 12pt;\">Mat\u00e9riau lamin\u00e9, MOPP+VMPET+PE<\/span><\/td>\n<\/tr>\n<tr style=\"height: 40px; background-color: #ebebeb;\">\n<td style=\"width: 22.6796%; height: 33px;\"><span style=\"font-size: 12pt;\"><strong><span style=\"font-family: arial, helvetica, sans-serif;\">Options incluses<\/span><\/strong><\/span><\/td>\n<td style=\"width: 77.3204%; height: 33px;\"><span style=\"font-family: arial, helvetica, sans-serif; font-size: 12pt;\">D\u00e9coupe, thermoscellage<\/span><\/td>\n<\/tr>\n<tr style=\"height: 40px; background-color: #99ccff;\">\n<td style=\"width: 22.6796%; height: 30px;\"><span style=\"font-size: 12pt;\"><strong><span style=\"font-family: arial, helvetica, sans-serif;\">Fonctionnalit\u00e9<\/span><\/strong><\/span><\/td>\n<td style=\"width: 77.3204%; height: 30px;\"><span style=\"font-family: arial, helvetica, sans-serif; font-size: 12pt;\">R\u00e9sistant \u00e0 l&#039;humidit\u00e9\/isolation \u00e0 l&#039;oxyg\u00e8ne\/ombrage\/r\u00e9sistance aux temp\u00e9ratures \u00e9lev\u00e9es\/mat\u00e9riau de qualit\u00e9 alimentaire<\/span><\/td>\n<\/tr>\n<tr style=\"height: 40px; background-color: #ebebeb;\">\n<td style=\"width: 22.6796%; height: 24px;\"><span style=\"font-size: 12pt;\"><strong><span style=\"font-family: arial, helvetica, sans-serif;\">D\u00e9lai d&#039;ex\u00e9cution<\/span><\/strong><\/span><\/td>\n<td style=\"width: 77.3204%; height: 24px;\"><span style=\"font-family: arial, helvetica, sans-serif; font-size: 12pt;\">7 \u00e0 15 jours ouvrables, RUSH<\/span><\/td>\n<\/tr>\n<tr style=\"height: 40px; background-color: #99ccff;\">\n<td style=\"width: 22.6796%; height: 24px;\"><span style=\"font-size: 12pt;\"><strong><span style=\"font-family: arial, helvetica, sans-serif;\">Exp\u00e9dition<\/span><\/strong><\/span><\/td>\n<td style=\"width: 77.3204%; height: 24px;\"><span style=\"font-family: arial, helvetica, sans-serif; font-size: 12pt;\">Air, Mer, Express<\/span><\/td>\n<\/tr>\n<\/tbody>\n<\/table>\n<p>&nbsp;<\/p>","protected":false},"featured_media":5044,"comment_status":"open","ping_status":"closed","template":"","meta":[],"product_brand":[],"product_cat":[26,35,18],"product_tag":[],"class_list":{"0":"post-5035","1":"product","2":"type-product","3":"status-publish","4":"has-post-thumbnail","6":"product_cat-food-packaging","7":"product_cat-mylar-bags","8":"product_cat-zipper-bags","10":"first","11":"instock","12":"shipping-taxable","13":"purchasable","14":"product-type-variable"},"_links":{"self":[{"href":"https:\/\/polysmarts.com\/fr\/wp-json\/wp\/v2\/product\/5035","targetHints":{"allow":["GET"]}}],"collection":[{"href":"https:\/\/polysmarts.com\/fr\/wp-json\/wp\/v2\/product"}],"about":[{"href":"https:\/\/polysmarts.com\/fr\/wp-json\/wp\/v2\/types\/product"}],"replies":[{"embeddable":true,"href":"https:\/\/polysmarts.com\/fr\/wp-json\/wp\/v2\/comments?post=5035"}],"version-history":[{"count":4,"href":"https:\/\/polysmarts.com\/fr\/wp-json\/wp\/v2\/product\/5035\/revisions"}],"predecessor-version":[{"id":5049,"href":"https:\/\/polysmarts.com\/fr\/wp-json\/wp\/v2\/product\/5035\/revisions\/5049"}],"wp:featuredmedia":[{"embeddable":true,"href":"https:\/\/polysmarts.com\/fr\/wp-json\/wp\/v2\/media\/5044"}],"wp:attachment":[{"href":"https:\/\/polysmarts.com\/fr\/wp-json\/wp\/v2\/media?parent=5035"}],"wp:term":[{"taxonomy":"product_brand","embeddable":true,"href":"https:\/\/polysmarts.com\/fr\/wp-json\/wp\/v2\/product_brand?post=5035"},{"taxonomy":"product_cat","embeddable":true,"href":"https:\/\/polysmarts.com\/fr\/wp-json\/wp\/v2\/product_cat?post=5035"},{"taxonomy":"product_tag","embeddable":true,"href":"https:\/\/polysmarts.com\/fr\/wp-json\/wp\/v2\/product_tag?post=5035"}],"curies":[{"name":"wp","href":"https:\/\/api.w.org\/{rel}","templated":true}]}}