{"id":5016,"date":"2025-09-05T12:34:53","date_gmt":"2025-09-05T04:34:53","guid":{"rendered":"https:\/\/polysmarts.com\/?post_type=product&#038;p=5016"},"modified":"2025-09-05T13:05:09","modified_gmt":"2025-09-05T05:05:09","slug":"emballage-alimentaire-personnalise-en-sachets-thermosoudables-polysmarts","status":"publish","type":"product","link":"https:\/\/polysmarts.com\/fr\/product\/custom-retort-pouch-food-packaging-polysmarts\/","title":{"rendered":"Emballage alimentaire personnalis\u00e9 en sachets thermosoudables | Polysmarts"},"content":{"rendered":"<p><strong><iframe title=\"YouTube video player\" src=\"\/\/www.youtube.com\/embed\/mWSqfe5prg8?si=sEzaz--t1LH9m3dD\" width=\"560\" height=\"450\" frameborder=\"0\" allowfullscreen=\"allowfullscreen\"><\/iframe><\/strong><\/p>\n<p><strong>Emballage alimentaire personnalis\u00e9 en sachets thermor\u00e9tractables par Polysmarts<\/strong><\/p>\n<p>Chez Polysmarts, nous sommes sp\u00e9cialis\u00e9s dans la cr\u00e9ation de sachets st\u00e9rilisables sur mesure de haute qualit\u00e9, r\u00e9pondant aux divers besoins de l&#039;industrie agroalimentaire. Nos sachets st\u00e9rilisables sont con\u00e7us pour garantir une fra\u00eecheur et une s\u00e9curit\u00e9 optimales \u00e0 vos produits, garantissant ainsi leur livraison \u00e0 vos clients en parfait \u00e9tat.<\/p>\n<h4><strong><span style=\"font-size: 12pt;\">Principales caract\u00e9ristiques:<\/span><\/strong><\/h4>\n<ul>\n<li><strong>Durabilit\u00e9:<\/strong>\u00a0Nos sachets de st\u00e9rilisation sont fabriqu\u00e9s \u00e0 partir de mat\u00e9riaux robustes qui r\u00e9sistent aux temp\u00e9ratures et \u00e0 la pression \u00e9lev\u00e9es pendant le processus de st\u00e9rilisation.<\/li>\n<li><strong>Versatilit\u00e9:<\/strong>\u00a0Id\u00e9al pour une large gamme de produits alimentaires, notamment les soupes, les sauces, les plats pr\u00e9par\u00e9s et plus encore.<\/li>\n<li><strong>Conceptions personnalis\u00e9es :<\/strong>\u00a0Personnalisez votre emballage pour refl\u00e9ter l&#039;identit\u00e9 de votre marque avec des tailles, des couleurs et des options d&#039;impression personnalisables.<\/li>\n<li><strong>Options \u00e9cologiques :<\/strong>\u00a0Choisissez parmi des mat\u00e9riaux durables qui r\u00e9duisent l\u2019impact environnemental sans compromettre la qualit\u00e9.<\/li>\n<\/ul>\n<h4><strong><span style=\"font-size: 12pt;\">Avantages:<\/span><\/strong><\/h4>\n<ul>\n<li><strong>Dur\u00e9e de conservation prolong\u00e9e :<\/strong>\u00a0Notre <strong><a href=\"https:\/\/polysmarts.com\/fr\/\">solutions d&#039;emballage<\/a><\/strong> aidez \u00e0 pr\u00e9server la saveur et la valeur nutritionnelle de vos produits alimentaires.<\/li>\n<li><strong>Commodit\u00e9:<\/strong>\u00a0Faciles \u00e0 ranger et \u00e0 utiliser, nos sachets isothermes sont parfaits pour les repas \u00e0 emporter.<\/li>\n<li><strong>Rentable :<\/strong>\u00a0R\u00e9duisez les d\u00e9chets d\u2019emballage et diminuez les co\u00fbts d\u2019exp\u00e9dition gr\u00e2ce \u00e0 des conceptions l\u00e9g\u00e8res et compactes.<\/li>\n<\/ul>\n<p>Sublimez la pr\u00e9sentation de vos produits et garantissez une qualit\u00e9 optimale gr\u00e2ce aux sachets st\u00e9rilisables personnalis\u00e9s de Polysmarts. Contactez-nous d\u00e8s aujourd&#039;hui pour un devis personnalis\u00e9 et laissez-nous vous aider \u00e0 vous d\u00e9marquer sur le march\u00e9 alimentaire concurrentiel\u00a0!<\/p>","protected":false},"excerpt":{"rendered":"<table style=\"height: 294px; width: 99.8505%; border-collapse: collapse;\" border=\"2\">\n<tbody>\n<tr style=\"height: 28px; background-color: #dbdbdb;\">\n<td style=\"width: 22.6796%; background-color: #ebebeb; height: 31px;\"><span style=\"font-family: arial, helvetica, sans-serif; font-size: 12pt;\"><strong>Articles<\/strong><\/span><\/td>\n<td style=\"width: 77.3204%; background-color: #ebebeb; height: 31px;\"><span style=\"font-family: arial, helvetica, sans-serif; font-size: 12pt;\">Pochette de st\u00e9rilisation personnalis\u00e9e <strong><a href=\"https:\/\/polysmarts.com\/fr\/categorie-de-produit\/par-marches\/emballages-alimentaires\/\">Food Packaging <\/a><\/strong><\/span><\/td>\n<\/tr>\n<tr style=\"height: 40px;\">\n<td style=\"width: 22.6796%; height: 30px; background-color: #99ccff;\"><span style=\"font-family: arial, helvetica, sans-serif; font-size: 12pt;\"><strong>Dimensions et style<\/strong><\/span><\/td>\n<td style=\"width: 77.3204%; height: 30px; background-color: #99ccff;\"><span style=\"font-family: arial, helvetica, sans-serif; font-size: 12pt;\">Formes et tailles personnalis\u00e9es<\/span><\/td>\n<\/tr>\n<tr style=\"height: 40px;\">\n<td style=\"width: 22.6796%; height: 34px; background-color: #ebebeb;\"><span style=\"font-size: 12pt;\"><strong><span style=\"font-family: arial, helvetica, sans-serif;\">Quantit\u00e9 minimum d&#039;achat<\/span><\/strong><\/span><\/td>\n<td style=\"width: 77.3204%; height: 34px; background-color: #ebebeb;\"><span style=\"font-family: arial, helvetica, sans-serif; font-size: 12pt;\">100 pi\u00e8ces sans personnalisation, 5000 pi\u00e8ces pour personnalisation<\/span><\/td>\n<\/tr>\n<tr style=\"height: 40px; background-color: #99ccff;\">\n<td style=\"width: 22.6796%; height: 32px;\"><span style=\"font-size: 12pt;\"><strong><span style=\"font-family: arial, helvetica, sans-serif;\">Type d&#039;emballage<\/span><\/strong><\/span><\/td>\n<td style=\"width: 77.3204%; height: 32px;\"><span style=\"font-family: arial, helvetica, sans-serif; font-size: 12pt;\"><a href=\"https:\/\/polysmarts.com\/fr\/pochettes-debout-emballage-de-pochettes-debout-personnalise\/\"><strong>Pochette debout<\/strong><\/a> avec fermeture \u00e9clair<\/span><\/td>\n<\/tr>\n<tr style=\"height: 40px; background-color: #ebebeb;\">\n<td style=\"width: 22.6796%; height: 24px;\"><span style=\"font-size: 12pt;\"><strong><span style=\"font-family: arial, helvetica, sans-serif;\">Impression<\/span><\/strong><\/span><\/td>\n<td style=\"width: 77.3204%; height: 24px;\"><span style=\"font-family: arial, helvetica, sans-serif; font-size: 12pt;\">CMJN (1 \u00e0 10 couleurs), sans impression (uni), impression num\u00e9rique<\/span><\/td>\n<\/tr>\n<tr style=\"height: 40px; background-color: #99ccff;\">\n<td style=\"width: 22.6796%; height: 32px;\"><span style=\"font-size: 12pt;\"><strong><span style=\"font-family: arial, helvetica, sans-serif;\">Material<\/span><\/strong><\/span><\/td>\n<td style=\"width: 77.3204%; height: 32px;\"><span style=\"font-family: arial, helvetica, sans-serif; font-size: 12pt;\">Mat\u00e9riau lamin\u00e9, MOPP+VMPET+PE<\/span><\/td>\n<\/tr>\n<tr style=\"height: 40px; background-color: #ebebeb;\">\n<td style=\"width: 22.6796%; height: 33px;\"><span style=\"font-size: 12pt;\"><strong><span style=\"font-family: arial, helvetica, sans-serif;\">Options incluses<\/span><\/strong><\/span><\/td>\n<td style=\"width: 77.3204%; height: 33px;\"><span style=\"font-family: arial, helvetica, sans-serif; font-size: 12pt;\">D\u00e9coupe, thermoscellage<\/span><\/td>\n<\/tr>\n<tr style=\"height: 40px; background-color: #99ccff;\">\n<td style=\"width: 22.6796%; height: 30px;\"><span style=\"font-size: 12pt;\"><strong><span style=\"font-family: arial, helvetica, sans-serif;\">Fonctionnalit\u00e9<\/span><\/strong><\/span><\/td>\n<td style=\"width: 77.3204%; height: 30px;\"><span style=\"font-family: arial, helvetica, sans-serif; font-size: 12pt;\">R\u00e9sistant \u00e0 l&#039;humidit\u00e9\/isolation \u00e0 l&#039;oxyg\u00e8ne\/ombrage\/r\u00e9sistance aux temp\u00e9ratures \u00e9lev\u00e9es\/mat\u00e9riau de qualit\u00e9 alimentaire<\/span><\/td>\n<\/tr>\n<tr style=\"height: 40px; background-color: #ebebeb;\">\n<td style=\"width: 22.6796%; height: 24px;\"><span style=\"font-size: 12pt;\"><strong><span style=\"font-family: arial, helvetica, sans-serif;\">D\u00e9lai d&#039;ex\u00e9cution<\/span><\/strong><\/span><\/td>\n<td style=\"width: 77.3204%; height: 24px;\"><span style=\"font-family: arial, helvetica, sans-serif; font-size: 12pt;\">7 \u00e0 15 jours ouvrables, RUSH<\/span><\/td>\n<\/tr>\n<tr style=\"height: 40px; background-color: #99ccff;\">\n<td style=\"width: 22.6796%; height: 24px;\"><span style=\"font-size: 12pt;\"><strong><span style=\"font-family: arial, helvetica, sans-serif;\">Exp\u00e9dition<\/span><\/strong><\/span><\/td>\n<td style=\"width: 77.3204%; height: 24px;\"><span style=\"font-family: arial, helvetica, sans-serif; font-size: 12pt;\">Air, Mer, Express<\/span><\/td>\n<\/tr>\n<\/tbody>\n<\/table>\n<p>&nbsp;<\/p>","protected":false},"featured_media":5013,"comment_status":"open","ping_status":"closed","template":"","meta":[],"product_brand":[],"product_cat":[26,35,18],"product_tag":[],"class_list":{"0":"post-5016","1":"product","2":"type-product","3":"status-publish","4":"has-post-thumbnail","6":"product_cat-food-packaging","7":"product_cat-mylar-bags","8":"product_cat-zipper-bags","10":"first","11":"instock","12":"shipping-taxable","13":"purchasable","14":"product-type-variable"},"_links":{"self":[{"href":"https:\/\/polysmarts.com\/fr\/wp-json\/wp\/v2\/product\/5016","targetHints":{"allow":["GET"]}}],"collection":[{"href":"https:\/\/polysmarts.com\/fr\/wp-json\/wp\/v2\/product"}],"about":[{"href":"https:\/\/polysmarts.com\/fr\/wp-json\/wp\/v2\/types\/product"}],"replies":[{"embeddable":true,"href":"https:\/\/polysmarts.com\/fr\/wp-json\/wp\/v2\/comments?post=5016"}],"version-history":[{"count":6,"href":"https:\/\/polysmarts.com\/fr\/wp-json\/wp\/v2\/product\/5016\/revisions"}],"predecessor-version":[{"id":5025,"href":"https:\/\/polysmarts.com\/fr\/wp-json\/wp\/v2\/product\/5016\/revisions\/5025"}],"wp:featuredmedia":[{"embeddable":true,"href":"https:\/\/polysmarts.com\/fr\/wp-json\/wp\/v2\/media\/5013"}],"wp:attachment":[{"href":"https:\/\/polysmarts.com\/fr\/wp-json\/wp\/v2\/media?parent=5016"}],"wp:term":[{"taxonomy":"product_brand","embeddable":true,"href":"https:\/\/polysmarts.com\/fr\/wp-json\/wp\/v2\/product_brand?post=5016"},{"taxonomy":"product_cat","embeddable":true,"href":"https:\/\/polysmarts.com\/fr\/wp-json\/wp\/v2\/product_cat?post=5016"},{"taxonomy":"product_tag","embeddable":true,"href":"https:\/\/polysmarts.com\/fr\/wp-json\/wp\/v2\/product_tag?post=5016"}],"curies":[{"name":"wp","href":"https:\/\/api.w.org\/{rel}","templated":true}]}}