{"id":4801,"date":"2025-07-21T19:21:15","date_gmt":"2025-07-21T11:21:15","guid":{"rendered":"https:\/\/polysmarts.com\/?post_type=product&#038;p=4801"},"modified":"2025-07-21T19:44:23","modified_gmt":"2025-07-21T11:44:23","slug":"sacs-demballage-de-glaces-personnalises-avec-un-materiau-de-qualite-alimentaire","status":"publish","type":"product","link":"https:\/\/polysmarts.com\/fr\/product\/custom-popsicle-packaging-bags-with-food-grade-material\/","title":{"rendered":"Sacs d&#039;emballage personnalis\u00e9s pour glaces \u00e0 l&#039;eau, en mat\u00e9riau de qualit\u00e9 alimentaire"},"content":{"rendered":"<p><span style=\"font-family: arial, helvetica, sans-serif;\">\u00c0<span style=\"color: #00ccff;\"><strong><a style=\"color: #00ccff;\" href=\"https:\/\/polysmarts.com\/fr\/\"> Polysmarts<\/a><\/strong><\/span>, nous nous sp\u00e9cialisons dans la fourniture de solutions innovantes <strong>emballage de glace personnalis\u00e9<\/strong> Des solutions qui prot\u00e8gent non seulement vos glaces, mais am\u00e9liorent \u00e9galement la visibilit\u00e9 de votre marque. Que vous lanciez un nouveau produit, organisiez un \u00e9v\u00e9nement d&#039;entreprise ou c\u00e9l\u00e9briez un \u00e9v\u00e9nement priv\u00e9, nos emballages sur mesure garantissent que vos glaces laisseront une impression durable.<\/span><\/p>\n<h2><strong><span style=\"font-family: arial, helvetica, sans-serif; font-size: 14pt;\">Pourquoi choisir un emballage de sucettes glac\u00e9es personnalis\u00e9\u00a0?<\/span><\/strong><\/h2>\n<p><span style=\"font-family: arial, helvetica, sans-serif;\">Un emballage personnalis\u00e9 pour glaces \u00e0 l&#039;eau est bien plus qu&#039;un simple emballage\u00a0: c&#039;est un puissant outil de branding. Avec Polysmarts, transformez un emballage ordinaire en une \u0153uvre d&#039;art marketing fid\u00e8le \u00e0 l&#039;identit\u00e9 de votre marque. Du design accrocheur aux fonctionnalit\u00e9s pratiques, nos solutions d&#039;emballage vous aident \u00e0 vous d\u00e9marquer sur un march\u00e9 concurrentiel.<\/span><\/p>\n<h3><strong><span style=\"font-family: arial, helvetica, sans-serif; font-size: 14pt;\">Caract\u00e9ristiques de notre emballage de sucettes glac\u00e9es personnalis\u00e9\u00a0:<\/span><\/strong><\/h3>\n<ol>\n<li><span style=\"font-family: arial, helvetica, sans-serif;\"><strong>Conceptions enti\u00e8rement personnalisables<\/strong><\/span><br \/>\n<span style=\"font-family: arial, helvetica, sans-serif;\">Mettez en valeur votre marque avec des designs personnalis\u00e9s int\u00e9grant votre logo, votre slogan, vos couleurs et un visuel unique. Notre \u00e9quipe travaille avec vous pour cr\u00e9er un emballage qui refl\u00e8te la personnalit\u00e9 de votre marque.<\/span><\/li>\n<li><span style=\"font-family: arial, helvetica, sans-serif;\"><strong>Mat\u00e9riaux de qualit\u00e9 sup\u00e9rieure<\/strong><\/span><br \/>\n<span style=\"font-family: arial, helvetica, sans-serif;\">Nous utilisons des mat\u00e9riaux durables, \u00e9cologiques et de qualit\u00e9 alimentaire pour garantir la fra\u00eecheur et l&#039;esth\u00e9tique de vos glaces. Nos emballages sont con\u00e7us pour r\u00e9sister au froid tout en pr\u00e9servant leur int\u00e9grit\u00e9.<\/span><\/li>\n<li><span style=\"font-family: arial, helvetica, sans-serif;\"><strong>Options d&#039;impression innovantes<\/strong><\/span><br \/>\n<span style=\"font-family: arial, helvetica, sans-serif;\">Gr\u00e2ce \u00e0 notre technologie d&#039;impression haute r\u00e9solution, nous cr\u00e9ons des designs \u00e9clatants et d\u00e9taill\u00e9s qui captent l&#039;attention. Que vous pr\u00e9f\u00e9riez des graphismes audacieux ou une \u00e9l\u00e9gance minimaliste, nos capacit\u00e9s d&#039;impression donnent vie \u00e0 votre vision.<\/span><\/li>\n<li><span style=\"font-family: arial, helvetica, sans-serif;\"><strong>Tailles et formes personnalis\u00e9es<\/strong><\/span><br \/>\n<span style=\"font-family: arial, helvetica, sans-serif;\">Quelle que soit la taille ou la forme de vos glaces, nous proposons des emballages sur mesure parfaitement adapt\u00e9s. Des portions individuelles aux emballages multiples, nous avons la solution.<\/span><\/li>\n<li><span style=\"font-family: arial, helvetica, sans-serif;\"><strong>Solutions \u00e9cologiques<\/strong><\/span><br \/>\n<span style=\"font-family: arial, helvetica, sans-serif;\">Associez votre marque au d\u00e9veloppement durable en choisissant nos emballages \u00e9cologiques. Nous proposons des mat\u00e9riaux biod\u00e9gradables et recyclables pour minimiser l&#039;impact environnemental tout en garantissant une qualit\u00e9 irr\u00e9prochable.<\/span><\/li>\n<\/ol>\n<hr \/>\n<h2><strong><span style=\"font-family: arial, helvetica, sans-serif; font-size: 14pt;\">Avantages de l&#039;emballage personnalis\u00e9 des glaces pour votre marque<\/span><\/strong><\/h2>\n<p><span style=\"font-family: arial, helvetica, sans-serif;\">Investir dans <strong>emballage de glace personnalis\u00e9<\/strong> offre plusieurs avantages pour votre entreprise :<\/span><\/p>\n<ul>\n<li><span style=\"font-family: arial, helvetica, sans-serif;\"><strong>Augmentation de la notori\u00e9t\u00e9 de la marque<\/strong>:L&#039;emballage de marque garantit que vos sucettes glac\u00e9es sont imm\u00e9diatement reconnaissables, aidant votre entreprise \u00e0 se d\u00e9marquer sur un march\u00e9 encombr\u00e9.<\/span><\/li>\n<li><span style=\"font-family: arial, helvetica, sans-serif;\"><strong>Exp\u00e9rience client am\u00e9lior\u00e9e<\/strong>:Un emballage unique et visuellement attrayant cr\u00e9e une exp\u00e9rience m\u00e9morable pour vos clients, encourageant les achats r\u00e9p\u00e9t\u00e9s.<\/span><\/li>\n<li><span style=\"font-family: arial, helvetica, sans-serif;\"><strong>Outil de marketing efficace<\/strong>:Chaque glace devient un mini panneau d&#039;affichage pour votre marque, diffusant votre message \u00e0 un public plus large.<\/span><\/li>\n<li><span style=\"font-family: arial, helvetica, sans-serif;\"><strong>Pr\u00e9sentation professionnelle<\/strong>:Un emballage de haute qualit\u00e9 augmente la valeur per\u00e7ue de votre produit, le rendant plus attrayant pour les clients.<\/span><\/li>\n<\/ul>\n<hr \/>\n<h2><strong><span style=\"font-family: arial, helvetica, sans-serif; font-size: 14pt;\">Parfait pour toutes les occasions<\/span><\/strong><\/h2>\n<p><span style=\"font-family: arial, helvetica, sans-serif;\">Que vous soyez propri\u00e9taire d&#039;un glacier, organisateur d&#039;\u00e9v\u00e9nements ou entrepreneur, Polysmarts vous propose <strong>emballage de glace personnalis\u00e9<\/strong> Des solutions adapt\u00e9es \u00e0 vos besoins. Voici quelques exemples d&#039;utilisation courants\u00a0:<\/span><\/p>\n<ul>\n<li><span style=\"font-family: arial, helvetica, sans-serif;\"><strong>\u00c9v\u00e9nements d&#039;entreprise<\/strong>:Distribuez des glaces de marque lors de salons professionnels, de conf\u00e9rences ou de c\u00e9l\u00e9brations d&#039;entreprise pour laisser une impression durable.<\/span><\/li>\n<li><span style=\"font-family: arial, helvetica, sans-serif;\"><strong>Lancements de produits<\/strong>:Faites une d\u00e9claration en emballant vos nouvelles saveurs de glaces dans un emballage de marque accrocheur.<\/span><\/li>\n<li><span style=\"font-family: arial, helvetica, sans-serif;\"><strong>Mariages et f\u00eates<\/strong>:Ajoutez une touche personnelle \u00e0 votre journ\u00e9e sp\u00e9ciale avec des emballages de glaces personnalis\u00e9s comportant des noms, des dates ou des motifs th\u00e9matiques.<\/span><\/li>\n<li><span style=\"font-family: arial, helvetica, sans-serif;\"><strong>Commerce de d\u00e9tail et de gros<\/strong>:Am\u00e9liorez l&#039;attrait de votre produit en rayon gr\u00e2ce \u00e0 un emballage professionnel et de marque qui attire les clients.<\/span><\/li>\n<\/ul>","protected":false},"excerpt":{"rendered":"<table style=\"height: 360px; width: 99.8505%; border-collapse: collapse;\" border=\"2\">\n<tbody>\n<tr style=\"height: 40px;\">\n<td style=\"width: 22.6796%; height: 30px; background-color: #99ccff;\"><span style=\"font-family: arial, helvetica, sans-serif; font-size: 12pt;\"><strong>Dimensions et style<\/strong><\/span><\/td>\n<td style=\"width: 77.3204%; height: 30px; background-color: #99ccff;\"><span style=\"font-family: arial, helvetica, sans-serif; font-size: 12pt;\">Formes et tailles personnalis\u00e9es<\/span><\/td>\n<\/tr>\n<tr style=\"height: 40px;\">\n<td style=\"width: 22.6796%; height: 34px; background-color: #ebebeb;\"><span style=\"font-size: 12pt;\"><strong><span style=\"font-family: arial, helvetica, sans-serif;\">Quantit\u00e9 minimum d&#039;achat<\/span><\/strong><\/span><\/td>\n<td style=\"width: 77.3204%; height: 34px; background-color: #ebebeb;\"><span style=\"font-family: arial, helvetica, sans-serif; font-size: 12pt;\">100 pi\u00e8ces sans personnalisation, 1000 pour impression num\u00e9rique \/ 10000 pi\u00e8ces pour impression en h\u00e9liogravure<\/span><\/td>\n<\/tr>\n<tr style=\"height: 40px; background-color: #99ccff;\">\n<td style=\"width: 22.6796%; height: 24px;\"><span style=\"font-size: 12pt;\"><strong><span style=\"font-family: arial, helvetica, sans-serif;\">Type d&#039;emballage<\/span><\/strong><\/span><\/td>\n<td style=\"width: 77.3204%; height: 24px;\"><span style=\"font-family: arial, helvetica, sans-serif; font-size: 12pt;\">Sacs oreillers\/sacs \u00e0 fermeture arri\u00e8re\/emballages pour sucettes glac\u00e9es<\/span><\/td>\n<\/tr>\n<tr style=\"height: 40px; background-color: #ebebeb;\">\n<td style=\"width: 22.6796%; height: 24px;\"><span style=\"font-size: 12pt;\"><strong><span style=\"font-family: arial, helvetica, sans-serif;\">Impression<\/span><\/strong><\/span><\/td>\n<td style=\"width: 77.3204%; height: 24px;\"><span style=\"font-family: arial, helvetica, sans-serif; font-size: 12pt;\">CMJN (1 \u00e0 10 couleurs selon vos besoins), pas d&#039;impression (ordinaire)<\/span><\/td>\n<\/tr>\n<tr style=\"height: 40px; background-color: #99ccff;\">\n<td style=\"width: 22.6796%; height: 24px;\"><span style=\"font-size: 12pt;\"><strong><span style=\"font-family: arial, helvetica, sans-serif;\">Finition<\/span><\/strong><\/span><\/td>\n<td style=\"width: 77.3204%; height: 24px;\"><span style=\"font-family: arial, helvetica, sans-serif; font-size: 12pt;\">Stratification brillante, impression offset<\/span><\/td>\n<\/tr>\n<tr style=\"height: 40px; background-color: #ebebeb;\">\n<td style=\"width: 22.6796%; height: 24px;\"><span style=\"font-size: 12pt;\"><strong><span style=\"font-family: arial, helvetica, sans-serif;\">Material<\/span><\/strong><\/span><\/td>\n<td style=\"width: 77.3204%; height: 24px;\"><span style=\"font-family: arial, helvetica, sans-serif; font-size: 12pt;\">PET\/CPP\/PE<\/span><\/td>\n<\/tr>\n<tr style=\"height: 40px; background-color: #99ccff;\">\n<td style=\"width: 22.6796%; height: 24px;\"><span style=\"font-size: 12pt;\"><strong><span style=\"font-family: arial, helvetica, sans-serif;\">Fonctionnalit\u00e9<\/span><\/strong><\/span><\/td>\n<td style=\"width: 77.3204%; height: 24px;\"><span style=\"font-family: arial, helvetica, sans-serif; font-size: 12pt;\">Imperm\u00e9able \/ Anti-odeurs<\/span><\/td>\n<\/tr>\n<tr style=\"height: 40px; background-color: #ebebeb;\">\n<td style=\"width: 22.6796%; height: 24px;\"><span style=\"font-size: 12pt;\"><strong><span style=\"font-family: arial, helvetica, sans-serif;\">D\u00e9lai d&#039;ex\u00e9cution<\/span><\/strong><\/span><\/td>\n<td style=\"width: 77.3204%; height: 24px;\"><span style=\"font-family: arial, helvetica, sans-serif; font-size: 12pt;\">7 \u00e0 15 jours ouvrables, RUSH<\/span><\/td>\n<\/tr>\n<tr style=\"height: 40px; background-color: #99ccff;\">\n<td style=\"width: 22.6796%; height: 24px;\"><span style=\"font-size: 12pt;\"><strong><span style=\"font-family: arial, helvetica, sans-serif;\">Exp\u00e9dition<\/span><\/strong><\/span><\/td>\n<td style=\"width: 77.3204%; height: 24px;\"><span style=\"font-family: arial, helvetica, sans-serif; font-size: 12pt;\">Air, Mer, Express<\/span><\/td>\n<\/tr>\n<\/tbody>\n<\/table>\n<p>&nbsp;<\/p>","protected":false},"featured_media":4808,"comment_status":"open","ping_status":"closed","template":"","meta":[],"product_brand":[],"product_cat":[26,19],"product_tag":[],"class_list":{"0":"post-4801","1":"product","2":"type-product","3":"status-publish","4":"has-post-thumbnail","6":"product_cat-food-packaging","7":"product_cat-heat-sealing-bag","9":"first","10":"instock","11":"shipping-taxable","12":"product-type-simple"},"_links":{"self":[{"href":"https:\/\/polysmarts.com\/fr\/wp-json\/wp\/v2\/product\/4801","targetHints":{"allow":["GET"]}}],"collection":[{"href":"https:\/\/polysmarts.com\/fr\/wp-json\/wp\/v2\/product"}],"about":[{"href":"https:\/\/polysmarts.com\/fr\/wp-json\/wp\/v2\/types\/product"}],"replies":[{"embeddable":true,"href":"https:\/\/polysmarts.com\/fr\/wp-json\/wp\/v2\/comments?post=4801"}],"version-history":[{"count":3,"href":"https:\/\/polysmarts.com\/fr\/wp-json\/wp\/v2\/product\/4801\/revisions"}],"predecessor-version":[{"id":4811,"href":"https:\/\/polysmarts.com\/fr\/wp-json\/wp\/v2\/product\/4801\/revisions\/4811"}],"wp:featuredmedia":[{"embeddable":true,"href":"https:\/\/polysmarts.com\/fr\/wp-json\/wp\/v2\/media\/4808"}],"wp:attachment":[{"href":"https:\/\/polysmarts.com\/fr\/wp-json\/wp\/v2\/media?parent=4801"}],"wp:term":[{"taxonomy":"product_brand","embeddable":true,"href":"https:\/\/polysmarts.com\/fr\/wp-json\/wp\/v2\/product_brand?post=4801"},{"taxonomy":"product_cat","embeddable":true,"href":"https:\/\/polysmarts.com\/fr\/wp-json\/wp\/v2\/product_cat?post=4801"},{"taxonomy":"product_tag","embeddable":true,"href":"https:\/\/polysmarts.com\/fr\/wp-json\/wp\/v2\/product_tag?post=4801"}],"curies":[{"name":"wp","href":"https:\/\/api.w.org\/{rel}","templated":true}]}}