{"id":4730,"date":"2025-06-27T15:38:41","date_gmt":"2025-06-27T07:38:41","guid":{"rendered":"https:\/\/polysmarts.com\/?post_type=product&#038;p=4730"},"modified":"2025-06-27T15:55:55","modified_gmt":"2025-06-27T07:55:55","slug":"les-sacs-sous-vide-preservent-la-fraicheur-avec-des-sacs-sous-vide-de-haute-qualite","status":"publish","type":"product","link":"https:\/\/polysmarts.com\/fr\/product\/vacuum-seal-bags-preserve-freshness-with-high-quality-vacuum-sealer-bags\/","title":{"rendered":"Sacs sous vide \u2013 Pr\u00e9servez la fra\u00eecheur avec des sacs sous vide de haute qualit\u00e9"},"content":{"rendered":"<h1><span style=\"font-size: 14pt;\">Sacs sous vide Polysmarts\u00a0: la solution ultime pour la conservation des aliments<\/span><\/h1>\n<p>Les sacs sous vide Polysmarts sont la solution id\u00e9ale pour pr\u00e9server la fra\u00eecheur et prolonger la dur\u00e9e de conservation de vos aliments. Fabriqu\u00e9s \u00e0 partir de mat\u00e9riaux durables et hautement conformes, ces sacs sous vide assurent une fermeture herm\u00e9tique qui prot\u00e8ge vos plats des br\u00fblures de cong\u00e9lation et de la d\u00e9t\u00e9rioration. Disponibles en tailles standard ou enti\u00e8rement personnalisables. <span style=\"color: #000000;\"><strong><a style=\"color: #000000;\" href=\"https:\/\/polysmarts.com\/fr\/emballage-personnalise-de-produits-surgeles\/\">Emballage d&#039;aliments surgel\u00e9s.<\/a><\/strong><\/span>, vous pouvez facilement trouver la solution id\u00e9ale pour tous vos besoins de stockage.<\/p>\n<p>Adoptez la durabilit\u00e9 avec nos options \u00e9cologiques, con\u00e7ues pour \u00eatre recyclables et compostables, afin que vous puissiez prot\u00e9ger vos aliments et l&#039;environnement simultan\u00e9ment.<\/p>\n<p>R\u00e9alisez des \u00e9conomies substantielles en achetant en gros, ce qui fait de ces sacs sous vide une solution \u00e9conomique pour les cuisiniers amateurs, les restaurants et les industriels de l&#039;emballage alimentaire. Leur transparence permet une identification facile des produits, vous permettant ainsi de toujours savoir ce que vous avez sous la main.<\/p>\n<p>Que vous conserviez de la viande, des l\u00e9gumes, des snacks ou tout autre produit p\u00e9rissable, les sacs sous vide Polysmarts pr\u00e9servent la saveur et la fra\u00eecheur, r\u00e9duisent le gaspillage alimentaire et maintiennent votre cuisine organis\u00e9e. Am\u00e9liorez votre conservation alimentaire d\u00e8s aujourd&#039;hui gr\u00e2ce aux sacs sous vide Polysmarts\u00a0!<\/p>","protected":false},"excerpt":{"rendered":"<table style=\"height: 360px; width: 99.8505%; border-collapse: collapse;\" border=\"2\">\n<tbody>\n<tr style=\"height: 40px;\">\n<td style=\"width: 22.6796%; height: 30px; background-color: #99ccff;\"><span style=\"font-family: arial, helvetica, sans-serif; font-size: 12pt;\"><strong>Dimensions et style<\/strong><\/span><\/td>\n<td style=\"width: 77.3204%; height: 30px; background-color: #99ccff;\"><span style=\"font-family: arial, helvetica, sans-serif; font-size: 12pt;\">Formes et tailles personnalis\u00e9es<\/span><\/td>\n<\/tr>\n<tr style=\"height: 40px;\">\n<td style=\"width: 22.6796%; height: 34px; background-color: #ebebeb;\"><span style=\"font-size: 12pt;\"><strong><span style=\"font-family: arial, helvetica, sans-serif;\">Quantit\u00e9 minimum d&#039;achat<\/span><\/strong><\/span><\/td>\n<td style=\"width: 77.3204%; height: 34px; background-color: #ebebeb;\"><span style=\"font-family: arial, helvetica, sans-serif; font-size: 12pt;\">1000 pi\u00e8ces sans personnalisation, 10000 pi\u00e8ces pour personnalisation<\/span><\/td>\n<\/tr>\n<tr style=\"height: 40px; background-color: #99ccff;\">\n<td style=\"width: 22.6796%; height: 24px;\"><span style=\"font-size: 12pt;\"><strong><span style=\"font-family: arial, helvetica, sans-serif;\">Type d&#039;emballage<\/span><\/strong><\/span><\/td>\n<td style=\"width: 77.3204%; height: 24px;\"><span style=\"font-family: arial, helvetica, sans-serif; font-size: 12pt;\">Sacs sous vide en nylon \/<strong><a href=\"https:\/\/polysmarts.com\/fr\/categorie-de-produit\/par-marches\/emballages-alimentaires\/\">Food Packaging Bags<\/a><\/strong><\/span><\/td>\n<\/tr>\n<tr style=\"height: 40px; background-color: #ebebeb;\">\n<td style=\"width: 22.6796%; height: 24px;\"><span style=\"font-size: 12pt;\"><strong><span style=\"font-family: arial, helvetica, sans-serif;\">Material<\/span><\/strong><\/span><\/td>\n<td style=\"width: 77.3204%; height: 24px;\"><span style=\"font-family: arial, helvetica, sans-serif; font-size: 12pt;\">Couche ext\u00e9rieure\u00a0:\u00a0BOPP, Matt+OPP,Matt+PET,PET,VMPET,PA. Couche interm\u00e9diaire\u00a0:\u00a0PET, VMPET, AL, VMCPP, PA, papier, BOPP nacr\u00e9 \u00e0 l&#039;int\u00e9rieur<br \/>\nCouche\u00a0:\u00a0CPP, VMCPP, RCPP, PE, PE blanc lait<\/span><\/td>\n<\/tr>\n<tr style=\"height: 40px; background-color: #99ccff;\">\n<td style=\"width: 22.6796%; height: 24px;\"><span style=\"font-size: 12pt;\"><strong><span style=\"font-family: arial, helvetica, sans-serif;\">Finition<\/span><\/strong><\/span><\/td>\n<td style=\"width: 77.3204%; height: 24px;\"><span style=\"font-family: arial, helvetica, sans-serif; font-size: 12pt;\">En relief<\/span><\/td>\n<\/tr>\n<tr style=\"height: 40px; background-color: #ebebeb;\">\n<td style=\"width: 22.6796%; height: 24px;\"><span style=\"font-size: 12pt;\"><strong><span style=\"font-family: arial, helvetica, sans-serif;\">\u00c9cart de temp\u00e9rature<\/span><\/strong><\/span><\/td>\n<td style=\"width: 77.3204%; height: 24px;\"><span style=\"font-family: arial, helvetica, sans-serif; font-size: 12pt;\">-40\u00baC \u00e0 121\u00baC <span style=\"font-size: 12pt;\"><strong><span style=\"font-family: arial, helvetica, sans-serif;\">\u00a0<\/span><\/strong><\/span><\/span><\/td>\n<\/tr>\n<tr style=\"height: 40px; background-color: #99ccff;\">\n<td style=\"width: 22.6796%; height: 24px;\"><span style=\"font-size: 12pt;\"><strong><span style=\"font-family: arial, helvetica, sans-serif;\">\u00c9paisseur<\/span><\/strong><\/span><\/td>\n<td style=\"width: 77.3204%; height: 24px;\"><span style=\"font-family: arial, helvetica, sans-serif; font-size: 12pt;\">20-300 microns<\/span><\/td>\n<\/tr>\n<tr style=\"height: 40px; background-color: #ebebeb;\">\n<td style=\"width: 22.6796%; height: 24px;\"><span style=\"font-size: 12pt;\"><strong><span style=\"font-family: arial, helvetica, sans-serif;\">D\u00e9lai d&#039;ex\u00e9cution<\/span><\/strong><\/span><\/td>\n<td style=\"width: 77.3204%; height: 24px;\"><span style=\"font-family: arial, helvetica, sans-serif; font-size: 12pt;\">7 \u00e0 15 jours ouvrables, RUSH<\/span><\/td>\n<\/tr>\n<tr style=\"height: 40px; background-color: #99ccff;\">\n<td style=\"width: 22.6796%; height: 24px;\"><span style=\"font-size: 12pt;\"><strong><span style=\"font-family: arial, helvetica, sans-serif;\">Fonctionnalit\u00e9<\/span><\/strong><\/span><\/td>\n<td style=\"width: 77.3204%; height: 24px;\"><span style=\"font-family: arial, helvetica, sans-serif; font-size: 12pt;\"><span style=\"font-family: arial, helvetica, sans-serif; font-size: 12pt;\"><span class=\"magic-21\" style=\"color: #000000;\" data-spm-anchor-id=\"a2700.details.0.i97.68762ee9C6INGa\">\u2022 Excellente barri\u00e8re contre l&#039;humidit\u00e9, haute barri\u00e8re contre l&#039;oxyg\u00e8ne et la lumi\u00e8re, bonne r\u00e9sistance aux basses temp\u00e9ratures.\u00a0<\/span><\/span><\/span><\/p>\n<p><span class=\"magic-21\" style=\"color: #000000;\">\u2022Forte force d&#039;\u00e9tanch\u00e9it\u00e9\u00a0; force de liaison et excellente r\u00e9sistance \u00e0 la compression.<\/span><\/p>\n<div data-spm-anchor-id=\"a2700.pc-decorate.0.i48.6a1533339opQdV\"><span class=\"magic-21\" style=\"color: #000000;\">\u2022Non-casse,Non-fuite,Non-d\u00e9laminage.\u00a0<\/span><\/div>\n<div data-spm-anchor-id=\"a2700.pc-decorate.0.i48.6a1533339opQdV\"><span class=\"magic-21\" style=\"color: #000000;\">\u2022 Effet d&#039;impression net et vif, affichage sur \u00e9tag\u00e8re de qualit\u00e9 sup\u00e9rieure.<\/span><\/div>\n<div data-spm-anchor-id=\"a2700.pc-decorate.0.i48.6a1533339opQdV\"><span class=\"magic-21\" style=\"color: #000000;\">\u2022 Largement appliqu\u00e9 dans l&#039;emballage.<\/span><\/div>\n<\/td>\n<\/tr>\n<\/tbody>\n<\/table>\n<p>&nbsp;<\/p>","protected":false},"featured_media":4737,"comment_status":"open","ping_status":"closed","template":"","meta":[],"product_brand":[],"product_cat":[26,19],"product_tag":[],"class_list":{"0":"post-4730","1":"product","2":"type-product","3":"status-publish","4":"has-post-thumbnail","6":"product_cat-food-packaging","7":"product_cat-heat-sealing-bag","9":"first","10":"instock","11":"shipping-taxable","12":"product-type-simple"},"_links":{"self":[{"href":"https:\/\/polysmarts.com\/fr\/wp-json\/wp\/v2\/product\/4730","targetHints":{"allow":["GET"]}}],"collection":[{"href":"https:\/\/polysmarts.com\/fr\/wp-json\/wp\/v2\/product"}],"about":[{"href":"https:\/\/polysmarts.com\/fr\/wp-json\/wp\/v2\/types\/product"}],"replies":[{"embeddable":true,"href":"https:\/\/polysmarts.com\/fr\/wp-json\/wp\/v2\/comments?post=4730"}],"version-history":[{"count":2,"href":"https:\/\/polysmarts.com\/fr\/wp-json\/wp\/v2\/product\/4730\/revisions"}],"predecessor-version":[{"id":4744,"href":"https:\/\/polysmarts.com\/fr\/wp-json\/wp\/v2\/product\/4730\/revisions\/4744"}],"wp:featuredmedia":[{"embeddable":true,"href":"https:\/\/polysmarts.com\/fr\/wp-json\/wp\/v2\/media\/4737"}],"wp:attachment":[{"href":"https:\/\/polysmarts.com\/fr\/wp-json\/wp\/v2\/media?parent=4730"}],"wp:term":[{"taxonomy":"product_brand","embeddable":true,"href":"https:\/\/polysmarts.com\/fr\/wp-json\/wp\/v2\/product_brand?post=4730"},{"taxonomy":"product_cat","embeddable":true,"href":"https:\/\/polysmarts.com\/fr\/wp-json\/wp\/v2\/product_cat?post=4730"},{"taxonomy":"product_tag","embeddable":true,"href":"https:\/\/polysmarts.com\/fr\/wp-json\/wp\/v2\/product_tag?post=4730"}],"curies":[{"name":"wp","href":"https:\/\/api.w.org\/{rel}","templated":true}]}}