{"id":4691,"date":"2025-06-25T14:24:37","date_gmt":"2025-06-25T06:24:37","guid":{"rendered":"https:\/\/polysmarts.com\/?post_type=product&#038;p=4691"},"modified":"2025-06-25T14:37:32","modified_gmt":"2025-06-25T06:37:32","slug":"solutions-demballage-de-detergent-a-lessive-ecologiques","status":"publish","type":"product","link":"https:\/\/polysmarts.com\/fr\/product\/eco-friendly-laundry-detergent-packaging-solutions\/","title":{"rendered":"Solutions d&#039;emballage de d\u00e9tergent \u00e0 lessive \u00e9cologiques"},"content":{"rendered":"<p>Transformez votre routine de lessive avec nos solutions d&#039;emballage de d\u00e9tergent \u00e0 lessive \u00e9cologiques de Polysmarts.<\/p>\n<p>Con\u00e7u pour le consommateur soucieux de l&#039;environnement, notre produit innovant <span style=\"color: #000000;\"><strong><a style=\"color: #000000;\" href=\"https:\/\/polysmarts.com\/fr\/emballage-de-liquide-avec-pochette-a-bec-verseur-personnalisee\/\">pochette \u00e0 bec verseur et sac \u00e0 liquide debout<\/a> <\/strong><\/span>offrent une alternative durable aux contenants en plastique traditionnels, offrant une solution parfaite pour emballer les poudres, les d\u00e9tergents liquides, les d\u00e9tachants et les assouplissants.<\/p>\n<p>Fabriqu\u00e9es \u00e0 partir de films barri\u00e8res de haute qualit\u00e9, ces pochettes durables garantissent des performances \u00e9tanches tout en r\u00e9duisant consid\u00e9rablement votre empreinte environnementale.<\/p>\n<p>Personnalisez votre emballage avec des fermetures \u00e0 glissi\u00e8re, des encoches de d\u00e9chirure et des impressions accrocheuses pour rehausser votre marque et attirer les clients.<\/p>\n<p>Faites le choix responsable pour l\u2019emballage de vos lessives et rejoignez le mouvement vers un avenir plus vert avec Polysmarts.<\/p>","protected":false},"excerpt":{"rendered":"<p>Emballage de lessive<\/p>\n<table style=\"height: 280px; width: 99.8505%; border-collapse: collapse;\" border=\"2\">\n<tbody>\n<tr style=\"height: 28px; background-color: #dbdbdb;\">\n<td style=\"width: 22.6796%; background-color: #ebebeb; height: 28px;\"><span style=\"font-family: arial, helvetica, sans-serif; font-size: 12pt;\"><strong>Articles<\/strong><\/span><\/td>\n<td style=\"width: 77.3204%; background-color: #ebebeb; height: 28px;\"><span style=\"font-family: arial, helvetica, sans-serif; font-size: 12pt;\">Emballage de lessive personnalis\u00e9<\/span><\/td>\n<\/tr>\n<tr style=\"height: 40px;\">\n<td style=\"width: 22.6796%; height: 30px; background-color: #99ccff;\"><span style=\"font-family: arial, helvetica, sans-serif; font-size: 12pt;\"><strong>Dimensions et style<\/strong><\/span><\/td>\n<td style=\"width: 77.3204%; height: 30px; background-color: #99ccff;\"><span style=\"font-family: arial, helvetica, sans-serif; font-size: 12pt;\">Formes et tailles personnalis\u00e9es<\/span><\/td>\n<\/tr>\n<tr style=\"height: 40px;\">\n<td style=\"width: 22.6796%; height: 34px; background-color: #ebebeb;\"><span style=\"font-size: 12pt;\"><strong><span style=\"font-family: arial, helvetica, sans-serif;\">Quantit\u00e9 minimum d&#039;achat<\/span><\/strong><\/span><\/td>\n<td style=\"width: 77.3204%; height: 34px; background-color: #ebebeb;\"><span style=\"font-family: arial, helvetica, sans-serif; font-size: 12pt;\">100 pi\u00e8ces sans personnalisation, 5\u00a0000 pi\u00e8ces pour personnalisation - Impression num\u00e9rique\u00a0: 1\u00a0000 pi\u00e8ces<\/span><\/td>\n<\/tr>\n<tr style=\"height: 40px; background-color: #99ccff;\">\n<td style=\"width: 22.6796%; height: 24px;\"><span style=\"font-size: 12pt;\"><strong><span style=\"font-family: arial, helvetica, sans-serif;\">Type d&#039;emballage<\/span><\/strong><\/span><\/td>\n<td style=\"width: 77.3204%; height: 24px;\"><span style=\"color: #000000;\"><a style=\"color: #000000;\" href=\"https:\/\/polysmarts.com\/fr\/emballage-de-liquide-avec-pochette-a-bec-verseur-personnalisee\/\"><strong><span style=\"font-family: arial, helvetica, sans-serif; font-size: 12pt;\">Sachet liquide \u00e0 fond plat<\/span><\/strong><\/a><\/span><\/td>\n<\/tr>\n<tr style=\"height: 40px; background-color: #ebebeb;\">\n<td style=\"width: 22.6796%; height: 24px;\"><span style=\"font-size: 12pt;\"><strong><span style=\"font-family: arial, helvetica, sans-serif;\">Impression<\/span><\/strong><\/span><\/td>\n<td style=\"width: 77.3204%; height: 24px;\"><span style=\"font-family: arial, helvetica, sans-serif; font-size: 12pt;\">CMJN (1 \u00e0 10 couleurs), sans impression (uni), impression num\u00e9rique<\/span><\/td>\n<\/tr>\n<tr style=\"height: 40px; background-color: #99ccff;\">\n<td style=\"width: 22.6796%; height: 24px;\"><span style=\"font-size: 12pt;\"><strong><span style=\"font-family: arial, helvetica, sans-serif;\">Material<\/span><\/strong><\/span><\/td>\n<td style=\"width: 77.3204%; height: 24px;\"><span style=\"font-family: arial, helvetica, sans-serif; font-size: 12pt;\">Mat\u00e9riau lamin\u00e9, MOPP+VMPET+PE<\/span><\/td>\n<\/tr>\n<tr style=\"height: 40px; background-color: #ebebeb;\">\n<td style=\"width: 22.6796%; height: 24px;\"><span style=\"font-size: 12pt;\"><strong><span style=\"font-family: arial, helvetica, sans-serif;\"><b data-spm-anchor-id=\"a2700.details-description.0.i12.24d0Kvu6Kvu6rh\">Capacit\u00e9<\/b><\/span><\/strong><\/span><\/td>\n<td style=\"width: 77.3204%; height: 24px;\"><span style=\"font-family: arial, helvetica, sans-serif; font-size: 12pt;\">100g, 200g, 300g, 400g, 800g, 1kg, 2kg, 3kg\/100ml, 200ml, 300ml, 500ml, 800ml, 1L, 2L, 3L ou personnalis\u00e9<\/span><\/td>\n<\/tr>\n<tr style=\"height: 40px; background-color: #99ccff;\">\n<td style=\"width: 22.6796%; height: 24px;\"><span style=\"font-size: 12pt;\"><strong><span style=\"font-family: arial, helvetica, sans-serif;\">Fonctionnalit\u00e9<\/span><\/strong><\/span><\/td>\n<td style=\"width: 77.3204%; height: 24px;\"><span style=\"font-family: arial, helvetica, sans-serif; font-size: 12pt;\">1. Bonne performance de r\u00e9sistance \u00e0 l&#039;humidit\u00e9 et \u00e0 l&#039;oxyg\u00e8ne\u00a0;<br \/>\n2. Haute temp\u00e9rature ;<br \/>\n3. Bonne \u00e9tanch\u00e9it\u00e9, impression de haute qualit\u00e9 ;<br \/>\n4. Mat\u00e9riau de qualit\u00e9 alimentaire, non toxique, sans odeur, sans go\u00fbt, barri\u00e8re contre l&#039;humidit\u00e9 et l&#039;oxyg\u00e8ne, les performances de barri\u00e8re sont excellentes.<br \/>\n5. Facile \u00e0 transporter ;<\/span><\/td>\n<\/tr>\n<tr style=\"height: 40px; background-color: #ebebeb;\">\n<td style=\"width: 22.6796%; height: 24px;\"><span style=\"font-size: 12pt;\"><strong><span style=\"font-family: arial, helvetica, sans-serif;\">D\u00e9lai d&#039;ex\u00e9cution<\/span><\/strong><\/span><\/td>\n<td style=\"width: 77.3204%; height: 24px;\"><span style=\"font-family: arial, helvetica, sans-serif; font-size: 12pt;\">7 \u00e0 15 jours ouvrables, RUSH<\/span><\/td>\n<\/tr>\n<tr style=\"height: 40px; background-color: #99ccff;\">\n<td style=\"width: 22.6796%; height: 24px;\"><span style=\"font-size: 12pt;\"><strong><span style=\"font-family: arial, helvetica, sans-serif;\">Exp\u00e9dition<\/span><\/strong><\/span><\/td>\n<td style=\"width: 77.3204%; height: 24px;\"><span style=\"font-family: arial, helvetica, sans-serif; font-size: 12pt;\">Air, Mer, Express<\/span><\/td>\n<\/tr>\n<\/tbody>\n<\/table>\n<p>&nbsp;<\/p>","protected":false},"featured_media":4700,"comment_status":"open","ping_status":"closed","template":"","meta":[],"product_brand":[],"product_cat":[35],"product_tag":[],"class_list":{"0":"post-4691","1":"product","2":"type-product","3":"status-publish","4":"has-post-thumbnail","6":"product_cat-mylar-bags","8":"first","9":"instock","10":"shipping-taxable","11":"purchasable","12":"product-type-variable"},"_links":{"self":[{"href":"https:\/\/polysmarts.com\/fr\/wp-json\/wp\/v2\/product\/4691","targetHints":{"allow":["GET"]}}],"collection":[{"href":"https:\/\/polysmarts.com\/fr\/wp-json\/wp\/v2\/product"}],"about":[{"href":"https:\/\/polysmarts.com\/fr\/wp-json\/wp\/v2\/types\/product"}],"replies":[{"embeddable":true,"href":"https:\/\/polysmarts.com\/fr\/wp-json\/wp\/v2\/comments?post=4691"}],"version-history":[{"count":1,"href":"https:\/\/polysmarts.com\/fr\/wp-json\/wp\/v2\/product\/4691\/revisions"}],"predecessor-version":[{"id":4701,"href":"https:\/\/polysmarts.com\/fr\/wp-json\/wp\/v2\/product\/4691\/revisions\/4701"}],"wp:featuredmedia":[{"embeddable":true,"href":"https:\/\/polysmarts.com\/fr\/wp-json\/wp\/v2\/media\/4700"}],"wp:attachment":[{"href":"https:\/\/polysmarts.com\/fr\/wp-json\/wp\/v2\/media?parent=4691"}],"wp:term":[{"taxonomy":"product_brand","embeddable":true,"href":"https:\/\/polysmarts.com\/fr\/wp-json\/wp\/v2\/product_brand?post=4691"},{"taxonomy":"product_cat","embeddable":true,"href":"https:\/\/polysmarts.com\/fr\/wp-json\/wp\/v2\/product_cat?post=4691"},{"taxonomy":"product_tag","embeddable":true,"href":"https:\/\/polysmarts.com\/fr\/wp-json\/wp\/v2\/product_tag?post=4691"}],"curies":[{"name":"wp","href":"https:\/\/api.w.org\/{rel}","templated":true}]}}