{"id":4640,"date":"2025-06-13T12:30:24","date_gmt":"2025-06-13T04:30:24","guid":{"rendered":"https:\/\/polysmarts.com\/?post_type=product&#038;p=4640"},"modified":"2025-06-13T12:41:39","modified_gmt":"2025-06-13T04:41:39","slug":"sacs-a-pilules-polysmarts-pour-pharmacies-en-gros-sacs-personnalises-pour-ordonnances","status":"publish","type":"product","link":"https:\/\/polysmarts.com\/fr\/product\/polysmarts-wholesale-pharmacy-pill-bags-custom-rx-baggies-for-pharmacies\/","title":{"rendered":"Sachets de m\u00e9dicaments Polysmarts pour pharmacies en gros | Sachets d&#039;ordonnance personnalis\u00e9s pour pharmacies"},"content":{"rendered":"<p>Am\u00e9liorez l&#039;exp\u00e9rience de distribution de votre pharmacie gr\u00e2ce aux sacs \u00e0 pilules Polysmarts pour pharmacie en gros. Con\u00e7us sp\u00e9cifiquement pour la distribution professionnelle de m\u00e9dicaments, ces sacs personnalis\u00e9s allient s\u00e9curit\u00e9 et image de marque. Dot\u00e9s de fermetures \u00e0 l&#039;\u00e9preuve des enfants et de mat\u00e9riaux conformes aux normes de la FDA, nos sacs \u00e0 m\u00e9dicaments garantissent un confinement s\u00e9curis\u00e9 des m\u00e9dicaments tout en garantissant la s\u00e9curit\u00e9 des patients.<\/p>\n<p>Disponibles en plusieurs formats, de 5 x 7,6 cm \u00e0 10 x 15 cm, ces sachets r\u00e9sistants sont dot\u00e9s de fen\u00eatres transparentes pour une identification facile du contenu. Que vous soyez une pharmacie ind\u00e9pendante, un h\u00f4pital ou un centre de pr\u00e9paration, nos solutions d&#039;emballage inviolables garantissent l&#039;int\u00e9grit\u00e9 de vos m\u00e9dicaments. Personnalisez l&#039;impression pour valoriser l&#039;image de marque de votre pharmacie et cr\u00e9er une impression professionnelle \u00e0 chaque ordonnance.<\/p>\n<p>Choisissez les sacs \u00e0 pilules Polysmarts pour pharmacie en gros\u00a0: des sacs fiables, efficaces et esth\u00e9tiques qui r\u00e9pondent \u00e0 vos besoins et d\u00e9passent vos attentes. S\u00e9curis\u00e9s, \u00e9l\u00e9gants et conformes, ils sont le choix id\u00e9al pour les pharmacies modernes.<\/p>","protected":false},"excerpt":{"rendered":"<table style=\"height: 360px; width: 99.8505%; border-collapse: collapse;\" border=\"2\">\n<tbody>\n<tr style=\"height: 40px;\">\n<td style=\"width: 22.6796%; height: 30px; background-color: #99ccff;\"><span style=\"font-family: arial, helvetica, sans-serif; font-size: 12pt;\"><strong>Dimensions et style<\/strong><\/span><\/td>\n<td style=\"width: 77.3204%; height: 30px; background-color: #99ccff;\"><span style=\"font-family: arial, helvetica, sans-serif; font-size: 12pt;\">Formes et tailles personnalis\u00e9es<\/span><\/td>\n<\/tr>\n<tr style=\"height: 40px;\">\n<td style=\"width: 22.6796%; height: 34px; background-color: #ebebeb;\"><span style=\"font-size: 12pt;\"><strong><span style=\"font-family: arial, helvetica, sans-serif;\">Quantit\u00e9 minimum d&#039;achat<\/span><\/strong><\/span><\/td>\n<td style=\"width: 77.3204%; height: 34px; background-color: #ebebeb;\"><span style=\"font-family: arial, helvetica, sans-serif; font-size: 12pt;\">1000 pi\u00e8ces sans personnalisation, 10000 pi\u00e8ces pour personnalisation<\/span><\/td>\n<\/tr>\n<tr style=\"height: 40px; background-color: #99ccff;\">\n<td style=\"width: 22.6796%; height: 24px;\"><span style=\"font-size: 12pt;\"><strong><span style=\"font-family: arial, helvetica, sans-serif;\">Type d&#039;emballage<\/span><\/strong><\/span><\/td>\n<td style=\"width: 77.3204%; height: 24px;\"><span style=\"font-family: arial, helvetica, sans-serif; font-size: 12pt;\">Sacs ziplock en LDPE<\/span><\/td>\n<\/tr>\n<tr style=\"height: 40px; background-color: #ebebeb;\">\n<td style=\"width: 22.6796%; height: 24px;\"><span style=\"font-size: 12pt;\"><strong><span style=\"font-family: arial, helvetica, sans-serif;\">Impression<\/span><\/strong><\/span><\/td>\n<td style=\"width: 77.3204%; height: 24px;\"><span style=\"font-family: arial, helvetica, sans-serif; font-size: 12pt;\">Impression h\u00e9lio (1 \u00e0 10 couleurs), pas d&#039;impression (ordinaire)<\/span><\/td>\n<\/tr>\n<tr style=\"height: 40px; background-color: #99ccff;\">\n<td style=\"width: 22.6796%; height: 24px;\"><span style=\"font-size: 12pt;\"><strong><span style=\"font-family: arial, helvetica, sans-serif;\">\u00c9paisseur<\/span><\/strong><\/span><\/td>\n<td style=\"width: 77.3204%; height: 24px;\"><span style=\"font-family: arial, helvetica, sans-serif; font-size: 12pt;\">40 microns\/50 microns ou peut \u00eatre personnalis\u00e9<\/span><\/td>\n<\/tr>\n<tr style=\"height: 40px; background-color: #ebebeb;\">\n<td style=\"width: 22.6796%; height: 24px;\"><span style=\"font-size: 12pt;\"><strong><span style=\"font-family: arial, helvetica, sans-serif;\">Mot-cl\u00e9 de produit<\/span><\/strong><\/span><\/td>\n<td style=\"width: 77.3204%; height: 24px;\"><span style=\"font-family: arial, helvetica, sans-serif; font-size: 12pt;\">Sac de transport d&#039;\u00e9chantillons<\/span><\/td>\n<\/tr>\n<tr style=\"height: 40px; background-color: #99ccff;\">\n<td style=\"width: 22.6796%; height: 24px;\"><span style=\"font-size: 12pt;\"><strong><span style=\"font-family: arial, helvetica, sans-serif;\">Preuve<\/span><\/strong><\/span><\/td>\n<td style=\"width: 77.3204%; height: 24px;\"><span style=\"font-family: arial, helvetica, sans-serif; font-size: 12pt;\">R\u00e9siste \u00e0 l&#039;humidit\u00e9<\/span><\/td>\n<\/tr>\n<tr style=\"height: 40px; background-color: #ebebeb;\">\n<td style=\"width: 22.6796%; height: 24px;\"><span style=\"font-size: 12pt;\"><strong><span style=\"font-family: arial, helvetica, sans-serif;\">D\u00e9lai d&#039;ex\u00e9cution<\/span><\/strong><\/span><\/td>\n<td style=\"width: 77.3204%; height: 24px;\"><span style=\"font-family: arial, helvetica, sans-serif; font-size: 12pt;\">7 \u00e0 15 jours ouvrables, RUSH<\/span><\/td>\n<\/tr>\n<tr style=\"height: 40px; background-color: #99ccff;\">\n<td style=\"width: 22.6796%; height: 24px;\"><span style=\"font-size: 12pt;\"><strong><span style=\"font-family: arial, helvetica, sans-serif;\">Exp\u00e9dition<\/span><\/strong><\/span><\/td>\n<td style=\"width: 77.3204%; height: 24px;\"><span style=\"font-family: arial, helvetica, sans-serif; font-size: 12pt;\">Air, Mer, Express<\/span><\/td>\n<\/tr>\n<\/tbody>\n<\/table>\n<p>&nbsp;<\/p>","protected":false},"featured_media":4644,"comment_status":"open","ping_status":"closed","template":"","meta":[],"product_brand":[],"product_cat":[33,21,18],"product_tag":[],"class_list":{"0":"post-4640","1":"product","2":"type-product","3":"status-publish","4":"has-post-thumbnail","6":"product_cat-medical-packing","7":"product_cat-opp-cpp-pe-cpe-single-material-bag","8":"product_cat-zipper-bags","10":"first","11":"instock","12":"shipping-taxable","13":"product-type-simple"},"_links":{"self":[{"href":"https:\/\/polysmarts.com\/fr\/wp-json\/wp\/v2\/product\/4640","targetHints":{"allow":["GET"]}}],"collection":[{"href":"https:\/\/polysmarts.com\/fr\/wp-json\/wp\/v2\/product"}],"about":[{"href":"https:\/\/polysmarts.com\/fr\/wp-json\/wp\/v2\/types\/product"}],"replies":[{"embeddable":true,"href":"https:\/\/polysmarts.com\/fr\/wp-json\/wp\/v2\/comments?post=4640"}],"version-history":[{"count":1,"href":"https:\/\/polysmarts.com\/fr\/wp-json\/wp\/v2\/product\/4640\/revisions"}],"predecessor-version":[{"id":4647,"href":"https:\/\/polysmarts.com\/fr\/wp-json\/wp\/v2\/product\/4640\/revisions\/4647"}],"wp:featuredmedia":[{"embeddable":true,"href":"https:\/\/polysmarts.com\/fr\/wp-json\/wp\/v2\/media\/4644"}],"wp:attachment":[{"href":"https:\/\/polysmarts.com\/fr\/wp-json\/wp\/v2\/media?parent=4640"}],"wp:term":[{"taxonomy":"product_brand","embeddable":true,"href":"https:\/\/polysmarts.com\/fr\/wp-json\/wp\/v2\/product_brand?post=4640"},{"taxonomy":"product_cat","embeddable":true,"href":"https:\/\/polysmarts.com\/fr\/wp-json\/wp\/v2\/product_cat?post=4640"},{"taxonomy":"product_tag","embeddable":true,"href":"https:\/\/polysmarts.com\/fr\/wp-json\/wp\/v2\/product_tag?post=4640"}],"curies":[{"name":"wp","href":"https:\/\/api.w.org\/{rel}","templated":true}]}}