{"id":4580,"date":"2025-06-05T11:58:47","date_gmt":"2025-06-05T03:58:47","guid":{"rendered":"https:\/\/polysmarts.com\/?post_type=product&#038;p=4580"},"modified":"2025-06-05T14:30:06","modified_gmt":"2025-06-05T06:30:06","slug":"sac-demballage-de-carte-den-tete-imprime-personnalise-avec-auto-adhesif","status":"publish","type":"product","link":"https:\/\/polysmarts.com\/fr\/product\/custom-printed-header-card-packaging-bag-with-self-adhesive\/","title":{"rendered":"Sac d&#039;emballage de carte d&#039;en-t\u00eate imprim\u00e9 personnalis\u00e9 avec auto-adh\u00e9sif"},"content":{"rendered":"<p>D\u00e9couvrez notre sac d&#039;emballage personnalis\u00e9 avec en-t\u00eate autocollant, la solution id\u00e9ale pour mettre en valeur vos produits tout en renfor\u00e7ant votre identit\u00e9 de marque. Dot\u00e9s d&#039;une impression couleur \u00e9clatante sur des en-t\u00eates de haute qualit\u00e9, ces sacs sont con\u00e7us pour mettre en valeur vos articles en rayon. Leur support autocollant garantit une application facile\u00a0: il suffit de d\u00e9coller et de coller le sac pour une fixation facile.<\/p>\n<p>Fabriqu\u00e9 \u00e0 partir de Polysmarts haut de gamme, notre mat\u00e9riau durable offre une protection durable et r\u00e9sistante aux d\u00e9chirures pour vos produits. Gr\u00e2ce \u00e0 nos multiples options de taille, vous pouvez personnaliser les dimensions pour qu&#039;elles s&#039;adaptent \u00e0 tous vos produits, des cosm\u00e9tiques aux appareils \u00e9lectroniques, pour un ajustement parfait \u00e0 chaque fois. De plus, nous proposons des options \u00e9cologiques, vous permettant de choisir des mat\u00e9riaux recyclables ou biod\u00e9gradables pour une solution d&#039;emballage durable.<\/p>\n<p>L&#039;emballage en carton d&#039;en-t\u00eate est une solution d&#039;emballage innovante qui prot\u00e8ge vos produits pendant leur exp\u00e9dition et les transforme en puissants outils marketing. Ses designs dynamiques et ses logos personnalis\u00e9s renforcent la visibilit\u00e9 de votre marque, permettant \u00e0 vos produits de se d\u00e9marquer en rayon et d&#039;attirer l&#039;attention des clients potentiels.<\/p>\n<p>Con\u00e7ue pour \u00eatre pratique, la fonction autocollante simplifie votre processus d&#039;emballage, r\u00e9duisant consid\u00e9rablement le temps d&#039;assemblage et les co\u00fbts de main-d&#039;\u0153uvre. Chaque carte d&#039;en-t\u00eate apporte une touche de luxe et de professionnalisme, am\u00e9liorant l&#039;exp\u00e9rience de d\u00e9ballage pour vos clients et renfor\u00e7ant la cr\u00e9dibilit\u00e9 de votre marque.<\/p>\n<p>Gr\u00e2ce \u00e0 leur construction robuste, ces sacs d&#039;emballage pour cartes prot\u00e8gent vos produits des dommages et sont donc parfaits pour divers articles. Choisissez nos emballages personnalis\u00e9s pour cartes imprim\u00e9es et faites bonne impression et boostez vos ventes.<\/p>","protected":false},"excerpt":{"rendered":"<table style=\"height: 360px; width: 100.741%; border-collapse: collapse; background-color: #ebebeb;\" border=\"2\">\n<tbody>\n<tr style=\"height: 40px;\">\n<td style=\"width: 22.6796%; height: 30px; background-color: #99ccff;\"><span style=\"font-family: arial, helvetica, sans-serif; font-size: 12pt;\"><strong>Dimensions et style<\/strong><\/span><\/td>\n<td style=\"width: 78.2121%; height: 30px; background-color: #99ccff;\"><span style=\"font-family: arial, helvetica, sans-serif; font-size: 12pt;\">Formes et tailles personnalis\u00e9es<\/span><\/td>\n<\/tr>\n<tr style=\"height: 40px;\">\n<td style=\"width: 22.6796%; height: 34px; background-color: #ebebeb;\"><span style=\"font-size: 12pt;\"><strong><span style=\"font-family: arial, helvetica, sans-serif;\">Quantit\u00e9 minimum d&#039;achat<\/span><\/strong><\/span><\/td>\n<td style=\"width: 78.2121%; height: 34px; background-color: #ebebeb;\"><span style=\"font-family: arial, helvetica, sans-serif; font-size: 12pt;\">1000 pi\u00e8ces sans personnalisation, 10000 pi\u00e8ces pour personnalisation<\/span><\/td>\n<\/tr>\n<tr style=\"height: 40px; background-color: #99ccff;\">\n<td style=\"width: 22.6796%; height: 24px;\"><span style=\"font-size: 12pt;\"><strong><span style=\"font-family: arial, helvetica, sans-serif;\">Type d&#039;emballage<\/span><\/strong><\/span><\/td>\n<td style=\"width: 78.2121%; height: 24px;\"><span style=\"font-family: arial, helvetica, sans-serif; font-size: 12pt;\">Emballage de carte d&#039;en-t\u00eate OPP avec auto-adh\u00e9sif<\/span><\/td>\n<\/tr>\n<tr style=\"height: 40px; background-color: #ebebeb;\">\n<td style=\"width: 22.6796%; height: 24px;\"><span style=\"font-size: 12pt;\"><strong><span style=\"font-family: arial, helvetica, sans-serif;\">Impression<\/span><\/strong><\/span><\/td>\n<td style=\"width: 78.2121%; height: 24px;\"><span style=\"font-family: arial, helvetica, sans-serif; font-size: 12pt;\">CMJN (1 \u00e0 10 couleurs), pas d&#039;impression (ordinaire)<\/span><\/td>\n<\/tr>\n<tr style=\"height: 40px; background-color: #99ccff;\">\n<td style=\"width: 22.6796%; height: 24px;\"><span style=\"font-size: 12pt;\"><strong><span style=\"font-family: arial, helvetica, sans-serif;\">Manipulation des surfaces<\/span><\/strong><\/span><\/td>\n<td style=\"width: 78.2121%; height: 24px;\"><span style=\"font-family: arial, helvetica, sans-serif; font-size: 12pt;\">Impression offset ou impression num\u00e9rique<\/span><\/td>\n<\/tr>\n<tr style=\"height: 40px; background-color: #ebebeb;\">\n<td style=\"width: 22.6796%; height: 24px;\"><span style=\"font-size: 12pt;\"><strong><span style=\"font-family: arial, helvetica, sans-serif;\">Material<\/span><\/strong><\/span><\/td>\n<td style=\"width: 78.2121%; height: 24px;\"><span style=\"font-family: arial, helvetica, sans-serif; font-size: 12pt;\">PPO<\/span><\/td>\n<\/tr>\n<tr style=\"height: 40px; background-color: #99ccff;\">\n<td style=\"width: 22.6796%; height: 24px;\"><span style=\"font-size: 12pt;\"><strong><span style=\"font-family: arial, helvetica, sans-serif;\">Taille<\/span><\/strong><\/span><\/td>\n<td style=\"width: 78.2121%; height: 24px;\"><span style=\"font-family: arial, helvetica, sans-serif; font-size: 12pt;\">Reportez-vous \u00e0 la feuille de taille du stock ou au personnalis\u00e9<\/span><\/td>\n<\/tr>\n<tr style=\"height: 40px; background-color: #ebebeb;\">\n<td style=\"width: 22.6796%; height: 24px;\"><span style=\"font-size: 12pt;\"><strong><span style=\"font-family: arial, helvetica, sans-serif;\">\u00c9paisseur<\/span><\/strong><\/span><\/td>\n<td style=\"width: 78.2121%; height: 24px;\"><span style=\"font-family: arial, helvetica, sans-serif; font-size: 12pt;\">60 microns pour les doubles faces, acceptez l&#039;\u00e9paisseur personnalis\u00e9e<\/span><\/td>\n<\/tr>\n<tr style=\"height: 40px; background-color: #99ccff;\">\n<td style=\"width: 22.6796%; height: 24px;\"><span style=\"font-size: 12pt;\"><strong><span style=\"font-family: arial, helvetica, sans-serif;\">Exp\u00e9dition<\/span><\/strong><\/span><\/td>\n<td style=\"width: 78.2121%; height: 24px;\"><span style=\"font-family: arial, helvetica, sans-serif; font-size: 12pt;\">Air, Mer, Express<\/span><\/td>\n<\/tr>\n<tr style=\"height: 40px; background-color: #ebebeb;\">\n<td style=\"width: 22.6796%; height: 24px;\"><span style=\"font-size: 12pt;\"><strong><span style=\"font-family: arial, helvetica, sans-serif;\">D\u00e9lai d&#039;ex\u00e9cution<\/span><\/strong><\/span><\/td>\n<td style=\"width: 78.2121%; height: 24px;\"><span style=\"font-family: arial, helvetica, sans-serif; font-size: 12pt;\">7 \u00e0 15 jours ouvrables, RUSH<\/span><\/td>\n<\/tr>\n<\/tbody>\n<\/table>\n<p>&nbsp;<\/p>","protected":false},"featured_media":4581,"comment_status":"open","ping_status":"closed","template":"","meta":[],"product_brand":[],"product_cat":[21,32],"product_tag":[],"class_list":{"0":"post-4580","1":"product","2":"type-product","3":"status-publish","4":"has-post-thumbnail","6":"product_cat-opp-cpp-pe-cpe-single-material-bag","7":"product_cat-3c-packaging","9":"first","10":"instock","11":"shipping-taxable","12":"product-type-simple"},"_links":{"self":[{"href":"https:\/\/polysmarts.com\/fr\/wp-json\/wp\/v2\/product\/4580","targetHints":{"allow":["GET"]}}],"collection":[{"href":"https:\/\/polysmarts.com\/fr\/wp-json\/wp\/v2\/product"}],"about":[{"href":"https:\/\/polysmarts.com\/fr\/wp-json\/wp\/v2\/types\/product"}],"replies":[{"embeddable":true,"href":"https:\/\/polysmarts.com\/fr\/wp-json\/wp\/v2\/comments?post=4580"}],"version-history":[{"count":2,"href":"https:\/\/polysmarts.com\/fr\/wp-json\/wp\/v2\/product\/4580\/revisions"}],"predecessor-version":[{"id":4600,"href":"https:\/\/polysmarts.com\/fr\/wp-json\/wp\/v2\/product\/4580\/revisions\/4600"}],"wp:featuredmedia":[{"embeddable":true,"href":"https:\/\/polysmarts.com\/fr\/wp-json\/wp\/v2\/media\/4581"}],"wp:attachment":[{"href":"https:\/\/polysmarts.com\/fr\/wp-json\/wp\/v2\/media?parent=4580"}],"wp:term":[{"taxonomy":"product_brand","embeddable":true,"href":"https:\/\/polysmarts.com\/fr\/wp-json\/wp\/v2\/product_brand?post=4580"},{"taxonomy":"product_cat","embeddable":true,"href":"https:\/\/polysmarts.com\/fr\/wp-json\/wp\/v2\/product_cat?post=4580"},{"taxonomy":"product_tag","embeddable":true,"href":"https:\/\/polysmarts.com\/fr\/wp-json\/wp\/v2\/product_tag?post=4580"}],"curies":[{"name":"wp","href":"https:\/\/api.w.org\/{rel}","templated":true}]}}