{"id":4454,"date":"2025-05-26T15:15:10","date_gmt":"2025-05-26T07:15:10","guid":{"rendered":"https:\/\/polysmarts.com\/?post_type=product&#038;p=4454"},"modified":"2025-05-26T16:51:04","modified_gmt":"2025-05-26T08:51:04","slug":"emballage-de-savon-durable-solutions-personnalisees-respectueuses-de-lenvironnement","status":"publish","type":"product","link":"https:\/\/polysmarts.com\/fr\/product\/sustainable-soap-packaging-eco-friendly-custom-solutions\/","title":{"rendered":"Emballage de savon durable | Solutions \u00e9cologiques sur mesure"},"content":{"rendered":"<p>Dans un march\u00e9 actuel soucieux de l&#039;environnement, l&#039;emballage durable des savons est devenu un enjeu crucial pour les entreprises qui cherchent \u00e0 r\u00e9duire leur empreinte \u00e9cologique tout en r\u00e9pondant aux attentes des consommateurs. Les solutions d&#039;emballage durables contribuent non seulement \u00e0 prot\u00e9ger notre plan\u00e8te, mais trouvent \u00e9galement un \u00e9cho aupr\u00e8s des consommateurs soucieux de l&#039;environnement, qui privil\u00e9gient les marques engag\u00e9es en faveur de l&#039;environnement.<\/p>\n<h2><span style=\"font-size: 14pt;\"><strong>Qu\u2019est-ce qui rend l\u2019emballage du savon durable ?<\/strong><\/span><\/h2>\n<p>Les emballages de savon durables r\u00e9pondent g\u00e9n\u00e9ralement \u00e0 plusieurs crit\u00e8res cl\u00e9s :<\/p>\n<ul>\n<li>Utilise des mat\u00e9riaux recycl\u00e9s ou biod\u00e9gradables<\/li>\n<li>Minimise les d\u00e9chets gr\u00e2ce \u00e0 une conception efficace<\/li>\n<li>Utilise des \u00e9nergies renouvelables dans les processus de production<\/li>\n<li>R\u00e9duit l&#039;empreinte carbone tout au long de la cha\u00eene d&#039;approvisionnement<\/li>\n<li>Propose des solutions de fin de vie telles que la recyclabilit\u00e9 ou la compostabilit\u00e9<\/li>\n<\/ul>\n<h2><strong><span style=\"font-size: 14pt;\">Options d&#039;emballage de savon durable Polysmarts<\/span><\/strong><\/h2>\n<p>Polysmarts propose des solutions d&#039;emballage sur mesure sp\u00e9cialement con\u00e7ues pour les savons et les lessives liquides, avec la garantie du meilleur prix. Leurs options durables offrent un \u00e9quilibre parfait entre fonctionnalit\u00e9, responsabilit\u00e9 environnementale et pr\u00e9sentation de marque.<\/p>\n<h3><strong><span style=\"font-size: 14pt;\">Principales caract\u00e9ristiques:<\/span><\/strong><\/h3>\n<ol>\n<li><strong>Sacs refermables personnalis\u00e9s<\/strong>:Sp\u00e9cialement con\u00e7us pour les produits liquides \u00e0 base de savon et de d\u00e9tergent, ces sacs maintiennent la fra\u00eecheur du produit tout en r\u00e9duisant le gaspillage de mati\u00e8re.<\/li>\n<li><strong>Options compostables et biod\u00e9gradables<\/strong>: Polysmarts propose des alternatives de sacs en plastique compostables et biod\u00e9gradables de pointe qui se d\u00e9composent naturellement apr\u00e8s utilisation.<\/li>\n<li><strong>Mat\u00e9riaux recyclables<\/strong>:Leurs options d&#039;emballage recyclables garantissent que les mat\u00e9riaux peuvent \u00eatre r\u00e9utilis\u00e9s apr\u00e8s utilisation, r\u00e9duisant ainsi les d\u00e9chets mis en d\u00e9charge et soutenant les principes de l&#039;\u00e9conomie circulaire.<\/li>\n<li><strong>\u00c9co-mat\u00e9riaux innovants<\/strong>: Polysmarts int\u00e8gre de nouveaux mat\u00e9riaux durables comme l&#039;amidon de ma\u00efs et les emballages \u00e0 base de champignons, repr\u00e9sentant les derni\u00e8res avanc\u00e9es en mati\u00e8re de solutions d&#039;emballage respectueuses de l&#039;environnement.<\/li>\n<\/ol>\n<h2><span style=\"font-size: 18pt;\"><strong>Avantages de l&#039;emballage durable du savon<\/strong><\/span><\/h2>\n<h3><span style=\"font-size: 14pt;\"><strong>Avantages environnementaux :<\/strong><\/span><\/h3>\n<ul>\n<li>R\u00e9duction de la pollution et des d\u00e9chets plastiques<\/li>\n<li>R\u00e9duction des \u00e9missions de carbone<\/li>\n<li>Conservation des ressources naturelles<\/li>\n<li>Soutien aux principes de l&#039;\u00e9conomie circulaire<\/li>\n<\/ul>\n<h3><strong>Avantages commerciaux :<\/strong><\/h3>\n<ul>\n<li>Am\u00e9lioration de l&#039;image de marque et de la fid\u00e9lit\u00e9 des clients<\/li>\n<li>Conformit\u00e9 aux r\u00e9glementations environnementales en constante \u00e9volution<\/li>\n<li>\u00c9conomies potentielles gr\u00e2ce \u00e0 une utilisation efficace des mat\u00e9riaux<\/li>\n<li>Avantage concurrentiel sur un march\u00e9 soucieux de l&#039;environnement<\/li>\n<\/ul>\n<h2><span style=\"font-size: 18pt;\"><strong>Faire la transition vers un emballage durable<\/strong><\/span><\/h2>\n<p>Lors de la transition vers un emballage de savon durable, tenez compte des \u00e9l\u00e9ments suivants\u00a0:<\/p>\n<ol>\n<li>\u00c9valuer l&#039;impact environnemental de votre emballage actuel<\/li>\n<li>Identifier des alternatives \u00e9cologiques appropri\u00e9es qui pr\u00e9servent l&#039;int\u00e9grit\u00e9 du produit<\/li>\n<li>\u00c9quilibrer les objectifs de durabilit\u00e9 avec des consid\u00e9rations pratiques comme la protection contre l&#039;humidit\u00e9<\/li>\n<li>Communiquer vos efforts en mati\u00e8re de d\u00e9veloppement durable aux consommateurs gr\u00e2ce \u00e0 un \u00e9tiquetage et un marketing clairs<\/li>\n<\/ol>\n<h2><span style=\"font-size: 18pt;\"><strong>Conclusion<\/strong><\/span><\/h2>\n<p>Les emballages de savon durables repr\u00e9sentent une opportunit\u00e9 majeure pour les marques de faire preuve de responsabilit\u00e9 environnementale tout en r\u00e9pondant aux attentes des consommateurs. Gr\u00e2ce \u00e0 la gamme d&#039;options \u00e9cologiques de Polysmarts, allant des mat\u00e9riaux recyclables aux solutions compostables innovantes, les entreprises peuvent trouver l&#039;emballage id\u00e9al, r\u00e9pondant \u00e0 la fois \u00e0 leurs objectifs de d\u00e9veloppement durable et aux exigences de leurs produits.<\/p>\n<p>En investissant dans des solutions d\u2019emballage durables, les fabricants de savon peuvent contribuer \u00e0 la pr\u00e9servation de l\u2019environnement tout en renfor\u00e7ant potentiellement leur position sur le march\u00e9 aupr\u00e8s de consommateurs de plus en plus soucieux de l\u2019environnement.<\/p>","protected":false},"excerpt":{"rendered":"<table style=\"height: 280px; width: 99.8505%; border-collapse: collapse;\" border=\"2\">\n<tbody>\n<tr style=\"height: 28px; background-color: #dbdbdb;\">\n<td style=\"width: 22.6796%; background-color: #ebebeb; height: 28px;\"><span style=\"font-family: arial, helvetica, sans-serif; font-size: 12pt;\"><strong>Articles<\/strong><\/span><\/td>\n<td style=\"width: 77.3204%; background-color: #ebebeb; height: 28px;\"><span style=\"font-family: arial, helvetica, sans-serif; font-size: 12pt;\">Emballage de savon durable personnalis\u00e9<\/span><\/td>\n<\/tr>\n<tr style=\"height: 40px;\">\n<td style=\"width: 22.6796%; height: 30px; background-color: #99ccff;\"><span style=\"font-family: arial, helvetica, sans-serif; font-size: 12pt;\"><strong>Dimensions et style<\/strong><\/span><\/td>\n<td style=\"width: 77.3204%; height: 30px; background-color: #99ccff;\"><span style=\"font-family: arial, helvetica, sans-serif; font-size: 12pt;\">Formes et tailles personnalis\u00e9es<\/span><\/td>\n<\/tr>\n<tr style=\"height: 40px;\">\n<td style=\"width: 22.6796%; height: 34px; background-color: #ebebeb;\"><span style=\"font-size: 12pt;\"><strong><span style=\"font-family: arial, helvetica, sans-serif;\">Quantit\u00e9 minimum d&#039;achat<\/span><\/strong><\/span><\/td>\n<td style=\"width: 77.3204%; height: 34px; background-color: #ebebeb;\"><span style=\"font-family: arial, helvetica, sans-serif; font-size: 12pt;\">100 pi\u00e8ces sans personnalisation, 5\u00a0000 pi\u00e8ces pour personnalisation - Impression num\u00e9rique\u00a0: 1\u00a0000 pi\u00e8ces<\/span><\/td>\n<\/tr>\n<tr style=\"height: 40px; background-color: #99ccff;\">\n<td style=\"width: 22.6796%; height: 24px;\"><span style=\"font-size: 12pt;\"><strong><span style=\"font-family: arial, helvetica, sans-serif;\">Type d&#039;emballage<\/span><\/strong><\/span><\/td>\n<td style=\"width: 77.3204%; height: 24px;\"><span style=\"color: #000000;\"><a style=\"color: #000000;\" href=\"https:\/\/polysmarts.com\/fr\/emballage-de-liquide-avec-pochette-a-bec-verseur-personnalisee\/\"><strong><span style=\"font-family: arial, helvetica, sans-serif; font-size: 12pt;\">Sachet liquide \u00e0 fond plat<\/span><\/strong><\/a><\/span><\/td>\n<\/tr>\n<tr style=\"height: 40px; background-color: #ebebeb;\">\n<td style=\"width: 22.6796%; height: 24px;\"><span style=\"font-size: 12pt;\"><strong><span style=\"font-family: arial, helvetica, sans-serif;\">Impression<\/span><\/strong><\/span><\/td>\n<td style=\"width: 77.3204%; height: 24px;\"><span style=\"font-family: arial, helvetica, sans-serif; font-size: 12pt;\">CMJN (1 \u00e0 10 couleurs), sans impression (uni), impression num\u00e9rique<\/span><\/td>\n<\/tr>\n<tr style=\"height: 40px; background-color: #99ccff;\">\n<td style=\"width: 22.6796%; height: 24px;\"><span style=\"font-size: 12pt;\"><strong><span style=\"font-family: arial, helvetica, sans-serif;\">Material<\/span><\/strong><\/span><\/td>\n<td style=\"width: 77.3204%; height: 24px;\"><span style=\"font-family: arial, helvetica, sans-serif; font-size: 12pt;\">Mat\u00e9riau lamin\u00e9, MOPP+VMPET+PE<\/span><\/td>\n<\/tr>\n<tr style=\"height: 40px; background-color: #ebebeb;\">\n<td style=\"width: 22.6796%; height: 24px;\"><span style=\"font-size: 12pt;\"><strong><span style=\"font-family: arial, helvetica, sans-serif;\"><b data-spm-anchor-id=\"a2700.details-description.0.i12.24d0Kvu6Kvu6rh\">Capacit\u00e9<\/b><\/span><\/strong><\/span><\/td>\n<td style=\"width: 77.3204%; height: 24px;\"><span style=\"font-family: arial, helvetica, sans-serif; font-size: 12pt;\">100g, 200g, 300g, 400g, 800g, 1kg, 2kg, 3kg\/100ml, 200ml, 300ml, 500ml, 800ml, 1L, 2L, 3L ou personnalis\u00e9<\/span><\/td>\n<\/tr>\n<tr style=\"height: 40px; background-color: #99ccff;\">\n<td style=\"width: 22.6796%; height: 24px;\"><span style=\"font-size: 12pt;\"><strong><span style=\"font-family: arial, helvetica, sans-serif;\">Fonctionnalit\u00e9<\/span><\/strong><\/span><\/td>\n<td style=\"width: 77.3204%; height: 24px;\"><span style=\"font-family: arial, helvetica, sans-serif; font-size: 12pt;\">1. Bonne performance de r\u00e9sistance \u00e0 l&#039;humidit\u00e9 et \u00e0 l&#039;oxyg\u00e8ne\u00a0;<br \/>\n2. Haute temp\u00e9rature ;<br \/>\n3. Bonne \u00e9tanch\u00e9it\u00e9, impression de haute qualit\u00e9 ;<br \/>\n4. Mat\u00e9riau de qualit\u00e9 alimentaire, non toxique, sans odeur, sans go\u00fbt, barri\u00e8re contre l&#039;humidit\u00e9 et l&#039;oxyg\u00e8ne, les performances de barri\u00e8re sont excellentes.<br \/>\n5. Facile \u00e0 transporter ;<\/span><\/td>\n<\/tr>\n<tr style=\"height: 40px; background-color: #ebebeb;\">\n<td style=\"width: 22.6796%; height: 24px;\"><span style=\"font-size: 12pt;\"><strong><span style=\"font-family: arial, helvetica, sans-serif;\">D\u00e9lai d&#039;ex\u00e9cution<\/span><\/strong><\/span><\/td>\n<td style=\"width: 77.3204%; height: 24px;\"><span style=\"font-family: arial, helvetica, sans-serif; font-size: 12pt;\">7 \u00e0 15 jours ouvrables, RUSH<\/span><\/td>\n<\/tr>\n<tr style=\"height: 40px; background-color: #99ccff;\">\n<td style=\"width: 22.6796%; height: 24px;\"><span style=\"font-size: 12pt;\"><strong><span style=\"font-family: arial, helvetica, sans-serif;\">Exp\u00e9dition<\/span><\/strong><\/span><\/td>\n<td style=\"width: 77.3204%; height: 24px;\"><span style=\"font-family: arial, helvetica, sans-serif; font-size: 12pt;\">Air, Mer, Express<\/span><\/td>\n<\/tr>\n<\/tbody>\n<\/table>\n<p>&nbsp;<\/p>","protected":false},"featured_media":4460,"comment_status":"open","ping_status":"closed","template":"","meta":[],"product_brand":[],"product_cat":[35],"product_tag":[],"class_list":{"0":"post-4454","1":"product","2":"type-product","3":"status-publish","4":"has-post-thumbnail","6":"product_cat-mylar-bags","8":"first","9":"instock","10":"shipping-taxable","11":"purchasable","12":"product-type-variable"},"_links":{"self":[{"href":"https:\/\/polysmarts.com\/fr\/wp-json\/wp\/v2\/product\/4454","targetHints":{"allow":["GET"]}}],"collection":[{"href":"https:\/\/polysmarts.com\/fr\/wp-json\/wp\/v2\/product"}],"about":[{"href":"https:\/\/polysmarts.com\/fr\/wp-json\/wp\/v2\/types\/product"}],"replies":[{"embeddable":true,"href":"https:\/\/polysmarts.com\/fr\/wp-json\/wp\/v2\/comments?post=4454"}],"version-history":[{"count":4,"href":"https:\/\/polysmarts.com\/fr\/wp-json\/wp\/v2\/product\/4454\/revisions"}],"predecessor-version":[{"id":4477,"href":"https:\/\/polysmarts.com\/fr\/wp-json\/wp\/v2\/product\/4454\/revisions\/4477"}],"wp:featuredmedia":[{"embeddable":true,"href":"https:\/\/polysmarts.com\/fr\/wp-json\/wp\/v2\/media\/4460"}],"wp:attachment":[{"href":"https:\/\/polysmarts.com\/fr\/wp-json\/wp\/v2\/media?parent=4454"}],"wp:term":[{"taxonomy":"product_brand","embeddable":true,"href":"https:\/\/polysmarts.com\/fr\/wp-json\/wp\/v2\/product_brand?post=4454"},{"taxonomy":"product_cat","embeddable":true,"href":"https:\/\/polysmarts.com\/fr\/wp-json\/wp\/v2\/product_cat?post=4454"},{"taxonomy":"product_tag","embeddable":true,"href":"https:\/\/polysmarts.com\/fr\/wp-json\/wp\/v2\/product_tag?post=4454"}],"curies":[{"name":"wp","href":"https:\/\/api.w.org\/{rel}","templated":true}]}}