{"id":4438,"date":"2025-05-26T13:50:14","date_gmt":"2025-05-26T05:50:14","guid":{"rendered":"https:\/\/polysmarts.com\/?post_type=product&#038;p=4438"},"modified":"2025-05-26T14:23:13","modified_gmt":"2025-05-26T06:23:13","slug":"emballage-de-mousse-de-mer-barriere-de-qualite-superieure-sachets-refermables-respectueux-de-lenvironnement","status":"publish","type":"product","link":"https:\/\/polysmarts.com\/fr\/product\/premium-barrier-sea-moss-packaging-eco-friendly-resealable-pouches\/","title":{"rendered":"Emballage barri\u00e8re premium en mousse de mer \u2013 Sachets refermables \u00e9cologiques"},"content":{"rendered":"<div style=\"width: 800px;\" class=\"wp-video\"><video class=\"wp-video-shortcode\" id=\"video-4438-1\" width=\"800\" height=\"454\" preload=\"metadata\" controls=\"controls\"><source type=\"video\/mp4\" src=\"https:\/\/polysmarts.com\/wp-content\/uploads\/2025\/05\/sea-moss-packaging-.mp4?_=1\" \/><a href=\"https:\/\/polysmarts.com\/wp-content\/uploads\/2025\/05\/sea-moss-packaging-.mp4\">https:\/\/polysmarts.com\/wp-content\/uploads\/2025\/05\/sea-moss-packaging-.mp4<\/a><\/video><\/div>\n<h1><strong><span style=\"font-size: 18pt;\">Solutions d&#039;emballage de mousse de mer haut de gamme\u00a0: pr\u00e9servez la fra\u00eecheur et maximisez l&#039;attrait en rayon<\/span><\/strong><\/h1>\n<p>Nos solutions d&#039;emballage personnalis\u00e9es pour mousse de mer sont sp\u00e9cialement con\u00e7ues pour pr\u00e9server les nutriments essentiels de vos produits haut de gamme \u00e0 base de mousse de mer tout en am\u00e9liorant l&#039;attrait en rayon. Disponibles en plusieurs configurations, notamment en sachets stand-up, en sachets plats et avec bec verseur pour les formulations en gel, nos emballages r\u00e9pondent aux besoins sp\u00e9cifiques de chaque vari\u00e9t\u00e9 de mousse de mer.<\/p>\n<h3><strong><span style=\"font-size: 14pt;\">Caract\u00e9ristiques principales de l&#039;emballage de la mousse de mer :<\/span><\/strong><\/h3>\n<ul>\n<li><strong>Protection barri\u00e8re sup\u00e9rieure<\/strong>:Nos sachets flexibles utilisent des mat\u00e9riaux barri\u00e8res avanc\u00e9s qui prot\u00e8gent la mousse de mer de l&#039;humidit\u00e9, de l&#039;oxyg\u00e8ne et de l&#039;exposition \u00e0 la lumi\u00e8re, pr\u00e9servant ainsi les nutriments essentiels comme la vitamine B12, le calcium, le zinc et l&#039;iode.<\/li>\n<li><strong>Options refermables pratiques<\/strong>: Choisissez parmi les fermetures \u00e0 glissi\u00e8re, les fermetures refermables et les options de bec verseur pour les formulations de gel, permettant aux clients de conserver la fra\u00eecheur tout en utilisant de petites quantit\u00e9s au fil du temps.<\/li>\n<li><strong>L\u00e9ger et \u00e9conomique<\/strong>:Nos emballages p\u00e8sent beaucoup moins que les bocaux en verre ou les pots en plastique, ce qui r\u00e9duit les frais d\u2019exp\u00e9dition tout en pr\u00e9servant l\u2019int\u00e9grit\u00e9 du produit.<\/li>\n<li><strong>Conception personnalisable<\/strong>:D\u00e9marquez-vous dans le secteur concurrentiel de la sant\u00e9 et du bien-\u00eatre de $4,2 billions avec des options d&#039;impression enti\u00e8rement personnalisables, y compris des techniques num\u00e9riques, de rotogravure et de flexo avec diff\u00e9rentes finitions (mat, brillant, doux au toucher, effets m\u00e9talliques).<\/li>\n<li><strong>Options \u00e9cologiques<\/strong>: Choisissez parmi nos gammes d&#039;emballages durables, notamment des mat\u00e9riaux compostables, biod\u00e9gradables, recyclables et sans PFAS qui plaisent aux consommateurs soucieux de l&#039;environnement.<\/li>\n<\/ul>\n<h3><strong><span style=\"font-size: 14pt;\">Parfait pour toutes les formes de mousse de mer :<\/span><\/strong><\/h3>\n<ul>\n<li><strong>Mousse de mer s\u00e9ch\u00e9e<\/strong>: Maintenir des niveaux d&#039;humidit\u00e9 optimaux et pr\u00e9venir la contamination<\/li>\n<li><strong>Gel de mousse de mer<\/strong>: Sachets \u00e9tanches avec becs verseurs en option pour une distribution facile<\/li>\n<li><strong>Poudres de mousse de mer<\/strong>: Protection barri\u00e8re contre l&#039;humidit\u00e9 et l&#039;agglutination<\/li>\n<li><strong>Produits infus\u00e9s \u00e0 la mousse de mer<\/strong>: Emballage polyvalent pour diverses formulations<\/li>\n<\/ul>\n<p>Nos solutions d&#039;emballage aident \u00e0 pr\u00e9server les plus de 92 min\u00e9raux pr\u00e9sents dans les produits de mousse de mer de qualit\u00e9, garantissant \u00e0 vos clients de b\u00e9n\u00e9ficier de tous les bienfaits pour la sant\u00e9 de ce superaliment riche en nutriments.<\/p>\n<h3><strong><span style=\"font-size: 14pt;\">FAQ sur l&#039;emballage de la mousse de mer<\/span><\/strong><\/h3>\n<ol>\n<li><strong>Qu\u2019est-ce qui rend les emballages flexibles plus adapt\u00e9s aux produits \u00e0 base de mousse de mer ?<\/strong><br \/>\nL&#039;emballage flexible offre une protection sup\u00e9rieure contre l&#039;humidit\u00e9, l&#039;oxyg\u00e8ne et la lumi\u00e8re, pr\u00e9servant les nutriments essentiels de la mousse de mer tout en \u00e9tant l\u00e9ger et rentable par rapport aux contenants en verre ou en plastique rigide.<\/li>\n<li><strong>Existe-t-il des options \u00e9cologiques pour l\u2019emballage de la mousse de mer ?<br \/>\n<\/strong> Oui, nous proposons des options d\u2019emballage compostables, biod\u00e9gradables, recyclables et sans PFAS qui pr\u00e9servent l\u2019int\u00e9grit\u00e9 du produit tout en attirant les consommateurs soucieux de l\u2019environnement.<\/li>\n<li><strong>Quel emballage est le meilleur pour les produits \u00e0 base de gel de mousse de mer ?<\/strong><br \/>\nPour les produits en gel \u00e0 base de mousse de mer, nous recommandons des sachets \u00e0 bec verseur ou refermables. <span style=\"color: #0000ff;\"><strong><a style=\"color: #0000ff;\" href=\"https:\/\/polysmarts.com\/fr\/pochettes-debout-emballage-de-pochettes-debout-personnalise\/\">sachets debout<\/a><\/strong><\/span> qui emp\u00eachent les fuites pendant le transport tout en permettant une distribution et un stockage pratiques.<\/li>\n<li><strong>Comment l\u2019emballage peut-il aider mon produit \u00e0 base de mousse de mer \u00e0 se d\u00e9marquer ?<\/strong><br \/>\nNos options d&#039;impression personnalis\u00e9es, y compris les techniques num\u00e9riques, de rotogravure et de flexo avec diverses finitions (mat, brillant, doux au toucher, effets m\u00e9talliques), aident votre produit \u00e0 attirer l&#039;attention du consommateur sur le march\u00e9 concurrentiel des compl\u00e9ments alimentaires.<\/li>\n<li><strong>L\u2019emballage peut-il aider \u00e0 pr\u00e9server la valeur nutritionnelle de la mousse de mer ?<\/strong><br \/>\nOui, notre emballage barri\u00e8re prot\u00e8ge la mousse de mer des facteurs environnementaux qui d\u00e9gradent les nutriments, contribuant ainsi \u00e0 pr\u00e9server sa pr\u00e9cieuse teneur en iode, vitamines B, calcium, zinc et autres min\u00e9raux essentiels.<\/li>\n<\/ol>","protected":false},"excerpt":{"rendered":"<table style=\"height: 280px; width: 99.8505%; border-collapse: collapse;\" border=\"2\">\n<tbody>\n<tr style=\"height: 28px; background-color: #dbdbdb;\">\n<td style=\"width: 22.6796%; background-color: #ebebeb; height: 28px;\"><span style=\"font-family: arial, helvetica, sans-serif; font-size: 12pt;\"><strong>Articles<\/strong><\/span><\/td>\n<td style=\"width: 77.3204%; background-color: #ebebeb; height: 28px;\"><span style=\"font-family: arial, helvetica, sans-serif; font-size: 12pt;\">Solutions d&#039;emballage personnalis\u00e9es de mousse de mer de qualit\u00e9 sup\u00e9rieure<\/span><\/td>\n<\/tr>\n<tr style=\"height: 40px;\">\n<td style=\"width: 22.6796%; height: 30px; background-color: #99ccff;\"><span style=\"font-family: arial, helvetica, sans-serif; font-size: 12pt;\"><strong>Dimensions et style<\/strong><\/span><\/td>\n<td style=\"width: 77.3204%; height: 30px; background-color: #99ccff;\"><span style=\"font-family: arial, helvetica, sans-serif; font-size: 12pt;\">Formes et tailles personnalis\u00e9es<\/span><\/td>\n<\/tr>\n<tr style=\"height: 40px;\">\n<td style=\"width: 22.6796%; height: 34px; background-color: #ebebeb;\"><span style=\"font-size: 12pt;\"><strong><span style=\"font-family: arial, helvetica, sans-serif;\">Quantit\u00e9 minimum d&#039;achat<\/span><\/strong><\/span><\/td>\n<td style=\"width: 77.3204%; height: 34px; background-color: #ebebeb;\"><span style=\"font-family: arial, helvetica, sans-serif; font-size: 12pt;\">100 pi\u00e8ces sans personnalisation, 5\u00a0000 pi\u00e8ces pour personnalisation - Impression num\u00e9rique\u00a0: 1\u00a0000 pi\u00e8ces<\/span><\/td>\n<\/tr>\n<tr style=\"height: 40px; background-color: #99ccff;\">\n<td style=\"width: 22.6796%; height: 24px;\"><span style=\"font-size: 12pt;\"><strong><span style=\"font-family: arial, helvetica, sans-serif;\">Type d&#039;emballage<\/span><\/strong><\/span><\/td>\n<td style=\"width: 77.3204%; height: 24px;\"><span style=\"font-family: arial, helvetica, sans-serif; font-size: 12pt;\">Pochette stand up avec fen\u00eatre d&#039;affichage<\/span><\/td>\n<\/tr>\n<tr style=\"height: 40px; background-color: #ebebeb;\">\n<td style=\"width: 22.6796%; height: 24px;\"><span style=\"font-size: 12pt;\"><strong><span style=\"font-family: arial, helvetica, sans-serif;\">Impression<\/span><\/strong><\/span><\/td>\n<td style=\"width: 77.3204%; height: 24px;\"><span style=\"font-family: arial, helvetica, sans-serif; font-size: 12pt;\">CMJN (1 \u00e0 10 couleurs), sans impression (uni), impression num\u00e9rique<\/span><\/td>\n<\/tr>\n<tr style=\"height: 40px; background-color: #99ccff;\">\n<td style=\"width: 22.6796%; height: 24px;\"><span style=\"font-size: 12pt;\"><strong><span style=\"font-family: arial, helvetica, sans-serif;\">Material<\/span><\/strong><\/span><\/td>\n<td style=\"width: 77.3204%; height: 24px;\"><span style=\"font-family: arial, helvetica, sans-serif; font-size: 12pt;\">Mat\u00e9riau lamin\u00e9, MOPP+VMPET+PE<\/span><\/td>\n<\/tr>\n<tr style=\"height: 40px; background-color: #ebebeb;\">\n<td style=\"width: 22.6796%; height: 24px;\"><span style=\"font-size: 12pt;\"><strong><span style=\"font-family: arial, helvetica, sans-serif;\">Options incluses<\/span><\/strong><\/span><\/td>\n<td style=\"width: 77.3204%; height: 24px;\"><span style=\"font-family: arial, helvetica, sans-serif; font-size: 12pt;\">D\u00e9coupe, thermoscellage<\/span><\/td>\n<\/tr>\n<tr style=\"height: 40px; background-color: #99ccff;\">\n<td style=\"width: 22.6796%; height: 24px;\"><span style=\"font-size: 12pt;\"><strong><span style=\"font-family: arial, helvetica, sans-serif;\">Fonctionnalit\u00e9<\/span><\/strong><\/span><\/td>\n<td style=\"width: 77.3204%; height: 24px;\"><span style=\"font-family: arial, helvetica, sans-serif; font-size: 12pt;\">R\u00e9sistant \u00e0 l&#039;humidit\u00e9\/Qualit\u00e9 alimentaire\/Imperm\u00e9able \u00e0 l&#039;eau<\/span><\/td>\n<\/tr>\n<tr style=\"height: 40px; background-color: #ebebeb;\">\n<td style=\"width: 22.6796%; height: 24px;\"><span style=\"font-size: 12pt;\"><strong><span style=\"font-family: arial, helvetica, sans-serif;\">D\u00e9lai d&#039;ex\u00e9cution<\/span><\/strong><\/span><\/td>\n<td style=\"width: 77.3204%; height: 24px;\"><span style=\"font-family: arial, helvetica, sans-serif; font-size: 12pt;\">7 \u00e0 15 jours ouvrables, RUSH<\/span><\/td>\n<\/tr>\n<tr style=\"height: 40px; background-color: #99ccff;\">\n<td style=\"width: 22.6796%; height: 24px;\"><span style=\"font-size: 12pt;\"><strong><span style=\"font-family: arial, helvetica, sans-serif;\">Exp\u00e9dition<\/span><\/strong><\/span><\/td>\n<td style=\"width: 77.3204%; height: 24px;\"><span style=\"font-family: arial, helvetica, sans-serif; font-size: 12pt;\">Air, Mer, Express<\/span><\/td>\n<\/tr>\n<\/tbody>\n<\/table>\n<p>&nbsp;<\/p>","protected":false},"featured_media":4431,"comment_status":"open","ping_status":"closed","template":"","meta":[],"product_brand":[],"product_cat":[26,35,18],"product_tag":[],"class_list":{"0":"post-4438","1":"product","2":"type-product","3":"status-publish","4":"has-post-thumbnail","6":"product_cat-food-packaging","7":"product_cat-mylar-bags","8":"product_cat-zipper-bags","10":"first","11":"instock","12":"shipping-taxable","13":"purchasable","14":"product-type-variable"},"_links":{"self":[{"href":"https:\/\/polysmarts.com\/fr\/wp-json\/wp\/v2\/product\/4438","targetHints":{"allow":["GET"]}}],"collection":[{"href":"https:\/\/polysmarts.com\/fr\/wp-json\/wp\/v2\/product"}],"about":[{"href":"https:\/\/polysmarts.com\/fr\/wp-json\/wp\/v2\/types\/product"}],"replies":[{"embeddable":true,"href":"https:\/\/polysmarts.com\/fr\/wp-json\/wp\/v2\/comments?post=4438"}],"version-history":[{"count":6,"href":"https:\/\/polysmarts.com\/fr\/wp-json\/wp\/v2\/product\/4438\/revisions"}],"predecessor-version":[{"id":4453,"href":"https:\/\/polysmarts.com\/fr\/wp-json\/wp\/v2\/product\/4438\/revisions\/4453"}],"wp:featuredmedia":[{"embeddable":true,"href":"https:\/\/polysmarts.com\/fr\/wp-json\/wp\/v2\/media\/4431"}],"wp:attachment":[{"href":"https:\/\/polysmarts.com\/fr\/wp-json\/wp\/v2\/media?parent=4438"}],"wp:term":[{"taxonomy":"product_brand","embeddable":true,"href":"https:\/\/polysmarts.com\/fr\/wp-json\/wp\/v2\/product_brand?post=4438"},{"taxonomy":"product_cat","embeddable":true,"href":"https:\/\/polysmarts.com\/fr\/wp-json\/wp\/v2\/product_cat?post=4438"},{"taxonomy":"product_tag","embeddable":true,"href":"https:\/\/polysmarts.com\/fr\/wp-json\/wp\/v2\/product_tag?post=4438"}],"curies":[{"name":"wp","href":"https:\/\/api.w.org\/{rel}","templated":true}]}}