{"id":4422,"date":"2025-05-22T14:27:46","date_gmt":"2025-05-22T06:27:46","guid":{"rendered":"https:\/\/polysmarts.com\/?post_type=product&#038;p=4422"},"modified":"2025-05-22T15:42:16","modified_gmt":"2025-05-22T07:42:16","slug":"emballage-de-masques-faciaux-personnalises-solutions-demballage-haut-de-gamme-pour-masques-faciaux","status":"publish","type":"product","link":"https:\/\/polysmarts.com\/fr\/product\/custom-face-mask-packaging-premium-packaging-solutions-for-facial-masks\/","title":{"rendered":"Emballage de masques personnalis\u00e9s | Solutions d&#039;emballage haut de gamme pour masques"},"content":{"rendered":"<p><img fetchpriority=\"high\" decoding=\"async\" class=\"wp-image-4413 size-full alignleft\" src=\"https:\/\/polysmarts.com\/wp-content\/uploads\/2025\/05\/Facial-Mask-packaging-6.png\" alt=\"emballage de masque facial\" width=\"800\" height=\"800\" srcset=\"\/\/polysmarts.com\/wp-content\/uploads\/2025\/05\/Facial-Mask-packaging-6.png 800w, \/\/polysmarts.com\/wp-content\/uploads\/2025\/05\/Facial-Mask-packaging-6-600x600.png 600w, \/\/polysmarts.com\/wp-content\/uploads\/2025\/05\/Facial-Mask-packaging-6-768x768.png 768w, \/\/polysmarts.com\/wp-content\/uploads\/2025\/05\/Facial-Mask-packaging-6-12x12.png 12w, \/\/polysmarts.com\/wp-content\/uploads\/2025\/05\/Facial-Mask-packaging-6-300x300.png 300w, \/\/polysmarts.com\/wp-content\/uploads\/2025\/05\/Facial-Mask-packaging-6-100x100.png 100w\" sizes=\"(max-width: 800px) 100vw, 800px\" \/><\/p>\n<p>D\u00e9couvrez l&#039;emballage personnalis\u00e9 pour masques, votre solution id\u00e9ale pour un emballage haut de gamme. Fabriqu\u00e9 \u00e0 partir de mat\u00e9riaux barri\u00e8res en mylar Polysmarts, cet emballage offre une protection sup\u00e9rieure contre l&#039;humidit\u00e9, sup\u00e9rieure aux alternatives classiques en plastique ou en papier. Les mat\u00e9riaux transparents rev\u00eatus d&#039;EVOH et de PVDC garantissent une pr\u00e9sentation \u00e9l\u00e9gante de vos produits tout en les prot\u00e9geant des agressions ext\u00e9rieures.<\/p>\n<p>B\u00e9n\u00e9ficiez de tarifs avantageux gr\u00e2ce \u00e0 la garantie d&#039;alignement des prix 5%, qui vous permet de valoriser votre image de marque plus facilement que jamais, sans vous ruiner. Avec des d\u00e9lais de livraison rapides de seulement 7 \u00e0 15 jours pour l&#039;impression num\u00e9rique et l&#039;impression sur plaque, vos sacs personnalis\u00e9s seront pr\u00eats quand vous en aurez besoin.<\/p>\n<p>Choisissez parmi une vari\u00e9t\u00e9 de tailles personnalis\u00e9es et b\u00e9n\u00e9ficiez de faibles quantit\u00e9s minimales de commande \u00e0 partir de 5\u00a0000 sacs seulement. Nos fermetures \u00e0 glissi\u00e8re refermables sont pratiques pour vos clients, tandis que les pochettes plates am\u00e9liorent la visibilit\u00e9 en rayon, attirant l&#039;attention sur vos masques cosm\u00e9tiques.<\/p>\n<p>B\u00e9n\u00e9ficiez d&#039;un service client am\u00e9ricain exceptionnel et am\u00e9liorez l&#039;emballage de votre masque facial avec notre sac plat d&#039;emballage de masque facial cosm\u00e9tique \u00e0 3 c\u00f4t\u00e9s scell\u00e9s d\u00e8s aujourd&#039;hui\u00a0!<\/p>","protected":false},"excerpt":{"rendered":"<table style=\"height: 360px; width: 99.8505%; border-collapse: collapse;\" border=\"2\">\n<tbody>\n<tr style=\"height: 40px;\">\n<td style=\"width: 22.6796%; height: 30px; background-color: #99ccff;\"><span style=\"font-family: arial, helvetica, sans-serif; font-size: 12pt;\"><strong>Dimensions et style<\/strong><\/span><\/td>\n<td style=\"width: 77.3204%; height: 30px; background-color: #99ccff;\"><span style=\"font-family: arial, helvetica, sans-serif; font-size: 12pt;\">Formes et tailles personnalis\u00e9es<\/span><\/td>\n<\/tr>\n<tr style=\"height: 40px;\">\n<td style=\"width: 22.6796%; height: 34px; background-color: #ebebeb;\"><span style=\"font-size: 12pt;\"><strong><span style=\"font-family: arial, helvetica, sans-serif;\">Quantit\u00e9 minimum d&#039;achat<\/span><\/strong><\/span><\/td>\n<td style=\"width: 77.3204%; height: 34px; background-color: #ebebeb;\"><span style=\"font-family: arial, helvetica, sans-serif; font-size: 12pt;\">1000 pi\u00e8ces sans personnalisation, 10000 pi\u00e8ces pour personnalisation<\/span><\/td>\n<\/tr>\n<tr style=\"height: 40px; background-color: #99ccff;\">\n<td style=\"width: 22.6796%; height: 24px;\"><span style=\"font-size: 12pt;\"><strong><span style=\"font-family: arial, helvetica, sans-serif;\">Type d&#039;emballage<\/span><\/strong><\/span><\/td>\n<td style=\"width: 77.3204%; height: 24px;\"><span style=\"font-family: arial, helvetica, sans-serif; font-size: 12pt;\">Sac plat \u00e0 3 c\u00f4t\u00e9s scell\u00e9s<\/span><\/td>\n<\/tr>\n<tr style=\"height: 40px; background-color: #ebebeb;\">\n<td style=\"width: 22.6796%; height: 24px;\"><span style=\"font-size: 12pt;\"><strong><span style=\"font-family: arial, helvetica, sans-serif;\">Impression<\/span><\/strong><\/span><\/td>\n<td style=\"width: 77.3204%; height: 24px;\"><span style=\"font-family: arial, helvetica, sans-serif; font-size: 12pt;\">CMJN (1 \u00e0 10 couleurs selon vos besoins), pas d&#039;impression (ordinaire)<\/span><\/td>\n<\/tr>\n<tr style=\"height: 40px; background-color: #99ccff;\">\n<td style=\"width: 22.6796%; height: 24px;\"><span style=\"font-size: 12pt;\"><strong><span style=\"font-family: arial, helvetica, sans-serif;\">Finition<\/span><\/strong><\/span><\/td>\n<td style=\"width: 77.3204%; height: 24px;\"><span style=\"font-family: arial, helvetica, sans-serif; font-size: 12pt;\">Stratification brillante, impression offset<\/span><\/td>\n<\/tr>\n<tr style=\"height: 40px; background-color: #ebebeb;\">\n<td style=\"width: 22.6796%; height: 24px;\"><span style=\"font-size: 12pt;\"><strong><span style=\"font-family: arial, helvetica, sans-serif;\">Material<\/span><\/strong><\/span><\/td>\n<td style=\"width: 77.3204%; height: 24px;\"><span style=\"font-family: arial, helvetica, sans-serif; font-size: 12pt;\">OPP\/PET\/RPC<\/span><\/td>\n<\/tr>\n<tr style=\"height: 40px; background-color: #99ccff;\">\n<td style=\"width: 22.6796%; height: 24px;\"><span style=\"font-size: 12pt;\"><strong><span style=\"font-family: arial, helvetica, sans-serif;\">Fonctionnalit\u00e9<\/span><\/strong><\/span><\/td>\n<td style=\"width: 77.3204%; height: 24px;\"><span style=\"font-family: arial, helvetica, sans-serif; font-size: 12pt;\">Imperm\u00e9able, anti-odeurs<\/span><\/td>\n<\/tr>\n<tr style=\"height: 40px; background-color: #ebebeb;\">\n<td style=\"width: 22.6796%; height: 24px;\"><span style=\"font-size: 12pt;\"><strong><span style=\"font-family: arial, helvetica, sans-serif;\">D\u00e9lai d&#039;ex\u00e9cution<\/span><\/strong><\/span><\/td>\n<td style=\"width: 77.3204%; height: 24px;\"><span style=\"font-family: arial, helvetica, sans-serif; font-size: 12pt;\">7 \u00e0 15 jours ouvrables, RUSH<\/span><\/td>\n<\/tr>\n<tr style=\"height: 40px; background-color: #99ccff;\">\n<td style=\"width: 22.6796%; height: 24px;\"><span style=\"font-size: 12pt;\"><strong><span style=\"font-family: arial, helvetica, sans-serif;\">Exp\u00e9dition<\/span><\/strong><\/span><\/td>\n<td style=\"width: 77.3204%; height: 24px;\"><span style=\"font-family: arial, helvetica, sans-serif; font-size: 12pt;\">Air, Mer, Express<\/span><\/td>\n<\/tr>\n<\/tbody>\n<\/table>\n<p>&nbsp;<\/p>","protected":false},"featured_media":4419,"comment_status":"open","ping_status":"closed","template":"","meta":[],"product_brand":[],"product_cat":[30,19,35],"product_tag":[],"class_list":{"0":"post-4422","1":"product","2":"type-product","3":"status-publish","4":"has-post-thumbnail","6":"product_cat-cosmetics-packaging","7":"product_cat-heat-sealing-bag","8":"product_cat-mylar-bags","10":"first","11":"instock","12":"shipping-taxable","13":"product-type-simple"},"_links":{"self":[{"href":"https:\/\/polysmarts.com\/fr\/wp-json\/wp\/v2\/product\/4422","targetHints":{"allow":["GET"]}}],"collection":[{"href":"https:\/\/polysmarts.com\/fr\/wp-json\/wp\/v2\/product"}],"about":[{"href":"https:\/\/polysmarts.com\/fr\/wp-json\/wp\/v2\/types\/product"}],"replies":[{"embeddable":true,"href":"https:\/\/polysmarts.com\/fr\/wp-json\/wp\/v2\/comments?post=4422"}],"version-history":[{"count":5,"href":"https:\/\/polysmarts.com\/fr\/wp-json\/wp\/v2\/product\/4422\/revisions"}],"predecessor-version":[{"id":4430,"href":"https:\/\/polysmarts.com\/fr\/wp-json\/wp\/v2\/product\/4422\/revisions\/4430"}],"wp:featuredmedia":[{"embeddable":true,"href":"https:\/\/polysmarts.com\/fr\/wp-json\/wp\/v2\/media\/4419"}],"wp:attachment":[{"href":"https:\/\/polysmarts.com\/fr\/wp-json\/wp\/v2\/media?parent=4422"}],"wp:term":[{"taxonomy":"product_brand","embeddable":true,"href":"https:\/\/polysmarts.com\/fr\/wp-json\/wp\/v2\/product_brand?post=4422"},{"taxonomy":"product_cat","embeddable":true,"href":"https:\/\/polysmarts.com\/fr\/wp-json\/wp\/v2\/product_cat?post=4422"},{"taxonomy":"product_tag","embeddable":true,"href":"https:\/\/polysmarts.com\/fr\/wp-json\/wp\/v2\/product_tag?post=4422"}],"curies":[{"name":"wp","href":"https:\/\/api.w.org\/{rel}","templated":true}]}}