{"id":4359,"date":"2025-05-05T17:38:53","date_gmt":"2025-05-05T09:38:53","guid":{"rendered":"https:\/\/polysmarts.com\/?post_type=product&#038;p=4359"},"modified":"2025-05-05T18:14:46","modified_gmt":"2025-05-05T10:14:46","slug":"sacs-demballage-de-sel-de-bain-ecologiques-imprimes-sur-mesure","status":"publish","type":"product","link":"https:\/\/polysmarts.com\/fr\/product\/custom-printed-eco-friendly-bath-salt-packaging-bags\/","title":{"rendered":"Sacs d&#039;emballage de sel de bain \u00e9cologiques imprim\u00e9s sur mesure"},"content":{"rendered":"<p><strong>Emballages de sels de bain personnalis\u00e9s haut de gamme pour les marques qui brillent<\/strong><\/p>\n<p>Sublimez votre marque de sels de bain gr\u00e2ce \u00e0 des emballages personnalisables et \u00e9cologiques con\u00e7us pour impressionner. Chez Polysmarts, nous sommes sp\u00e9cialis\u00e9s dans la cr\u00e9ation d&#039;emballages qui prot\u00e8gent vos produits tout en refl\u00e9tant l&#039;engagement de votre marque en mati\u00e8re de qualit\u00e9 et de d\u00e9veloppement durable. Que vous soyez un spa, un d\u00e9taillant de produits de bien-\u00eatre ou une marque artisanale, nos solutions sont adapt\u00e9es \u00e0 vos besoins sp\u00e9cifiques.<\/p>\n<p>Principales caract\u00e9ristiques:<\/p>\n<p>\u2705 Durable et \u00e9tanche : gardez les sels de bain frais gr\u00e2ce \u00e0 la fermeture refermable <strong><a href=\"https:\/\/polysmarts.com\/fr\/pochettes-debout-emballage-de-pochettes-debout-personnalise\/\">sachet debout<\/a><\/strong>s, <strong><a href=\"https:\/\/polysmarts.com\/fr\/categorie-de-produit\/par-type-2\/sacs-a-fermeture-eclair\/\">sacs \u00e0 fermeture \u00e9clair<\/a><\/strong>, ou <strong><a href=\"https:\/\/polysmarts.com\/fr\/categorie-de-produit\/par-type-2\/sac-en-papier-kraft\/\">sacs en papier kraft.<\/a><\/strong><\/p>\n<p>\u2705 100% Personnalisable : Choisissez les tailles (1 oz \u00e0 5 lb), les mat\u00e9riaux (kraft recyclable, plastique biod\u00e9gradable) et les finitions (mat, brillant, m\u00e9tallique).<\/p>\n<p>\u2705 Options \u00e9co-responsables : papier kraft durable, films compostables et encres \u00e0 base de soja pour les marques respectueuses de l&#039;environnement.<\/p>\n<p>\u2705 D\u00e9lai d&#039;ex\u00e9cution rapide : faibles MOQ (plus de 1\u00a0000 unit\u00e9s) et production de 7 \u00e0 15 jours pour les besoins urgents.<\/p>\n<p>\u2705 Remises en gros : \u00e9conomisez jusqu&#039;\u00e0 30% sur les commandes importantes.<\/p>\n<h2><span style=\"font-size: 12pt;\">Pourquoi choisir Polysmarts pour <strong>Emballage de sel de bain<\/strong>?<\/span><\/h2>\n<p>\u2728 Mat\u00e9riaux conformes \u00e0 la FDA : sans danger pour le contact direct avec les sels de bain et les huiles essentielles.<\/p>\n<p>\u2728 Assistance de conception gratuite : notre \u00e9quipe vous aide \u00e0 cr\u00e9er des \u00e9tiquettes et des images de marque accrocheuses.<\/p>\n<p>\u2728 Exp\u00e9dition mondiale : livraison fiable aux \u00c9tats-Unis, au Canada et en Europe.<\/p>","protected":false},"excerpt":{"rendered":"<table style=\"height: 280px; width: 99.8505%; border-collapse: collapse;\" border=\"2\">\n<tbody>\n<tr style=\"height: 28px; background-color: #dbdbdb;\">\n<td style=\"width: 22.6796%; background-color: #ebebeb; height: 28px;\"><span style=\"font-family: arial, helvetica, sans-serif; font-size: 12pt;\"><strong>Articles<\/strong><\/span><\/td>\n<td style=\"width: 77.3204%; background-color: #ebebeb; height: 28px;\"><span style=\"font-family: arial, helvetica, sans-serif; font-size: 12pt;\">Sacs d&#039;emballage de sel de bain \u00e9cologiques imprim\u00e9s sur mesure<\/span><\/td>\n<\/tr>\n<tr style=\"height: 40px;\">\n<td style=\"width: 22.6796%; height: 30px; background-color: #99ccff;\"><span style=\"font-family: arial, helvetica, sans-serif; font-size: 12pt;\"><strong>Dimensions et style<\/strong><\/span><\/td>\n<td style=\"width: 77.3204%; height: 30px; background-color: #99ccff;\"><span style=\"font-family: arial, helvetica, sans-serif; font-size: 12pt;\">Formes et tailles personnalis\u00e9es<\/span><\/td>\n<\/tr>\n<tr style=\"height: 40px;\">\n<td style=\"width: 22.6796%; height: 34px; background-color: #ebebeb;\"><span style=\"font-size: 12pt;\"><strong><span style=\"font-family: arial, helvetica, sans-serif;\">Quantit\u00e9 minimum d&#039;achat<\/span><\/strong><\/span><\/td>\n<td style=\"width: 77.3204%; height: 34px; background-color: #ebebeb;\"><span style=\"font-family: arial, helvetica, sans-serif; font-size: 12pt;\">100 pi\u00e8ces sans personnalisation, 5000 pi\u00e8ces pour personnalisation<\/span><\/td>\n<\/tr>\n<tr style=\"height: 40px; background-color: #99ccff;\">\n<td style=\"width: 22.6796%; height: 24px;\"><span style=\"font-size: 12pt;\"><strong><span style=\"font-family: arial, helvetica, sans-serif;\">Type d&#039;emballage<\/span><\/strong><\/span><\/td>\n<td style=\"width: 77.3204%; height: 24px;\"><span style=\"font-family: arial, helvetica, sans-serif; font-size: 12pt;\">Pochette debout avec fermeture \u00e9clair<\/span><\/td>\n<\/tr>\n<tr style=\"height: 40px; background-color: #ebebeb;\">\n<td style=\"width: 22.6796%; height: 24px;\"><span style=\"font-size: 12pt;\"><strong><span style=\"font-family: arial, helvetica, sans-serif;\">Impression<\/span><\/strong><\/span><\/td>\n<td style=\"width: 77.3204%; height: 24px;\"><span style=\"font-family: arial, helvetica, sans-serif; font-size: 12pt;\">CMJN (1 \u00e0 10 couleurs), sans impression (uni), impression num\u00e9rique<\/span><\/td>\n<\/tr>\n<tr style=\"height: 40px; background-color: #99ccff;\">\n<td style=\"width: 22.6796%; height: 24px;\"><span style=\"font-size: 12pt;\"><strong><span style=\"font-family: arial, helvetica, sans-serif;\">Material<\/span><\/strong><\/span><\/td>\n<td style=\"width: 77.3204%; height: 24px;\"><span style=\"font-family: arial, helvetica, sans-serif; font-size: 12pt;\">Mat\u00e9riau lamin\u00e9, MOPP+VMPET+PE<\/span><\/td>\n<\/tr>\n<tr style=\"height: 40px; background-color: #ebebeb;\">\n<td style=\"width: 22.6796%; height: 24px;\"><span style=\"font-size: 12pt;\"><strong><span style=\"font-family: arial, helvetica, sans-serif;\">Options incluses<\/span><\/strong><\/span><\/td>\n<td style=\"width: 77.3204%; height: 24px;\"><span style=\"font-family: arial, helvetica, sans-serif; font-size: 12pt;\">D\u00e9coupe, thermoscellage<\/span><\/td>\n<\/tr>\n<tr style=\"height: 40px; background-color: #99ccff;\">\n<td style=\"width: 22.6796%; height: 24px;\"><span style=\"font-size: 12pt;\"><strong><span style=\"font-family: arial, helvetica, sans-serif;\">Fonctionnalit\u00e9<\/span><\/strong><\/span><\/td>\n<td style=\"width: 77.3204%; height: 24px;\"><span style=\"font-family: arial, helvetica, sans-serif; font-size: 12pt;\">R\u00e9sistant \u00e0 l&#039;humidit\u00e9\/isolation \u00e0 l&#039;oxyg\u00e8ne\/ombrage\/bonne tenue\/fermeture \u00e9clair sur le dessus<\/span><\/td>\n<\/tr>\n<tr style=\"height: 40px; background-color: #ebebeb;\">\n<td style=\"width: 22.6796%; height: 24px;\"><span style=\"font-size: 12pt;\"><strong><span style=\"font-family: arial, helvetica, sans-serif;\">D\u00e9lai d&#039;ex\u00e9cution<\/span><\/strong><\/span><\/td>\n<td style=\"width: 77.3204%; height: 24px;\"><span style=\"font-family: arial, helvetica, sans-serif; font-size: 12pt;\">7 \u00e0 15 jours ouvrables, RUSH<\/span><\/td>\n<\/tr>\n<tr style=\"height: 40px; background-color: #99ccff;\">\n<td style=\"width: 22.6796%; height: 24px;\"><span style=\"font-size: 12pt;\"><strong><span style=\"font-family: arial, helvetica, sans-serif;\">Exp\u00e9dition<\/span><\/strong><\/span><\/td>\n<td style=\"width: 77.3204%; height: 24px;\"><span style=\"font-family: arial, helvetica, sans-serif; font-size: 12pt;\">Air, Mer, Express<\/span><\/td>\n<\/tr>\n<\/tbody>\n<\/table>\n<p>&nbsp;<\/p>","protected":false},"featured_media":4357,"comment_status":"open","ping_status":"closed","template":"","meta":[],"product_brand":[],"product_cat":[26,35,18],"product_tag":[],"class_list":{"0":"post-4359","1":"product","2":"type-product","3":"status-publish","4":"has-post-thumbnail","6":"product_cat-food-packaging","7":"product_cat-mylar-bags","8":"product_cat-zipper-bags","10":"first","11":"instock","12":"shipping-taxable","13":"purchasable","14":"product-type-variable"},"_links":{"self":[{"href":"https:\/\/polysmarts.com\/fr\/wp-json\/wp\/v2\/product\/4359","targetHints":{"allow":["GET"]}}],"collection":[{"href":"https:\/\/polysmarts.com\/fr\/wp-json\/wp\/v2\/product"}],"about":[{"href":"https:\/\/polysmarts.com\/fr\/wp-json\/wp\/v2\/types\/product"}],"replies":[{"embeddable":true,"href":"https:\/\/polysmarts.com\/fr\/wp-json\/wp\/v2\/comments?post=4359"}],"version-history":[{"count":1,"href":"https:\/\/polysmarts.com\/fr\/wp-json\/wp\/v2\/product\/4359\/revisions"}],"predecessor-version":[{"id":4363,"href":"https:\/\/polysmarts.com\/fr\/wp-json\/wp\/v2\/product\/4359\/revisions\/4363"}],"wp:featuredmedia":[{"embeddable":true,"href":"https:\/\/polysmarts.com\/fr\/wp-json\/wp\/v2\/media\/4357"}],"wp:attachment":[{"href":"https:\/\/polysmarts.com\/fr\/wp-json\/wp\/v2\/media?parent=4359"}],"wp:term":[{"taxonomy":"product_brand","embeddable":true,"href":"https:\/\/polysmarts.com\/fr\/wp-json\/wp\/v2\/product_brand?post=4359"},{"taxonomy":"product_cat","embeddable":true,"href":"https:\/\/polysmarts.com\/fr\/wp-json\/wp\/v2\/product_cat?post=4359"},{"taxonomy":"product_tag","embeddable":true,"href":"https:\/\/polysmarts.com\/fr\/wp-json\/wp\/v2\/product_tag?post=4359"}],"curies":[{"name":"wp","href":"https:\/\/api.w.org\/{rel}","templated":true}]}}