{"id":4347,"date":"2025-04-28T21:27:56","date_gmt":"2025-04-28T13:27:56","guid":{"rendered":"https:\/\/polysmarts.com\/?post_type=product&#038;p=4347"},"modified":"2025-04-28T21:55:55","modified_gmt":"2025-04-28T13:55:55","slug":"meilleur-sac-ziplock-imprime-personnalise-avec-bulles","status":"publish","type":"product","link":"https:\/\/polysmarts.com\/fr\/product\/best-sale-custom-printed-ziplock-bag-with-bubble\/","title":{"rendered":"Sac ziplock personnalis\u00e9 avec bulles, le plus vendu"},"content":{"rendered":"<p><strong>D\u00e9couvrez notre sac Ziplock Premium avec bulles \u2013 Prot\u00e9gez les articles d\u00e9licats pendant le transport et le stockage, qui sont \u00e9galement <a href=\"https:\/\/polysmarts.com\/fr\/categorie-de-produit\/par-type-2\/sac-en-materiau-unique-opp-cpp-pe-cpe\/\">Sacs ziplock en PE monomati\u00e8re<\/a><\/strong><\/p>\n<p>Con\u00e7u pour une protection maximale, notre <strong>Sacs \u00e0 bulles Ziplock de 3 mm d&#039;\u00e9paisseur<\/strong> disposent d&#039;une fermeture \u00e0 glissi\u00e8re transparente et d&#039;une technologie de coussin d&#039;air int\u00e9gr\u00e9e pour \u00e9viter d&#039;endommager les articles fragiles.<\/p>\n<p><strong>Principaux avantages<\/strong>:<\/p>\n<p>\u2705 <strong>Durabilit\u00e9 de qualit\u00e9 industrielle :<\/strong> La doublure multicouche en poly\u00e9thyl\u00e8ne + bulle r\u00e9siste aux perforations, aux d\u00e9chirures et aux chocs.<\/p>\n<p>\u2705 <strong>Solutions de personnalisation de marque<\/strong>: Am\u00e9liorez la reconnaissance de votre marque gr\u00e2ce \u00e0 l&#039;impression de logos\/designs en couleur.<\/p>\n<p>\u2705 <strong>Conception refermable :<\/strong> La fermeture \u00e0 glissi\u00e8re herm\u00e9tique assure une protection r\u00e9utilisable contre l&#039;humidit\u00e9 et la poussi\u00e8re.<\/p>\n<p>\u2705 <strong>Efficacit\u00e9 des commandes en gros :<\/strong> Quantit\u00e9s de caisses rentables pour des besoins \u00e0 grande \u00e9chelle.<\/p>\n<p>Applications id\u00e9ales :<\/p>\n<p>\u2022 Exp\u00e9dition d&#039;appareils \u00e9lectroniques et de verrerie<\/p>\n<p>\u2022 Stockage de bijoux, d&#039;artisanat et de petites pi\u00e8ces<\/p>\n<p>\u2022 Emballage d&#039;\u00e9quipement m\u00e9dical<\/p>\n<p>\u2022 Ex\u00e9cution du commerce \u00e9lectronique<\/p>","protected":false},"excerpt":{"rendered":"<table style=\"height: 360px; width: 99.8505%; border-collapse: collapse;\" border=\"2\">\n<tbody>\n<tr style=\"height: 40px;\">\n<td style=\"width: 22.6796%; height: 30px; background-color: #99ccff;\"><span style=\"font-family: arial, helvetica, sans-serif; font-size: 12pt;\"><strong>Dimensions et style<\/strong><\/span><\/td>\n<td style=\"width: 77.3204%; height: 30px; background-color: #99ccff;\"><span style=\"font-family: arial, helvetica, sans-serif; font-size: 12pt;\">Formes et tailles personnalis\u00e9es<\/span><\/td>\n<\/tr>\n<tr style=\"height: 40px;\">\n<td style=\"width: 22.6796%; height: 34px; background-color: #ebebeb;\"><span style=\"font-size: 12pt;\"><strong><span style=\"font-family: arial, helvetica, sans-serif;\">Quantit\u00e9 minimum d&#039;achat<\/span><\/strong><\/span><\/td>\n<td style=\"width: 77.3204%; height: 34px; background-color: #ebebeb;\"><span style=\"font-family: arial, helvetica, sans-serif; font-size: 12pt;\">100 pi\u00e8ces sans personnalisation, 5000 pi\u00e8ces pour personnalisation<\/span><\/td>\n<\/tr>\n<tr style=\"height: 40px; background-color: #99ccff;\">\n<td style=\"width: 22.6796%; height: 24px;\"><span style=\"font-size: 12pt;\"><strong><span style=\"font-family: arial, helvetica, sans-serif;\">Type d&#039;emballage<\/span><\/strong><\/span><\/td>\n<td style=\"width: 77.3204%; height: 24px;\"><span style=\"font-family: arial, helvetica, sans-serif; font-size: 12pt;\">Sac ziplock en poly\u00e9thyl\u00e8ne monomati\u00e8re avec bulles<\/span><\/td>\n<\/tr>\n<tr style=\"height: 40px; background-color: #ebebeb;\">\n<td style=\"width: 22.6796%; height: 24px;\"><span style=\"font-size: 12pt;\"><strong><span style=\"font-family: arial, helvetica, sans-serif;\">Impression<\/span><\/strong><\/span><\/td>\n<td style=\"width: 77.3204%; height: 24px;\"><span style=\"font-family: arial, helvetica, sans-serif; font-size: 12pt;\">CMJN (1 \u00e0 10 couleurs), sans impression (uni), impression num\u00e9rique<\/span><\/td>\n<\/tr>\n<tr style=\"height: 40px; background-color: #99ccff;\">\n<td style=\"width: 22.6796%; height: 24px;\"><span style=\"font-size: 12pt;\"><strong><span style=\"font-family: arial, helvetica, sans-serif;\">Finition<\/span><\/strong><\/span><\/td>\n<td style=\"width: 77.3204%; height: 24px;\"><span style=\"font-family: arial, helvetica, sans-serif; font-size: 12pt;\">Insert \u00e0 bulles<\/span><\/td>\n<\/tr>\n<tr style=\"height: 40px; background-color: #ebebeb;\">\n<td style=\"width: 22.6796%; height: 24px;\"><span style=\"font-size: 12pt;\"><strong><span style=\"font-family: arial, helvetica, sans-serif;\">Options incluses<\/span><\/strong><\/span><\/td>\n<td style=\"width: 77.3204%; height: 24px;\"><span style=\"font-family: arial, helvetica, sans-serif; font-size: 12pt;\">D\u00e9coupe, thermoscellage<\/span><\/td>\n<\/tr>\n<tr style=\"height: 40px; background-color: #99ccff;\">\n<td style=\"width: 22.6796%; height: 24px;\"><span style=\"font-size: 12pt;\"><strong><span style=\"font-family: arial, helvetica, sans-serif;\">Preuve<\/span><\/strong><\/span><\/td>\n<td style=\"width: 77.3204%; height: 24px;\"><span style=\"font-family: arial, helvetica, sans-serif; font-size: 12pt;\">Protection sup\u00e9rieure, anti-odeurs et anti-humidit\u00e9<\/span><\/td>\n<\/tr>\n<tr style=\"height: 40px; background-color: #ebebeb;\">\n<td style=\"width: 22.6796%; height: 24px;\"><span style=\"font-size: 12pt;\"><strong><span style=\"font-family: arial, helvetica, sans-serif;\">D\u00e9lai d&#039;ex\u00e9cution<\/span><\/strong><\/span><\/td>\n<td style=\"width: 77.3204%; height: 24px;\"><span style=\"font-family: arial, helvetica, sans-serif; font-size: 12pt;\">7 \u00e0 15 jours ouvrables, RUSH<\/span><\/td>\n<\/tr>\n<tr style=\"height: 40px; background-color: #99ccff;\">\n<td style=\"width: 22.6796%; height: 24px;\"><span style=\"font-size: 12pt;\"><strong><span style=\"font-family: arial, helvetica, sans-serif;\">Exp\u00e9dition<\/span><\/strong><\/span><\/td>\n<td style=\"width: 77.3204%; height: 24px;\"><span style=\"font-family: arial, helvetica, sans-serif; font-size: 12pt;\">Air, Mer, Express<\/span><\/td>\n<\/tr>\n<\/tbody>\n<\/table>\n<p>&nbsp;<\/p>","protected":false},"featured_media":4343,"comment_status":"open","ping_status":"closed","template":"","meta":[],"product_brand":[],"product_cat":[21],"product_tag":[],"class_list":{"0":"post-4347","1":"product","2":"type-product","3":"status-publish","4":"has-post-thumbnail","6":"product_cat-opp-cpp-pe-cpe-single-material-bag","8":"first","9":"instock","10":"shipping-taxable","11":"purchasable","12":"product-type-variable"},"_links":{"self":[{"href":"https:\/\/polysmarts.com\/fr\/wp-json\/wp\/v2\/product\/4347","targetHints":{"allow":["GET"]}}],"collection":[{"href":"https:\/\/polysmarts.com\/fr\/wp-json\/wp\/v2\/product"}],"about":[{"href":"https:\/\/polysmarts.com\/fr\/wp-json\/wp\/v2\/types\/product"}],"replies":[{"embeddable":true,"href":"https:\/\/polysmarts.com\/fr\/wp-json\/wp\/v2\/comments?post=4347"}],"version-history":[{"count":2,"href":"https:\/\/polysmarts.com\/fr\/wp-json\/wp\/v2\/product\/4347\/revisions"}],"predecessor-version":[{"id":4352,"href":"https:\/\/polysmarts.com\/fr\/wp-json\/wp\/v2\/product\/4347\/revisions\/4352"}],"wp:featuredmedia":[{"embeddable":true,"href":"https:\/\/polysmarts.com\/fr\/wp-json\/wp\/v2\/media\/4343"}],"wp:attachment":[{"href":"https:\/\/polysmarts.com\/fr\/wp-json\/wp\/v2\/media?parent=4347"}],"wp:term":[{"taxonomy":"product_brand","embeddable":true,"href":"https:\/\/polysmarts.com\/fr\/wp-json\/wp\/v2\/product_brand?post=4347"},{"taxonomy":"product_cat","embeddable":true,"href":"https:\/\/polysmarts.com\/fr\/wp-json\/wp\/v2\/product_cat?post=4347"},{"taxonomy":"product_tag","embeddable":true,"href":"https:\/\/polysmarts.com\/fr\/wp-json\/wp\/v2\/product_tag?post=4347"}],"curies":[{"name":"wp","href":"https:\/\/api.w.org\/{rel}","templated":true}]}}