{"id":4253,"date":"2025-03-12T00:02:47","date_gmt":"2025-03-11T16:02:47","guid":{"rendered":"https:\/\/polysmarts.com\/?post_type=product&#038;p=4253"},"modified":"2025-03-13T12:02:30","modified_gmt":"2025-03-13T04:02:30","slug":"emballage-personnalise-de-sacs-de-cafe-avec-valve","status":"publish","type":"product","link":"https:\/\/polysmarts.com\/fr\/product\/custom-packaging-coffee-bags-with-valve\/","title":{"rendered":"Emballage personnalis\u00e9 de sacs de caf\u00e9 avec valve"},"content":{"rendered":"<h3><span style=\"font-family: arial, helvetica, sans-serif; font-size: 12pt;\"><strong>Les 3 types les plus populaires de <a href=\"https:\/\/polysmarts.com\/fr\/fabricant-leader-de-sacs-a-cafe-personnalises\/\">Emballage de sacs de caf\u00e9<\/a><\/strong><\/span><\/h3>\n<p><strong>1. <a href=\"https:\/\/polysmarts.com\/fr\/pochettes-debout-emballage-de-pochettes-debout-personnalise\/\">Pochette debout<\/a> Emballage de caf\u00e9<\/strong><\/p>\n<p>La pochette debout est le style de pochette le plus choisi et le plus populaire au monde, la choisir ne peut jamais \u00eatre un mauvais choix. Elle peut \u00eatre fabriqu\u00e9e dans de nombreuses finitions et formes pour s&#039;adapter \u00e0 vos besoins.<\/p>\n<p><strong>2. Sachets de caf\u00e9 \u00e0 fond plat avec valve<\/strong><\/p>\n<p>Si vous souhaitez cr\u00e9er une marque de caf\u00e9 raffin\u00e9e, la pochette \u00e0 fond plat est le choix le plus appropri\u00e9. La position verticale \u00e9voque toujours la qualit\u00e9, le go\u00fbt et l&#039;\u00e9l\u00e9gance.<\/p>\n<p><strong>3. Sachets de caf\u00e9 \u00e0 soufflet avec valve<\/strong><\/p>\n<p>La pochette \u00e0 soufflet est l&#039;un des mod\u00e8les de pochettes \u00e0 caf\u00e9 les plus appr\u00e9ci\u00e9s, notamment dans les caf\u00e9s. On la retrouve partout, que ce soit dans les bistrots ou les cha\u00eenes de caf\u00e9s.<\/p>\n<p><strong>Quel est l&#039;avantage de la valve ?<\/strong><\/p>\n<table style=\"border-style: solid; border-color: #000000;\" border=\"1\">\n<thead>\n<tr>\n<th>Fonctionnalit\u00e9<\/th>\n<th>Avec valve<\/th>\n<th>Sans valve<\/th>\n<\/tr>\n<\/thead>\n<tbody>\n<tr>\n<td>P\u00e9riode de fra\u00eecheur<\/td>\n<td>4 \u00e0 6 semaines<\/td>\n<td>7 \u00e0 10 jours<\/td>\n<\/tr>\n<tr>\n<td>R\u00e9tention des ar\u00f4mes<\/td>\n<td>92% apr\u00e8s 4 semaines<\/td>\n<td>58% apr\u00e8s 1 semaine<\/td>\n<\/tr>\n<tr>\n<td>Int\u00e9grit\u00e9 du colis<\/td>\n<td>Pas de gonflement\/fuite<\/td>\n<td>Risque d&#039;\u00e9clatement des coutures<\/td>\n<\/tr>\n<\/tbody>\n<\/table>\n<p>&nbsp;<\/p>\n<p><img fetchpriority=\"high\" decoding=\"async\" class=\"alignleft wp-image-4251 size-thumbnail\" src=\"https:\/\/polysmarts.com\/wp-content\/uploads\/2025\/03\/Main-07-600x600.jpg\" alt=\"Type de sacs de caf\u00e9\" width=\"600\" height=\"600\" srcset=\"\/\/polysmarts.com\/wp-content\/uploads\/2025\/03\/Main-07-600x600.jpg 600w, \/\/polysmarts.com\/wp-content\/uploads\/2025\/03\/Main-07-768x768.jpg 768w, \/\/polysmarts.com\/wp-content\/uploads\/2025\/03\/Main-07-12x12.jpg 12w, \/\/polysmarts.com\/wp-content\/uploads\/2025\/03\/Main-07-300x300.jpg 300w, \/\/polysmarts.com\/wp-content\/uploads\/2025\/03\/Main-07-100x100.jpg 100w, \/\/polysmarts.com\/wp-content\/uploads\/2025\/03\/Main-07.jpg 800w\" sizes=\"(max-width: 600px) 100vw, 600px\" \/><\/p>\n<p>&nbsp;<\/p>\n<p>&nbsp;<\/p>\n<p>&nbsp;<\/p>\n<p>&nbsp;<\/p>\n<p>&nbsp;<\/p>\n<p><img decoding=\"async\" class=\"alignleft size-thumbnail wp-image-4249\" src=\"https:\/\/polysmarts.com\/wp-content\/uploads\/2025\/03\/Main-05-600x600.jpg\" alt=\"Type de sacs de caf\u00e9\" width=\"600\" height=\"600\" srcset=\"\/\/polysmarts.com\/wp-content\/uploads\/2025\/03\/Main-05-600x600.jpg 600w, \/\/polysmarts.com\/wp-content\/uploads\/2025\/03\/Main-05-768x768.jpg 768w, \/\/polysmarts.com\/wp-content\/uploads\/2025\/03\/Main-05-12x12.jpg 12w, \/\/polysmarts.com\/wp-content\/uploads\/2025\/03\/Main-05-300x300.jpg 300w, \/\/polysmarts.com\/wp-content\/uploads\/2025\/03\/Main-05-100x100.jpg 100w, \/\/polysmarts.com\/wp-content\/uploads\/2025\/03\/Main-05.jpg 800w\" sizes=\"(max-width: 600px) 100vw, 600px\" \/><img decoding=\"async\" class=\"alignleft size-thumbnail wp-image-4250\" src=\"https:\/\/polysmarts.com\/wp-content\/uploads\/2025\/03\/Main-06-600x600.jpg\" alt=\"Type de sacs de caf\u00e9\" width=\"600\" height=\"600\" srcset=\"\/\/polysmarts.com\/wp-content\/uploads\/2025\/03\/Main-06-600x600.jpg 600w, \/\/polysmarts.com\/wp-content\/uploads\/2025\/03\/Main-06-768x768.jpg 768w, \/\/polysmarts.com\/wp-content\/uploads\/2025\/03\/Main-06-12x12.jpg 12w, \/\/polysmarts.com\/wp-content\/uploads\/2025\/03\/Main-06-300x300.jpg 300w, \/\/polysmarts.com\/wp-content\/uploads\/2025\/03\/Main-06-100x100.jpg 100w, \/\/polysmarts.com\/wp-content\/uploads\/2025\/03\/Main-06.jpg 800w\" sizes=\"(max-width: 600px) 100vw, 600px\" \/><\/p>\n<p>&nbsp;<\/p>\n<p>&nbsp;<\/p>\n<p>&nbsp;<\/p>\n<p>&nbsp;<\/p>\n<p>&nbsp;<\/p>","protected":false},"excerpt":{"rendered":"<table style=\"height: 360px; width: 99.8505%; border-collapse: collapse;\" border=\"2\">\n<tbody>\n<tr style=\"height: 40px;\">\n<td style=\"width: 22.6796%; height: 30px; background-color: #99ccff;\"><span style=\"font-family: arial, helvetica, sans-serif; font-size: 12pt;\"><strong>Dimensions et style<\/strong><\/span><\/td>\n<td style=\"width: 77.3204%; height: 30px; background-color: #99ccff;\"><span style=\"font-family: arial, helvetica, sans-serif; font-size: 12pt;\">Formes et tailles personnalis\u00e9es<\/span><\/td>\n<\/tr>\n<tr style=\"height: 40px;\">\n<td style=\"width: 22.6796%; height: 34px; background-color: #ebebeb;\"><span style=\"font-size: 12pt;\"><strong><span style=\"font-family: arial, helvetica, sans-serif;\">Quantit\u00e9 minimum d&#039;achat<\/span><\/strong><\/span><\/td>\n<td style=\"width: 77.3204%; height: 34px; background-color: #ebebeb;\"><span style=\"font-family: arial, helvetica, sans-serif; font-size: 12pt;\">100 pi\u00e8ces sans personnalisation, 10\u00a0000 pi\u00e8ces pour personnalisation<\/span><\/td>\n<\/tr>\n<tr style=\"height: 40px; background-color: #99ccff;\">\n<td style=\"width: 22.6796%; height: 24px;\"><span style=\"font-size: 12pt;\"><strong><span style=\"font-family: arial, helvetica, sans-serif;\">Type d&#039;emballage<\/span><\/strong><\/span><\/td>\n<td style=\"width: 77.3204%; height: 24px;\"><span style=\"font-family: arial, helvetica, sans-serif; font-size: 12pt;\">Sachets de caf\u00e9 avec valve\/sac \u00e0 fermeture quadruple<\/span><\/td>\n<\/tr>\n<tr style=\"height: 40px; background-color: #ebebeb;\">\n<td style=\"width: 22.6796%; height: 24px;\"><span style=\"font-size: 12pt;\"><strong><span style=\"font-family: arial, helvetica, sans-serif;\">Impression<\/span><\/strong><\/span><\/td>\n<td style=\"width: 77.3204%; height: 24px;\"><span style=\"font-family: arial, helvetica, sans-serif; font-size: 12pt;\">CMJN (1 \u00e0 10 couleurs), sans impression (uni), impression num\u00e9rique<\/span><\/td>\n<\/tr>\n<tr style=\"height: 40px; background-color: #99ccff;\">\n<td style=\"width: 22.6796%; height: 24px;\"><span style=\"font-size: 12pt;\"><strong><span style=\"font-family: arial, helvetica, sans-serif;\">Finition<\/span><\/strong><\/span><\/td>\n<td style=\"width: 77.3204%; height: 24px;\"><span style=\"font-family: arial, helvetica, sans-serif; font-size: 12pt;\">Stratification brillante\/mate, impression offset<\/span><\/td>\n<\/tr>\n<tr style=\"height: 40px; background-color: #ebebeb;\">\n<td style=\"width: 22.6796%; height: 24px;\"><span style=\"font-size: 12pt;\"><strong><span style=\"font-family: arial, helvetica, sans-serif;\">Options incluses<\/span><\/strong><\/span><\/td>\n<td style=\"width: 77.3204%; height: 24px;\"><span style=\"font-family: arial, helvetica, sans-serif; font-size: 12pt;\">D\u00e9coupe, thermoscellage<\/span><\/td>\n<\/tr>\n<tr style=\"height: 40px; background-color: #99ccff;\">\n<td style=\"width: 22.6796%; height: 24px;\"><span style=\"font-size: 12pt;\"><strong><span style=\"font-family: arial, helvetica, sans-serif;\">Preuve<\/span><\/strong><\/span><\/td>\n<td style=\"width: 77.3204%; height: 24px;\"><span style=\"font-family: arial, helvetica, sans-serif; font-size: 12pt;\">Anti-odeurs et anti-humidit\u00e9<\/span><\/td>\n<\/tr>\n<tr style=\"height: 40px; background-color: #ebebeb;\">\n<td style=\"width: 22.6796%; height: 24px;\"><span style=\"font-size: 12pt;\"><strong><span style=\"font-family: arial, helvetica, sans-serif;\">D\u00e9lai d&#039;ex\u00e9cution<\/span><\/strong><\/span><\/td>\n<td style=\"width: 77.3204%; height: 24px;\"><span style=\"font-family: arial, helvetica, sans-serif; font-size: 12pt;\">7 \u00e0 15 jours ouvrables, RUSH<\/span><\/td>\n<\/tr>\n<tr style=\"height: 40px; background-color: #99ccff;\">\n<td style=\"width: 22.6796%; height: 24px;\"><span style=\"font-size: 12pt;\"><strong><span style=\"font-family: arial, helvetica, sans-serif;\">Exp\u00e9dition<\/span><\/strong><\/span><\/td>\n<td style=\"width: 77.3204%; height: 24px;\"><span style=\"font-family: arial, helvetica, sans-serif; font-size: 12pt;\">Air, Mer, Express<\/span><\/td>\n<\/tr>\n<\/tbody>\n<\/table>\n<p>&nbsp;<\/p>","protected":false},"featured_media":4242,"comment_status":"open","ping_status":"closed","template":"","meta":[],"product_brand":[],"product_cat":[26,27,18],"product_tag":[],"class_list":{"0":"post-4253","1":"product","2":"type-product","3":"status-publish","4":"has-post-thumbnail","6":"product_cat-food-packaging","7":"product_cat-coffee-and-tea-packaging","8":"product_cat-zipper-bags","10":"first","11":"instock","12":"shipping-taxable","13":"product-type-simple"},"_links":{"self":[{"href":"https:\/\/polysmarts.com\/fr\/wp-json\/wp\/v2\/product\/4253","targetHints":{"allow":["GET"]}}],"collection":[{"href":"https:\/\/polysmarts.com\/fr\/wp-json\/wp\/v2\/product"}],"about":[{"href":"https:\/\/polysmarts.com\/fr\/wp-json\/wp\/v2\/types\/product"}],"replies":[{"embeddable":true,"href":"https:\/\/polysmarts.com\/fr\/wp-json\/wp\/v2\/comments?post=4253"}],"version-history":[{"count":7,"href":"https:\/\/polysmarts.com\/fr\/wp-json\/wp\/v2\/product\/4253\/revisions"}],"predecessor-version":[{"id":4270,"href":"https:\/\/polysmarts.com\/fr\/wp-json\/wp\/v2\/product\/4253\/revisions\/4270"}],"wp:featuredmedia":[{"embeddable":true,"href":"https:\/\/polysmarts.com\/fr\/wp-json\/wp\/v2\/media\/4242"}],"wp:attachment":[{"href":"https:\/\/polysmarts.com\/fr\/wp-json\/wp\/v2\/media?parent=4253"}],"wp:term":[{"taxonomy":"product_brand","embeddable":true,"href":"https:\/\/polysmarts.com\/fr\/wp-json\/wp\/v2\/product_brand?post=4253"},{"taxonomy":"product_cat","embeddable":true,"href":"https:\/\/polysmarts.com\/fr\/wp-json\/wp\/v2\/product_cat?post=4253"},{"taxonomy":"product_tag","embeddable":true,"href":"https:\/\/polysmarts.com\/fr\/wp-json\/wp\/v2\/product_tag?post=4253"}],"curies":[{"name":"wp","href":"https:\/\/api.w.org\/{rel}","templated":true}]}}